{"id":16,"date":"2023-09-21T12:01:43","date_gmt":"2023-09-21T15:01:43","guid":{"rendered":"https:\/\/pateens.com\/?page_id=16"},"modified":"2023-09-21T12:03:41","modified_gmt":"2023-09-21T15:03:41","slug":"politica-de-privacidade","status":"publish","type":"page","link":"https:\/\/pateens.com\/ar\/politica-de-privacidade\/","title":{"rendered":"\u0633\u064a\u0627\u0633\u0629 \u0627\u0644\u062e\u0635\u0648\u0635\u064a\u0629"},"content":{"rendered":"<h2><span style=\"color: rgb(68, 68, 68);\">\u0633\u064a\u0627\u0633\u0629 \u0627\u0644\u062e\u0635\u0648\u0635\u064a\u0629<\/span><\/h2><p><span style=\"color: rgb(68, 68, 68);\">\u062e\u0635\u0648\u0635\u064a\u062a\u0643 \u0645\u0647\u0645\u0629 \u0628\u0627\u0644\u0646\u0633\u0628\u0629 \u0644\u0646\u0627. \u0625\u0646 \u0633\u064a\u0627\u0633\u0629 Pateens \u0647\u064a \u0627\u062d\u062a\u0631\u0627\u0645 \u062e\u0635\u0648\u0635\u064a\u062a\u0643 \u0641\u064a\u0645\u0627 \u064a\u062a\u0639\u0644\u0642 \u0628\u0623\u064a \u0645\u0639\u0644\u0648\u0645\u0627\u062a \u0642\u062f \u0646\u062c\u0645\u0639\u0647\u0627 \u0645\u0646\u0643 \u0639\u0644\u0649 \u0627\u0644\u0645\u0648\u0642\u0639. <a href=\"https:\/\/pateens.com\/ar\/\">\u0628\u0627\u062a\u064a\u0646\u0633<\/a>\u0648\u0627\u0644\u0645\u0648\u0627\u0642\u0639 \u0627\u0644\u0623\u062e\u0631\u0649 \u0627\u0644\u062a\u064a \u0646\u0645\u062a\u0644\u0643\u0647\u0627 \u0648\u0646\u062f\u064a\u0631\u0647\u0627.<\/span><\/p><p><span style=\"color: rgb(68, 68, 68);\">\u0646\u062d\u0646 \u0646\u0637\u0644\u0628 \u0627\u0644\u0645\u0639\u0644\u0648\u0645\u0627\u062a \u0627\u0644\u0634\u062e\u0635\u064a\u0629 \u0641\u0642\u0637 \u0639\u0646\u062f\u0645\u0627 \u0646\u062d\u062a\u0627\u062c \u0625\u0644\u064a\u0647\u0627 \u062d\u0642\u064b\u0627 \u0644\u062a\u0632\u0648\u064a\u062f\u0643 \u0628\u0627\u0644\u062e\u062f\u0645\u0629. \u0648\u0646\u062d\u0646 \u0646\u0641\u0639\u0644 \u0630\u0644\u0643 \u0628\u0627\u0644\u0648\u0633\u0627\u0626\u0644 \u0627\u0644\u0639\u0627\u062f\u0644\u0629 \u0648\u0627\u0644\u0642\u0627\u0646\u0648\u0646\u064a\u0629\u060c \u0628\u0639\u0644\u0645\u0643 \u0648\u0645\u0648\u0627\u0641\u0642\u062a\u0643. \u0646\u062e\u0628\u0631\u0643 \u0623\u064a\u0636\u064b\u0627 \u0644\u0645\u0627\u0630\u0627 \u0646\u0642\u0648\u0645 \u0628\u062c\u0645\u0639\u0647\u0627 \u0648\u0643\u064a\u0641 \u0633\u064a\u062a\u0645 \u0627\u0633\u062a\u062e\u062f\u0627\u0645\u0647\u0627.<\/span><\/p><p><span style=\"color: rgb(68, 68, 68);\">\u0646\u062d\u0646 \u0646\u062d\u062a\u0641\u0638 \u0641\u0642\u0637 \u0628\u0627\u0644\u0645\u0639\u0644\u0648\u0645\u0627\u062a \u0627\u0644\u062a\u064a \u062a\u0645 \u062c\u0645\u0639\u0647\u0627 \u0637\u0627\u0644\u0645\u0627 \u0643\u0627\u0646 \u0630\u0644\u0643 \u0636\u0631\u0648\u0631\u064a\u064b\u0627 \u0644\u062a\u0642\u062f\u064a\u0645 \u0627\u0644\u062e\u062f\u0645\u0629 \u0627\u0644\u0645\u0637\u0644\u0648\u0628\u0629. \u0639\u0646\u062f\u0645\u0627 \u0646\u0642\u0648\u0645 \u0628\u062a\u062e\u0632\u064a\u0646 \u0627\u0644\u0628\u064a\u0627\u0646\u0627\u062a\u060c \u0641\u0625\u0646\u0646\u0627 \u0646\u062d\u0645\u064a\u0647\u0627 \u0636\u0645\u0646 \u0648\u0633\u0627\u0626\u0644 \u0645\u0642\u0628\u0648\u0644\u0629 \u062a\u062c\u0627\u0631\u064a\u064b\u0627 \u0644\u0645\u0646\u0639 \u0627\u0644\u0641\u0642\u062f\u0627\u0646 \u0648\u0627\u0644\u0633\u0631\u0642\u0629\u060c \u0628\u0627\u0644\u0625\u0636\u0627\u0641\u0629 \u0625\u0644\u0649 \u0627\u0644\u0648\u0635\u0648\u0644 \u063a\u064a\u0631 \u0627\u0644\u0645\u0635\u0631\u062d \u0628\u0647 \u0623\u0648 \u0627\u0644\u0643\u0634\u0641 \u0623\u0648 \u0627\u0644\u0646\u0633\u062e \u0623\u0648 \u0627\u0644\u0627\u0633\u062a\u062e\u062f\u0627\u0645 \u0623\u0648 \u0627\u0644\u062a\u0639\u062f\u064a\u0644.<\/span><\/p><p><span style=\"color: rgb(68, 68, 68);\">\u0646\u062d\u0646 \u0644\u0627 \u0646\u0634\u0627\u0631\u0643 \u0645\u0639\u0644\u0648\u0645\u0627\u062a \u0627\u0644\u062a\u0639\u0631\u064a\u0641 \u0627\u0644\u0634\u062e\u0635\u064a\u0629 \u0639\u0644\u0646\u064b\u0627 \u0623\u0648 \u0645\u0639 \u0623\u0637\u0631\u0627\u0641 \u062b\u0627\u0644\u062b\u0629 \u0625\u0644\u0627 \u0639\u0646\u062f\u0645\u0627 \u064a\u0642\u062a\u0636\u064a \u0627\u0644\u0642\u0627\u0646\u0648\u0646 \u0630\u0644\u0643.<\/span><\/p><p><span style=\"color: rgb(68, 68, 68);\">\u0642\u062f \u064a\u062d\u062a\u0648\u064a \u0645\u0648\u0642\u0639\u0646\u0627 \u0639\u0644\u0649 \u0631\u0648\u0627\u0628\u0637 \u0644\u0645\u0648\u0627\u0642\u0639 \u062e\u0627\u0631\u062c\u064a\u0629 \u0644\u0627 \u0646\u0642\u0648\u0645 \u0628\u0625\u062f\u0627\u0631\u062a\u0647\u0627. \u064a\u0631\u062c\u0649 \u0627\u0644\u0639\u0644\u0645 \u0623\u0646\u0646\u0627 \u0644\u0627 \u0646\u0645\u0644\u0643 \u0623\u064a \u0633\u064a\u0637\u0631\u0629 \u0639\u0644\u0649 \u0645\u062d\u062a\u0648\u0649 \u0648\u0645\u0645\u0627\u0631\u0633\u0627\u062a \u0647\u0630\u0647 \u0627\u0644\u0645\u0648\u0627\u0642\u0639 \u0648\u0644\u0627 \u064a\u0645\u0643\u0646\u0646\u0627 \u0642\u0628\u0648\u0644 \u0627\u0644\u0645\u0633\u0624\u0648\u0644\u064a\u0629 \u0639\u0646 \u0643\u0644 \u0645\u0646\u0647\u0627&nbsp;<\/span><a href=\"https:\/\/politicaprivacidade.com\/\" rel=\"noopener noreferrer\" target=\"_blank\" style=\"background-color: transparent; color: rgb(68, 68, 68);\">\u0633\u064a\u0627\u0633\u0627\u062a \u0627\u0644\u062e\u0635\u0648\u0635\u064a\u0629<\/a><span style=\"color: rgb(68, 68, 68);\">.<\/span><\/p><p><span style=\"color: rgb(68, 68, 68);\">\u0644\u0643 \u0627\u0644\u062d\u0631\u064a\u0629 \u0641\u064a \u0631\u0641\u0636 \u0637\u0644\u0628\u0646\u0627 \u0644\u0644\u062d\u0635\u0648\u0644 \u0639\u0644\u0649 \u0645\u0639\u0644\u0648\u0645\u0627\u062a\u0643 \u0627\u0644\u0634\u062e\u0635\u064a\u0629\u060c \u0645\u0639 \u0627\u0644\u0639\u0644\u0645 \u0623\u0646\u0646\u0627 \u0642\u062f \u0644\u0627 \u0646\u0643\u0648\u0646 \u0642\u0627\u062f\u0631\u064a\u0646 \u0639\u0644\u0649 \u062a\u0632\u0648\u064a\u062f\u0643 \u0628\u0628\u0639\u0636 \u0627\u0644\u062e\u062f\u0645\u0627\u062a \u0627\u0644\u062a\u064a \u062a\u0631\u064a\u062f\u0647\u0627.<\/span><\/p><p><span style=\"color: rgb(68, 68, 68);\">\u0633\u064a\u062a\u0645 \u0627\u0639\u062a\u0628\u0627\u0631 \u0627\u0633\u062a\u062e\u062f\u0627\u0645\u0643 \u0627\u0644\u0645\u0633\u062a\u0645\u0631 \u0644\u0645\u0648\u0642\u0639\u0646\u0627 \u0627\u0644\u0625\u0644\u0643\u062a\u0631\u0648\u0646\u064a \u0628\u0645\u062b\u0627\u0628\u0629 \u0642\u0628\u0648\u0644 \u0644\u0645\u0645\u0627\u0631\u0633\u0627\u062a\u0646\u0627 \u0627\u0644\u0645\u062a\u0639\u0644\u0642\u0629 \u0628\u0627\u0644\u062e\u0635\u0648\u0635\u064a\u0629 \u0648\u0627\u0644\u0645\u0639\u0644\u0648\u0645\u0627\u062a \u0627\u0644\u0634\u062e\u0635\u064a\u0629. \u0625\u0630\u0627 \u0643\u0627\u0646\u062a \u0644\u062f\u064a\u0643 \u0623\u064a \u0623\u0633\u0626\u0644\u0629 \u062d\u0648\u0644 \u0643\u064a\u0641\u064a\u0629 \u062a\u0639\u0627\u0645\u0644\u0646\u0627 \u0645\u0639 \u0628\u064a\u0627\u0646\u0627\u062a \u0627\u0644\u0645\u0633\u062a\u062e\u062f\u0645 \u0648\u0627\u0644\u0645\u0639\u0644\u0648\u0645\u0627\u062a \u0627\u0644\u0634\u062e\u0635\u064a\u0629\u060c \u0641\u064a\u0631\u062c\u0649 \u0627\u0644\u0627\u062a\u0635\u0627\u0644 \u0628\u0646\u0627.<\/span><\/p><p><span style=\"color: rgb(68, 68, 68);\"><ul><li><span style=\"color: rgb(68, 68, 68);\">\u062a\u0633\u062a\u062e\u062f\u0645 \u062e\u062f\u0645\u0629 Google AdSense \u0627\u0644\u062a\u064a \u0646\u0633\u062a\u062e\u062f\u0645\u0647\u0627 \u0644\u0639\u0631\u0636 \u0627\u0644\u0625\u0639\u0644\u0627\u0646\u0627\u062a \u0645\u0644\u0641 \u062a\u0639\u0631\u064a\u0641 \u0627\u0644\u0627\u0631\u062a\u0628\u0627\u0637 DoubleClick \u0644\u0639\u0631\u0636 \u0625\u0639\u0644\u0627\u0646\u0627\u062a \u0623\u0643\u062b\u0631 \u0635\u0644\u0629 \u0639\u0628\u0631 \u0627\u0644\u0648\u064a\u0628 \u0648\u0627\u0644\u062d\u062f \u0645\u0646 \u0639\u062f\u062f \u0645\u0631\u0627\u062a \u0638\u0647\u0648\u0631 \u0625\u0639\u0644\u0627\u0646 \u0645\u0639\u064a\u0646 \u0644\u0643.<\/span><\/li><li><span style=\"color: rgb(68, 68, 68);\">\u0644\u0645\u0632\u064a\u062f \u0645\u0646 \u0627\u0644\u0645\u0639\u0644\u0648\u0645\u0627\u062a \u062d\u0648\u0644 Google AdSense\u060c \u0631\u0627\u062c\u0639 \u0627\u0644\u0623\u0633\u0626\u0644\u0629 \u0627\u0644\u0634\u0627\u0626\u0639\u0629 \u0627\u0644\u0631\u0633\u0645\u064a\u0629 \u062d\u0648\u0644 \u062e\u0635\u0648\u0635\u064a\u0629 Google AdSense.<\/span><\/li><li><span style=\"color: rgb(68, 68, 68);\">\u0646\u062d\u0646 \u0646\u0633\u062a\u062e\u062f\u0645 \u0627\u0644\u0625\u0639\u0644\u0627\u0646\u0627\u062a \u0644\u062a\u0639\u0648\u064a\u0636 \u062a\u0643\u0627\u0644\u064a\u0641 \u062a\u0634\u063a\u064a\u0644 \u0647\u0630\u0627 \u0627\u0644\u0645\u0648\u0642\u0639 \u0648\u062a\u0648\u0641\u064a\u0631 \u0627\u0644\u062a\u0645\u0648\u064a\u0644 \u0644\u0644\u062a\u0637\u0648\u064a\u0631 \u0627\u0644\u0645\u0633\u062a\u0642\u0628\u0644\u064a. \u062a\u0645 \u062a\u0635\u0645\u064a\u0645 \u0645\u0644\u0641\u0627\u062a \u062a\u0639\u0631\u064a\u0641 \u0627\u0644\u0627\u0631\u062a\u0628\u0627\u0637 \u0627\u0644\u0625\u0639\u0644\u0627\u0646\u064a\u0629 \u0627\u0644\u0633\u0644\u0648\u0643\u064a\u0629 \u0627\u0644\u062a\u064a \u064a\u0633\u062a\u062e\u062f\u0645\u0647\u0627 \u0647\u0630\u0627 \u0627\u0644\u0645\u0648\u0642\u0639 \u0644\u0636\u0645\u0627\u0646 \u062a\u0632\u0648\u064a\u062f\u0643 \u0628\u0627\u0644\u0625\u0639\u0644\u0627\u0646\u0627\u062a \u0627\u0644\u0623\u0643\u062b\u0631 \u0635\u0644\u0629 \u062d\u064a\u062b\u0645\u0627 \u0623\u0645\u0643\u0646 \u0630\u0644\u0643 \u0639\u0646 \u0637\u0631\u064a\u0642 \u062a\u062a\u0628\u0639 \u0627\u0647\u062a\u0645\u0627\u0645\u0627\u062a\u0643 \u0628\u0634\u0643\u0644 \u0645\u062c\u0647\u0648\u0644 \u0648\u062a\u0642\u062f\u064a\u0645 \u0623\u0634\u064a\u0627\u0621 \u0645\u0645\u0627\u062b\u0644\u0629 \u0642\u062f \u062a\u0647\u0645\u0643.<\/span><\/li><li><span style=\"color: rgb(68, 68, 68);\">\u064a\u0639\u0644\u0646 \u0627\u0644\u0639\u062f\u064a\u062f \u0645\u0646 \u0627\u0644\u0634\u0631\u0643\u0627\u0621 \u0646\u064a\u0627\u0628\u0629 \u0639\u0646\u0627\u060c \u0648\u062a\u0633\u0645\u062d \u0644\u0646\u0627 \u0645\u0644\u0641\u0627\u062a \u062a\u0639\u0631\u064a\u0641 \u0627\u0644\u0627\u0631\u062a\u0628\u0627\u0637 \u0644\u0644\u062a\u062a\u0628\u0639 \u0627\u0644\u062a\u0627\u0628\u0639\u0629 \u0644\u0646\u0627 \u0628\u0645\u0639\u0631\u0641\u0629 \u0645\u0627 \u0625\u0630\u0627 \u0643\u0627\u0646 \u0639\u0645\u0644\u0627\u0624\u0646\u0627 \u0642\u062f \u0648\u0635\u0644\u0648\u0627 \u0625\u0644\u0649 \u0627\u0644\u0645\u0648\u0642\u0639 \u0645\u0646 \u062e\u0644\u0627\u0644 \u0623\u062d\u062f \u0645\u0648\u0627\u0642\u0639 \u0634\u0631\u0643\u0627\u0626\u0646\u0627 \u062d\u062a\u0649 \u0646\u062a\u0645\u0643\u0646 \u0645\u0646 \u0627\u0639\u062a\u0645\u0627\u062f\u0647\u0645 \u0628\u0634\u0643\u0644 \u0645\u0646\u0627\u0633\u0628\u060c \u0648\u0627\u0644\u0633\u0645\u0627\u062d \u0644\u0634\u0631\u0643\u0627\u0626\u0646\u0627 \u0627\u0644\u062a\u0627\u0628\u0639\u064a\u0646\u060c \u062d\u064a\u062b\u0645\u0627 \u0623\u0645\u0643\u0646\u060c \u0628\u062a\u0642\u062f\u064a\u0645 \u0623\u064a \u0639\u0631\u0636 \u062a\u0631\u0648\u064a\u062c\u064a \u064a\u0645\u0643\u0646 \u0623\u0646 \u062a\u0648\u0641\u0631 \u0644\u0643 \u0625\u062c\u0631\u0627\u0621 \u0639\u0645\u0644\u064a\u0629 \u0634\u0631\u0627\u0621.<\/span><\/li><\/ul><p><br><\/p><\/span><\/p><h3><span style=\"color: rgb(68, 68, 68);\">\u0627\u0644\u062a\u0632\u0627\u0645 \u0627\u0644\u0645\u0633\u062a\u062e\u062f\u0645<\/span><\/h3><p><span style=\"color: rgb(68, 68, 68);\">\u064a\u062a\u0639\u0647\u062f \u0627\u0644\u0645\u0633\u062a\u062e\u062f\u0645 \u0628\u0627\u0644\u0627\u0633\u062a\u0641\u0627\u062f\u0629 \u0627\u0644\u0645\u0646\u0627\u0633\u0628\u0629 \u0645\u0646 \u0627\u0644\u0645\u062d\u062a\u0648\u0649 \u0648\u0627\u0644\u0645\u0639\u0644\u0648\u0645\u0627\u062a \u0627\u0644\u062a\u064a \u062a\u0642\u062f\u0645\u0647\u0627 \u0634\u0631\u0643\u0629 Pateens \u0639\u0644\u0649 \u0627\u0644\u0645\u0648\u0642\u0639 \u0627\u0644\u0625\u0644\u0643\u062a\u0631\u0648\u0646\u064a \u0648\u0628\u0637\u0628\u064a\u0639\u0629 \u0648\u0627\u0636\u062d\u0629 \u0648\u0644\u0643\u0646 \u0644\u064a\u0633\u062a \u0645\u0642\u064a\u062f\u0629:<\/span><\/p><ul><li><span style=\"color: rgb(68, 68, 68);\">\u0623) \u0639\u062f\u0645 \u0627\u0644\u0627\u0646\u062e\u0631\u0627\u0637 \u0641\u064a \u0623\u0646\u0634\u0637\u0629 \u063a\u064a\u0631 \u0642\u0627\u0646\u0648\u0646\u064a\u0629 \u0623\u0648 \u062a\u062a\u0639\u0627\u0631\u0636 \u0645\u0639 \u062d\u0633\u0646 \u0627\u0644\u0646\u064a\u0629 \u0648\u0627\u0644\u0646\u0638\u0627\u0645 \u0627\u0644\u0639\u0627\u0645\u061b<\/span><\/li><li><span style=\"color: rgb(68, 68, 68);\">\u0628) \u0644\u0627 \u062a\u0646\u0634\u0631 \u062f\u0639\u0627\u064a\u0629 \u0623\u0648 \u0645\u062d\u062a\u0648\u0649 \u0630\u064a \u0637\u0628\u064a\u0639\u0629 \u0639\u0646\u0635\u0631\u064a\u0629 \u0623\u0648 \u0645\u0639\u0627\u062f\u064a\u0629 \u0644\u0644\u0623\u062c\u0627\u0646\u0628 \u0623\u0648 \u0623\u0644\u0639\u0627\u0628 \u0627\u0644\u062d\u0638 \u0623\u0648 \u0623\u064a \u0646\u0648\u0639 \u0645\u0646 \u0627\u0644\u0645\u0648\u0627\u062f \u0627\u0644\u0625\u0628\u0627\u062d\u064a\u0629 \u063a\u064a\u0631 \u0627\u0644\u0642\u0627\u0646\u0648\u0646\u064a\u0629 \u0644\u062f\u0639\u0645 \u0627\u0644\u0625\u0631\u0647\u0627\u0628 \u0623\u0648 \u0636\u062f \u062d\u0642\u0648\u0642 \u0627\u0644\u0625\u0646\u0633\u0627\u0646\u061b<\/span><\/li><li><span style=\"color: rgb(68, 68, 68);\">\u062c) \u0644\u0627 \u062a\u0633\u0628\u0628 \u0636\u0631\u0631\u064b\u0627 \u0644\u0644\u0623\u0646\u0638\u0645\u0629 \u0627\u0644\u0645\u0627\u062f\u064a\u0629 (\u0627\u0644\u0623\u062c\u0647\u0632\u0629) \u0648\u0627\u0644\u0645\u0646\u0637\u0642\u064a\u0629 (\u0627\u0644\u0628\u0631\u0627\u0645\u062c) \u0627\u0644\u062e\u0627\u0635\u0629 \u0628\u0640 Pateens \u0623\u0648 \u0645\u0648\u0631\u062f\u064a\u0647\u0627 \u0623\u0648 \u0627\u0644\u0623\u0637\u0631\u0627\u0641 \u0627\u0644\u062b\u0627\u0644\u062b\u0629\u060c \u0648\u0630\u0644\u0643 \u0644\u0625\u062f\u062e\u0627\u0644 \u0623\u0648 \u0646\u0634\u0631 \u0641\u064a\u0631\u0648\u0633\u0627\u062a \u0627\u0644\u0643\u0645\u0628\u064a\u0648\u062a\u0631 \u0623\u0648 \u0623\u064a \u0623\u062c\u0647\u0632\u0629 \u0623\u0648 \u0623\u0646\u0638\u0645\u0629 \u0628\u0631\u0645\u062c\u064a\u0627\u062a \u0623\u062e\u0631\u0649 \u0642\u0627\u062f\u0631\u0629 \u0639\u0644\u0649 \u0627\u0644\u062a\u0633\u0628\u0628 \u0641\u064a \u0627\u0644\u0623\u0636\u0631\u0627\u0631 \u0627\u0644\u0645\u0630\u0643\u0648\u0631\u0629 \u0623\u0639\u0644\u0627\u0647.<\/span><\/li><\/ul><h3><span style=\"color: rgb(68, 68, 68);\">\u0645\u0639\u0644\u0648\u0645\u0627\u062a \u0627\u0643\u062b\u0631<\/span><\/h3><p><span style=\"color: rgb(68, 68, 68);\">\u0646\u0623\u0645\u0644 \u0623\u0646 \u064a\u0643\u0648\u0646 \u0647\u0630\u0627 \u0648\u0627\u0636\u062d\u064b\u0627\u060c \u0648\u0643\u0645\u0627 \u0630\u0643\u0631\u0646\u0627 \u0633\u0627\u0628\u0642\u064b\u0627\u060c \u0625\u0630\u0627 \u0643\u0627\u0646 \u0647\u0646\u0627\u0643 \u0634\u064a\u0621 \u0644\u0633\u062a \u0645\u062a\u0623\u0643\u062f\u064b\u0627 \u0645\u0645\u0627 \u0625\u0630\u0627 \u0643\u0646\u062a \u062a\u062d\u062a\u0627\u062c\u0647 \u0623\u0645 \u0644\u0627\u060c \u0641\u0645\u0646 \u0627\u0644\u0622\u0645\u0646 \u0639\u0627\u062f\u0629\u064b \u062a\u0631\u0643 \u0645\u0644\u0641\u0627\u062a \u062a\u0639\u0631\u064a\u0641 \u0627\u0644\u0627\u0631\u062a\u0628\u0627\u0637 \u0645\u0645\u0643\u0651\u0646\u0629 \u0641\u064a \u062d\u0627\u0644\u0629 \u062a\u0641\u0627\u0639\u0644\u0647\u0627 \u0645\u0639 \u0625\u062d\u062f\u0649 \u0627\u0644\u0645\u064a\u0632\u0627\u062a \u0627\u0644\u062a\u064a \u062a\u0633\u062a\u062e\u062f\u0645\u0647\u0627 \u0639\u0644\u0649 \u0645\u0648\u0642\u0639\u0646\u0627.<\/span><\/p><p><span style=\"color: rgb(68, 68, 68);\">\u062a\u0633\u0631\u064a \u0647\u0630\u0647 \u0627\u0644\u0633\u064a\u0627\u0633\u0629 \u0627\u0639\u062a\u0628\u0627\u0631\u064b\u0627 \u0645\u0646 21 \u0633\u0628\u062a\u0645\u0628\u0631 2023 <\/span><\/p>","protected":false},"excerpt":{"rendered":"<p>\u0633\u064a\u0627\u0633\u0629 \u0627\u0644\u062e\u0635\u0648\u0635\u064a\u0629 \u062e\u0635\u0648\u0635\u064a\u062a\u0643 \u0645\u0647\u0645\u0629 \u0628\u0627\u0644\u0646\u0633\u0628\u0629 \u0644\u0646\u0627. \u0625\u0646 \u0633\u064a\u0627\u0633\u0629 Pateens \u0647\u064a \u0627\u062d\u062a\u0631\u0627\u0645 \u062e\u0635\u0648\u0635\u064a\u062a\u0643 \u0641\u064a\u0645\u0627 \u064a\u062a\u0639\u0644\u0642 \u0628\u0623\u064a \u0645\u0639\u0644\u0648\u0645\u0627\u062a \u0642\u062f \u0646\u062c\u0645\u0639\u0647\u0627 \u0645\u0646\u0643 \u0639\u0644\u0649 \u0645\u0648\u0642\u0639 Pateens \u0627\u0644\u0625\u0644\u0643\u062a\u0631\u0648\u0646\u064a \u0648\u0627\u0644\u0645\u0648\u0627\u0642\u0639 \u0627\u0644\u0623\u062e\u0631\u0649 \u0627\u0644\u062a\u064a \u0646\u0645\u0644\u0643\u0647\u0627 \u0648\u0646\u062f\u064a\u0631\u0647\u0627. \u0646\u062d\u0646 \u0646\u0637\u0644\u0628 \u0627\u0644\u0645\u0639\u0644\u0648\u0645\u0627\u062a \u0627\u0644\u0634\u062e\u0635\u064a\u0629 \u0641\u0642\u0637 \u0639\u0646\u062f\u0645\u0627 \u0646\u062d\u062a\u0627\u062c \u0625\u0644\u064a\u0647\u0627 \u062d\u0642\u064b\u0627 \u0644\u062a\u0632\u0648\u064a\u062f\u0643 \u0628\u0627\u0644\u062e\u062f\u0645\u0629. \u0648\u0646\u0642\u0648\u0645 \u0628\u0630\u0644\u0643 \u0628\u0627\u0644\u0648\u0633\u0627\u0626\u0644 \u0627\u0644\u0639\u0627\u062f\u0644\u0629 \u0648\u0627\u0644\u0642\u0627\u0646\u0648\u0646\u064a\u0629\u060c\u2026 <\/p>","protected":false},"author":14,"featured_media":0,"parent":0,"menu_order":0,"comment_status":"closed","ping_status":"closed","template":"","meta":{"footnotes":""},"class_list":["post-16","page","type-page","status-publish","hentry","latest_post"],"yoast_head":"<!-- This site is optimized with the Yoast SEO plugin v26.3 - https:\/\/yoast.com\/wordpress\/plugins\/seo\/ -->\n<title>Pol\u00edtica de Privacidade - Pateens<\/title>\n<meta name=\"robots\" content=\"index, follow, max-snippet:-1, max-image-preview:large, max-video-preview:-1\" \/>\n<link rel=\"canonical\" href=\"https:\/\/pateens.com\/ar\/politica-de-privacidade\/\" \/>\n<meta property=\"og:locale\" content=\"ar_AR\" \/>\n<meta property=\"og:type\" content=\"article\" \/>\n<meta property=\"og:title\" content=\"Pol\u00edtica de Privacidade - Pateens\" \/>\n<meta property=\"og:description\" content=\"Pol\u00edtica Privacidade A sua privacidade \u00e9 importante para n\u00f3s. \u00c9 pol\u00edtica do Pateens respeitar a sua privacidade em rela\u00e7\u00e3o a qualquer informa\u00e7\u00e3o sua que possamos coletar no site Pateens, e outros sites que possu\u00edmos e operamos. Solicitamos informa\u00e7\u00f5es pessoais apenas quando realmente precisamos delas para lhe fornecer um servi\u00e7o. Fazemo-lo por meios justos e legais, &hellip;\" \/>\n<meta property=\"og:url\" content=\"https:\/\/pateens.com\/ar\/politica-de-privacidade\/\" \/>\n<meta property=\"og:site_name\" content=\"Pateens\" \/>\n<meta property=\"article:modified_time\" content=\"2023-09-21T15:03:41+00:00\" \/>\n<meta name=\"twitter:card\" content=\"summary_large_image\" \/>\n<meta name=\"twitter:label1\" content=\"\u0648\u0642\u062a \u0627\u0644\u0642\u0631\u0627\u0621\u0629 \u0627\u0644\u0645\u064f\u0642\u062f\u0651\u0631\" \/>\n\t<meta name=\"twitter:data1\" content=\"4 \u062f\u0642\u0627\u0626\u0642\" \/>\n<script type=\"application\/ld+json\" class=\"yoast-schema-graph\">{\"@context\":\"https:\/\/schema.org\",\"@graph\":[{\"@type\":\"WebPage\",\"@id\":\"https:\/\/pateens.com\/politica-de-privacidade\/\",\"url\":\"https:\/\/pateens.com\/politica-de-privacidade\/\",\"name\":\"Pol\u00edtica de Privacidade - Pateens\",\"isPartOf\":{\"@id\":\"https:\/\/pateens.com\/es\/#website\"},\"datePublished\":\"2023-09-21T15:01:43+00:00\",\"dateModified\":\"2023-09-21T15:03:41+00:00\",\"breadcrumb\":{\"@id\":\"https:\/\/pateens.com\/politica-de-privacidade\/#breadcrumb\"},\"inLanguage\":\"ar\",\"potentialAction\":[{\"@type\":\"ReadAction\",\"target\":[\"https:\/\/pateens.com\/politica-de-privacidade\/\"]}]},{\"@type\":\"BreadcrumbList\",\"@id\":\"https:\/\/pateens.com\/politica-de-privacidade\/#breadcrumb\",\"itemListElement\":[{\"@type\":\"ListItem\",\"position\":1,\"name\":\"In\u00edcio\",\"item\":\"https:\/\/pateens.com\/es\/\"},{\"@type\":\"ListItem\",\"position\":2,\"name\":\"Pol\u00edtica de Privacidade\"}]},{\"@type\":\"WebSite\",\"@id\":\"https:\/\/pateens.com\/es\/#website\",\"url\":\"https:\/\/pateens.com\/es\/\",\"name\":\"Pateens\",\"description\":\"Muitas dicas e novidades do mundo para voc\u00ea!\",\"publisher\":{\"@id\":\"https:\/\/pateens.com\/es\/#organization\"},\"potentialAction\":[{\"@type\":\"SearchAction\",\"target\":{\"@type\":\"EntryPoint\",\"urlTemplate\":\"https:\/\/pateens.com\/es\/?s={search_term_string}\"},\"query-input\":{\"@type\":\"PropertyValueSpecification\",\"valueRequired\":true,\"valueName\":\"search_term_string\"}}],\"inLanguage\":\"ar\"},{\"@type\":\"Organization\",\"@id\":\"https:\/\/pateens.com\/es\/#organization\",\"name\":\"Pateens\",\"url\":\"https:\/\/pateens.com\/es\/\",\"logo\":{\"@type\":\"ImageObject\",\"inLanguage\":\"ar\",\"@id\":\"https:\/\/pateens.com\/es\/#\/schema\/logo\/image\/\",\"url\":\"https:\/\/pateens.com\/wp-content\/uploads\/2023\/09\/cropped-WhatsApp-Image-2023-09-22-at-10.28.17-e1695389616971.jpeg\",\"contentUrl\":\"https:\/\/pateens.com\/wp-content\/uploads\/2023\/09\/cropped-WhatsApp-Image-2023-09-22-at-10.28.17-e1695389616971.jpeg\",\"width\":200,\"height\":37,\"caption\":\"Pateens\"},\"image\":{\"@id\":\"https:\/\/pateens.com\/es\/#\/schema\/logo\/image\/\"}}]}<\/script>\n<!-- \/ Yoast SEO plugin. -->","yoast_head_json":{"title":"Pol\u00edtica de Privacidade - Pateens","robots":{"index":"index","follow":"follow","max-snippet":"max-snippet:-1","max-image-preview":"max-image-preview:large","max-video-preview":"max-video-preview:-1"},"canonical":"https:\/\/pateens.com\/ar\/politica-de-privacidade\/","og_locale":"ar_AR","og_type":"article","og_title":"Pol\u00edtica de Privacidade - Pateens","og_description":"Pol\u00edtica Privacidade A sua privacidade \u00e9 importante para n\u00f3s. \u00c9 pol\u00edtica do Pateens respeitar a sua privacidade em rela\u00e7\u00e3o a qualquer informa\u00e7\u00e3o sua que possamos coletar no site Pateens, e outros sites que possu\u00edmos e operamos. Solicitamos informa\u00e7\u00f5es pessoais apenas quando realmente precisamos delas para lhe fornecer um servi\u00e7o. Fazemo-lo por meios justos e legais, &hellip;","og_url":"https:\/\/pateens.com\/ar\/politica-de-privacidade\/","og_site_name":"Pateens","article_modified_time":"2023-09-21T15:03:41+00:00","twitter_card":"summary_large_image","twitter_misc":{"\u0648\u0642\u062a \u0627\u0644\u0642\u0631\u0627\u0621\u0629 \u0627\u0644\u0645\u064f\u0642\u062f\u0651\u0631":"4 \u062f\u0642\u0627\u0626\u0642"},"schema":{"@context":"https:\/\/schema.org","@graph":[{"@type":"WebPage","@id":"https:\/\/pateens.com\/politica-de-privacidade\/","url":"https:\/\/pateens.com\/politica-de-privacidade\/","name":"Pol\u00edtica de Privacidade - Pateens","isPartOf":{"@id":"https:\/\/pateens.com\/es\/#website"},"datePublished":"2023-09-21T15:01:43+00:00","dateModified":"2023-09-21T15:03:41+00:00","breadcrumb":{"@id":"https:\/\/pateens.com\/politica-de-privacidade\/#breadcrumb"},"inLanguage":"ar","potentialAction":[{"@type":"ReadAction","target":["https:\/\/pateens.com\/politica-de-privacidade\/"]}]},{"@type":"BreadcrumbList","@id":"https:\/\/pateens.com\/politica-de-privacidade\/#breadcrumb","itemListElement":[{"@type":"ListItem","position":1,"name":"In\u00edcio","item":"https:\/\/pateens.com\/es\/"},{"@type":"ListItem","position":2,"name":"Pol\u00edtica de Privacidade"}]},{"@type":"WebSite","@id":"https:\/\/pateens.com\/es\/#website","url":"https:\/\/pateens.com\/es\/","name":"\u0628\u0627\u062a\u064a\u0646\u0633","description":"\u0627\u0644\u0643\u062b\u064a\u0631 \u0645\u0646 \u0627\u0644\u0646\u0635\u0627\u0626\u062d \u0648\u0627\u0644\u0623\u062e\u0628\u0627\u0631 \u0645\u0646 \u0627\u0644\u0639\u0627\u0644\u0645 \u0628\u0627\u0644\u0646\u0633\u0628\u0629 \u0644\u0643!","publisher":{"@id":"https:\/\/pateens.com\/es\/#organization"},"potentialAction":[{"@type":"SearchAction","target":{"@type":"EntryPoint","urlTemplate":"https:\/\/pateens.com\/es\/?s={search_term_string}"},"query-input":{"@type":"PropertyValueSpecification","valueRequired":true,"valueName":"search_term_string"}}],"inLanguage":"ar"},{"@type":"Organization","@id":"https:\/\/pateens.com\/es\/#organization","name":"\u0628\u0627\u062a\u064a\u0646\u0633","url":"https:\/\/pateens.com\/es\/","logo":{"@type":"ImageObject","inLanguage":"ar","@id":"https:\/\/pateens.com\/es\/#\/schema\/logo\/image\/","url":"https:\/\/pateens.com\/wp-content\/uploads\/2023\/09\/cropped-WhatsApp-Image-2023-09-22-at-10.28.17-e1695389616971.jpeg","contentUrl":"https:\/\/pateens.com\/wp-content\/uploads\/2023\/09\/cropped-WhatsApp-Image-2023-09-22-at-10.28.17-e1695389616971.jpeg","width":200,"height":37,"caption":"Pateens"},"image":{"@id":"https:\/\/pateens.com\/es\/#\/schema\/logo\/image\/"}}]}},"_links":{"self":[{"href":"https:\/\/pateens.com\/ar\/wp-json\/wp\/v2\/pages\/16","targetHints":{"allow":["GET"]}}],"collection":[{"href":"https:\/\/pateens.com\/ar\/wp-json\/wp\/v2\/pages"}],"about":[{"href":"https:\/\/pateens.com\/ar\/wp-json\/wp\/v2\/types\/page"}],"author":[{"embeddable":true,"href":"https:\/\/pateens.com\/ar\/wp-json\/wp\/v2\/users\/14"}],"replies":[{"embeddable":true,"href":"https:\/\/pateens.com\/ar\/wp-json\/wp\/v2\/comments?post=16"}],"version-history":[{"count":0,"href":"https:\/\/pateens.com\/ar\/wp-json\/wp\/v2\/pages\/16\/revisions"}],"wp:attachment":[{"href":"https:\/\/pateens.com\/ar\/wp-json\/wp\/v2\/media?parent=16"}],"curies":[{"name":"\u0648\u0648\u0631\u062f\u0628\u0631\u064a\u0633","href":"https:\/\/api.w.org\/{rel}","templated":true}]}}