{"id":24,"date":"2023-09-21T12:08:35","date_gmt":"2023-09-21T15:08:35","guid":{"rendered":"https:\/\/pateens.com\/?page_id=24"},"modified":"2023-09-21T12:08:35","modified_gmt":"2023-09-21T15:08:35","slug":"quem-somos","status":"publish","type":"page","link":"https:\/\/pateens.com\/ar\/quem-somos\/","title":{"rendered":"\u0645\u0646 \u0646\u062d\u0646"},"content":{"rendered":"<p>\u0645\u0631\u062d\u0628\u0627 \u0628\u0643\u0645 \u0641\u064a \u0628\u0627\u062a\u064a\u0646\u0633!<\/p>\n\n\n\n<p>\u0646\u062d\u0646 \u0628\u0648\u0627\u0628\u0629 \u0645\u0639\u0644\u0648\u0645\u0627\u062a \u0648\u0646\u0635\u0627\u0626\u062d \u0648\u062a\u0631\u0641\u064a\u0647 \u0646\u062a\u0645\u062a\u0639 \u0628\u0645\u0633\u0624\u0648\u0644\u064a\u0629 \u0643\u0628\u064a\u0631\u0629 \u0648\u0645\u0644\u0643\u064a\u0629 \u0641\u064a\u0645\u0627 \u0646\u0646\u0634\u0631\u0647 \u0641\u064a \u0648\u0633\u0627\u0626\u0644 \u0627\u0644\u0625\u0639\u0644\u0627\u0645 \u0644\u062f\u064a\u0646\u0627.<\/p>\n\n\n\n<p>\u0646\u062d\u0646 \u0646\u0639\u0644\u0645 \u0623\u0646 \u0627\u0633\u062a\u062e\u062f\u0627\u0645 \u0627\u0644\u0645\u0639\u0644\u0648\u0645\u0627\u062a \u0623\u0635\u0628\u062d \u0623\u0645\u0631\u064b\u0627 \u0644\u0627 \u063a\u0646\u0649 \u0639\u0646\u0647 \u0641\u064a \u062d\u064a\u0627\u0629 \u0627\u0644\u0622\u0644\u0627\u0641 \u0645\u0646 \u0627\u0644\u0623\u0634\u062e\u0627\u0635\u060c \u0648\u0647\u0630\u0627 \u0627\u0644\u0646\u0648\u0639 \u0645\u0646 \u0627\u0644\u0645\u062d\u062a\u0648\u0649 \u0623\u0645\u0631 \u0623\u0633\u0627\u0633\u064a \u0644\u0644\u0645\u062c\u062a\u0645\u0639.<\/p>\n\n\n\n<p>\u0647\u062f\u0641\u0646\u0627 \u0647\u0648 \u062a\u0632\u0648\u064a\u062f\u0643 \u0628\u0645\u0639\u0644\u0648\u0645\u0627\u062a \u0645\u0647\u0645\u0629 \u0648\u062d\u062f\u064a\u062b\u0629\u060c \u0628\u0627\u0644\u0625\u0636\u0627\u0641\u0629 \u0625\u0644\u0649 \u062a\u0639\u0632\u064a\u0632 \u062a\u062c\u0631\u0628\u0629 \u062a\u0635\u0641\u062d \u0645\u0645\u062a\u0627\u0632\u0629 \u0644\u0635\u0641\u062d\u0627\u062a\u0646\u0627.<\/p>\n\n\n\n<p>\u062a\u0645 \u0625\u0646\u0634\u0627\u0621 Pateens \u0628\u0647\u062f\u0641 \u0627\u0644\u0627\u0628\u062a\u0643\u0627\u0631 \u0641\u064a \u0627\u0644\u0628\u064a\u0626\u0629 \u0627\u0644\u0631\u0642\u0645\u064a\u0629\u060c \u0648\u064a\u0648\u0641\u0631 \u0644\u062d\u0638\u0627\u062a \u0645\u0646 \u0627\u0644\u0645\u0639\u0644\u0648\u0645\u0627\u062a \u0648\u0627\u0644\u0627\u0633\u062a\u0631\u062e\u0627\u0621 \u0648\u0627\u0644\u0645\u0634\u0627\u0631\u0643\u0629 \u0641\u064a \u0627\u0644\u0642\u0636\u0627\u064a\u0627 \u0627\u0644\u064a\u0648\u0645\u064a\u0629 \u0627\u0644\u0645\u0647\u0645\u0629.<\/p>\n\n\n\n<p>\u0645\u0631\u062d\u0628\u0627 \u0628\u0627\u0644\u062c\u0645\u064a\u0639\u00a0<a href=\"https:\/\/pateens.com\/ar\/\">\u0628\u0627\u062a\u064a\u0646\u0633<\/a>!!<\/p>","protected":false},"excerpt":{"rendered":"<p>\u0645\u0631\u062d\u0628\u0627 \u0628\u0643\u0645 \u0641\u064a \u0628\u0627\u062a\u064a\u0646\u0633! \u0646\u062d\u0646 \u0628\u0648\u0627\u0628\u0629 \u0645\u0639\u0644\u0648\u0645\u0627\u062a \u0648\u0646\u0635\u0627\u0626\u062d \u0648\u062a\u0631\u0641\u064a\u0647 \u0646\u062a\u0645\u062a\u0639 \u0628\u0645\u0633\u0624\u0648\u0644\u064a\u0629 \u0643\u0628\u064a\u0631\u0629 \u0648\u0645\u0644\u0643\u064a\u0629 \u0641\u064a\u0645\u0627 \u0646\u0646\u0634\u0631\u0647 \u0641\u064a \u0648\u0633\u0627\u0626\u0644 \u0627\u0644\u0625\u0639\u0644\u0627\u0645 \u0644\u062f\u064a\u0646\u0627. \u0646\u062d\u0646 \u0646\u0639\u0644\u0645 \u0623\u0646 \u0627\u0633\u062a\u062e\u062f\u0627\u0645 \u0627\u0644\u0645\u0639\u0644\u0648\u0645\u0627\u062a \u0623\u0635\u0628\u062d \u0623\u0645\u0631\u064b\u0627 \u0644\u0627 \u063a\u0646\u0649 \u0639\u0646\u0647 \u0641\u064a \u062d\u064a\u0627\u0629 \u0627\u0644\u0622\u0644\u0627\u0641 \u0645\u0646 \u0627\u0644\u0623\u0634\u062e\u0627\u0635\u060c \u0648\u0647\u0630\u0627 \u0627\u0644\u0646\u0648\u0639 \u0645\u0646 \u0627\u0644\u0645\u062d\u062a\u0648\u0649 \u0623\u0645\u0631 \u0623\u0633\u0627\u0633\u064a \u0644\u0644\u0645\u062c\u062a\u0645\u0639. \u0647\u062f\u0641\u0646\u0627 \u062c\u0644\u0628\u2026 <\/p>","protected":false},"author":14,"featured_media":0,"parent":0,"menu_order":0,"comment_status":"closed","ping_status":"closed","template":"","meta":{"footnotes":""},"class_list":["post-24","page","type-page","status-publish","hentry","latest_post"],"yoast_head":"<!-- This site is optimized with the Yoast SEO plugin v26.3 - https:\/\/yoast.com\/wordpress\/plugins\/seo\/ -->\n<title>Quem somos - Pateens<\/title>\n<meta name=\"robots\" content=\"index, follow, max-snippet:-1, max-image-preview:large, max-video-preview:-1\" \/>\n<link rel=\"canonical\" href=\"https:\/\/pateens.com\/ar\/quem-somos\/\" \/>\n<meta property=\"og:locale\" content=\"ar_AR\" \/>\n<meta property=\"og:type\" content=\"article\" \/>\n<meta property=\"og:title\" content=\"Quem somos - Pateens\" \/>\n<meta property=\"og:description\" content=\"Sejam bem vindos ao Pateens! Somos um portal de informa\u00e7\u00f5es, dicas e entretenimento com muita responsabilidade e propriedade no que informa em nossos meios de comunica\u00e7\u00e3o. Sabemos que o uso da informa\u00e7\u00e3o se tornou indispens\u00e1vel na vida de milhares de pessoas e esse tipo de conte\u00fado \u00e9 fundamental para a sociedade. Nosso objetivo \u00e9 levar &hellip;\" \/>\n<meta property=\"og:url\" content=\"https:\/\/pateens.com\/ar\/quem-somos\/\" \/>\n<meta property=\"og:site_name\" content=\"Pateens\" \/>\n<meta name=\"twitter:card\" content=\"summary_large_image\" \/>\n<meta name=\"twitter:label1\" content=\"\u0648\u0642\u062a \u0627\u0644\u0642\u0631\u0627\u0621\u0629 \u0627\u0644\u0645\u064f\u0642\u062f\u0651\u0631\" \/>\n\t<meta name=\"twitter:data1\" content=\"\u062f\u0642\u064a\u0642\u0629 \u0648\u0627\u062d\u062f\u0629\" \/>\n<script type=\"application\/ld+json\" class=\"yoast-schema-graph\">{\"@context\":\"https:\/\/schema.org\",\"@graph\":[{\"@type\":\"WebPage\",\"@id\":\"https:\/\/pateens.com\/quem-somos\/\",\"url\":\"https:\/\/pateens.com\/quem-somos\/\",\"name\":\"Quem somos - Pateens\",\"isPartOf\":{\"@id\":\"https:\/\/pateens.com\/es\/#website\"},\"datePublished\":\"2023-09-21T15:08:35+00:00\",\"breadcrumb\":{\"@id\":\"https:\/\/pateens.com\/quem-somos\/#breadcrumb\"},\"inLanguage\":\"ar\",\"potentialAction\":[{\"@type\":\"ReadAction\",\"target\":[\"https:\/\/pateens.com\/quem-somos\/\"]}]},{\"@type\":\"BreadcrumbList\",\"@id\":\"https:\/\/pateens.com\/quem-somos\/#breadcrumb\",\"itemListElement\":[{\"@type\":\"ListItem\",\"position\":1,\"name\":\"In\u00edcio\",\"item\":\"https:\/\/pateens.com\/es\/\"},{\"@type\":\"ListItem\",\"position\":2,\"name\":\"Quem somos\"}]},{\"@type\":\"WebSite\",\"@id\":\"https:\/\/pateens.com\/es\/#website\",\"url\":\"https:\/\/pateens.com\/es\/\",\"name\":\"Pateens\",\"description\":\"Muitas dicas e novidades do mundo para voc\u00ea!\",\"publisher\":{\"@id\":\"https:\/\/pateens.com\/es\/#organization\"},\"potentialAction\":[{\"@type\":\"SearchAction\",\"target\":{\"@type\":\"EntryPoint\",\"urlTemplate\":\"https:\/\/pateens.com\/es\/?s={search_term_string}\"},\"query-input\":{\"@type\":\"PropertyValueSpecification\",\"valueRequired\":true,\"valueName\":\"search_term_string\"}}],\"inLanguage\":\"ar\"},{\"@type\":\"Organization\",\"@id\":\"https:\/\/pateens.com\/es\/#organization\",\"name\":\"Pateens\",\"url\":\"https:\/\/pateens.com\/es\/\",\"logo\":{\"@type\":\"ImageObject\",\"inLanguage\":\"ar\",\"@id\":\"https:\/\/pateens.com\/es\/#\/schema\/logo\/image\/\",\"url\":\"https:\/\/pateens.com\/wp-content\/uploads\/2023\/09\/cropped-WhatsApp-Image-2023-09-22-at-10.28.17-e1695389616971.jpeg\",\"contentUrl\":\"https:\/\/pateens.com\/wp-content\/uploads\/2023\/09\/cropped-WhatsApp-Image-2023-09-22-at-10.28.17-e1695389616971.jpeg\",\"width\":200,\"height\":37,\"caption\":\"Pateens\"},\"image\":{\"@id\":\"https:\/\/pateens.com\/es\/#\/schema\/logo\/image\/\"}}]}<\/script>\n<!-- \/ Yoast SEO plugin. -->","yoast_head_json":{"title":"Quem somos - Pateens","robots":{"index":"index","follow":"follow","max-snippet":"max-snippet:-1","max-image-preview":"max-image-preview:large","max-video-preview":"max-video-preview:-1"},"canonical":"https:\/\/pateens.com\/ar\/quem-somos\/","og_locale":"ar_AR","og_type":"article","og_title":"Quem somos - Pateens","og_description":"Sejam bem vindos ao Pateens! Somos um portal de informa\u00e7\u00f5es, dicas e entretenimento com muita responsabilidade e propriedade no que informa em nossos meios de comunica\u00e7\u00e3o. Sabemos que o uso da informa\u00e7\u00e3o se tornou indispens\u00e1vel na vida de milhares de pessoas e esse tipo de conte\u00fado \u00e9 fundamental para a sociedade. Nosso objetivo \u00e9 levar &hellip;","og_url":"https:\/\/pateens.com\/ar\/quem-somos\/","og_site_name":"Pateens","twitter_card":"summary_large_image","twitter_misc":{"\u0648\u0642\u062a \u0627\u0644\u0642\u0631\u0627\u0621\u0629 \u0627\u0644\u0645\u064f\u0642\u062f\u0651\u0631":"\u062f\u0642\u064a\u0642\u0629 \u0648\u0627\u062d\u062f\u0629"},"schema":{"@context":"https:\/\/schema.org","@graph":[{"@type":"WebPage","@id":"https:\/\/pateens.com\/quem-somos\/","url":"https:\/\/pateens.com\/quem-somos\/","name":"Quem somos - Pateens","isPartOf":{"@id":"https:\/\/pateens.com\/es\/#website"},"datePublished":"2023-09-21T15:08:35+00:00","breadcrumb":{"@id":"https:\/\/pateens.com\/quem-somos\/#breadcrumb"},"inLanguage":"ar","potentialAction":[{"@type":"ReadAction","target":["https:\/\/pateens.com\/quem-somos\/"]}]},{"@type":"BreadcrumbList","@id":"https:\/\/pateens.com\/quem-somos\/#breadcrumb","itemListElement":[{"@type":"ListItem","position":1,"name":"In\u00edcio","item":"https:\/\/pateens.com\/es\/"},{"@type":"ListItem","position":2,"name":"Quem somos"}]},{"@type":"WebSite","@id":"https:\/\/pateens.com\/es\/#website","url":"https:\/\/pateens.com\/es\/","name":"\u0628\u0627\u062a\u064a\u0646\u0633","description":"\u0627\u0644\u0643\u062b\u064a\u0631 \u0645\u0646 \u0627\u0644\u0646\u0635\u0627\u0626\u062d \u0648\u0627\u0644\u0623\u062e\u0628\u0627\u0631 \u0645\u0646 \u0627\u0644\u0639\u0627\u0644\u0645 \u0628\u0627\u0644\u0646\u0633\u0628\u0629 \u0644\u0643!","publisher":{"@id":"https:\/\/pateens.com\/es\/#organization"},"potentialAction":[{"@type":"SearchAction","target":{"@type":"EntryPoint","urlTemplate":"https:\/\/pateens.com\/es\/?s={search_term_string}"},"query-input":{"@type":"PropertyValueSpecification","valueRequired":true,"valueName":"search_term_string"}}],"inLanguage":"ar"},{"@type":"Organization","@id":"https:\/\/pateens.com\/es\/#organization","name":"\u0628\u0627\u062a\u064a\u0646\u0633","url":"https:\/\/pateens.com\/es\/","logo":{"@type":"ImageObject","inLanguage":"ar","@id":"https:\/\/pateens.com\/es\/#\/schema\/logo\/image\/","url":"https:\/\/pateens.com\/wp-content\/uploads\/2023\/09\/cropped-WhatsApp-Image-2023-09-22-at-10.28.17-e1695389616971.jpeg","contentUrl":"https:\/\/pateens.com\/wp-content\/uploads\/2023\/09\/cropped-WhatsApp-Image-2023-09-22-at-10.28.17-e1695389616971.jpeg","width":200,"height":37,"caption":"Pateens"},"image":{"@id":"https:\/\/pateens.com\/es\/#\/schema\/logo\/image\/"}}]}},"_links":{"self":[{"href":"https:\/\/pateens.com\/ar\/wp-json\/wp\/v2\/pages\/24","targetHints":{"allow":["GET"]}}],"collection":[{"href":"https:\/\/pateens.com\/ar\/wp-json\/wp\/v2\/pages"}],"about":[{"href":"https:\/\/pateens.com\/ar\/wp-json\/wp\/v2\/types\/page"}],"author":[{"embeddable":true,"href":"https:\/\/pateens.com\/ar\/wp-json\/wp\/v2\/users\/14"}],"replies":[{"embeddable":true,"href":"https:\/\/pateens.com\/ar\/wp-json\/wp\/v2\/comments?post=24"}],"version-history":[{"count":0,"href":"https:\/\/pateens.com\/ar\/wp-json\/wp\/v2\/pages\/24\/revisions"}],"wp:attachment":[{"href":"https:\/\/pateens.com\/ar\/wp-json\/wp\/v2\/media?parent=24"}],"curies":[{"name":"\u0648\u0648\u0631\u062f\u0628\u0631\u064a\u0633","href":"https:\/\/api.w.org\/{rel}","templated":true}]}}