{"id":24,"date":"2023-09-21T12:08:35","date_gmt":"2023-09-21T15:08:35","guid":{"rendered":"https:\/\/pateens.com\/?page_id=24"},"modified":"2023-09-21T12:08:35","modified_gmt":"2023-09-21T15:08:35","slug":"quem-somos","status":"publish","type":"page","link":"https:\/\/pateens.com\/bg\/quem-somos\/","title":{"rendered":"\u041a\u043e\u0438 \u0441\u043c\u0435 \u043d\u0438\u0435"},"content":{"rendered":"<p>\u0414\u043e\u0431\u0440\u0435 \u0434\u043e\u0448\u043b\u0438 \u0432 Pateens!<\/p>\n\n\n\n<p>\u041d\u0438\u0435 \u0441\u043c\u0435 \u043f\u043e\u0440\u0442\u0430\u043b \u0437\u0430 \u0438\u043d\u0444\u043e\u0440\u043c\u0430\u0446\u0438\u044f, \u0441\u044a\u0432\u0435\u0442\u0438 \u0438 \u0440\u0430\u0437\u0432\u043b\u0435\u0447\u0435\u043d\u0438\u044f \u0441 \u0433\u043e\u043b\u044f\u043c\u0430 \u043e\u0442\u0433\u043e\u0432\u043e\u0440\u043d\u043e\u0441\u0442 \u0438 \u0441\u043e\u0431\u0441\u0442\u0432\u0435\u043d\u043e\u0441\u0442 \u0432\u044a\u0440\u0445\u0443 \u0442\u043e\u0432\u0430, \u043a\u043e\u0435\u0442\u043e \u0441\u044a\u043e\u0431\u0449\u0430\u0432\u0430\u043c\u0435 \u0432 \u043d\u0430\u0448\u0438\u0442\u0435 \u043c\u0435\u0434\u0438\u0438.<\/p>\n\n\n\n<p>\u0417\u043d\u0430\u0435\u043c, \u0447\u0435 \u0438\u0437\u043f\u043e\u043b\u0437\u0432\u0430\u043d\u0435\u0442\u043e \u043d\u0430 \u0438\u043d\u0444\u043e\u0440\u043c\u0430\u0446\u0438\u044f \u0435 \u0441\u0442\u0430\u043d\u0430\u043b\u043e \u043d\u0435\u0437\u0430\u043c\u0435\u043d\u0438\u043c\u0430 \u0447\u0430\u0441\u0442 \u043e\u0442 \u0436\u0438\u0432\u043e\u0442\u0430 \u043d\u0430 \u0445\u0438\u043b\u044f\u0434\u0438 \u0445\u043e\u0440\u0430 \u0438 \u0442\u043e\u0437\u0438 \u0442\u0438\u043f \u0441\u044a\u0434\u044a\u0440\u0436\u0430\u043d\u0438\u0435 \u0435 \u0444\u0443\u043d\u0434\u0430\u043c\u0435\u043d\u0442\u0430\u043b\u043d\u043e \u0437\u0430 \u043e\u0431\u0449\u0435\u0441\u0442\u0432\u043e\u0442\u043e.<\/p>\n\n\n\n<p>\u041d\u0430\u0448\u0430\u0442\u0430 \u0446\u0435\u043b \u0435 \u0434\u0430 \u0432\u0438 \u043f\u0440\u0435\u0434\u043e\u0441\u0442\u0430\u0432\u0438\u043c \u0432\u0430\u0436\u043d\u0430 \u0438 \u0430\u043a\u0442\u0443\u0430\u043b\u043d\u0430 \u0438\u043d\u0444\u043e\u0440\u043c\u0430\u0446\u0438\u044f, \u043a\u0430\u043a\u0442\u043e \u0438 \u0434\u0430 \u043f\u043e\u043f\u0443\u043b\u044f\u0440\u0438\u0437\u0438\u0440\u0430\u043c\u0435 \u043e\u0442\u043b\u0438\u0447\u043d\u043e \u0438\u0437\u0436\u0438\u0432\u044f\u0432\u0430\u043d\u0435 \u043f\u0440\u0438 \u0440\u0430\u0437\u0433\u043b\u0435\u0436\u0434\u0430\u043d\u0435 \u043d\u0430 \u043d\u0430\u0448\u0438\u0442\u0435 \u0441\u0442\u0440\u0430\u043d\u0438\u0446\u0438.<\/p>\n\n\n\n<p>\u0421\u044a\u0437\u0434\u0430\u0434\u0435\u043d \u0441 \u0446\u0435\u043b \u0438\u043d\u043e\u0432\u0430\u0446\u0438\u0438 \u0432 \u0434\u0438\u0433\u0438\u0442\u0430\u043b\u043d\u0430\u0442\u0430 \u0441\u0440\u0435\u0434\u0430, Pateens \u043f\u0440\u0435\u0434\u043e\u0441\u0442\u0430\u0432\u044f \u043c\u043e\u043c\u0435\u043d\u0442\u0438 \u043d\u0430 \u0438\u043d\u0444\u043e\u0440\u043c\u0430\u0446\u0438\u044f, \u0440\u0435\u043b\u0430\u043a\u0441\u0430\u0446\u0438\u044f \u0438 \u0443\u0447\u0430\u0441\u0442\u0438\u0435 \u0432\u044a\u0432 \u0432\u0430\u0436\u043d\u0438 \u0435\u0436\u0435\u0434\u043d\u0435\u0432\u043d\u0438 \u043f\u0440\u043e\u0431\u043b\u0435\u043c\u0438.<\/p>\n\n\n\n<p>\u0414\u043e\u0431\u0440\u0435 \u0434\u043e\u0448\u043b\u0438 \u043d\u0430 \u0432\u0441\u0438\u0447\u043a\u0438\u00a0<a href=\"https:\/\/pateens.com\/bg\/\">Pateens<\/a>!!<\/p>","protected":false},"excerpt":{"rendered":"<p>\u0414\u043e\u0431\u0440\u0435 \u0434\u043e\u0448\u043b\u0438 \u0432 Pateens! \u041d\u0438\u0435 \u0441\u043c\u0435 \u0438\u043d\u0444\u043e\u0440\u043c\u0430\u0446\u0438\u043e\u043d\u0435\u043d, \u0441\u044a\u0432\u0435\u0442\u0435\u043d \u0438 \u0440\u0430\u0437\u0432\u043b\u0435\u043a\u0430\u0442\u0435\u043b\u0435\u043d \u043f\u043e\u0440\u0442\u0430\u043b, \u043a\u043e\u0439\u0442\u043e \u0435 \u043c\u043d\u043e\u0433\u043e \u043e\u0442\u0433\u043e\u0432\u043e\u0440\u0435\u043d \u0438 \u043e\u0442\u0433\u043e\u0432\u0430\u0440\u044f \u0437\u0430 \u0442\u043e\u0432\u0430, \u043a\u043e\u0435\u0442\u043e \u043f\u0443\u0431\u043b\u0438\u043a\u0443\u0432\u0430 \u0432 \u043d\u0430\u0448\u0438\u0442\u0435 \u043c\u0435\u0434\u0438\u0438. \u0417\u043d\u0430\u0435\u043c, \u0447\u0435 \u0438\u0437\u043f\u043e\u043b\u0437\u0432\u0430\u043d\u0435\u0442\u043e \u043d\u0430 \u0438\u043d\u0444\u043e\u0440\u043c\u0430\u0446\u0438\u044f \u0435 \u0441\u0442\u0430\u043d\u0430\u043b\u043e \u043d\u0435\u0437\u0430\u043c\u0435\u043d\u0438\u043c\u043e \u0432 \u0436\u0438\u0432\u043e\u0442\u0430 \u043d\u0430 \u0445\u0438\u043b\u044f\u0434\u0438 \u0445\u043e\u0440\u0430 \u0438 \u0442\u043e\u0437\u0438 \u0442\u0438\u043f \u0441\u044a\u0434\u044a\u0440\u0436\u0430\u043d\u0438\u0435 \u0435 \u043e\u0442 \u0441\u044a\u0449\u0435\u0441\u0442\u0432\u0435\u043d\u043e \u0437\u043d\u0430\u0447\u0435\u043d\u0438\u0435 \u0437\u0430 \u043e\u0431\u0449\u0435\u0441\u0442\u0432\u043e\u0442\u043e. \u041d\u0430\u0448\u0430\u0442\u0430 \u0446\u0435\u043b \u0435 \u0434\u0430 \u0434\u043e\u043d\u0435\u0441\u0435\u043c\u2026 <\/p>","protected":false},"author":14,"featured_media":0,"parent":0,"menu_order":0,"comment_status":"closed","ping_status":"closed","template":"","meta":{"footnotes":""},"class_list":["post-24","page","type-page","status-publish","hentry","latest_post"],"yoast_head":"<!-- This site is optimized with the Yoast SEO plugin v26.3 - https:\/\/yoast.com\/wordpress\/plugins\/seo\/ -->\n<title>Quem somos - Pateens<\/title>\n<meta name=\"robots\" content=\"index, follow, max-snippet:-1, max-image-preview:large, max-video-preview:-1\" \/>\n<link rel=\"canonical\" href=\"https:\/\/pateens.com\/bg\/quem-somos\/\" \/>\n<meta property=\"og:locale\" content=\"bg_BG\" \/>\n<meta property=\"og:type\" content=\"article\" \/>\n<meta property=\"og:title\" content=\"Quem somos - Pateens\" \/>\n<meta property=\"og:description\" content=\"Sejam bem vindos ao Pateens! Somos um portal de informa\u00e7\u00f5es, dicas e entretenimento com muita responsabilidade e propriedade no que informa em nossos meios de comunica\u00e7\u00e3o. Sabemos que o uso da informa\u00e7\u00e3o se tornou indispens\u00e1vel na vida de milhares de pessoas e esse tipo de conte\u00fado \u00e9 fundamental para a sociedade. Nosso objetivo \u00e9 levar &hellip;\" \/>\n<meta property=\"og:url\" content=\"https:\/\/pateens.com\/bg\/quem-somos\/\" \/>\n<meta property=\"og:site_name\" content=\"Pateens\" \/>\n<meta name=\"twitter:card\" content=\"summary_large_image\" \/>\n<meta name=\"twitter:label1\" content=\"Est. reading time\" \/>\n\t<meta name=\"twitter:data1\" content=\"1 \u043c\u0438\u043d\u0443\u0442\u0430\" \/>\n<script type=\"application\/ld+json\" class=\"yoast-schema-graph\">{\"@context\":\"https:\/\/schema.org\",\"@graph\":[{\"@type\":\"WebPage\",\"@id\":\"https:\/\/pateens.com\/quem-somos\/\",\"url\":\"https:\/\/pateens.com\/quem-somos\/\",\"name\":\"Quem somos - Pateens\",\"isPartOf\":{\"@id\":\"https:\/\/pateens.com\/es\/#website\"},\"datePublished\":\"2023-09-21T15:08:35+00:00\",\"breadcrumb\":{\"@id\":\"https:\/\/pateens.com\/quem-somos\/#breadcrumb\"},\"inLanguage\":\"bg-BG\",\"potentialAction\":[{\"@type\":\"ReadAction\",\"target\":[\"https:\/\/pateens.com\/quem-somos\/\"]}]},{\"@type\":\"BreadcrumbList\",\"@id\":\"https:\/\/pateens.com\/quem-somos\/#breadcrumb\",\"itemListElement\":[{\"@type\":\"ListItem\",\"position\":1,\"name\":\"In\u00edcio\",\"item\":\"https:\/\/pateens.com\/es\/\"},{\"@type\":\"ListItem\",\"position\":2,\"name\":\"Quem somos\"}]},{\"@type\":\"WebSite\",\"@id\":\"https:\/\/pateens.com\/es\/#website\",\"url\":\"https:\/\/pateens.com\/es\/\",\"name\":\"Pateens\",\"description\":\"Muitas dicas e novidades do mundo para voc\u00ea!\",\"publisher\":{\"@id\":\"https:\/\/pateens.com\/es\/#organization\"},\"potentialAction\":[{\"@type\":\"SearchAction\",\"target\":{\"@type\":\"EntryPoint\",\"urlTemplate\":\"https:\/\/pateens.com\/es\/?s={search_term_string}\"},\"query-input\":{\"@type\":\"PropertyValueSpecification\",\"valueRequired\":true,\"valueName\":\"search_term_string\"}}],\"inLanguage\":\"bg-BG\"},{\"@type\":\"Organization\",\"@id\":\"https:\/\/pateens.com\/es\/#organization\",\"name\":\"Pateens\",\"url\":\"https:\/\/pateens.com\/es\/\",\"logo\":{\"@type\":\"ImageObject\",\"inLanguage\":\"bg-BG\",\"@id\":\"https:\/\/pateens.com\/es\/#\/schema\/logo\/image\/\",\"url\":\"https:\/\/pateens.com\/wp-content\/uploads\/2023\/09\/cropped-WhatsApp-Image-2023-09-22-at-10.28.17-e1695389616971.jpeg\",\"contentUrl\":\"https:\/\/pateens.com\/wp-content\/uploads\/2023\/09\/cropped-WhatsApp-Image-2023-09-22-at-10.28.17-e1695389616971.jpeg\",\"width\":200,\"height\":37,\"caption\":\"Pateens\"},\"image\":{\"@id\":\"https:\/\/pateens.com\/es\/#\/schema\/logo\/image\/\"}}]}<\/script>\n<!-- \/ Yoast SEO plugin. -->","yoast_head_json":{"title":"Quem somos - Pateens","robots":{"index":"index","follow":"follow","max-snippet":"max-snippet:-1","max-image-preview":"max-image-preview:large","max-video-preview":"max-video-preview:-1"},"canonical":"https:\/\/pateens.com\/bg\/quem-somos\/","og_locale":"bg_BG","og_type":"article","og_title":"Quem somos - Pateens","og_description":"Sejam bem vindos ao Pateens! Somos um portal de informa\u00e7\u00f5es, dicas e entretenimento com muita responsabilidade e propriedade no que informa em nossos meios de comunica\u00e7\u00e3o. Sabemos que o uso da informa\u00e7\u00e3o se tornou indispens\u00e1vel na vida de milhares de pessoas e esse tipo de conte\u00fado \u00e9 fundamental para a sociedade. Nosso objetivo \u00e9 levar &hellip;","og_url":"https:\/\/pateens.com\/bg\/quem-somos\/","og_site_name":"Pateens","twitter_card":"summary_large_image","twitter_misc":{"Est. reading time":"1 \u043c\u0438\u043d\u0443\u0442\u0430"},"schema":{"@context":"https:\/\/schema.org","@graph":[{"@type":"WebPage","@id":"https:\/\/pateens.com\/quem-somos\/","url":"https:\/\/pateens.com\/quem-somos\/","name":"Quem somos - Pateens","isPartOf":{"@id":"https:\/\/pateens.com\/es\/#website"},"datePublished":"2023-09-21T15:08:35+00:00","breadcrumb":{"@id":"https:\/\/pateens.com\/quem-somos\/#breadcrumb"},"inLanguage":"bg-BG","potentialAction":[{"@type":"ReadAction","target":["https:\/\/pateens.com\/quem-somos\/"]}]},{"@type":"BreadcrumbList","@id":"https:\/\/pateens.com\/quem-somos\/#breadcrumb","itemListElement":[{"@type":"ListItem","position":1,"name":"In\u00edcio","item":"https:\/\/pateens.com\/es\/"},{"@type":"ListItem","position":2,"name":"Quem somos"}]},{"@type":"WebSite","@id":"https:\/\/pateens.com\/es\/#website","url":"https:\/\/pateens.com\/es\/","name":"Pateens","description":"\u041c\u043d\u043e\u0433\u043e \u0441\u044a\u0432\u0435\u0442\u0438 \u0438 \u043d\u043e\u0432\u0438\u043d\u0438 \u043e\u0442 \u0441\u0432\u0435\u0442\u0430 \u0437\u0430 \u0432\u0430\u0441!","publisher":{"@id":"https:\/\/pateens.com\/es\/#organization"},"potentialAction":[{"@type":"SearchAction","target":{"@type":"EntryPoint","urlTemplate":"https:\/\/pateens.com\/es\/?s={search_term_string}"},"query-input":{"@type":"PropertyValueSpecification","valueRequired":true,"valueName":"search_term_string"}}],"inLanguage":"bg-BG"},{"@type":"Organization","@id":"https:\/\/pateens.com\/es\/#organization","name":"Pateens","url":"https:\/\/pateens.com\/es\/","logo":{"@type":"ImageObject","inLanguage":"bg-BG","@id":"https:\/\/pateens.com\/es\/#\/schema\/logo\/image\/","url":"https:\/\/pateens.com\/wp-content\/uploads\/2023\/09\/cropped-WhatsApp-Image-2023-09-22-at-10.28.17-e1695389616971.jpeg","contentUrl":"https:\/\/pateens.com\/wp-content\/uploads\/2023\/09\/cropped-WhatsApp-Image-2023-09-22-at-10.28.17-e1695389616971.jpeg","width":200,"height":37,"caption":"Pateens"},"image":{"@id":"https:\/\/pateens.com\/es\/#\/schema\/logo\/image\/"}}]}},"_links":{"self":[{"href":"https:\/\/pateens.com\/bg\/wp-json\/wp\/v2\/pages\/24","targetHints":{"allow":["GET"]}}],"collection":[{"href":"https:\/\/pateens.com\/bg\/wp-json\/wp\/v2\/pages"}],"about":[{"href":"https:\/\/pateens.com\/bg\/wp-json\/wp\/v2\/types\/page"}],"author":[{"embeddable":true,"href":"https:\/\/pateens.com\/bg\/wp-json\/wp\/v2\/users\/14"}],"replies":[{"embeddable":true,"href":"https:\/\/pateens.com\/bg\/wp-json\/wp\/v2\/comments?post=24"}],"version-history":[{"count":0,"href":"https:\/\/pateens.com\/bg\/wp-json\/wp\/v2\/pages\/24\/revisions"}],"wp:attachment":[{"href":"https:\/\/pateens.com\/bg\/wp-json\/wp\/v2\/media?parent=24"}],"curies":[{"name":"\u0440\u0430\u0431\u043e\u0442\u043d\u0430 \u0441\u0440\u0435\u0449\u0430","href":"https:\/\/api.w.org\/{rel}","templated":true}]}}