{"id":24,"date":"2023-09-21T12:08:35","date_gmt":"2023-09-21T15:08:35","guid":{"rendered":"https:\/\/pateens.com\/?page_id=24"},"modified":"2023-09-21T12:08:35","modified_gmt":"2023-09-21T15:08:35","slug":"quem-somos","status":"publish","type":"page","link":"https:\/\/pateens.com\/bn\/quem-somos\/","title":{"rendered":"\u0986\u09ae\u09b0\u09be \u09af\u09be\u09b0\u09be"},"content":{"rendered":"<p>\u09aa\u09cd\u09af\u09be\u099f\u09bf\u09a8\u09cd\u09b8\u09c7 \u09b8\u09cd\u09ac\u09be\u0997\u09a4\u09ae!<\/p>\n\n\n\n<p>\u0986\u09ae\u09b0\u09be \u098f\u0995\u099f\u09bf \u09a4\u09a5\u09cd\u09af, \u099f\u09bf\u09aa\u09b8 \u098f\u09ac\u0982 \u09ac\u09bf\u09a8\u09cb\u09a6\u09a8 \u09aa\u09cb\u09b0\u09cd\u099f\u09be\u09b2 \u09af\u09be\u09b0 \u0986\u09ae\u09be\u09a6\u09c7\u09b0 \u09ae\u09bf\u09a1\u09bf\u09af\u09bc\u09be\u09a4\u09c7 \u0986\u09ae\u09b0\u09be \u09af\u09be \u09b0\u09bf\u09aa\u09cb\u09b0\u09cd\u099f \u0995\u09b0\u09bf \u09a4\u09be\u09a4\u09c7 \u0985\u09a4\u09cd\u09af\u09a8\u09cd\u09a4 \u09a6\u09be\u09af\u09bc\u09bf\u09a4\u09cd\u09ac \u098f\u09ac\u0982 \u09ae\u09be\u09b2\u09bf\u0995\u09be\u09a8\u09be \u09b0\u09af\u09bc\u09c7\u099b\u09c7\u0964<\/p>\n\n\n\n<p>\u0986\u09ae\u09b0\u09be \u099c\u09be\u09a8\u09bf \u09af\u09c7 \u09a4\u09a5\u09cd\u09af\u09c7\u09b0 \u09ac\u09cd\u09af\u09ac\u09b9\u09be\u09b0 \u09b9\u09be\u099c\u09be\u09b0 \u09b9\u09be\u099c\u09be\u09b0 \u09ae\u09be\u09a8\u09c1\u09b7\u09c7\u09b0 \u099c\u09c0\u09ac\u09a8\u09c7 \u0985\u09aa\u09b0\u09bf\u09b9\u09be\u09b0\u09cd\u09af \u09b9\u09af\u09bc\u09c7 \u0989\u09a0\u09c7\u099b\u09c7 \u098f\u09ac\u0982 \u098f\u0987 \u09a7\u09b0\u09a3\u09c7\u09b0 \u09ac\u09bf\u09b7\u09af\u09bc\u09ac\u09b8\u09cd\u09a4\u09c1 \u09b8\u09ae\u09be\u099c\u09c7\u09b0 \u099c\u09a8\u09cd\u09af \u09ae\u09cc\u09b2\u09bf\u0995\u0964<\/p>\n\n\n\n<p>\u0986\u09ae\u09be\u09a6\u09c7\u09b0 \u09b2\u0995\u09cd\u09b7\u09cd\u09af \u09b9\u09b2 \u0986\u09aa\u09a8\u09be\u0995\u09c7 \u0997\u09c1\u09b0\u09c1\u09a4\u09cd\u09ac\u09aa\u09c2\u09b0\u09cd\u09a3 \u098f\u09ac\u0982 \u09b9\u09be\u09b2\u09a8\u09be\u0997\u09be\u09a6 \u09a4\u09a5\u09cd\u09af \u09aa\u09cd\u09b0\u09a6\u09be\u09a8 \u0995\u09b0\u09be, \u09b8\u09c7\u0987\u09b8\u09be\u09a5\u09c7 \u0986\u09ae\u09be\u09a6\u09c7\u09b0 \u09aa\u09c3\u09b7\u09cd\u09a0\u09be\u0997\u09c1\u09b2\u09bf \u09ac\u09cd\u09b0\u09be\u0989\u099c \u0995\u09b0\u09be\u09b0 \u09b8\u09ae\u09af\u09bc \u0986\u09aa\u09a8\u09be\u0995\u09c7 \u098f\u0995\u099f\u09bf \u099a\u09ae\u09ce\u0995\u09be\u09b0 \u0985\u09ad\u09bf\u099c\u09cd\u099e\u09a4\u09be \u09aa\u09cd\u09b0\u09a6\u09be\u09a8 \u0995\u09b0\u09be\u0964<\/p>\n\n\n\n<p>\u09a1\u09bf\u099c\u09bf\u099f\u09be\u09b2 \u09aa\u09b0\u09bf\u09ac\u09c7\u09b6\u09c7 \u0989\u09a6\u09cd\u09ad\u09be\u09ac\u09a8\u09c7\u09b0 \u0989\u09a6\u09cd\u09a6\u09c7\u09b6\u09cd\u09af\u09c7 \u09a4\u09c8\u09b0\u09bf, \u09aa\u09cd\u09af\u09be\u099f\u09bf\u09a8\u09b8 \u09a4\u09a5\u09cd\u09af, \u09b6\u09bf\u09a5\u09bf\u09b2\u0995\u09b0\u09a3 \u098f\u09ac\u0982 \u0997\u09c1\u09b0\u09c1\u09a4\u09cd\u09ac\u09aa\u09c2\u09b0\u09cd\u09a3 \u09a6\u09c8\u09a8\u09a8\u09cd\u09a6\u09bf\u09a8 \u09ac\u09bf\u09b7\u09af\u09bc\u09c7 \u099c\u09a1\u09bc\u09bf\u09a4 \u09a5\u09be\u0995\u09be\u09b0 \u09ae\u09c1\u09b9\u09c2\u09b0\u09cd\u09a4\u0997\u09c1\u09b2\u09bf \u09aa\u09cd\u09b0\u09a6\u09be\u09a8 \u0995\u09b0\u09c7\u0964<\/p>\n\n\n\n<p>\u09b8\u09ac\u09be\u0987\u0995\u09c7 \u09b8\u09cd\u09ac\u09be\u0997\u09a4\u09ae\u00a0<a href=\"https:\/\/pateens.com\/bn\/\">\u09aa\u09c7\u099f\u09c7\u09a8\u09cd\u09b8<\/a>!!<\/p>","protected":false},"excerpt":{"rendered":"<p>\u09aa\u09cd\u09af\u09be\u099f\u09bf\u09a8\u09cd\u09b8\u09c7 \u0986\u09aa\u09a8\u09be\u0995\u09c7 \u09b8\u09cd\u09ac\u09be\u0997\u09a4\u09ae! \u0986\u09ae\u09b0\u09be \u098f\u0995\u099f\u09bf \u09a4\u09a5\u09cd\u09af, \u099f\u09bf\u09aa\u09b8 \u098f\u09ac\u0982 \u09ac\u09bf\u09a8\u09cb\u09a6\u09a8 \u09aa\u09cb\u09b0\u09cd\u099f\u09be\u09b2 \u09af\u09be \u0986\u09ae\u09be\u09a6\u09c7\u09b0 \u09ae\u09bf\u09a1\u09bf\u09af\u09bc\u09be\u09a4\u09c7 \u09af\u09be \u09aa\u09cd\u09b0\u0995\u09be\u09b6 \u0995\u09b0\u09bf \u09a4\u09be\u09a4\u09c7 \u0985\u09a4\u09cd\u09af\u09a8\u09cd\u09a4 \u09a6\u09be\u09af\u09bc\u09bf\u09a4\u09cd\u09ac\u09b6\u09c0\u09b2 \u098f\u09ac\u0982 \u09a6\u09be\u09af\u09bc\u09bf\u09a4\u09cd\u09ac\u09b6\u09c0\u09b2\u0964 \u0986\u09ae\u09b0\u09be \u099c\u09be\u09a8\u09bf \u09af\u09c7 \u09a4\u09a5\u09cd\u09af\u09c7\u09b0 \u09ac\u09cd\u09af\u09ac\u09b9\u09be\u09b0 \u09b9\u09be\u099c\u09be\u09b0 \u09b9\u09be\u099c\u09be\u09b0 \u09ae\u09be\u09a8\u09c1\u09b7\u09c7\u09b0 \u099c\u09c0\u09ac\u09a8\u09c7 \u0985\u09aa\u09b0\u09bf\u09b9\u09be\u09b0\u09cd\u09af \u09b9\u09af\u09bc\u09c7 \u0989\u09a0\u09c7\u099b\u09c7 \u098f\u09ac\u0982 \u098f\u0987 \u09a7\u09b0\u09a3\u09c7\u09b0 \u09b8\u09be\u09ae\u0997\u09cd\u09b0\u09c0 \u09b8\u09ae\u09be\u099c\u09c7\u09b0 \u099c\u09a8\u09cd\u09af \u0985\u09aa\u09b0\u09bf\u09b9\u09be\u09b0\u09cd\u09af\u0964 \u0986\u09ae\u09be\u09a6\u09c7\u09b0 \u09b2\u0995\u09cd\u09b7\u09cd\u09af \u09b9\u09b2 ... <\/p>","protected":false},"author":14,"featured_media":0,"parent":0,"menu_order":0,"comment_status":"closed","ping_status":"closed","template":"","meta":{"footnotes":""},"class_list":["post-24","page","type-page","status-publish","hentry","latest_post"],"yoast_head":"<!-- This site is optimized with the Yoast SEO plugin v26.3 - https:\/\/yoast.com\/wordpress\/plugins\/seo\/ -->\n<title>Quem somos - Pateens<\/title>\n<meta name=\"robots\" content=\"index, follow, max-snippet:-1, max-image-preview:large, max-video-preview:-1\" \/>\n<link rel=\"canonical\" href=\"https:\/\/pateens.com\/bn\/quem-somos\/\" \/>\n<meta property=\"og:locale\" content=\"en_US\" \/>\n<meta property=\"og:type\" content=\"article\" \/>\n<meta property=\"og:title\" content=\"Quem somos - Pateens\" \/>\n<meta property=\"og:description\" content=\"Sejam bem vindos ao Pateens! Somos um portal de informa\u00e7\u00f5es, dicas e entretenimento com muita responsabilidade e propriedade no que informa em nossos meios de comunica\u00e7\u00e3o. Sabemos que o uso da informa\u00e7\u00e3o se tornou indispens\u00e1vel na vida de milhares de pessoas e esse tipo de conte\u00fado \u00e9 fundamental para a sociedade. Nosso objetivo \u00e9 levar &hellip;\" \/>\n<meta property=\"og:url\" content=\"https:\/\/pateens.com\/bn\/quem-somos\/\" \/>\n<meta property=\"og:site_name\" content=\"Pateens\" \/>\n<meta name=\"twitter:card\" content=\"summary_large_image\" \/>\n<meta name=\"twitter:label1\" content=\"Est. reading time\" \/>\n\t<meta name=\"twitter:data1\" content=\"1 \u09ae\u09bf\u09a8\u09bf\u099f\" \/>\n<script type=\"application\/ld+json\" class=\"yoast-schema-graph\">{\"@context\":\"https:\/\/schema.org\",\"@graph\":[{\"@type\":\"WebPage\",\"@id\":\"https:\/\/pateens.com\/quem-somos\/\",\"url\":\"https:\/\/pateens.com\/quem-somos\/\",\"name\":\"Quem somos - Pateens\",\"isPartOf\":{\"@id\":\"https:\/\/pateens.com\/es\/#website\"},\"datePublished\":\"2023-09-21T15:08:35+00:00\",\"breadcrumb\":{\"@id\":\"https:\/\/pateens.com\/quem-somos\/#breadcrumb\"},\"inLanguage\":\"bn-BD\",\"potentialAction\":[{\"@type\":\"ReadAction\",\"target\":[\"https:\/\/pateens.com\/quem-somos\/\"]}]},{\"@type\":\"BreadcrumbList\",\"@id\":\"https:\/\/pateens.com\/quem-somos\/#breadcrumb\",\"itemListElement\":[{\"@type\":\"ListItem\",\"position\":1,\"name\":\"In\u00edcio\",\"item\":\"https:\/\/pateens.com\/es\/\"},{\"@type\":\"ListItem\",\"position\":2,\"name\":\"Quem somos\"}]},{\"@type\":\"WebSite\",\"@id\":\"https:\/\/pateens.com\/es\/#website\",\"url\":\"https:\/\/pateens.com\/es\/\",\"name\":\"Pateens\",\"description\":\"Muitas dicas e novidades do mundo para voc\u00ea!\",\"publisher\":{\"@id\":\"https:\/\/pateens.com\/es\/#organization\"},\"potentialAction\":[{\"@type\":\"SearchAction\",\"target\":{\"@type\":\"EntryPoint\",\"urlTemplate\":\"https:\/\/pateens.com\/es\/?s={search_term_string}\"},\"query-input\":{\"@type\":\"PropertyValueSpecification\",\"valueRequired\":true,\"valueName\":\"search_term_string\"}}],\"inLanguage\":\"bn-BD\"},{\"@type\":\"Organization\",\"@id\":\"https:\/\/pateens.com\/es\/#organization\",\"name\":\"Pateens\",\"url\":\"https:\/\/pateens.com\/es\/\",\"logo\":{\"@type\":\"ImageObject\",\"inLanguage\":\"bn-BD\",\"@id\":\"https:\/\/pateens.com\/es\/#\/schema\/logo\/image\/\",\"url\":\"https:\/\/pateens.com\/wp-content\/uploads\/2023\/09\/cropped-WhatsApp-Image-2023-09-22-at-10.28.17-e1695389616971.jpeg\",\"contentUrl\":\"https:\/\/pateens.com\/wp-content\/uploads\/2023\/09\/cropped-WhatsApp-Image-2023-09-22-at-10.28.17-e1695389616971.jpeg\",\"width\":200,\"height\":37,\"caption\":\"Pateens\"},\"image\":{\"@id\":\"https:\/\/pateens.com\/es\/#\/schema\/logo\/image\/\"}}]}<\/script>\n<!-- \/ Yoast SEO plugin. -->","yoast_head_json":{"title":"Quem somos - Pateens","robots":{"index":"index","follow":"follow","max-snippet":"max-snippet:-1","max-image-preview":"max-image-preview:large","max-video-preview":"max-video-preview:-1"},"canonical":"https:\/\/pateens.com\/bn\/quem-somos\/","og_locale":"en_US","og_type":"article","og_title":"Quem somos - Pateens","og_description":"Sejam bem vindos ao Pateens! Somos um portal de informa\u00e7\u00f5es, dicas e entretenimento com muita responsabilidade e propriedade no que informa em nossos meios de comunica\u00e7\u00e3o. Sabemos que o uso da informa\u00e7\u00e3o se tornou indispens\u00e1vel na vida de milhares de pessoas e esse tipo de conte\u00fado \u00e9 fundamental para a sociedade. Nosso objetivo \u00e9 levar &hellip;","og_url":"https:\/\/pateens.com\/bn\/quem-somos\/","og_site_name":"Pateens","twitter_card":"summary_large_image","twitter_misc":{"Est. reading time":"1 \u09ae\u09bf\u09a8\u09bf\u099f"},"schema":{"@context":"https:\/\/schema.org","@graph":[{"@type":"WebPage","@id":"https:\/\/pateens.com\/quem-somos\/","url":"https:\/\/pateens.com\/quem-somos\/","name":"Quem somos - Pateens","isPartOf":{"@id":"https:\/\/pateens.com\/es\/#website"},"datePublished":"2023-09-21T15:08:35+00:00","breadcrumb":{"@id":"https:\/\/pateens.com\/quem-somos\/#breadcrumb"},"inLanguage":"bn-BD","potentialAction":[{"@type":"ReadAction","target":["https:\/\/pateens.com\/quem-somos\/"]}]},{"@type":"BreadcrumbList","@id":"https:\/\/pateens.com\/quem-somos\/#breadcrumb","itemListElement":[{"@type":"ListItem","position":1,"name":"In\u00edcio","item":"https:\/\/pateens.com\/es\/"},{"@type":"ListItem","position":2,"name":"Quem somos"}]},{"@type":"WebSite","@id":"https:\/\/pateens.com\/es\/#website","url":"https:\/\/pateens.com\/es\/","name":"\u09aa\u09c7\u099f\u09c7\u09a8\u09cd\u09b8","description":"\u0986\u09aa\u09a8\u09be\u09b0 \u099c\u09a8\u09cd\u09af \u09ac\u09bf\u09b6\u09cd\u09ac\u09c7\u09b0 \u0985\u09a8\u09c7\u0995 \u099f\u09bf\u09aa\u09b8 \u098f\u09ac\u0982 \u0996\u09ac\u09b0!","publisher":{"@id":"https:\/\/pateens.com\/es\/#organization"},"potentialAction":[{"@type":"SearchAction","target":{"@type":"EntryPoint","urlTemplate":"https:\/\/pateens.com\/es\/?s={search_term_string}"},"query-input":{"@type":"PropertyValueSpecification","valueRequired":true,"valueName":"search_term_string"}}],"inLanguage":"bn-BD"},{"@type":"Organization","@id":"https:\/\/pateens.com\/es\/#organization","name":"\u09aa\u09c7\u099f\u09c7\u09a8\u09cd\u09b8","url":"https:\/\/pateens.com\/es\/","logo":{"@type":"ImageObject","inLanguage":"bn-BD","@id":"https:\/\/pateens.com\/es\/#\/schema\/logo\/image\/","url":"https:\/\/pateens.com\/wp-content\/uploads\/2023\/09\/cropped-WhatsApp-Image-2023-09-22-at-10.28.17-e1695389616971.jpeg","contentUrl":"https:\/\/pateens.com\/wp-content\/uploads\/2023\/09\/cropped-WhatsApp-Image-2023-09-22-at-10.28.17-e1695389616971.jpeg","width":200,"height":37,"caption":"Pateens"},"image":{"@id":"https:\/\/pateens.com\/es\/#\/schema\/logo\/image\/"}}]}},"_links":{"self":[{"href":"https:\/\/pateens.com\/bn\/wp-json\/wp\/v2\/pages\/24","targetHints":{"allow":["GET"]}}],"collection":[{"href":"https:\/\/pateens.com\/bn\/wp-json\/wp\/v2\/pages"}],"about":[{"href":"https:\/\/pateens.com\/bn\/wp-json\/wp\/v2\/types\/page"}],"author":[{"embeddable":true,"href":"https:\/\/pateens.com\/bn\/wp-json\/wp\/v2\/users\/14"}],"replies":[{"embeddable":true,"href":"https:\/\/pateens.com\/bn\/wp-json\/wp\/v2\/comments?post=24"}],"version-history":[{"count":0,"href":"https:\/\/pateens.com\/bn\/wp-json\/wp\/v2\/pages\/24\/revisions"}],"wp:attachment":[{"href":"https:\/\/pateens.com\/bn\/wp-json\/wp\/v2\/media?parent=24"}],"curies":[{"name":"\u09a1\u09ac\u09cd\u09b2\u09bf\u0989\u09aa\u09bf","href":"https:\/\/api.w.org\/{rel}","templated":true}]}}