{"id":16,"date":"2023-09-21T12:01:43","date_gmt":"2023-09-21T15:01:43","guid":{"rendered":"https:\/\/pateens.com\/?page_id=16"},"modified":"2023-09-21T12:03:41","modified_gmt":"2023-09-21T15:03:41","slug":"politica-de-privacidade","status":"publish","type":"page","link":"https:\/\/pateens.com\/bs\/politica-de-privacidade\/","title":{"rendered":"Politika privatnosti"},"content":{"rendered":"<h2><span style=\"color: rgb(68, 68, 68);\">Politika privatnosti<\/span><\/h2><p><span style=\"color: rgb(68, 68, 68);\">Va\u0161a privatnost nam je va\u017ena. Politika Pateensa je da po\u0161tuje va\u0161u privatnost u vezi sa svim informacijama koje mo\u017eemo prikupiti od vas na na\u0161oj web stranici. <a href=\"https:\/\/pateens.com\/bs\/\">Pateens<\/a>, i druge web stranice koje posjedujemo i kojima upravljamo.<\/span><\/p><p><span style=\"color: rgb(68, 68, 68);\">Tra\u017eimo li\u010dne podatke samo kada su nam zaista potrebni da bismo vam pru\u017eili uslugu. To \u010dinimo po\u0161tenim i zakonitim sredstvima, uz va\u0161e znanje i pristanak. Obavje\u0161tavamo vas i za\u0161to ga prikupljamo i kako \u0107e se koristiti.<\/span><\/p><p><span style=\"color: rgb(68, 68, 68);\">Prikupljene podatke \u010duvamo samo onoliko dugo koliko je potrebno da bismo vam pru\u017eili tra\u017eenu uslugu. Koje podatke pohranjujemo, za\u0161titit \u0107emo u okviru komercijalno prihvatljivih sredstava kako bismo sprije\u010dili gubitak i kra\u0111u, kao i neovla\u0161teni pristup, otkrivanje, kopiranje, kori\u0161tenje ili modificiranje.<\/span><\/p><p><span style=\"color: rgb(68, 68, 68);\">Ne dijelimo nikakve li\u010dne informacije javno ili sa tre\u0107im licima, osim kada to zahtijeva zakon.<\/span><\/p><p><span style=\"color: rgb(68, 68, 68);\">Na\u0161a web stranica mo\u017ee sadr\u017eavati veze ka vanjskim web stranicama kojima mi ne upravljamo. Imajte na umu da nemamo kontrolu nad sadr\u017eajem i praksama ovih stranica i ne mo\u017eemo prihvatiti odgovornost za njih&nbsp;<\/span><a href=\"https:\/\/politicaprivacidade.com\/\" rel=\"noopener noreferrer\" target=\"_blank\" style=\"background-color: transparent; color: rgb(68, 68, 68);\">politike privatnosti<\/a><span style=\"color: rgb(68, 68, 68);\">.<\/span><\/p><p><span style=\"color: rgb(68, 68, 68);\">Slobodno mo\u017eete odbiti na\u0161 zahtjev za va\u0161im li\u010dnim podacima, uz razumijevanje da vam mo\u017eda ne\u0107emo mo\u0107i pru\u017eiti neke od va\u0161ih \u017eeljenih usluga.<\/span><\/p><p><span style=\"color: rgb(68, 68, 68);\">Va\u0161e daljnje kori\u0161tenje na\u0161e web stranice smatrat \u0107e se prihvatanjem na\u0161e prakse u vezi s privatno\u0161\u0107u i li\u010dnim podacima. Ako imate bilo kakvih pitanja o tome kako postupamo s korisni\u010dkim podacima i li\u010dnim podacima, kontaktirajte nas.<\/span><\/p><p><span style=\"color: rgb(68, 68, 68);\"><ul><li><span style=\"color: rgb(68, 68, 68);\">Usluga Google AdSense koju koristimo za poslu\u017eivanje ogla\u0161avanja koristi DoubleClick kola\u010di\u0107 kako bi poslu\u017eila relevantnije oglase na cijelom webu i ograni\u010dila broj prikaza odre\u0111enog oglasa.<\/span><\/li><li><span style=\"color: rgb(68, 68, 68);\">Za vi\u0161e informacija o Google AdSenseu, pogledajte zvani\u010dna \u010cesta pitanja o privatnosti za Google AdSense.<\/span><\/li><li><span style=\"color: rgb(68, 68, 68);\">Koristimo oglase kako bismo nadoknadili tro\u0161kove vo\u0111enja ove web stranice i osigurali sredstva za budu\u0107i razvoj. Kola\u010di\u0107i pona\u0161anja za ogla\u0161avanje koje koristi ova stranica osmi\u0161ljeni su kako bi osigurali da vam pru\u017eimo najrelevantnije oglase gdje je to mogu\u0107e anonimnim pra\u0107enjem va\u0161ih interesa i predstavljanjem sli\u010dnih stvari koje bi mogle biti od interesa.<\/span><\/li><li><span style=\"color: rgb(68, 68, 68);\">Nekoliko partnera se ogla\u0161ava u na\u0161e ime, a kola\u010di\u0107i za pra\u0107enje pridru\u017eenih partnera nam jednostavno omogu\u0107avaju da vidimo jesu li na\u0161i klijenti do\u0161li na stranicu preko jedne od na\u0161ih partnerskih stranica kako bismo im mogli na odgovaraju\u0107i na\u010din kreditirati i, gdje je to primjenjivo, omogu\u0107iti na\u0161im pridru\u017eenim partnerima da daju bonus koji vam mogu pru\u017eiti za kupovinu.<\/span><\/li><\/ul><p><br><\/p><\/span><\/p><h3><span style=\"color: rgb(68, 68, 68);\">Obaveza korisnika<\/span><\/h3><p><span style=\"color: rgb(68, 68, 68);\">Korisnik se obavezuje da \u0107e na odgovaraju\u0107i na\u010din koristiti sadr\u017eaj i informacije koje Pateens nudi na web stranici i, na primjer, ali ne ograni\u010davaju\u0107i se na:<\/span><\/p><ul><li><span style=\"color: rgb(68, 68, 68);\">A) Ne baviti se aktivnostima koje su nezakonite ili suprotne dobroj vjeri i javnom redu;<\/span><\/li><li><span style=\"color: rgb(68, 68, 68);\">B) Ne \u0161irite propagandu ili sadr\u017eaj rasisti\u010dke, ksenofobi\u010dne prirode, kockanje, bilo koju vrstu ilegalne pornografije, u prilog terorizmu ili protiv ljudskih prava;<\/span><\/li><li><span style=\"color: rgb(68, 68, 68);\">C) Ne nanosi \u0161tetu fizi\u010dkim (hardverskim) i logi\u010dkim (softverskim) sistemima Pateensa, njegovih dobavlja\u010da ili tre\u0107ih strana, da unosi ili \u0161iri kompjuterske viruse ili bilo koji drugi hardver ili softverski sistem koji je u stanju da prouzrokuje gore pomenutu \u0161tetu.<\/span><\/li><\/ul><h3><span style=\"color: rgb(68, 68, 68);\">Vi\u0161e informacija<\/span><\/h3><p><span style=\"color: rgb(68, 68, 68);\">Nadamo se da vam je to razjasnilo stvari i kao \u0161to je ve\u0107 spomenuto, ako postoji ne\u0161to za \u0161to niste sigurni da li vam je potrebno ili ne, obi\u010dno je sigurnije ostaviti kola\u010di\u0107e uklju\u010dene u slu\u010daju da do\u0111e u interakciju s nekom od funkcija koje koristite na na\u0161oj web stranici.<\/span><\/p><p><span style=\"color: rgb(68, 68, 68);\">Ova politika je na snazi od 21. septembra 2023. godine <\/span><\/p>","protected":false},"excerpt":{"rendered":"<p>Politika privatnosti Va\u0161a privatnost nam je va\u017ena. Politika Pateensa je da po\u0161tuje va\u0161u privatnost u vezi sa svim informacijama koje mo\u017eemo prikupiti od vas putem na\u0161e web stranice, Pateensa i drugih stranica koje posjedujemo i kojima upravljamo. Tra\u017eimo li\u010dne podatke samo kada su nam zaista potrebni da bismo vam pru\u017eili uslugu. Prikupljamo ih na po\u0161ten i zakonit na\u010din, ... <\/p>","protected":false},"author":14,"featured_media":0,"parent":0,"menu_order":0,"comment_status":"closed","ping_status":"closed","template":"","meta":{"footnotes":""},"class_list":["post-16","page","type-page","status-publish","hentry","latest_post"],"yoast_head":"<!-- This site is optimized with the Yoast SEO plugin v26.3 - https:\/\/yoast.com\/wordpress\/plugins\/seo\/ -->\n<title>Pol\u00edtica de Privacidade - Pateens<\/title>\n<meta name=\"robots\" content=\"index, follow, max-snippet:-1, max-image-preview:large, max-video-preview:-1\" \/>\n<link rel=\"canonical\" href=\"https:\/\/pateens.com\/bs\/politica-de-privacidade\/\" \/>\n<meta property=\"og:locale\" content=\"bs_BA\" \/>\n<meta property=\"og:type\" content=\"article\" \/>\n<meta property=\"og:title\" content=\"Pol\u00edtica de Privacidade - Pateens\" \/>\n<meta property=\"og:description\" content=\"Pol\u00edtica Privacidade A sua privacidade \u00e9 importante para n\u00f3s. \u00c9 pol\u00edtica do Pateens respeitar a sua privacidade em rela\u00e7\u00e3o a qualquer informa\u00e7\u00e3o sua que possamos coletar no site Pateens, e outros sites que possu\u00edmos e operamos. Solicitamos informa\u00e7\u00f5es pessoais apenas quando realmente precisamos delas para lhe fornecer um servi\u00e7o. Fazemo-lo por meios justos e legais, &hellip;\" \/>\n<meta property=\"og:url\" content=\"https:\/\/pateens.com\/bs\/politica-de-privacidade\/\" \/>\n<meta property=\"og:site_name\" content=\"Pateens\" \/>\n<meta property=\"article:modified_time\" content=\"2023-09-21T15:03:41+00:00\" \/>\n<meta name=\"twitter:card\" content=\"summary_large_image\" \/>\n<meta name=\"twitter:label1\" content=\"Est. reading time\" \/>\n\t<meta name=\"twitter:data1\" content=\"4 minute\" \/>\n<script type=\"application\/ld+json\" class=\"yoast-schema-graph\">{\"@context\":\"https:\/\/schema.org\",\"@graph\":[{\"@type\":\"WebPage\",\"@id\":\"https:\/\/pateens.com\/politica-de-privacidade\/\",\"url\":\"https:\/\/pateens.com\/politica-de-privacidade\/\",\"name\":\"Pol\u00edtica de Privacidade - Pateens\",\"isPartOf\":{\"@id\":\"https:\/\/pateens.com\/es\/#website\"},\"datePublished\":\"2023-09-21T15:01:43+00:00\",\"dateModified\":\"2023-09-21T15:03:41+00:00\",\"breadcrumb\":{\"@id\":\"https:\/\/pateens.com\/politica-de-privacidade\/#breadcrumb\"},\"inLanguage\":\"bs-BA\",\"potentialAction\":[{\"@type\":\"ReadAction\",\"target\":[\"https:\/\/pateens.com\/politica-de-privacidade\/\"]}]},{\"@type\":\"BreadcrumbList\",\"@id\":\"https:\/\/pateens.com\/politica-de-privacidade\/#breadcrumb\",\"itemListElement\":[{\"@type\":\"ListItem\",\"position\":1,\"name\":\"In\u00edcio\",\"item\":\"https:\/\/pateens.com\/es\/\"},{\"@type\":\"ListItem\",\"position\":2,\"name\":\"Pol\u00edtica de Privacidade\"}]},{\"@type\":\"WebSite\",\"@id\":\"https:\/\/pateens.com\/es\/#website\",\"url\":\"https:\/\/pateens.com\/es\/\",\"name\":\"Pateens\",\"description\":\"Muitas dicas e novidades do mundo para voc\u00ea!\",\"publisher\":{\"@id\":\"https:\/\/pateens.com\/es\/#organization\"},\"potentialAction\":[{\"@type\":\"SearchAction\",\"target\":{\"@type\":\"EntryPoint\",\"urlTemplate\":\"https:\/\/pateens.com\/es\/?s={search_term_string}\"},\"query-input\":{\"@type\":\"PropertyValueSpecification\",\"valueRequired\":true,\"valueName\":\"search_term_string\"}}],\"inLanguage\":\"bs-BA\"},{\"@type\":\"Organization\",\"@id\":\"https:\/\/pateens.com\/es\/#organization\",\"name\":\"Pateens\",\"url\":\"https:\/\/pateens.com\/es\/\",\"logo\":{\"@type\":\"ImageObject\",\"inLanguage\":\"bs-BA\",\"@id\":\"https:\/\/pateens.com\/es\/#\/schema\/logo\/image\/\",\"url\":\"https:\/\/pateens.com\/wp-content\/uploads\/2023\/09\/cropped-WhatsApp-Image-2023-09-22-at-10.28.17-e1695389616971.jpeg\",\"contentUrl\":\"https:\/\/pateens.com\/wp-content\/uploads\/2023\/09\/cropped-WhatsApp-Image-2023-09-22-at-10.28.17-e1695389616971.jpeg\",\"width\":200,\"height\":37,\"caption\":\"Pateens\"},\"image\":{\"@id\":\"https:\/\/pateens.com\/es\/#\/schema\/logo\/image\/\"}}]}<\/script>\n<!-- \/ Yoast SEO plugin. -->","yoast_head_json":{"title":"Pol\u00edtica de Privacidade - Pateens","robots":{"index":"index","follow":"follow","max-snippet":"max-snippet:-1","max-image-preview":"max-image-preview:large","max-video-preview":"max-video-preview:-1"},"canonical":"https:\/\/pateens.com\/bs\/politica-de-privacidade\/","og_locale":"bs_BA","og_type":"article","og_title":"Pol\u00edtica de Privacidade - Pateens","og_description":"Pol\u00edtica Privacidade A sua privacidade \u00e9 importante para n\u00f3s. \u00c9 pol\u00edtica do Pateens respeitar a sua privacidade em rela\u00e7\u00e3o a qualquer informa\u00e7\u00e3o sua que possamos coletar no site Pateens, e outros sites que possu\u00edmos e operamos. Solicitamos informa\u00e7\u00f5es pessoais apenas quando realmente precisamos delas para lhe fornecer um servi\u00e7o. Fazemo-lo por meios justos e legais, &hellip;","og_url":"https:\/\/pateens.com\/bs\/politica-de-privacidade\/","og_site_name":"Pateens","article_modified_time":"2023-09-21T15:03:41+00:00","twitter_card":"summary_large_image","twitter_misc":{"Est. reading time":"4 minute"},"schema":{"@context":"https:\/\/schema.org","@graph":[{"@type":"WebPage","@id":"https:\/\/pateens.com\/politica-de-privacidade\/","url":"https:\/\/pateens.com\/politica-de-privacidade\/","name":"Pol\u00edtica de Privacidade - Pateens","isPartOf":{"@id":"https:\/\/pateens.com\/es\/#website"},"datePublished":"2023-09-21T15:01:43+00:00","dateModified":"2023-09-21T15:03:41+00:00","breadcrumb":{"@id":"https:\/\/pateens.com\/politica-de-privacidade\/#breadcrumb"},"inLanguage":"bs-BA","potentialAction":[{"@type":"ReadAction","target":["https:\/\/pateens.com\/politica-de-privacidade\/"]}]},{"@type":"BreadcrumbList","@id":"https:\/\/pateens.com\/politica-de-privacidade\/#breadcrumb","itemListElement":[{"@type":"ListItem","position":1,"name":"In\u00edcio","item":"https:\/\/pateens.com\/es\/"},{"@type":"ListItem","position":2,"name":"Pol\u00edtica de Privacidade"}]},{"@type":"WebSite","@id":"https:\/\/pateens.com\/es\/#website","url":"https:\/\/pateens.com\/es\/","name":"Pateens","description":"Puno savjeta i vijesti iz cijelog svijeta za vas!","publisher":{"@id":"https:\/\/pateens.com\/es\/#organization"},"potentialAction":[{"@type":"SearchAction","target":{"@type":"EntryPoint","urlTemplate":"https:\/\/pateens.com\/es\/?s={search_term_string}"},"query-input":{"@type":"PropertyValueSpecification","valueRequired":true,"valueName":"search_term_string"}}],"inLanguage":"bs-BA"},{"@type":"Organization","@id":"https:\/\/pateens.com\/es\/#organization","name":"Pateens","url":"https:\/\/pateens.com\/es\/","logo":{"@type":"ImageObject","inLanguage":"bs-BA","@id":"https:\/\/pateens.com\/es\/#\/schema\/logo\/image\/","url":"https:\/\/pateens.com\/wp-content\/uploads\/2023\/09\/cropped-WhatsApp-Image-2023-09-22-at-10.28.17-e1695389616971.jpeg","contentUrl":"https:\/\/pateens.com\/wp-content\/uploads\/2023\/09\/cropped-WhatsApp-Image-2023-09-22-at-10.28.17-e1695389616971.jpeg","width":200,"height":37,"caption":"Pateens"},"image":{"@id":"https:\/\/pateens.com\/es\/#\/schema\/logo\/image\/"}}]}},"_links":{"self":[{"href":"https:\/\/pateens.com\/bs\/wp-json\/wp\/v2\/pages\/16","targetHints":{"allow":["GET"]}}],"collection":[{"href":"https:\/\/pateens.com\/bs\/wp-json\/wp\/v2\/pages"}],"about":[{"href":"https:\/\/pateens.com\/bs\/wp-json\/wp\/v2\/types\/page"}],"author":[{"embeddable":true,"href":"https:\/\/pateens.com\/bs\/wp-json\/wp\/v2\/users\/14"}],"replies":[{"embeddable":true,"href":"https:\/\/pateens.com\/bs\/wp-json\/wp\/v2\/comments?post=16"}],"version-history":[{"count":0,"href":"https:\/\/pateens.com\/bs\/wp-json\/wp\/v2\/pages\/16\/revisions"}],"wp:attachment":[{"href":"https:\/\/pateens.com\/bs\/wp-json\/wp\/v2\/media?parent=16"}],"curies":[{"name":"radni list","href":"https:\/\/api.w.org\/{rel}","templated":true}]}}