{"id":16,"date":"2023-09-21T12:01:43","date_gmt":"2023-09-21T15:01:43","guid":{"rendered":"https:\/\/pateens.com\/?page_id=16"},"modified":"2023-09-21T12:03:41","modified_gmt":"2023-09-21T15:03:41","slug":"politica-de-privacidade","status":"publish","type":"page","link":"https:\/\/pateens.com\/cs\/politica-de-privacidade\/","title":{"rendered":"Z\u00e1sady ochrany osobn\u00edch \u00fadaj\u016f"},"content":{"rendered":"<h2><span style=\"color: rgb(68, 68, 68);\">Z\u00e1sady ochrany osobn\u00edch \u00fadaj\u016f<\/span><\/h2><p><span style=\"color: rgb(68, 68, 68);\">Va\u0161e soukrom\u00ed je pro n\u00e1s d\u016fle\u017eit\u00e9. Z\u00e1sadou spole\u010dnosti Pateens je respektovat va\u0161e soukrom\u00ed, pokud jde o jak\u00e9koli informace, kter\u00e9 od v\u00e1s na webu m\u016f\u017eeme shrom\u00e1\u017edit. <a href=\"https:\/\/pateens.com\/cs\/\">Pateens<\/a>a dal\u0161\u00ed str\u00e1nky, kter\u00e9 vlastn\u00edme a provozujeme.<\/span><\/p><p><span style=\"color: rgb(68, 68, 68);\">Osobn\u00ed \u00fadaje po\u017eadujeme pouze tehdy, kdy\u017e je skute\u010dn\u011b pot\u0159ebujeme k tomu, abychom v\u00e1m mohli poskytnout slu\u017ebu. \u010cin\u00edme tak spravedliv\u00fdmi a z\u00e1konn\u00fdmi prost\u0159edky, s va\u0161\u00edm v\u011bdom\u00edm a souhlasem. Tak\u00e9 v\u00e1m \u0159ekneme, pro\u010d jej sb\u00edr\u00e1me a jak bude pou\u017eit.<\/span><\/p><p><span style=\"color: rgb(68, 68, 68);\">Shrom\u00e1\u017ed\u011bn\u00e9 informace uchov\u00e1v\u00e1me pouze po dobu nezbytn\u011b nutnou k poskytnut\u00ed po\u017eadovan\u00e9 slu\u017eby. Kdy\u017e data uchov\u00e1v\u00e1me, chr\u00e1n\u00edme je komer\u010dn\u011b p\u0159ijateln\u00fdmi prost\u0159edky, abychom zabr\u00e1nili ztr\u00e1t\u011b a kr\u00e1de\u017ei, stejn\u011b jako neopr\u00e1vn\u011bn\u00e9mu p\u0159\u00edstupu, zve\u0159ejn\u011bn\u00ed, kop\u00edrov\u00e1n\u00ed, pou\u017eit\u00ed nebo \u00faprav\u011b.<\/span><\/p><p><span style=\"color: rgb(68, 68, 68);\">Osobn\u00ed \u00fadaje nesd\u00edl\u00edme ve\u0159ejn\u011b ani se t\u0159et\u00edmi stranami, pokud to nevy\u017eaduje z\u00e1kon.<\/span><\/p><p><span style=\"color: rgb(68, 68, 68);\">Na\u0161e webov\u00e9 str\u00e1nky mohou obsahovat odkazy na extern\u00ed webov\u00e9 str\u00e1nky, kter\u00e9 neprovozujeme. Uv\u011bdomte si pros\u00edm, \u017ee nem\u00e1me \u017e\u00e1dnou kontrolu nad obsahem a praktikami t\u011bchto str\u00e1nek a nem\u016f\u017eeme za n\u011b p\u0159ijmout odpov\u011bdnost&nbsp;<\/span><a href=\"https:\/\/politicaprivacidade.com\/\" rel=\"noopener noreferrer\" target=\"_blank\" style=\"background-color: transparent; color: rgb(68, 68, 68);\">z\u00e1sady ochrany osobn\u00edch \u00fadaj\u016f<\/a><span style=\"color: rgb(68, 68, 68);\">.<\/span><\/p><p><span style=\"color: rgb(68, 68, 68);\">M\u016f\u017eete odm\u00edtnout na\u0161i \u017e\u00e1dost o va\u0161e osobn\u00ed \u00fadaje s t\u00edm, \u017ee v\u00e1m mo\u017en\u00e1 nebudeme moci poskytnout n\u011bkter\u00e9 z v\u00e1mi po\u017eadovan\u00fdch slu\u017eeb.<\/span><\/p><p><span style=\"color: rgb(68, 68, 68);\">Va\u0161e dal\u0161\u00ed pou\u017e\u00edv\u00e1n\u00ed na\u0161ich webov\u00fdch str\u00e1nek bude pova\u017eov\u00e1no za p\u0159ijet\u00ed na\u0161ich postup\u016f v oblasti ochrany osobn\u00edch \u00fadaj\u016f a osobn\u00edch \u00fadaj\u016f. M\u00e1te-li jak\u00e9koli dotazy ohledn\u011b toho, jak nakl\u00e1d\u00e1me s u\u017eivatelsk\u00fdmi \u00fadaji a osobn\u00edmi \u00fadaji, kontaktujte n\u00e1s.<\/span><\/p><p><span style=\"color: rgb(68, 68, 68);\"><ul><li><span style=\"color: rgb(68, 68, 68);\">Slu\u017eba Google AdSense, kterou pou\u017e\u00edv\u00e1me k zobrazov\u00e1n\u00ed reklam, pou\u017e\u00edv\u00e1 soubor cookie DoubleClick k zobrazov\u00e1n\u00ed relevantn\u011bj\u0161\u00edch reklam na webu a omezuje po\u010det zobrazen\u00ed konkr\u00e9tn\u00ed reklamy.<\/span><\/li><li><span style=\"color: rgb(68, 68, 68);\">Dal\u0161\u00ed informace o Google AdSense naleznete v ofici\u00e1ln\u00edch nej\u010dast\u011bj\u0161\u00edch dotazech ohledn\u011b ochrany osobn\u00edch \u00fadaj\u016f Google AdSense.<\/span><\/li><li><span style=\"color: rgb(68, 68, 68);\">Inzer\u00e1ty pou\u017e\u00edv\u00e1me ke kompenzaci n\u00e1klad\u016f na provoz t\u011bchto str\u00e1nek a poskytov\u00e1n\u00ed finan\u010dn\u00edch prost\u0159edk\u016f na budouc\u00ed rozvoj. Behavior\u00e1ln\u00ed reklamn\u00ed cookies pou\u017e\u00edvan\u00e9 touto str\u00e1nkou jsou navr\u017eeny tak, aby zajistily, \u017ee v\u00e1m poskytneme ty nejrelevantn\u011bj\u0161\u00ed reklamy, kde je to mo\u017en\u00e9, anonymn\u00edm sledov\u00e1n\u00edm va\u0161ich z\u00e1jm\u016f a p\u0159edkl\u00e1d\u00e1n\u00edm podobn\u00fdch v\u011bc\u00ed, kter\u00e9 by v\u00e1s mohly zaj\u00edmat.<\/span><\/li><li><span style=\"color: rgb(68, 68, 68);\">N\u011bkolik partner\u016f inzeruje na\u0161\u00edm jm\u00e9nem a soubory cookie pro sledov\u00e1n\u00ed affiliate partner\u016f n\u00e1m jednodu\u0161e umo\u017e\u0148uj\u00ed zjistit, zda na\u0161i z\u00e1kazn\u00edci p\u0159istoupili na str\u00e1nky prost\u0159ednictv\u00edm str\u00e1nek n\u011bkter\u00e9ho z na\u0161ich partner\u016f, abychom jim mohli pat\u0159i\u010dn\u011b p\u0159ipsat kredit a p\u0159\u00edpadn\u011b umo\u017enit na\u0161im affiliate partner\u016fm nab\u00edzet jakoukoli propagaci, kter\u00e1 v\u00e1m m\u016f\u017ee poskytnout n\u00e1kup.<\/span><\/li><\/ul><p><br><\/p><\/span><\/p><h3><span style=\"color: rgb(68, 68, 68);\">Z\u00e1vazek u\u017eivatele<\/span><\/h3><p><span style=\"color: rgb(68, 68, 68);\">U\u017eivatel se zavazuje n\u00e1le\u017eit\u011b vyu\u017e\u00edvat obsah a informace, kter\u00e9 Pateens nab\u00edz\u00ed na webov\u00fdch str\u00e1nk\u00e1ch, a to s v\u00fdslovn\u00fdm, nikoli v\u0161ak omezuj\u00edc\u00edm charakterem:<\/span><\/p><ul><li><span style=\"color: rgb(68, 68, 68);\">A) nezapojovat se do \u010dinnost\u00ed, kter\u00e9 jsou nez\u00e1konn\u00e9 nebo jsou v rozporu s dobrou v\u00edrou a ve\u0159ejn\u00fdm po\u0159\u00e1dkem;<\/span><\/li><li><span style=\"color: rgb(68, 68, 68);\">B) ne\u0161\u00ed\u0159it propagandu nebo obsah rasistick\u00e9, xenofobn\u00ed povahy, hazardn\u00ed hry, jak\u00fdkoli druh neleg\u00e1ln\u00ed pornografie na podporu terorismu nebo proti lidsk\u00fdm pr\u00e1v\u016fm;<\/span><\/li><li><span style=\"color: rgb(68, 68, 68);\">C) Nepo\u0161kozovat fyzick\u00e9 (hardwarov\u00e9) a logick\u00e9 (softwarov\u00e9) syst\u00e9my spole\u010dnosti Pateens, jej\u00edch dodavatel\u016f nebo t\u0159et\u00edch stran, zav\u00e1d\u011bt nebo \u0161\u00ed\u0159it po\u010d\u00edta\u010dov\u00e9 viry nebo jak\u00fdkoli jin\u00fd hardwarov\u00fd nebo softwarov\u00fd syst\u00e9m, kter\u00fd je schopen zp\u016fsobit v\u00fd\u0161e uveden\u00e9 \u0161kody.<\/span><\/li><\/ul><h3><span style=\"color: rgb(68, 68, 68);\">V\u00edce informac\u00ed<\/span><\/h3><p><span style=\"color: rgb(68, 68, 68);\">Doufejme, \u017ee je to jasn\u00e9, a jak ji\u017e bylo zm\u00edn\u011bno d\u0159\u00edve, pokud si nejste jisti, zda n\u011bco pot\u0159ebujete, nebo ne, je obvykle bezpe\u010dn\u011bj\u0161\u00ed ponechat soubory cookie povolen\u00e9 pro p\u0159\u00edpad, \u017ee to interaguje s n\u011bkterou z funkc\u00ed, kter\u00e9 na na\u0161em webu pou\u017e\u00edv\u00e1te.<\/span><\/p><p><span style=\"color: rgb(68, 68, 68);\">Tyto z\u00e1sady jsou \u00fa\u010dinn\u00e9 od 21. z\u00e1\u0159\u00ed 2023 <\/span><\/p>","protected":false},"excerpt":{"rendered":"<p>Z\u00e1sady ochrany osobn\u00edch \u00fadaj\u016f Va\u0161e soukrom\u00ed je pro n\u00e1s d\u016fle\u017eit\u00e9. Z\u00e1sadou spole\u010dnosti Pateens je respektovat va\u0161e soukrom\u00ed ohledn\u011b ve\u0161ker\u00fdch informac\u00ed, kter\u00e9 od v\u00e1s m\u016f\u017eeme shroma\u017e\u010fovat na na\u0161ich webov\u00fdch str\u00e1nk\u00e1ch, u spole\u010dnosti Pateens a dal\u0161\u00edch str\u00e1nk\u00e1ch, kter\u00e9 vlastn\u00edme a provozujeme. Osobn\u00ed \u00fadaje po\u017eadujeme pouze tehdy, kdy\u017e je skute\u010dn\u011b pot\u0159ebujeme k poskytov\u00e1n\u00ed slu\u017eeb. Shroma\u017e\u010fujeme je spravedliv\u00fdmi a z\u00e1konn\u00fdmi prost\u0159edky, \u2026 <\/p>","protected":false},"author":14,"featured_media":0,"parent":0,"menu_order":0,"comment_status":"closed","ping_status":"closed","template":"","meta":{"footnotes":""},"class_list":["post-16","page","type-page","status-publish","hentry","latest_post"],"yoast_head":"<!-- This site is optimized with the Yoast SEO plugin v26.3 - https:\/\/yoast.com\/wordpress\/plugins\/seo\/ -->\n<title>Pol\u00edtica de Privacidade - Pateens<\/title>\n<meta name=\"robots\" content=\"index, follow, max-snippet:-1, max-image-preview:large, max-video-preview:-1\" \/>\n<link rel=\"canonical\" href=\"https:\/\/pateens.com\/cs\/politica-de-privacidade\/\" \/>\n<meta property=\"og:locale\" content=\"cs_CZ\" \/>\n<meta property=\"og:type\" content=\"article\" \/>\n<meta property=\"og:title\" content=\"Pol\u00edtica de Privacidade - Pateens\" \/>\n<meta property=\"og:description\" content=\"Pol\u00edtica Privacidade A sua privacidade \u00e9 importante para n\u00f3s. \u00c9 pol\u00edtica do Pateens respeitar a sua privacidade em rela\u00e7\u00e3o a qualquer informa\u00e7\u00e3o sua que possamos coletar no site Pateens, e outros sites que possu\u00edmos e operamos. Solicitamos informa\u00e7\u00f5es pessoais apenas quando realmente precisamos delas para lhe fornecer um servi\u00e7o. Fazemo-lo por meios justos e legais, &hellip;\" \/>\n<meta property=\"og:url\" content=\"https:\/\/pateens.com\/cs\/politica-de-privacidade\/\" \/>\n<meta property=\"og:site_name\" content=\"Pateens\" \/>\n<meta property=\"article:modified_time\" content=\"2023-09-21T15:03:41+00:00\" \/>\n<meta name=\"twitter:card\" content=\"summary_large_image\" \/>\n<meta name=\"twitter:label1\" content=\"Odhadovan\u00e1 doba \u010dten\u00ed\" \/>\n\t<meta name=\"twitter:data1\" content=\"4 minuty\" \/>\n<script type=\"application\/ld+json\" class=\"yoast-schema-graph\">{\"@context\":\"https:\/\/schema.org\",\"@graph\":[{\"@type\":\"WebPage\",\"@id\":\"https:\/\/pateens.com\/politica-de-privacidade\/\",\"url\":\"https:\/\/pateens.com\/politica-de-privacidade\/\",\"name\":\"Pol\u00edtica de Privacidade - Pateens\",\"isPartOf\":{\"@id\":\"https:\/\/pateens.com\/es\/#website\"},\"datePublished\":\"2023-09-21T15:01:43+00:00\",\"dateModified\":\"2023-09-21T15:03:41+00:00\",\"breadcrumb\":{\"@id\":\"https:\/\/pateens.com\/politica-de-privacidade\/#breadcrumb\"},\"inLanguage\":\"cs\",\"potentialAction\":[{\"@type\":\"ReadAction\",\"target\":[\"https:\/\/pateens.com\/politica-de-privacidade\/\"]}]},{\"@type\":\"BreadcrumbList\",\"@id\":\"https:\/\/pateens.com\/politica-de-privacidade\/#breadcrumb\",\"itemListElement\":[{\"@type\":\"ListItem\",\"position\":1,\"name\":\"In\u00edcio\",\"item\":\"https:\/\/pateens.com\/es\/\"},{\"@type\":\"ListItem\",\"position\":2,\"name\":\"Pol\u00edtica de Privacidade\"}]},{\"@type\":\"WebSite\",\"@id\":\"https:\/\/pateens.com\/es\/#website\",\"url\":\"https:\/\/pateens.com\/es\/\",\"name\":\"Pateens\",\"description\":\"Muitas dicas e novidades do mundo para voc\u00ea!\",\"publisher\":{\"@id\":\"https:\/\/pateens.com\/es\/#organization\"},\"potentialAction\":[{\"@type\":\"SearchAction\",\"target\":{\"@type\":\"EntryPoint\",\"urlTemplate\":\"https:\/\/pateens.com\/es\/?s={search_term_string}\"},\"query-input\":{\"@type\":\"PropertyValueSpecification\",\"valueRequired\":true,\"valueName\":\"search_term_string\"}}],\"inLanguage\":\"cs\"},{\"@type\":\"Organization\",\"@id\":\"https:\/\/pateens.com\/es\/#organization\",\"name\":\"Pateens\",\"url\":\"https:\/\/pateens.com\/es\/\",\"logo\":{\"@type\":\"ImageObject\",\"inLanguage\":\"cs\",\"@id\":\"https:\/\/pateens.com\/es\/#\/schema\/logo\/image\/\",\"url\":\"https:\/\/pateens.com\/wp-content\/uploads\/2023\/09\/cropped-WhatsApp-Image-2023-09-22-at-10.28.17-e1695389616971.jpeg\",\"contentUrl\":\"https:\/\/pateens.com\/wp-content\/uploads\/2023\/09\/cropped-WhatsApp-Image-2023-09-22-at-10.28.17-e1695389616971.jpeg\",\"width\":200,\"height\":37,\"caption\":\"Pateens\"},\"image\":{\"@id\":\"https:\/\/pateens.com\/es\/#\/schema\/logo\/image\/\"}}]}<\/script>\n<!-- \/ Yoast SEO plugin. -->","yoast_head_json":{"title":"Pol\u00edtica de Privacidade - Pateens","robots":{"index":"index","follow":"follow","max-snippet":"max-snippet:-1","max-image-preview":"max-image-preview:large","max-video-preview":"max-video-preview:-1"},"canonical":"https:\/\/pateens.com\/cs\/politica-de-privacidade\/","og_locale":"cs_CZ","og_type":"article","og_title":"Pol\u00edtica de Privacidade - Pateens","og_description":"Pol\u00edtica Privacidade A sua privacidade \u00e9 importante para n\u00f3s. \u00c9 pol\u00edtica do Pateens respeitar a sua privacidade em rela\u00e7\u00e3o a qualquer informa\u00e7\u00e3o sua que possamos coletar no site Pateens, e outros sites que possu\u00edmos e operamos. Solicitamos informa\u00e7\u00f5es pessoais apenas quando realmente precisamos delas para lhe fornecer um servi\u00e7o. Fazemo-lo por meios justos e legais, &hellip;","og_url":"https:\/\/pateens.com\/cs\/politica-de-privacidade\/","og_site_name":"Pateens","article_modified_time":"2023-09-21T15:03:41+00:00","twitter_card":"summary_large_image","twitter_misc":{"Odhadovan\u00e1 doba \u010dten\u00ed":"4 minuty"},"schema":{"@context":"https:\/\/schema.org","@graph":[{"@type":"WebPage","@id":"https:\/\/pateens.com\/politica-de-privacidade\/","url":"https:\/\/pateens.com\/politica-de-privacidade\/","name":"Pol\u00edtica de Privacidade - Pateens","isPartOf":{"@id":"https:\/\/pateens.com\/es\/#website"},"datePublished":"2023-09-21T15:01:43+00:00","dateModified":"2023-09-21T15:03:41+00:00","breadcrumb":{"@id":"https:\/\/pateens.com\/politica-de-privacidade\/#breadcrumb"},"inLanguage":"cs","potentialAction":[{"@type":"ReadAction","target":["https:\/\/pateens.com\/politica-de-privacidade\/"]}]},{"@type":"BreadcrumbList","@id":"https:\/\/pateens.com\/politica-de-privacidade\/#breadcrumb","itemListElement":[{"@type":"ListItem","position":1,"name":"In\u00edcio","item":"https:\/\/pateens.com\/es\/"},{"@type":"ListItem","position":2,"name":"Pol\u00edtica de Privacidade"}]},{"@type":"WebSite","@id":"https:\/\/pateens.com\/es\/#website","url":"https:\/\/pateens.com\/es\/","name":"Pateens","description":"Spousta tip\u016f a novinek ze sv\u011bta pro v\u00e1s!","publisher":{"@id":"https:\/\/pateens.com\/es\/#organization"},"potentialAction":[{"@type":"SearchAction","target":{"@type":"EntryPoint","urlTemplate":"https:\/\/pateens.com\/es\/?s={search_term_string}"},"query-input":{"@type":"PropertyValueSpecification","valueRequired":true,"valueName":"search_term_string"}}],"inLanguage":"cs"},{"@type":"Organization","@id":"https:\/\/pateens.com\/es\/#organization","name":"Pateens","url":"https:\/\/pateens.com\/es\/","logo":{"@type":"ImageObject","inLanguage":"cs","@id":"https:\/\/pateens.com\/es\/#\/schema\/logo\/image\/","url":"https:\/\/pateens.com\/wp-content\/uploads\/2023\/09\/cropped-WhatsApp-Image-2023-09-22-at-10.28.17-e1695389616971.jpeg","contentUrl":"https:\/\/pateens.com\/wp-content\/uploads\/2023\/09\/cropped-WhatsApp-Image-2023-09-22-at-10.28.17-e1695389616971.jpeg","width":200,"height":37,"caption":"Pateens"},"image":{"@id":"https:\/\/pateens.com\/es\/#\/schema\/logo\/image\/"}}]}},"_links":{"self":[{"href":"https:\/\/pateens.com\/cs\/wp-json\/wp\/v2\/pages\/16","targetHints":{"allow":["GET"]}}],"collection":[{"href":"https:\/\/pateens.com\/cs\/wp-json\/wp\/v2\/pages"}],"about":[{"href":"https:\/\/pateens.com\/cs\/wp-json\/wp\/v2\/types\/page"}],"author":[{"embeddable":true,"href":"https:\/\/pateens.com\/cs\/wp-json\/wp\/v2\/users\/14"}],"replies":[{"embeddable":true,"href":"https:\/\/pateens.com\/cs\/wp-json\/wp\/v2\/comments?post=16"}],"version-history":[{"count":0,"href":"https:\/\/pateens.com\/cs\/wp-json\/wp\/v2\/pages\/16\/revisions"}],"wp:attachment":[{"href":"https:\/\/pateens.com\/cs\/wp-json\/wp\/v2\/media?parent=16"}],"curies":[{"name":"wp","href":"https:\/\/api.w.org\/{rel}","templated":true}]}}