{"id":16,"date":"2023-09-21T12:01:43","date_gmt":"2023-09-21T15:01:43","guid":{"rendered":"https:\/\/pateens.com\/?page_id=16"},"modified":"2023-09-21T12:03:41","modified_gmt":"2023-09-21T15:03:41","slug":"politica-de-privacidade","status":"publish","type":"page","link":"https:\/\/pateens.com\/da\/politica-de-privacidade\/","title":{"rendered":"Privatlivspolitik"},"content":{"rendered":"<h2><span style=\"color: rgb(68, 68, 68);\">Privatlivspolitik<\/span><\/h2><p><span style=\"color: rgb(68, 68, 68);\">Dit privatliv er vigtigt for os. Det er Pateens&#039; politik at respektere dit privatliv i forbindelse med alle oplysninger, vi m\u00e5tte indsamle fra dig p\u00e5 hjemmesiden. <a href=\"https:\/\/pateens.com\/da\/\">Pateens<\/a>, og andre websteder, som vi ejer og driver.<\/span><\/p><p><span style=\"color: rgb(68, 68, 68);\">Vi anmoder kun om personlige oplysninger, n\u00e5r vi virkelig har brug for dem for at kunne levere en tjeneste til dig. Vi g\u00f8r det retf\u00e6rdigt og lovligt, med din viden og dit samtykke. Vi informerer dig ogs\u00e5 om, hvorfor vi indsamler dem, og hvordan de vil blive brugt.<\/span><\/p><p><span style=\"color: rgb(68, 68, 68);\">Vi opbevarer kun indsamlede oplysninger, s\u00e5 l\u00e6nge det er n\u00f8dvendigt for at levere den \u00f8nskede tjeneste. N\u00e5r vi opbevarer data, beskytter vi dem inden for kommercielt acceptable midler for at forhindre tab og tyveri, samt uautoriseret adgang, videregivelse, kopiering, brug eller \u00e6ndring.<\/span><\/p><p><span style=\"color: rgb(68, 68, 68);\">Vi deler ikke personligt identificerbare oplysninger offentligt eller med tredjeparter, undtagen n\u00e5r det er p\u00e5kr\u00e6vet ved lov.<\/span><\/p><p><span style=\"color: rgb(68, 68, 68);\">Vores hjemmeside kan indeholde links til eksterne sider, som ikke drives af os. V\u00e6r opm\u00e6rksom p\u00e5, at vi ikke har nogen kontrol over indholdet og praksis p\u00e5 disse sider og ikke kan p\u00e5tage os ansvar for deres respektive politikker.&nbsp;<\/span><a href=\"https:\/\/politicaprivacidade.com\/\" rel=\"noopener noreferrer\" target=\"_blank\" style=\"background-color: transparent; color: rgb(68, 68, 68);\">privatlivspolitikker<\/a><span style=\"color: rgb(68, 68, 68);\">.<\/span><\/p><p><span style=\"color: rgb(68, 68, 68);\">Du er velkommen til at afvise vores anmodning om personlige oplysninger, idet du er klar over, at vi muligvis ikke kan levere nogle af de tjenester, du \u00f8nsker.<\/span><\/p><p><span style=\"color: rgb(68, 68, 68);\">Fortsat brug af vores hjemmeside vil blive betragtet som accept af vores praksis vedr\u00f8rende privatliv og personlige oplysninger. Hvis du har sp\u00f8rgsm\u00e5l om, hvordan vi h\u00e5ndterer brugerdata og personlige oplysninger, bedes du kontakte os.<\/span><\/p><p><span style=\"color: rgb(68, 68, 68);\"><ul><li><span style=\"color: rgb(68, 68, 68);\">Den Google AdSense-tjeneste, vi bruger til at vise annoncer, bruger en DoubleClick-cookie til at levere mere relevante annoncer p\u00e5 tv\u00e6rs af nettet og begr\u00e6nse antallet af gange, en given annonce vises til dig.<\/span><\/li><li><span style=\"color: rgb(68, 68, 68);\">For mere information om Google AdSense, se venligst de officielle ofte stillede sp\u00f8rgsm\u00e5l om privatliv i Google AdSense.<\/span><\/li><li><span style=\"color: rgb(68, 68, 68);\">Vi bruger annoncering til at udligne omkostningerne ved at drive dette websted og til at finansiere fremtidig udvikling. De adf\u00e6rdsm\u00e6ssige annonceringscookies, der bruges af dette websted, er designet til at sikre, at du f\u00e5r vist de mest relevante annoncer, n\u00e5r det er muligt, ved anonymt at spore dine interesser og pr\u00e6sentere lignende ting, der kan v\u00e6re af interesse for dig.<\/span><\/li><li><span style=\"color: rgb(68, 68, 68);\">Flere partnere annoncerer p\u00e5 vores vegne, og affiliate tracking cookies giver os blot mulighed for at se, om vores kunder har tilg\u00e5et webstedet via et af vores partnerwebsteder, s\u00e5 vi kan kreditere dem passende og, hvor det er relevant, give vores affiliate partnere mulighed for at tilbyde eventuelle kampagner, de m\u00e5tte tilbyde for at opfordre dig til at foretage et k\u00f8b.<\/span><\/li><\/ul><p><br><\/p><\/span><\/p><h3><span style=\"color: rgb(68, 68, 68);\">Brugerforpligtelse<\/span><\/h3><p><span style=\"color: rgb(68, 68, 68);\">Brugeren accepterer at g\u00f8re passende brug af indholdet og informationen, som Pateens tilbyder p\u00e5 hjemmesiden, herunder, men ikke begr\u00e6nset til:<\/span><\/p><ul><li><span style=\"color: rgb(68, 68, 68);\">A) Ikke at deltage i aktiviteter, der er ulovlige eller i strid med god tro og offentlig orden;<\/span><\/li><li><span style=\"color: rgb(68, 68, 68);\">B) Ikke at udbrede propaganda eller indhold af racistisk, fremmedfjendsk karakter, relateret til hasardspil eller hasardspil, nogen form for ulovlig pornografi, eller som fremmer terrorisme eller kr\u00e6nker menneskerettighederne;<\/span><\/li><li><span style=\"color: rgb(68, 68, 68);\">C) Ikke at for\u00e5rsage skade p\u00e5 Pateens&#039;, dets leverand\u00f8rers eller tredjeparters fysiske (hardware) og logiske (software) systemer ved at introducere eller sprede computervirusser eller andre hardware- eller softwaresystemer, der kan for\u00e5rsage den f\u00f8rn\u00e6vnte skade.<\/span><\/li><\/ul><h3><span style=\"color: rgb(68, 68, 68);\">Mere information<\/span><\/h3><p><span style=\"color: rgb(68, 68, 68);\">Vi h\u00e5ber, at dette er tydeligt, og som n\u00e6vnt f\u00f8r, hvis der er noget, du er usikker p\u00e5, om du har brug for det eller ej, er det generelt sikrere at lade cookies v\u00e6re aktiveret, hvis du interagerer med en af de funktioner, du bruger p\u00e5 vores hjemmeside.<\/span><\/p><p><span style=\"color: rgb(68, 68, 68);\">Denne politik tr\u00e6der i kraft den 21. september 2023. <\/span><\/p>","protected":false},"excerpt":{"rendered":"<p>Pol\u00edtica Privacidade A sua privacidade \u00e9 importante para n\u00f3s. \u00c9 pol\u00edtica do Pateens respeitar a sua privacidade em rela\u00e7\u00e3o a qualquer informa\u00e7\u00e3o sua que possamos coletar no site Pateens, e outros sites que possu\u00edmos e operamos. Solicitamos informa\u00e7\u00f5es pessoais apenas quando realmente precisamos delas para lhe fornecer um servi\u00e7o. Fazemo-lo por meios justos e legais, &hellip; <\/p>","protected":false},"author":14,"featured_media":0,"parent":0,"menu_order":0,"comment_status":"closed","ping_status":"closed","template":"","meta":{"footnotes":""},"class_list":["post-16","page","type-page","status-publish","hentry","latest_post"],"yoast_head":"<!-- This site is optimized with the Yoast SEO plugin v26.3 - https:\/\/yoast.com\/wordpress\/plugins\/seo\/ -->\n<title>Pol\u00edtica de Privacidade - Pateens<\/title>\n<meta name=\"robots\" content=\"index, follow, max-snippet:-1, max-image-preview:large, max-video-preview:-1\" \/>\n<link rel=\"canonical\" href=\"https:\/\/pateens.com\/da\/politica-de-privacidade\/\" \/>\n<meta property=\"og:locale\" content=\"da_DK\" \/>\n<meta property=\"og:type\" content=\"article\" \/>\n<meta property=\"og:title\" content=\"Pol\u00edtica de Privacidade - Pateens\" \/>\n<meta property=\"og:description\" content=\"Pol\u00edtica Privacidade A sua privacidade \u00e9 importante para n\u00f3s. \u00c9 pol\u00edtica do Pateens respeitar a sua privacidade em rela\u00e7\u00e3o a qualquer informa\u00e7\u00e3o sua que possamos coletar no site Pateens, e outros sites que possu\u00edmos e operamos. Solicitamos informa\u00e7\u00f5es pessoais apenas quando realmente precisamos delas para lhe fornecer um servi\u00e7o. Fazemo-lo por meios justos e legais, &hellip;\" \/>\n<meta property=\"og:url\" content=\"https:\/\/pateens.com\/da\/politica-de-privacidade\/\" \/>\n<meta property=\"og:site_name\" content=\"Pateens\" \/>\n<meta property=\"article:modified_time\" content=\"2023-09-21T15:03:41+00:00\" \/>\n<meta name=\"twitter:card\" content=\"summary_large_image\" \/>\n<meta name=\"twitter:label1\" content=\"Estimeret l\u00e6setid\" \/>\n\t<meta name=\"twitter:data1\" content=\"4 minutter\" \/>\n<script type=\"application\/ld+json\" class=\"yoast-schema-graph\">{\"@context\":\"https:\/\/schema.org\",\"@graph\":[{\"@type\":\"WebPage\",\"@id\":\"https:\/\/pateens.com\/politica-de-privacidade\/\",\"url\":\"https:\/\/pateens.com\/politica-de-privacidade\/\",\"name\":\"Pol\u00edtica de Privacidade - Pateens\",\"isPartOf\":{\"@id\":\"https:\/\/pateens.com\/es\/#website\"},\"datePublished\":\"2023-09-21T15:01:43+00:00\",\"dateModified\":\"2023-09-21T15:03:41+00:00\",\"breadcrumb\":{\"@id\":\"https:\/\/pateens.com\/politica-de-privacidade\/#breadcrumb\"},\"inLanguage\":\"da-DK\",\"potentialAction\":[{\"@type\":\"ReadAction\",\"target\":[\"https:\/\/pateens.com\/politica-de-privacidade\/\"]}]},{\"@type\":\"BreadcrumbList\",\"@id\":\"https:\/\/pateens.com\/politica-de-privacidade\/#breadcrumb\",\"itemListElement\":[{\"@type\":\"ListItem\",\"position\":1,\"name\":\"In\u00edcio\",\"item\":\"https:\/\/pateens.com\/es\/\"},{\"@type\":\"ListItem\",\"position\":2,\"name\":\"Pol\u00edtica de Privacidade\"}]},{\"@type\":\"WebSite\",\"@id\":\"https:\/\/pateens.com\/es\/#website\",\"url\":\"https:\/\/pateens.com\/es\/\",\"name\":\"Pateens\",\"description\":\"Muitas dicas e novidades do mundo para voc\u00ea!\",\"publisher\":{\"@id\":\"https:\/\/pateens.com\/es\/#organization\"},\"potentialAction\":[{\"@type\":\"SearchAction\",\"target\":{\"@type\":\"EntryPoint\",\"urlTemplate\":\"https:\/\/pateens.com\/es\/?s={search_term_string}\"},\"query-input\":{\"@type\":\"PropertyValueSpecification\",\"valueRequired\":true,\"valueName\":\"search_term_string\"}}],\"inLanguage\":\"da-DK\"},{\"@type\":\"Organization\",\"@id\":\"https:\/\/pateens.com\/es\/#organization\",\"name\":\"Pateens\",\"url\":\"https:\/\/pateens.com\/es\/\",\"logo\":{\"@type\":\"ImageObject\",\"inLanguage\":\"da-DK\",\"@id\":\"https:\/\/pateens.com\/es\/#\/schema\/logo\/image\/\",\"url\":\"https:\/\/pateens.com\/wp-content\/uploads\/2023\/09\/cropped-WhatsApp-Image-2023-09-22-at-10.28.17-e1695389616971.jpeg\",\"contentUrl\":\"https:\/\/pateens.com\/wp-content\/uploads\/2023\/09\/cropped-WhatsApp-Image-2023-09-22-at-10.28.17-e1695389616971.jpeg\",\"width\":200,\"height\":37,\"caption\":\"Pateens\"},\"image\":{\"@id\":\"https:\/\/pateens.com\/es\/#\/schema\/logo\/image\/\"}}]}<\/script>\n<!-- \/ Yoast SEO plugin. -->","yoast_head_json":{"title":"Pol\u00edtica de Privacidade - Pateens","robots":{"index":"index","follow":"follow","max-snippet":"max-snippet:-1","max-image-preview":"max-image-preview:large","max-video-preview":"max-video-preview:-1"},"canonical":"https:\/\/pateens.com\/da\/politica-de-privacidade\/","og_locale":"da_DK","og_type":"article","og_title":"Pol\u00edtica de Privacidade - Pateens","og_description":"Pol\u00edtica Privacidade A sua privacidade \u00e9 importante para n\u00f3s. \u00c9 pol\u00edtica do Pateens respeitar a sua privacidade em rela\u00e7\u00e3o a qualquer informa\u00e7\u00e3o sua que possamos coletar no site Pateens, e outros sites que possu\u00edmos e operamos. Solicitamos informa\u00e7\u00f5es pessoais apenas quando realmente precisamos delas para lhe fornecer um servi\u00e7o. Fazemo-lo por meios justos e legais, &hellip;","og_url":"https:\/\/pateens.com\/da\/politica-de-privacidade\/","og_site_name":"Pateens","article_modified_time":"2023-09-21T15:03:41+00:00","twitter_card":"summary_large_image","twitter_misc":{"Estimeret l\u00e6setid":"4 minutter"},"schema":{"@context":"https:\/\/schema.org","@graph":[{"@type":"WebPage","@id":"https:\/\/pateens.com\/politica-de-privacidade\/","url":"https:\/\/pateens.com\/politica-de-privacidade\/","name":"Pol\u00edtica de Privacidade - Pateens","isPartOf":{"@id":"https:\/\/pateens.com\/es\/#website"},"datePublished":"2023-09-21T15:01:43+00:00","dateModified":"2023-09-21T15:03:41+00:00","breadcrumb":{"@id":"https:\/\/pateens.com\/politica-de-privacidade\/#breadcrumb"},"inLanguage":"da-DK","potentialAction":[{"@type":"ReadAction","target":["https:\/\/pateens.com\/politica-de-privacidade\/"]}]},{"@type":"BreadcrumbList","@id":"https:\/\/pateens.com\/politica-de-privacidade\/#breadcrumb","itemListElement":[{"@type":"ListItem","position":1,"name":"In\u00edcio","item":"https:\/\/pateens.com\/es\/"},{"@type":"ListItem","position":2,"name":"Pol\u00edtica de Privacidade"}]},{"@type":"WebSite","@id":"https:\/\/pateens.com\/es\/#website","url":"https:\/\/pateens.com\/es\/","name":"Pateens","description":"Masser af tips og nyheder fra hele verden til dig!","publisher":{"@id":"https:\/\/pateens.com\/es\/#organization"},"potentialAction":[{"@type":"SearchAction","target":{"@type":"EntryPoint","urlTemplate":"https:\/\/pateens.com\/es\/?s={search_term_string}"},"query-input":{"@type":"PropertyValueSpecification","valueRequired":true,"valueName":"search_term_string"}}],"inLanguage":"da-DK"},{"@type":"Organization","@id":"https:\/\/pateens.com\/es\/#organization","name":"Pateens","url":"https:\/\/pateens.com\/es\/","logo":{"@type":"ImageObject","inLanguage":"da-DK","@id":"https:\/\/pateens.com\/es\/#\/schema\/logo\/image\/","url":"https:\/\/pateens.com\/wp-content\/uploads\/2023\/09\/cropped-WhatsApp-Image-2023-09-22-at-10.28.17-e1695389616971.jpeg","contentUrl":"https:\/\/pateens.com\/wp-content\/uploads\/2023\/09\/cropped-WhatsApp-Image-2023-09-22-at-10.28.17-e1695389616971.jpeg","width":200,"height":37,"caption":"Pateens"},"image":{"@id":"https:\/\/pateens.com\/es\/#\/schema\/logo\/image\/"}}]}},"_links":{"self":[{"href":"https:\/\/pateens.com\/da\/wp-json\/wp\/v2\/pages\/16","targetHints":{"allow":["GET"]}}],"collection":[{"href":"https:\/\/pateens.com\/da\/wp-json\/wp\/v2\/pages"}],"about":[{"href":"https:\/\/pateens.com\/da\/wp-json\/wp\/v2\/types\/page"}],"author":[{"embeddable":true,"href":"https:\/\/pateens.com\/da\/wp-json\/wp\/v2\/users\/14"}],"replies":[{"embeddable":true,"href":"https:\/\/pateens.com\/da\/wp-json\/wp\/v2\/comments?post=16"}],"version-history":[{"count":0,"href":"https:\/\/pateens.com\/da\/wp-json\/wp\/v2\/pages\/16\/revisions"}],"wp:attachment":[{"href":"https:\/\/pateens.com\/da\/wp-json\/wp\/v2\/media?parent=16"}],"curies":[{"name":"wp","href":"https:\/\/api.w.org\/{rel}","templated":true}]}}