{"id":22,"date":"2023-09-21T12:04:55","date_gmt":"2023-09-21T15:04:55","guid":{"rendered":"https:\/\/pateens.com\/?page_id=22"},"modified":"2023-09-21T12:04:56","modified_gmt":"2023-09-21T15:04:56","slug":"termos-e-condicoes","status":"publish","type":"page","link":"https:\/\/pateens.com\/da\/termos-e-condicoes\/","title":{"rendered":"Vilk\u00e5r og betingelser"},"content":{"rendered":"<h2><span style=\"color: rgb(68, 68, 68);\">1. Vilk\u00e5r<\/span><\/h2><p><span style=\"color: rgb(68, 68, 68);\">N\u00e5r du tilg\u00e5r hjemmesiden <a href=\"https:\/\/pateens.com\/da\/\">Pateens<\/a>, Ved at bruge dette websted accepterer du at v\u00e6re bundet af disse servicevilk\u00e5r, alle g\u00e6ldende love og bestemmelser, og accepterer, at du er ansvarlig for overholdelse af alle g\u00e6ldende lokale love. Hvis du ikke accepterer nogen af \u200b\u200bdisse vilk\u00e5r, er det forbudt for dig at bruge eller tilg\u00e5 dette websted. Materialerne p\u00e5 dette websted er beskyttet af g\u00e6ldende ophavsrets- og varem\u00e6rkelovgivning.<\/span><\/p><h2><span style=\"color: rgb(68, 68, 68);\">2. Licensbrug<\/span><\/h2><p><span style=\"color: rgb(68, 68, 68);\">Der gives tilladelse til midlertidigt at downloade \u00e9n kopi af materialerne (information eller software) p\u00e5 Pateens&#039; hjemmeside til personlig, ikke-kommerciel og midlertidig visning. Dette er tildeling af en licens, ikke en overdragelse af ejendomsret, og under denne licens m\u00e5 du ikke:&nbsp;<\/span><\/p><ol><li><span style=\"color: rgb(68, 68, 68);\">\u00e6ndre eller kopiere materialerne;&nbsp;<\/span><\/li><li><span style=\"color: rgb(68, 68, 68);\">Bruge materialerne til kommercielle form\u00e5l eller til offentlig fremvisning (kommerciel eller ikke-kommerciel);&nbsp;<\/span><\/li><li><span style=\"color: rgb(68, 68, 68);\">Fors\u00f8g p\u00e5 at dekompilere eller reverse engineere software p\u00e5 Pateens&#039; hjemmeside;&nbsp;<\/span><\/li><li><span style=\"color: rgb(68, 68, 68);\">fjerne enhver ophavsretslig eller anden propriet\u00e6r bem\u00e6rkning fra materialerne; eller&nbsp;<\/span><\/li><li><span style=\"color: rgb(68, 68, 68);\">Overf\u00f8r materialerne til en anden person, eller &#039;spejl&#039; materialerne p\u00e5 en hvilken som helst anden server.<\/span><\/li><\/ol><p><span style=\"color: rgb(68, 68, 68);\">Denne licens oph\u00f8rer automatisk, hvis du overtr\u00e6der nogen af disse begr\u00e6nsninger, og kan til enhver tid opsiges af Pateens. N\u00e5r du oph\u00f8rer med at se disse materialer, eller n\u00e5r denne licens oph\u00f8rer, skal du destruere alt downloadet materiale i din besiddelse, uanset om det er i elektronisk eller trykt format.<\/span><\/p><h2><span style=\"color: rgb(68, 68, 68);\">3. Ansvarsfraskrivelse<\/span><\/h2><ol><li><span style=\"color: rgb(68, 68, 68);\">Materialerne p\u00e5 Pateens&#039; hjemmeside leveres &quot;som de er&quot;. Pateens giver ingen garantier, hverken udtrykkelige eller underforst\u00e5ede, og fraskriver sig hermed alle andre garantier, herunder, uden begr\u00e6nsning, underforst\u00e5ede garantier eller betingelser for salgbarhed, egnethed til et bestemt form\u00e5l eller ikke-kr\u00e6nkelse af intellektuel ejendomsret eller anden kr\u00e6nkelse af rettigheder.<\/span><\/li><li><span style=\"color: rgb(68, 68, 68);\">Derudover garanterer eller afgiver Pateens ingen erkl\u00e6ringer vedr\u00f8rende n\u00f8jagtigheden, sandsynlige resultater eller p\u00e5lideligheden af \u200b\u200bbrugen af \u200b\u200bmaterialerne p\u00e5 sin hjemmeside eller p\u00e5 anden m\u00e5de relateret til s\u00e5danne materialer eller p\u00e5 websteder, der er linket til denne hjemmeside.<\/span><\/li><\/ol><h2><span style=\"color: rgb(68, 68, 68);\">4. Begr\u00e6nsninger<\/span><\/h2><p><span style=\"color: rgb(68, 68, 68);\">Pateens eller dets leverand\u00f8rer er under ingen omst\u00e6ndigheder ansvarlige for skader (herunder, uden begr\u00e6nsning, skader for tab af data eller fortjeneste eller p\u00e5 grund af driftsafbrydelse), der m\u00e5tte opst\u00e5 som f\u00f8lge af brugen eller manglende evne til at bruge materialerne p\u00e5 Pateens, selvom Pateens eller en autoriseret repr\u00e6sentant fra Pateens er blevet underrettet mundtligt eller skriftligt om muligheden for s\u00e5danne skader. Da nogle jurisdiktioner ikke tillader begr\u00e6nsninger af implicitte garantier eller begr\u00e6nsninger af ansvar for f\u00f8lgeskader eller h\u00e6ndelige skader, g\u00e6lder disse begr\u00e6nsninger muligvis ikke for dig.<\/span><\/p><h2><span style=\"color: rgb(68, 68, 68);\">5. Materialernes pr\u00e6cision<\/span><\/h2><p><span style=\"color: rgb(68, 68, 68);\">Materialerne p\u00e5 Pateens&#039; hjemmeside kan indeholde tekniske, typografiske eller fotografiske fejl. Pateens garanterer ikke, at materialet p\u00e5 hjemmesiden er n\u00f8jagtigt, fuldst\u00e6ndigt eller aktuelt. Pateens kan til enhver tid foretage \u00e6ndringer i materialerne p\u00e5 hjemmesiden uden varsel. Pateens forpligter sig dog ikke til at opdatere materialerne.<\/span><\/p><h2><span style=\"color: rgb(68, 68, 68);\">6. Links<\/span><\/h2><p><span style=\"color: rgb(68, 68, 68);\">Pateens har ikke gennemg\u00e5et alle de websteder, der linkes til p\u00e5 deres websted, og er ikke ansvarlig for indholdet af s\u00e5danne linkede websteder. Medtagelsen af et link indeb\u00e6rer ikke Pateens&#039; godkendelse af webstedet. Brug af s\u00e5danne linkede websteder sker p\u00e5 brugerens eget ansvar.<\/span><\/p><p><br><\/p><h3><span style=\"color: rgb(68, 68, 68);\">\u00c6ndringer<\/span><\/h3><p><span style=\"color: rgb(68, 68, 68);\">Patents kan til enhver tid revidere disse servicevilk\u00e5r for webstedet uden varsel. Ved at bruge dette websted accepterer du at v\u00e6re bundet af den aktuelle version af disse servicevilk\u00e5r.<\/span><\/p><h3><span style=\"color: rgb(68, 68, 68);\">G\u00e6ldende lov<\/span><\/h3><p><span style=\"color: rgb(68, 68, 68);\">Disse vilk\u00e5r og betingelser er underlagt og fortolkes i overensstemmelse med lovgivningen i Pateens, og du underkaster dig uigenkaldeligt domstolenes eksklusive jurisdiktion i den p\u00e5g\u00e6ldende stat eller lokalitet.<\/span><\/p>","protected":false},"excerpt":{"rendered":"<p>1. Termos Ao acessar ao site Pateens, concorda em cumprir estes termos de servi\u00e7o, todas as leis e regulamentos aplic\u00e1veis \u200b\u200be concorda que \u00e9 respons\u00e1vel pelo cumprimento de todas as leis locais aplic\u00e1veis. Se voc\u00ea n\u00e3o concordar com algum desses termos, est\u00e1 proibido de usar ou acessar este site. Os materiais contidos neste site s\u00e3o &hellip; <\/p>","protected":false},"author":14,"featured_media":0,"parent":0,"menu_order":0,"comment_status":"closed","ping_status":"closed","template":"","meta":{"footnotes":""},"class_list":["post-22","page","type-page","status-publish","hentry","latest_post"],"yoast_head":"<!-- This site is optimized with the Yoast SEO plugin v26.3 - https:\/\/yoast.com\/wordpress\/plugins\/seo\/ -->\n<title>Termos e Condi\u00e7\u00f5es - Pateens<\/title>\n<meta name=\"robots\" content=\"index, follow, max-snippet:-1, max-image-preview:large, max-video-preview:-1\" \/>\n<link rel=\"canonical\" href=\"https:\/\/pateens.com\/da\/termos-e-condicoes\/\" \/>\n<meta property=\"og:locale\" content=\"da_DK\" \/>\n<meta property=\"og:type\" content=\"article\" \/>\n<meta property=\"og:title\" content=\"Termos e Condi\u00e7\u00f5es - Pateens\" \/>\n<meta property=\"og:description\" content=\"1. Termos Ao acessar ao site Pateens, concorda em cumprir estes termos de servi\u00e7o, todas as leis e regulamentos aplic\u00e1veis \u200b\u200be concorda que \u00e9 respons\u00e1vel pelo cumprimento de todas as leis locais aplic\u00e1veis. Se voc\u00ea n\u00e3o concordar com algum desses termos, est\u00e1 proibido de usar ou acessar este site. Os materiais contidos neste site s\u00e3o &hellip;\" \/>\n<meta property=\"og:url\" content=\"https:\/\/pateens.com\/da\/termos-e-condicoes\/\" \/>\n<meta property=\"og:site_name\" content=\"Pateens\" \/>\n<meta property=\"article:modified_time\" content=\"2023-09-21T15:04:56+00:00\" \/>\n<meta name=\"twitter:card\" content=\"summary_large_image\" \/>\n<meta name=\"twitter:label1\" content=\"Estimeret l\u00e6setid\" \/>\n\t<meta name=\"twitter:data1\" content=\"4 minutter\" \/>\n<script type=\"application\/ld+json\" class=\"yoast-schema-graph\">{\"@context\":\"https:\/\/schema.org\",\"@graph\":[{\"@type\":\"WebPage\",\"@id\":\"https:\/\/pateens.com\/termos-e-condicoes\/\",\"url\":\"https:\/\/pateens.com\/termos-e-condicoes\/\",\"name\":\"Termos e Condi\u00e7\u00f5es - Pateens\",\"isPartOf\":{\"@id\":\"https:\/\/pateens.com\/es\/#website\"},\"datePublished\":\"2023-09-21T15:04:55+00:00\",\"dateModified\":\"2023-09-21T15:04:56+00:00\",\"breadcrumb\":{\"@id\":\"https:\/\/pateens.com\/termos-e-condicoes\/#breadcrumb\"},\"inLanguage\":\"da-DK\",\"potentialAction\":[{\"@type\":\"ReadAction\",\"target\":[\"https:\/\/pateens.com\/termos-e-condicoes\/\"]}]},{\"@type\":\"BreadcrumbList\",\"@id\":\"https:\/\/pateens.com\/termos-e-condicoes\/#breadcrumb\",\"itemListElement\":[{\"@type\":\"ListItem\",\"position\":1,\"name\":\"In\u00edcio\",\"item\":\"https:\/\/pateens.com\/es\/\"},{\"@type\":\"ListItem\",\"position\":2,\"name\":\"Termos e Condi\u00e7\u00f5es\"}]},{\"@type\":\"WebSite\",\"@id\":\"https:\/\/pateens.com\/es\/#website\",\"url\":\"https:\/\/pateens.com\/es\/\",\"name\":\"Pateens\",\"description\":\"Muitas dicas e novidades do mundo para voc\u00ea!\",\"publisher\":{\"@id\":\"https:\/\/pateens.com\/es\/#organization\"},\"potentialAction\":[{\"@type\":\"SearchAction\",\"target\":{\"@type\":\"EntryPoint\",\"urlTemplate\":\"https:\/\/pateens.com\/es\/?s={search_term_string}\"},\"query-input\":{\"@type\":\"PropertyValueSpecification\",\"valueRequired\":true,\"valueName\":\"search_term_string\"}}],\"inLanguage\":\"da-DK\"},{\"@type\":\"Organization\",\"@id\":\"https:\/\/pateens.com\/es\/#organization\",\"name\":\"Pateens\",\"url\":\"https:\/\/pateens.com\/es\/\",\"logo\":{\"@type\":\"ImageObject\",\"inLanguage\":\"da-DK\",\"@id\":\"https:\/\/pateens.com\/es\/#\/schema\/logo\/image\/\",\"url\":\"https:\/\/pateens.com\/wp-content\/uploads\/2023\/09\/cropped-WhatsApp-Image-2023-09-22-at-10.28.17-e1695389616971.jpeg\",\"contentUrl\":\"https:\/\/pateens.com\/wp-content\/uploads\/2023\/09\/cropped-WhatsApp-Image-2023-09-22-at-10.28.17-e1695389616971.jpeg\",\"width\":200,\"height\":37,\"caption\":\"Pateens\"},\"image\":{\"@id\":\"https:\/\/pateens.com\/es\/#\/schema\/logo\/image\/\"}}]}<\/script>\n<!-- \/ Yoast SEO plugin. -->","yoast_head_json":{"title":"Termos e Condi\u00e7\u00f5es - Pateens","robots":{"index":"index","follow":"follow","max-snippet":"max-snippet:-1","max-image-preview":"max-image-preview:large","max-video-preview":"max-video-preview:-1"},"canonical":"https:\/\/pateens.com\/da\/termos-e-condicoes\/","og_locale":"da_DK","og_type":"article","og_title":"Termos e Condi\u00e7\u00f5es - Pateens","og_description":"1. Termos Ao acessar ao site Pateens, concorda em cumprir estes termos de servi\u00e7o, todas as leis e regulamentos aplic\u00e1veis \u200b\u200be concorda que \u00e9 respons\u00e1vel pelo cumprimento de todas as leis locais aplic\u00e1veis. Se voc\u00ea n\u00e3o concordar com algum desses termos, est\u00e1 proibido de usar ou acessar este site. Os materiais contidos neste site s\u00e3o &hellip;","og_url":"https:\/\/pateens.com\/da\/termos-e-condicoes\/","og_site_name":"Pateens","article_modified_time":"2023-09-21T15:04:56+00:00","twitter_card":"summary_large_image","twitter_misc":{"Estimeret l\u00e6setid":"4 minutter"},"schema":{"@context":"https:\/\/schema.org","@graph":[{"@type":"WebPage","@id":"https:\/\/pateens.com\/termos-e-condicoes\/","url":"https:\/\/pateens.com\/termos-e-condicoes\/","name":"Termos e Condi\u00e7\u00f5es - Pateens","isPartOf":{"@id":"https:\/\/pateens.com\/es\/#website"},"datePublished":"2023-09-21T15:04:55+00:00","dateModified":"2023-09-21T15:04:56+00:00","breadcrumb":{"@id":"https:\/\/pateens.com\/termos-e-condicoes\/#breadcrumb"},"inLanguage":"da-DK","potentialAction":[{"@type":"ReadAction","target":["https:\/\/pateens.com\/termos-e-condicoes\/"]}]},{"@type":"BreadcrumbList","@id":"https:\/\/pateens.com\/termos-e-condicoes\/#breadcrumb","itemListElement":[{"@type":"ListItem","position":1,"name":"In\u00edcio","item":"https:\/\/pateens.com\/es\/"},{"@type":"ListItem","position":2,"name":"Termos e Condi\u00e7\u00f5es"}]},{"@type":"WebSite","@id":"https:\/\/pateens.com\/es\/#website","url":"https:\/\/pateens.com\/es\/","name":"Pateens","description":"Masser af tips og nyheder fra hele verden til dig!","publisher":{"@id":"https:\/\/pateens.com\/es\/#organization"},"potentialAction":[{"@type":"SearchAction","target":{"@type":"EntryPoint","urlTemplate":"https:\/\/pateens.com\/es\/?s={search_term_string}"},"query-input":{"@type":"PropertyValueSpecification","valueRequired":true,"valueName":"search_term_string"}}],"inLanguage":"da-DK"},{"@type":"Organization","@id":"https:\/\/pateens.com\/es\/#organization","name":"Pateens","url":"https:\/\/pateens.com\/es\/","logo":{"@type":"ImageObject","inLanguage":"da-DK","@id":"https:\/\/pateens.com\/es\/#\/schema\/logo\/image\/","url":"https:\/\/pateens.com\/wp-content\/uploads\/2023\/09\/cropped-WhatsApp-Image-2023-09-22-at-10.28.17-e1695389616971.jpeg","contentUrl":"https:\/\/pateens.com\/wp-content\/uploads\/2023\/09\/cropped-WhatsApp-Image-2023-09-22-at-10.28.17-e1695389616971.jpeg","width":200,"height":37,"caption":"Pateens"},"image":{"@id":"https:\/\/pateens.com\/es\/#\/schema\/logo\/image\/"}}]}},"_links":{"self":[{"href":"https:\/\/pateens.com\/da\/wp-json\/wp\/v2\/pages\/22","targetHints":{"allow":["GET"]}}],"collection":[{"href":"https:\/\/pateens.com\/da\/wp-json\/wp\/v2\/pages"}],"about":[{"href":"https:\/\/pateens.com\/da\/wp-json\/wp\/v2\/types\/page"}],"author":[{"embeddable":true,"href":"https:\/\/pateens.com\/da\/wp-json\/wp\/v2\/users\/14"}],"replies":[{"embeddable":true,"href":"https:\/\/pateens.com\/da\/wp-json\/wp\/v2\/comments?post=22"}],"version-history":[{"count":0,"href":"https:\/\/pateens.com\/da\/wp-json\/wp\/v2\/pages\/22\/revisions"}],"wp:attachment":[{"href":"https:\/\/pateens.com\/da\/wp-json\/wp\/v2\/media?parent=22"}],"curies":[{"name":"wp","href":"https:\/\/api.w.org\/{rel}","templated":true}]}}