{"id":22,"date":"2023-09-21T12:04:55","date_gmt":"2023-09-21T15:04:55","guid":{"rendered":"https:\/\/pateens.com\/?page_id=22"},"modified":"2023-09-21T12:04:56","modified_gmt":"2023-09-21T15:04:56","slug":"termos-e-condicoes","status":"publish","type":"page","link":"https:\/\/pateens.com\/en\/termos-e-condicoes\/","title":{"rendered":"Terms and conditions"},"content":{"rendered":"<h2><span style=\"color: rgb(68, 68, 68);\">1. Terms<\/span><\/h2><p><span style=\"color: rgb(68, 68, 68);\">When accessing the website <a href=\"https:\/\/pateens.com\/en\/\">Pateens<\/a>, you agree to comply with these terms of service, all applicable laws and regulations, and agree that you are responsible for compliance with any applicable local laws. If you do not agree with any of these terms, you are prohibited from using or accessing this site. The materials contained in this site are protected by applicable copyright and trademark laws.<\/span><\/p><h2><span style=\"color: rgb(68, 68, 68);\">2. License Use<\/span><\/h2><p><span style=\"color: rgb(68, 68, 68);\">Permission is granted to temporarily download one copy of the materials (information or software) on Pateens&#039; website for personal, non-commercial transitory viewing only. This is the grant of a license, not a transfer of title, and under this license you may not:&nbsp;<\/span><\/p><ol><li><span style=\"color: rgb(68, 68, 68);\">modify or copy the materials;&nbsp;<\/span><\/li><li><span style=\"color: rgb(68, 68, 68);\">use the materials for any commercial purpose or for public display (commercial or non-commercial);&nbsp;<\/span><\/li><li><span style=\"color: rgb(68, 68, 68);\">attempt to decompile or reverse engineer any software contained on Pateens&#039;s website;&nbsp;<\/span><\/li><li><span style=\"color: rgb(68, 68, 68);\">remove any copyright or other proprietary notations from the materials; or&nbsp;<\/span><\/li><li><span style=\"color: rgb(68, 68, 68);\">transfer the materials to another person or &#039;mirror&#039; the materials on any other server.<\/span><\/li><\/ol><p><span style=\"color: rgb(68, 68, 68);\">This license shall automatically terminate if you violate any of these restrictions and may be terminated by Pateens at any time. Upon terminating your viewing of these materials or upon the termination of this license, you must delete any downloaded materials in your possession whether in electronic or printed format.<\/span><\/p><h2><span style=\"color: rgb(68, 68, 68);\">3. Disclaimer<\/span><\/h2><ol><li><span style=\"color: rgb(68, 68, 68);\">The materials on Pateens&#039; website are provided on an &#039;as is&#039; basis. Pateens makes no warranties, expressed or implied, and hereby disclaims and negates all other warranties, including, without limitation, implied warranties or conditions of merchantability, fitness for a particular purpose, or non-infringement of intellectual property or other violation of rights.<\/span><\/li><li><span style=\"color: rgb(68, 68, 68);\">Further, Pateens does not warrant or make any representations concerning the accuracy, likely results, or reliability of the use of the materials on its website or otherwise relating to such materials or on any sites linked to this site.<\/span><\/li><\/ol><h2><span style=\"color: rgb(68, 68, 68);\">4. Limitations<\/span><\/h2><p><span style=\"color: rgb(68, 68, 68);\">In no event shall Pateens or its suppliers be liable for any damages (including, without limitation, damages for loss of data or profit, or due to business interruption) arising out of the use or inability to use the materials on Pateens&#039; website, even if Pateens or a Pateens authorized representative has been notified orally or in writing of the possibility of such damages. Because some jurisdictions do not allow limitations on implied warranties, or limitations of liability for consequential or incidental damages, these limitations may not apply to you.<\/span><\/p><h2><span style=\"color: rgb(68, 68, 68);\">5. Precision of materials<\/span><\/h2><p><span style=\"color: rgb(68, 68, 68);\">The materials appearing on Pateens&#039; website could include technical, typographical, or photographic errors. Pateens does not guarantee that any materials on its website are accurate, complete or current. Pateens may make changes to the materials contained on its website at any time without notice. However Pateens does not make any commitment to update the materials.<\/span><\/p><h2><span style=\"color: rgb(68, 68, 68);\">6. Links<\/span><\/h2><p><span style=\"color: rgb(68, 68, 68);\">Pateens has not reviewed all of the sites linked to its website and is not responsible for the contents of any linked site. The inclusion of any link does not imply endorsement by Pateens of the site. Use of any linked site is at the user&#039;s own risk.<\/span><\/p><p><br><\/p><h3><span style=\"color: rgb(68, 68, 68);\">Modifications<\/span><\/h3><p><span style=\"color: rgb(68, 68, 68);\">Pateens may revise these terms of service for its website at any time without notice. By using this website, you are agreeing to be bound by the current version of these terms of service.<\/span><\/p><h3><span style=\"color: rgb(68, 68, 68);\">Applicable law<\/span><\/h3><p><span style=\"color: rgb(68, 68, 68);\">These terms and conditions are governed by and construed in accordance with the laws of Pateens and you irrevocably submit to the exclusive jurisdiction of the courts in that State or location.<\/span><\/p>","protected":false},"excerpt":{"rendered":"<p>1. Terms By accessing the Pateens website, you are agreeing to be bound by these terms of service, all applicable laws and regulations, and agree that you are responsible for compliance with any applicable local laws. If you do not agree with any of these terms, you are prohibited from using or accessing this site. The materials contained on this website are\u2026 <\/p>","protected":false},"author":14,"featured_media":0,"parent":0,"menu_order":0,"comment_status":"closed","ping_status":"closed","template":"","meta":{"footnotes":""},"class_list":["post-22","page","type-page","status-publish","hentry","latest_post"],"yoast_head":"<!-- This site is optimized with the Yoast SEO plugin v26.3 - https:\/\/yoast.com\/wordpress\/plugins\/seo\/ -->\n<title>Termos e Condi\u00e7\u00f5es - Pateens<\/title>\n<meta name=\"robots\" content=\"index, follow, max-snippet:-1, max-image-preview:large, max-video-preview:-1\" \/>\n<link rel=\"canonical\" href=\"https:\/\/pateens.com\/en\/termos-e-condicoes\/\" \/>\n<meta property=\"og:locale\" content=\"en_US\" \/>\n<meta property=\"og:type\" content=\"article\" \/>\n<meta property=\"og:title\" content=\"Termos e Condi\u00e7\u00f5es - Pateens\" \/>\n<meta property=\"og:description\" content=\"1. Termos Ao acessar ao site Pateens, concorda em cumprir estes termos de servi\u00e7o, todas as leis e regulamentos aplic\u00e1veis \u200b\u200be concorda que \u00e9 respons\u00e1vel pelo cumprimento de todas as leis locais aplic\u00e1veis. Se voc\u00ea n\u00e3o concordar com algum desses termos, est\u00e1 proibido de usar ou acessar este site. Os materiais contidos neste site s\u00e3o &hellip;\" \/>\n<meta property=\"og:url\" content=\"https:\/\/pateens.com\/en\/termos-e-condicoes\/\" \/>\n<meta property=\"og:site_name\" content=\"Pateens\" \/>\n<meta property=\"article:modified_time\" content=\"2023-09-21T15:04:56+00:00\" \/>\n<meta name=\"twitter:card\" content=\"summary_large_image\" \/>\n<meta name=\"twitter:label1\" content=\"Est. reading time\" \/>\n\t<meta name=\"twitter:data1\" content=\"4 minutes\" \/>\n<script type=\"application\/ld+json\" class=\"yoast-schema-graph\">{\"@context\":\"https:\/\/schema.org\",\"@graph\":[{\"@type\":\"WebPage\",\"@id\":\"https:\/\/pateens.com\/termos-e-condicoes\/\",\"url\":\"https:\/\/pateens.com\/termos-e-condicoes\/\",\"name\":\"Termos e Condi\u00e7\u00f5es - Pateens\",\"isPartOf\":{\"@id\":\"https:\/\/pateens.com\/es\/#website\"},\"datePublished\":\"2023-09-21T15:04:55+00:00\",\"dateModified\":\"2023-09-21T15:04:56+00:00\",\"breadcrumb\":{\"@id\":\"https:\/\/pateens.com\/termos-e-condicoes\/#breadcrumb\"},\"inLanguage\":\"en-US\",\"potentialAction\":[{\"@type\":\"ReadAction\",\"target\":[\"https:\/\/pateens.com\/termos-e-condicoes\/\"]}]},{\"@type\":\"BreadcrumbList\",\"@id\":\"https:\/\/pateens.com\/termos-e-condicoes\/#breadcrumb\",\"itemListElement\":[{\"@type\":\"ListItem\",\"position\":1,\"name\":\"In\u00edcio\",\"item\":\"https:\/\/pateens.com\/es\/\"},{\"@type\":\"ListItem\",\"position\":2,\"name\":\"Termos e Condi\u00e7\u00f5es\"}]},{\"@type\":\"WebSite\",\"@id\":\"https:\/\/pateens.com\/es\/#website\",\"url\":\"https:\/\/pateens.com\/es\/\",\"name\":\"Pateens\",\"description\":\"Muitas dicas e novidades do mundo para voc\u00ea!\",\"publisher\":{\"@id\":\"https:\/\/pateens.com\/es\/#organization\"},\"potentialAction\":[{\"@type\":\"SearchAction\",\"target\":{\"@type\":\"EntryPoint\",\"urlTemplate\":\"https:\/\/pateens.com\/es\/?s={search_term_string}\"},\"query-input\":{\"@type\":\"PropertyValueSpecification\",\"valueRequired\":true,\"valueName\":\"search_term_string\"}}],\"inLanguage\":\"en-US\"},{\"@type\":\"Organization\",\"@id\":\"https:\/\/pateens.com\/es\/#organization\",\"name\":\"Pateens\",\"url\":\"https:\/\/pateens.com\/es\/\",\"logo\":{\"@type\":\"ImageObject\",\"inLanguage\":\"en-US\",\"@id\":\"https:\/\/pateens.com\/es\/#\/schema\/logo\/image\/\",\"url\":\"https:\/\/pateens.com\/wp-content\/uploads\/2023\/09\/cropped-WhatsApp-Image-2023-09-22-at-10.28.17-e1695389616971.jpeg\",\"contentUrl\":\"https:\/\/pateens.com\/wp-content\/uploads\/2023\/09\/cropped-WhatsApp-Image-2023-09-22-at-10.28.17-e1695389616971.jpeg\",\"width\":200,\"height\":37,\"caption\":\"Pateens\"},\"image\":{\"@id\":\"https:\/\/pateens.com\/es\/#\/schema\/logo\/image\/\"}}]}<\/script>\n<!-- \/ Yoast SEO plugin. -->","yoast_head_json":{"title":"Termos e Condi\u00e7\u00f5es - Pateens","robots":{"index":"index","follow":"follow","max-snippet":"max-snippet:-1","max-image-preview":"max-image-preview:large","max-video-preview":"max-video-preview:-1"},"canonical":"https:\/\/pateens.com\/en\/termos-e-condicoes\/","og_locale":"en_US","og_type":"article","og_title":"Termos e Condi\u00e7\u00f5es - Pateens","og_description":"1. Termos Ao acessar ao site Pateens, concorda em cumprir estes termos de servi\u00e7o, todas as leis e regulamentos aplic\u00e1veis \u200b\u200be concorda que \u00e9 respons\u00e1vel pelo cumprimento de todas as leis locais aplic\u00e1veis. Se voc\u00ea n\u00e3o concordar com algum desses termos, est\u00e1 proibido de usar ou acessar este site. Os materiais contidos neste site s\u00e3o &hellip;","og_url":"https:\/\/pateens.com\/en\/termos-e-condicoes\/","og_site_name":"Pateens","article_modified_time":"2023-09-21T15:04:56+00:00","twitter_card":"summary_large_image","twitter_misc":{"Est. reading time":"4 minutes"},"schema":{"@context":"https:\/\/schema.org","@graph":[{"@type":"WebPage","@id":"https:\/\/pateens.com\/termos-e-condicoes\/","url":"https:\/\/pateens.com\/termos-e-condicoes\/","name":"Termos e Condi\u00e7\u00f5es - Pateens","isPartOf":{"@id":"https:\/\/pateens.com\/es\/#website"},"datePublished":"2023-09-21T15:04:55+00:00","dateModified":"2023-09-21T15:04:56+00:00","breadcrumb":{"@id":"https:\/\/pateens.com\/termos-e-condicoes\/#breadcrumb"},"inLanguage":"en-US","potentialAction":[{"@type":"ReadAction","target":["https:\/\/pateens.com\/termos-e-condicoes\/"]}]},{"@type":"BreadcrumbList","@id":"https:\/\/pateens.com\/termos-e-condicoes\/#breadcrumb","itemListElement":[{"@type":"ListItem","position":1,"name":"In\u00edcio","item":"https:\/\/pateens.com\/es\/"},{"@type":"ListItem","position":2,"name":"Termos e Condi\u00e7\u00f5es"}]},{"@type":"WebSite","@id":"https:\/\/pateens.com\/es\/#website","url":"https:\/\/pateens.com\/es\/","name":"Pateens","description":"Lots of tips and news from the world for you!","publisher":{"@id":"https:\/\/pateens.com\/es\/#organization"},"potentialAction":[{"@type":"SearchAction","target":{"@type":"EntryPoint","urlTemplate":"https:\/\/pateens.com\/es\/?s={search_term_string}"},"query-input":{"@type":"PropertyValueSpecification","valueRequired":true,"valueName":"search_term_string"}}],"inLanguage":"en-US"},{"@type":"Organization","@id":"https:\/\/pateens.com\/es\/#organization","name":"Pateens","url":"https:\/\/pateens.com\/es\/","logo":{"@type":"ImageObject","inLanguage":"en-US","@id":"https:\/\/pateens.com\/es\/#\/schema\/logo\/image\/","url":"https:\/\/pateens.com\/wp-content\/uploads\/2023\/09\/cropped-WhatsApp-Image-2023-09-22-at-10.28.17-e1695389616971.jpeg","contentUrl":"https:\/\/pateens.com\/wp-content\/uploads\/2023\/09\/cropped-WhatsApp-Image-2023-09-22-at-10.28.17-e1695389616971.jpeg","width":200,"height":37,"caption":"Pateens"},"image":{"@id":"https:\/\/pateens.com\/es\/#\/schema\/logo\/image\/"}}]}},"_links":{"self":[{"href":"https:\/\/pateens.com\/en\/wp-json\/wp\/v2\/pages\/22","targetHints":{"allow":["GET"]}}],"collection":[{"href":"https:\/\/pateens.com\/en\/wp-json\/wp\/v2\/pages"}],"about":[{"href":"https:\/\/pateens.com\/en\/wp-json\/wp\/v2\/types\/page"}],"author":[{"embeddable":true,"href":"https:\/\/pateens.com\/en\/wp-json\/wp\/v2\/users\/14"}],"replies":[{"embeddable":true,"href":"https:\/\/pateens.com\/en\/wp-json\/wp\/v2\/comments?post=22"}],"version-history":[{"count":0,"href":"https:\/\/pateens.com\/en\/wp-json\/wp\/v2\/pages\/22\/revisions"}],"wp:attachment":[{"href":"https:\/\/pateens.com\/en\/wp-json\/wp\/v2\/media?parent=22"}],"curies":[{"name":"wp","href":"https:\/\/api.w.org\/{rel}","templated":true}]}}