{"id":22,"date":"2023-09-21T12:04:55","date_gmt":"2023-09-21T15:04:55","guid":{"rendered":"https:\/\/pateens.com\/?page_id=22"},"modified":"2023-09-21T12:04:56","modified_gmt":"2023-09-21T15:04:56","slug":"termos-e-condicoes","status":"publish","type":"page","link":"https:\/\/pateens.com\/fi\/termos-e-condicoes\/","title":{"rendered":"K\u00e4ytt\u00f6ehdot"},"content":{"rendered":"<h2><span style=\"color: rgb(68, 68, 68);\">1. Ehdot<\/span><\/h2><p><span style=\"color: rgb(68, 68, 68);\">Kun k\u00e4yt\u00e4t verkkosivustoa <a href=\"https:\/\/pateens.com\/fi\/\">Pateenit<\/a>, sitoudut noudattamaan n\u00e4it\u00e4 k\u00e4ytt\u00f6ehtoja, kaikkia sovellettavia lakeja ja m\u00e4\u00e4r\u00e4yksi\u00e4 ja hyv\u00e4ksyt, ett\u00e4 olet vastuussa kaikkien sovellettavien paikallisten lakien noudattamisesta. Jos et hyv\u00e4ksy n\u00e4it\u00e4 ehtoja, sinulla on kielletty\u00e4 k\u00e4ytt\u00e4\u00e4 t\u00e4t\u00e4 sivustoa. T\u00e4m\u00e4n verkkosivuston sis\u00e4lt\u00f6 on suojattu sovellettavilla tekij\u00e4noikeus- ja tavaramerkkilaeilla.<\/span><\/p><h2><span style=\"color: rgb(68, 68, 68);\">2. K\u00e4ytt\u00f6oikeus<\/span><\/h2><p><span style=\"color: rgb(68, 68, 68);\">Pateensin verkkosivustolla olevista materiaaleista (tiedoista tai ohjelmistoista) saa ladata tilap\u00e4isesti yhden kopion henkil\u00f6kohtaiseen, ei-kaupalliseen ja tilap\u00e4iseen katseluun. T\u00e4m\u00e4 on lisenssin my\u00f6nt\u00e4minen, ei omistusoikeuden siirto, ja t\u00e4m\u00e4n lisenssin nojalla et saa:&nbsp;<\/span><\/p><ol><li><span style=\"color: rgb(68, 68, 68);\">muokata tai kopioida materiaaleja;&nbsp;<\/span><\/li><li><span style=\"color: rgb(68, 68, 68);\">k\u00e4ytt\u00e4\u00e4 materiaaleja mihink\u00e4\u00e4n kaupalliseen tarkoitukseen tai mihink\u00e4\u00e4n julkiseen esittelyyn (kaupalliseen tai ei-kaupalliseen);&nbsp;<\/span><\/li><li><span style=\"color: rgb(68, 68, 68);\">yritt\u00e4\u00e4 purkaa tai takaisinmallintaa mit\u00e4\u00e4n Pateens-verkkosivustolla olevaa ohjelmistoa;&nbsp;<\/span><\/li><li><span style=\"color: rgb(68, 68, 68);\">poistaa materiaaleista kaikki tekij\u00e4noikeus- tai muut omistusoikeusmerkinn\u00e4t; tai&nbsp;<\/span><\/li><li><span style=\"color: rgb(68, 68, 68);\">siirt\u00e4\u00e4 materiaaleja toiselle henkil\u00f6lle tai &quot;peilata&quot; materiaaleja mille tahansa muulle palvelimelle.<\/span><\/li><\/ol><p><span style=\"color: rgb(68, 68, 68);\">T\u00e4m\u00e4 lisenssi p\u00e4\u00e4ttyy automaattisesti, jos rikot jotakin n\u00e4ist\u00e4 rajoituksista, ja Pateens voi irtisanoa sen milloin tahansa. Kun lopetat n\u00e4iden materiaalien katselun tai t\u00e4m\u00e4 lisenssi p\u00e4\u00e4ttyy, sinun on tuhottava kaikki hallussasi olevat ladatut materiaalit sek\u00e4 s\u00e4hk\u00f6isess\u00e4 ett\u00e4 tulostetussa muodossa.<\/span><\/p><h2><span style=\"color: rgb(68, 68, 68);\">3. Vastuuvapauslauseke<\/span><\/h2><ol><li><span style=\"color: rgb(68, 68, 68);\">Pateensin verkkosivuston materiaalit tarjotaan &quot;sellaisenaan&quot;. Pateens ei anna mit\u00e4\u00e4n takuita, ei suoria eik\u00e4 ep\u00e4suoria, ja kiist\u00e4\u00e4 ja kielt\u00e4\u00e4 t\u00e4ten kaikki muut takuut, mukaan lukien rajoituksetta ep\u00e4suorat takuut tai ehdot myyntikelpoisuudesta, soveltuvuudesta tiettyyn tarkoitukseen tai immateriaalioikeuksien loukkaamattomuudesta tai muista oikeuksien loukkauksista.<\/span><\/li><li><span style=\"color: rgb(68, 68, 68);\">Lis\u00e4ksi Pateens ei takaa eik\u00e4 anna mit\u00e4\u00e4n vakuutuksia verkkosivustollaan olevien materiaalien tai muutoin n\u00e4ihin materiaaleihin tai t\u00e4h\u00e4n sivustoon linkitettyjen sivustojen materiaalien tarkkuudesta, todenn\u00e4k\u00f6isist\u00e4 tuloksista tai luotettavuudesta.<\/span><\/li><\/ol><h2><span style=\"color: rgb(68, 68, 68);\">4. Rajoitukset<\/span><\/h2><p><span style=\"color: rgb(68, 68, 68);\">Pateens tai sen toimittajat eiv\u00e4t miss\u00e4\u00e4n tapauksessa ole vastuussa mist\u00e4\u00e4n vahingoista (mukaan lukien rajoituksetta vahingot tietojen tai voiton menetyksest\u00e4 tai liiketoiminnan keskeytymisest\u00e4), jotka johtuvat Pateensin internetsivustolla olevien materiaalien k\u00e4yt\u00f6st\u00e4 tai k\u00e4yt\u00f6n estymisest\u00e4, vaikka Pateensille tai Pateensin valtuutetulle edustajalle olisi ilmoitettu suullisesti tai kirjallisesti t\u00e4llaisen vahingon mahdollisuudesta. Koska jotkut laink\u00e4ytt\u00f6alueet eiv\u00e4t salli oletettujen takuiden rajoituksia tai v\u00e4lillisten tai satunnaisten vahinkojen vastuun rajoituksia, n\u00e4m\u00e4 rajoitukset eiv\u00e4t v\u00e4ltt\u00e4m\u00e4tt\u00e4 koske sinua.<\/span><\/p><h2><span style=\"color: rgb(68, 68, 68);\">5. Materiaalien tarkkuus<\/span><\/h2><p><span style=\"color: rgb(68, 68, 68);\">Pateensin verkkosivustolla n\u00e4kyv\u00e4t materiaalit saattavat sis\u00e4lt\u00e4\u00e4 teknisi\u00e4, typografisia tai valokuvauksellisia virheit\u00e4. Pateens ei takaa, ett\u00e4 mik\u00e4\u00e4n sen verkkosivustolla oleva materiaali on tarkkaa, t\u00e4ydellist\u00e4 tai ajantasaista. Pateens voi tehd\u00e4 muutoksia verkkosivustollaan olevaan materiaaliin milloin tahansa ilman erillist\u00e4 ilmoitusta. Pateens ei kuitenkaan sitoudu p\u00e4ivitt\u00e4m\u00e4\u00e4n materiaaleja.<\/span><\/p><h2><span style=\"color: rgb(68, 68, 68);\">6. Linkit<\/span><\/h2><p><span style=\"color: rgb(68, 68, 68);\">Pateens ei ole tarkistanut kaikkia verkkosivustoonsa linkitettyj\u00e4 sivustoja eik\u00e4 ole vastuussa mink\u00e4\u00e4n linkitetyn sivuston sis\u00e4ll\u00f6st\u00e4. Linkin sis\u00e4llytt\u00e4minen ei tarkoita, ett\u00e4 Pateens hyv\u00e4ksyisi sivuston. T\u00e4llaisen linkitetyn verkkosivuston k\u00e4ytt\u00f6 on k\u00e4ytt\u00e4j\u00e4n omalla vastuulla.<\/span><\/p><p><br><\/p><h3><span style=\"color: rgb(68, 68, 68);\">Muutokset<\/span><\/h3><p><span style=\"color: rgb(68, 68, 68);\">Pateens voi muuttaa n\u00e4it\u00e4 verkkosivustonsa k\u00e4ytt\u00f6ehtoja milloin tahansa ilman erillist\u00e4 ilmoitusta. K\u00e4ytt\u00e4m\u00e4ll\u00e4 t\u00e4t\u00e4 verkkosivustoa hyv\u00e4ksyt kulloinkin voimassa olevan version n\u00e4ist\u00e4 k\u00e4ytt\u00f6ehdoista.<\/span><\/p><h3><span style=\"color: rgb(68, 68, 68);\">Sovellettava laki<\/span><\/h3><p><span style=\"color: rgb(68, 68, 68);\">N\u00e4ihin ehtoihin sovelletaan Pateensin lakeja ja niit\u00e4 tulkitaan kyseisen lain mukaisesti, ja peruuttamattomasti suostut kyseisen osavaltion tai paikan tuomioistuinten yksinomaiseen toimivaltaan.<\/span><\/p>","protected":false},"excerpt":{"rendered":"<p>1. Ehdot K\u00e4ytt\u00e4m\u00e4ll\u00e4 Pateens-verkkosivustoa sitoudut noudattamaan n\u00e4it\u00e4 k\u00e4ytt\u00f6ehtoja, kaikkia sovellettavia lakeja ja m\u00e4\u00e4r\u00e4yksi\u00e4 ja hyv\u00e4ksyt, ett\u00e4 olet vastuussa kaikkien sovellettavien paikallisten lakien noudattamisesta. Jos et hyv\u00e4ksy n\u00e4it\u00e4 ehtoja, sinulla on kielletty\u00e4 k\u00e4ytt\u00e4\u00e4 t\u00e4t\u00e4 sivustoa. T\u00e4m\u00e4n verkkosivuston materiaalit ovat \u2026 <\/p>","protected":false},"author":14,"featured_media":0,"parent":0,"menu_order":0,"comment_status":"closed","ping_status":"closed","template":"","meta":{"footnotes":""},"class_list":["post-22","page","type-page","status-publish","hentry","latest_post"],"yoast_head":"<!-- This site is optimized with the Yoast SEO plugin v26.3 - https:\/\/yoast.com\/wordpress\/plugins\/seo\/ -->\n<title>Termos e Condi\u00e7\u00f5es - Pateens<\/title>\n<meta name=\"robots\" content=\"index, follow, max-snippet:-1, max-image-preview:large, max-video-preview:-1\" \/>\n<link rel=\"canonical\" href=\"https:\/\/pateens.com\/fi\/termos-e-condicoes\/\" \/>\n<meta property=\"og:locale\" content=\"fi_FI\" \/>\n<meta property=\"og:type\" content=\"article\" \/>\n<meta property=\"og:title\" content=\"Termos e Condi\u00e7\u00f5es - Pateens\" \/>\n<meta property=\"og:description\" content=\"1. Termos Ao acessar ao site Pateens, concorda em cumprir estes termos de servi\u00e7o, todas as leis e regulamentos aplic\u00e1veis \u200b\u200be concorda que \u00e9 respons\u00e1vel pelo cumprimento de todas as leis locais aplic\u00e1veis. Se voc\u00ea n\u00e3o concordar com algum desses termos, est\u00e1 proibido de usar ou acessar este site. Os materiais contidos neste site s\u00e3o &hellip;\" \/>\n<meta property=\"og:url\" content=\"https:\/\/pateens.com\/fi\/termos-e-condicoes\/\" \/>\n<meta property=\"og:site_name\" content=\"Pateens\" \/>\n<meta property=\"article:modified_time\" content=\"2023-09-21T15:04:56+00:00\" \/>\n<meta name=\"twitter:card\" content=\"summary_large_image\" \/>\n<meta name=\"twitter:label1\" content=\"Arvioitu lukuaika\" \/>\n\t<meta name=\"twitter:data1\" content=\"4 minuuttia\" \/>\n<script type=\"application\/ld+json\" class=\"yoast-schema-graph\">{\"@context\":\"https:\/\/schema.org\",\"@graph\":[{\"@type\":\"WebPage\",\"@id\":\"https:\/\/pateens.com\/termos-e-condicoes\/\",\"url\":\"https:\/\/pateens.com\/termos-e-condicoes\/\",\"name\":\"Termos e Condi\u00e7\u00f5es - Pateens\",\"isPartOf\":{\"@id\":\"https:\/\/pateens.com\/es\/#website\"},\"datePublished\":\"2023-09-21T15:04:55+00:00\",\"dateModified\":\"2023-09-21T15:04:56+00:00\",\"breadcrumb\":{\"@id\":\"https:\/\/pateens.com\/termos-e-condicoes\/#breadcrumb\"},\"inLanguage\":\"fi\",\"potentialAction\":[{\"@type\":\"ReadAction\",\"target\":[\"https:\/\/pateens.com\/termos-e-condicoes\/\"]}]},{\"@type\":\"BreadcrumbList\",\"@id\":\"https:\/\/pateens.com\/termos-e-condicoes\/#breadcrumb\",\"itemListElement\":[{\"@type\":\"ListItem\",\"position\":1,\"name\":\"In\u00edcio\",\"item\":\"https:\/\/pateens.com\/es\/\"},{\"@type\":\"ListItem\",\"position\":2,\"name\":\"Termos e Condi\u00e7\u00f5es\"}]},{\"@type\":\"WebSite\",\"@id\":\"https:\/\/pateens.com\/es\/#website\",\"url\":\"https:\/\/pateens.com\/es\/\",\"name\":\"Pateens\",\"description\":\"Muitas dicas e novidades do mundo para voc\u00ea!\",\"publisher\":{\"@id\":\"https:\/\/pateens.com\/es\/#organization\"},\"potentialAction\":[{\"@type\":\"SearchAction\",\"target\":{\"@type\":\"EntryPoint\",\"urlTemplate\":\"https:\/\/pateens.com\/es\/?s={search_term_string}\"},\"query-input\":{\"@type\":\"PropertyValueSpecification\",\"valueRequired\":true,\"valueName\":\"search_term_string\"}}],\"inLanguage\":\"fi\"},{\"@type\":\"Organization\",\"@id\":\"https:\/\/pateens.com\/es\/#organization\",\"name\":\"Pateens\",\"url\":\"https:\/\/pateens.com\/es\/\",\"logo\":{\"@type\":\"ImageObject\",\"inLanguage\":\"fi\",\"@id\":\"https:\/\/pateens.com\/es\/#\/schema\/logo\/image\/\",\"url\":\"https:\/\/pateens.com\/wp-content\/uploads\/2023\/09\/cropped-WhatsApp-Image-2023-09-22-at-10.28.17-e1695389616971.jpeg\",\"contentUrl\":\"https:\/\/pateens.com\/wp-content\/uploads\/2023\/09\/cropped-WhatsApp-Image-2023-09-22-at-10.28.17-e1695389616971.jpeg\",\"width\":200,\"height\":37,\"caption\":\"Pateens\"},\"image\":{\"@id\":\"https:\/\/pateens.com\/es\/#\/schema\/logo\/image\/\"}}]}<\/script>\n<!-- \/ Yoast SEO plugin. -->","yoast_head_json":{"title":"Termos e Condi\u00e7\u00f5es - Pateens","robots":{"index":"index","follow":"follow","max-snippet":"max-snippet:-1","max-image-preview":"max-image-preview:large","max-video-preview":"max-video-preview:-1"},"canonical":"https:\/\/pateens.com\/fi\/termos-e-condicoes\/","og_locale":"fi_FI","og_type":"article","og_title":"Termos e Condi\u00e7\u00f5es - Pateens","og_description":"1. Termos Ao acessar ao site Pateens, concorda em cumprir estes termos de servi\u00e7o, todas as leis e regulamentos aplic\u00e1veis \u200b\u200be concorda que \u00e9 respons\u00e1vel pelo cumprimento de todas as leis locais aplic\u00e1veis. Se voc\u00ea n\u00e3o concordar com algum desses termos, est\u00e1 proibido de usar ou acessar este site. Os materiais contidos neste site s\u00e3o &hellip;","og_url":"https:\/\/pateens.com\/fi\/termos-e-condicoes\/","og_site_name":"Pateens","article_modified_time":"2023-09-21T15:04:56+00:00","twitter_card":"summary_large_image","twitter_misc":{"Arvioitu lukuaika":"4 minuuttia"},"schema":{"@context":"https:\/\/schema.org","@graph":[{"@type":"WebPage","@id":"https:\/\/pateens.com\/termos-e-condicoes\/","url":"https:\/\/pateens.com\/termos-e-condicoes\/","name":"Termos e Condi\u00e7\u00f5es - Pateens","isPartOf":{"@id":"https:\/\/pateens.com\/es\/#website"},"datePublished":"2023-09-21T15:04:55+00:00","dateModified":"2023-09-21T15:04:56+00:00","breadcrumb":{"@id":"https:\/\/pateens.com\/termos-e-condicoes\/#breadcrumb"},"inLanguage":"fi","potentialAction":[{"@type":"ReadAction","target":["https:\/\/pateens.com\/termos-e-condicoes\/"]}]},{"@type":"BreadcrumbList","@id":"https:\/\/pateens.com\/termos-e-condicoes\/#breadcrumb","itemListElement":[{"@type":"ListItem","position":1,"name":"In\u00edcio","item":"https:\/\/pateens.com\/es\/"},{"@type":"ListItem","position":2,"name":"Termos e Condi\u00e7\u00f5es"}]},{"@type":"WebSite","@id":"https:\/\/pateens.com\/es\/#website","url":"https:\/\/pateens.com\/es\/","name":"Pateenit","description":"Paljon vinkkej\u00e4 ja uutisia maailmalta sinulle!","publisher":{"@id":"https:\/\/pateens.com\/es\/#organization"},"potentialAction":[{"@type":"SearchAction","target":{"@type":"EntryPoint","urlTemplate":"https:\/\/pateens.com\/es\/?s={search_term_string}"},"query-input":{"@type":"PropertyValueSpecification","valueRequired":true,"valueName":"search_term_string"}}],"inLanguage":"fi"},{"@type":"Organization","@id":"https:\/\/pateens.com\/es\/#organization","name":"Pateenit","url":"https:\/\/pateens.com\/es\/","logo":{"@type":"ImageObject","inLanguage":"fi","@id":"https:\/\/pateens.com\/es\/#\/schema\/logo\/image\/","url":"https:\/\/pateens.com\/wp-content\/uploads\/2023\/09\/cropped-WhatsApp-Image-2023-09-22-at-10.28.17-e1695389616971.jpeg","contentUrl":"https:\/\/pateens.com\/wp-content\/uploads\/2023\/09\/cropped-WhatsApp-Image-2023-09-22-at-10.28.17-e1695389616971.jpeg","width":200,"height":37,"caption":"Pateens"},"image":{"@id":"https:\/\/pateens.com\/es\/#\/schema\/logo\/image\/"}}]}},"_links":{"self":[{"href":"https:\/\/pateens.com\/fi\/wp-json\/wp\/v2\/pages\/22","targetHints":{"allow":["GET"]}}],"collection":[{"href":"https:\/\/pateens.com\/fi\/wp-json\/wp\/v2\/pages"}],"about":[{"href":"https:\/\/pateens.com\/fi\/wp-json\/wp\/v2\/types\/page"}],"author":[{"embeddable":true,"href":"https:\/\/pateens.com\/fi\/wp-json\/wp\/v2\/users\/14"}],"replies":[{"embeddable":true,"href":"https:\/\/pateens.com\/fi\/wp-json\/wp\/v2\/comments?post=22"}],"version-history":[{"count":0,"href":"https:\/\/pateens.com\/fi\/wp-json\/wp\/v2\/pages\/22\/revisions"}],"wp:attachment":[{"href":"https:\/\/pateens.com\/fi\/wp-json\/wp\/v2\/media?parent=22"}],"curies":[{"name":"wp","href":"https:\/\/api.w.org\/{rel}","templated":true}]}}