{"id":16,"date":"2023-09-21T12:01:43","date_gmt":"2023-09-21T15:01:43","guid":{"rendered":"https:\/\/pateens.com\/?page_id=16"},"modified":"2023-09-21T12:03:41","modified_gmt":"2023-09-21T15:03:41","slug":"politica-de-privacidade","status":"publish","type":"page","link":"https:\/\/pateens.com\/fr\/politica-de-privacidade\/","title":{"rendered":"politique de confidentialit\u00e9"},"content":{"rendered":"<h2><span style=\"color: rgb(68, 68, 68);\">politique de confidentialit\u00e9<\/span><\/h2><p><span style=\"color: rgb(68, 68, 68);\">Votre vie priv\u00e9e est importante pour nous. La politique de Pateens est de respecter votre vie priv\u00e9e concernant toute information que nous pouvons recueillir aupr\u00e8s de vous sur le site Web. <a href=\"https:\/\/pateens.com\/fr\/\">Pat\u00e8nes<\/a>, et d&#039;autres sites que nous poss\u00e9dons et exploitons.<\/span><\/p><p><span style=\"color: rgb(68, 68, 68);\">Nous ne demandons des informations personnelles que lorsque nous en avons r\u00e9ellement besoin pour vous fournir un service. Nous le faisons par des moyens justes et l\u00e9gaux, avec votre connaissance et votre consentement. Nous vous expliquons \u00e9galement pourquoi nous les collectons et comment ils seront utilis\u00e9s.<\/span><\/p><p><span style=\"color: rgb(68, 68, 68);\">Nous ne conservons les informations collect\u00e9es que le temps n\u00e9cessaire pour fournir le service demand\u00e9. Lorsque nous stockons des donn\u00e9es, nous les prot\u00e9geons par des moyens commercialement acceptables pour emp\u00eacher la perte et le vol, ainsi que l&#039;acc\u00e8s, la divulgation, la copie, l&#039;utilisation ou la modification non autoris\u00e9s.<\/span><\/p><p><span style=\"color: rgb(68, 68, 68);\">Nous ne partageons pas d&#039;informations personnelles identifiables publiquement ou avec des tiers, sauf lorsque la loi l&#039;exige.<\/span><\/p><p><span style=\"color: rgb(68, 68, 68);\">Notre site Web peut contenir des liens vers des sites Web externes qui ne sont pas exploit\u00e9s par nous. Veuillez noter que nous n&#039;avons aucun contr\u00f4le sur le contenu et les pratiques de ces sites et ne pouvons accepter la responsabilit\u00e9 de leurs&nbsp;<\/span><a href=\"https:\/\/politicaprivacidade.com\/\" rel=\"noopener noreferrer\" target=\"_blank\" style=\"background-color: transparent; color: rgb(68, 68, 68);\">Les politiques de confidentialit\u00e9<\/a><span style=\"color: rgb(68, 68, 68);\">.<\/span><\/p><p><span style=\"color: rgb(68, 68, 68);\">Vous \u00eates libre de refuser notre demande concernant vos informations personnelles, \u00e9tant entendu que nous pourrions ne pas \u00eatre en mesure de vous fournir certains des services souhait\u00e9s.<\/span><\/p><p><span style=\"color: rgb(68, 68, 68);\">Votre utilisation continue de notre site Web sera consid\u00e9r\u00e9e comme une acceptation de nos pratiques en mati\u00e8re de confidentialit\u00e9 et d\u2019informations personnelles. Si vous avez des questions sur la mani\u00e8re dont nous traitons les donn\u00e9es utilisateur et les informations personnelles, veuillez nous contacter.<\/span><\/p><p><span style=\"color: rgb(68, 68, 68);\"><ul><li><span style=\"color: rgb(68, 68, 68);\">Le service Google AdSense que nous utilisons pour diffuser de la publicit\u00e9 utilise un cookie DoubleClick pour diffuser des annonces plus pertinentes sur le Web et limiter le nombre de fois qu&#039;une annonce particuli\u00e8re vous est pr\u00e9sent\u00e9e.<\/span><\/li><li><span style=\"color: rgb(68, 68, 68);\">Pour plus d&#039;informations sur Google AdSense, consultez la FAQ officielle sur la confidentialit\u00e9 de Google AdSense.<\/span><\/li><li><span style=\"color: rgb(68, 68, 68);\">Nous utilisons des publicit\u00e9s pour compenser les co\u00fbts de fonctionnement de ce site et financer le d\u00e9veloppement futur. Les cookies de publicit\u00e9 comportementale utilis\u00e9s par ce site sont con\u00e7us pour garantir que nous vous fournissons les publicit\u00e9s les plus pertinentes lorsque cela est possible en suivant de mani\u00e8re anonyme vos int\u00e9r\u00eats et en pr\u00e9sentant des \u00e9l\u00e9ments similaires susceptibles de vous int\u00e9resser.<\/span><\/li><li><span style=\"color: rgb(68, 68, 68);\">Plusieurs partenaires font de la publicit\u00e9 en notre nom et les cookies de suivi d&#039;affiliation nous permettent simplement de voir si nos clients ont acc\u00e9d\u00e9 au site via l&#039;un des sites de nos partenaires afin que nous puissions les cr\u00e9diter de mani\u00e8re appropri\u00e9e et, le cas \u00e9ch\u00e9ant, permettre \u00e0 nos partenaires affili\u00e9s de proposer toute promotion qui peut vous fournir pour effectuer un achat.<\/span><\/li><\/ul><p><br><\/p><\/span><\/p><h3><span style=\"color: rgb(68, 68, 68);\">Engagement de l&#039;utilisateur<\/span><\/h3><p><span style=\"color: rgb(68, 68, 68);\">L&#039;utilisateur s&#039;engage \u00e0 faire un usage appropri\u00e9 du contenu et des informations que Pateens propose sur le site Internet et \u00e0 caract\u00e8re \u00e9nonciatif mais non limitatif :<\/span><\/p><ul><li><span style=\"color: rgb(68, 68, 68);\">A) Ne pas se livrer \u00e0 des activit\u00e9s ill\u00e9gales ou contraires \u00e0 la bonne foi et \u00e0 l&#039;ordre public\u00a0;<\/span><\/li><li><span style=\"color: rgb(68, 68, 68);\">B) Ne pas diffuser de propagande ou de contenus \u00e0 caract\u00e8re raciste, x\u00e9nophobe, de jeux de hasard, tout type de pornographie ill\u00e9gale, en soutien au terrorisme ou contre les droits de l&#039;homme ;<\/span><\/li><li><span style=\"color: rgb(68, 68, 68);\">C) Ne pas causer de dommages aux syst\u00e8mes physiques (mat\u00e9riel) et logiques (logiciels) de Pateens, de ses fournisseurs ou de tiers, pour introduire ou diffuser des virus informatiques ou tout autre syst\u00e8me mat\u00e9riel ou logiciel susceptible de causer les dommages susmentionn\u00e9s.<\/span><\/li><\/ul><h3><span style=\"color: rgb(68, 68, 68);\">Plus d&#039;information<\/span><\/h3><p><span style=\"color: rgb(68, 68, 68);\">J&#039;esp\u00e8re que c&#039;est clair, et comme mentionn\u00e9 pr\u00e9c\u00e9demment, s&#039;il y a quelque chose dont vous n&#039;\u00eates pas s\u00fbr d&#039;en avoir besoin ou non, il est g\u00e9n\u00e9ralement plus s\u00fbr de laisser les cookies activ\u00e9s au cas o\u00f9 ils interagiraient avec l&#039;une des fonctionnalit\u00e9s que vous utilisez sur notre site.<\/span><\/p><p><span style=\"color: rgb(68, 68, 68);\">Cette politique est en vigueur \u00e0 compter du 21 septembre 2023 <\/span><\/p>","protected":false},"excerpt":{"rendered":"<p>Politique de confidentialit\u00e9 Votre vie priv\u00e9e est importante pour nous. La politique de Pateens est de respecter votre vie priv\u00e9e concernant toute information que nous pouvons recueillir aupr\u00e8s de vous sur le site Web de Pateens et sur d&#039;autres sites que nous poss\u00e9dons et exploitons. Nous ne demandons des informations personnelles que lorsque nous en avons r\u00e9ellement besoin pour vous fournir un service. Nous le faisons par des moyens justes et l\u00e9gaux,\u2026 <\/p>","protected":false},"author":14,"featured_media":0,"parent":0,"menu_order":0,"comment_status":"closed","ping_status":"closed","template":"","meta":{"footnotes":""},"class_list":["post-16","page","type-page","status-publish","hentry","latest_post"],"yoast_head":"<!-- This site is optimized with the Yoast SEO plugin v26.3 - https:\/\/yoast.com\/wordpress\/plugins\/seo\/ -->\n<title>Pol\u00edtica de Privacidade - Pateens<\/title>\n<meta name=\"robots\" content=\"index, follow, max-snippet:-1, max-image-preview:large, max-video-preview:-1\" \/>\n<link rel=\"canonical\" href=\"https:\/\/pateens.com\/fr\/politica-de-privacidade\/\" \/>\n<meta property=\"og:locale\" content=\"fr_FR\" \/>\n<meta property=\"og:type\" content=\"article\" \/>\n<meta property=\"og:title\" content=\"Pol\u00edtica de Privacidade - Pateens\" \/>\n<meta property=\"og:description\" content=\"Pol\u00edtica Privacidade A sua privacidade \u00e9 importante para n\u00f3s. \u00c9 pol\u00edtica do Pateens respeitar a sua privacidade em rela\u00e7\u00e3o a qualquer informa\u00e7\u00e3o sua que possamos coletar no site Pateens, e outros sites que possu\u00edmos e operamos. Solicitamos informa\u00e7\u00f5es pessoais apenas quando realmente precisamos delas para lhe fornecer um servi\u00e7o. Fazemo-lo por meios justos e legais, &hellip;\" \/>\n<meta property=\"og:url\" content=\"https:\/\/pateens.com\/fr\/politica-de-privacidade\/\" \/>\n<meta property=\"og:site_name\" content=\"Pateens\" \/>\n<meta property=\"article:modified_time\" content=\"2023-09-21T15:03:41+00:00\" \/>\n<meta name=\"twitter:card\" content=\"summary_large_image\" \/>\n<meta name=\"twitter:label1\" content=\"Dur\u00e9e de lecture estim\u00e9e\" \/>\n\t<meta name=\"twitter:data1\" content=\"4 minutes\" \/>\n<script type=\"application\/ld+json\" class=\"yoast-schema-graph\">{\"@context\":\"https:\/\/schema.org\",\"@graph\":[{\"@type\":\"WebPage\",\"@id\":\"https:\/\/pateens.com\/politica-de-privacidade\/\",\"url\":\"https:\/\/pateens.com\/politica-de-privacidade\/\",\"name\":\"Pol\u00edtica de Privacidade - Pateens\",\"isPartOf\":{\"@id\":\"https:\/\/pateens.com\/es\/#website\"},\"datePublished\":\"2023-09-21T15:01:43+00:00\",\"dateModified\":\"2023-09-21T15:03:41+00:00\",\"breadcrumb\":{\"@id\":\"https:\/\/pateens.com\/politica-de-privacidade\/#breadcrumb\"},\"inLanguage\":\"fr-FR\",\"potentialAction\":[{\"@type\":\"ReadAction\",\"target\":[\"https:\/\/pateens.com\/politica-de-privacidade\/\"]}]},{\"@type\":\"BreadcrumbList\",\"@id\":\"https:\/\/pateens.com\/politica-de-privacidade\/#breadcrumb\",\"itemListElement\":[{\"@type\":\"ListItem\",\"position\":1,\"name\":\"In\u00edcio\",\"item\":\"https:\/\/pateens.com\/es\/\"},{\"@type\":\"ListItem\",\"position\":2,\"name\":\"Pol\u00edtica de Privacidade\"}]},{\"@type\":\"WebSite\",\"@id\":\"https:\/\/pateens.com\/es\/#website\",\"url\":\"https:\/\/pateens.com\/es\/\",\"name\":\"Pateens\",\"description\":\"Muitas dicas e novidades do mundo para voc\u00ea!\",\"publisher\":{\"@id\":\"https:\/\/pateens.com\/es\/#organization\"},\"potentialAction\":[{\"@type\":\"SearchAction\",\"target\":{\"@type\":\"EntryPoint\",\"urlTemplate\":\"https:\/\/pateens.com\/es\/?s={search_term_string}\"},\"query-input\":{\"@type\":\"PropertyValueSpecification\",\"valueRequired\":true,\"valueName\":\"search_term_string\"}}],\"inLanguage\":\"fr-FR\"},{\"@type\":\"Organization\",\"@id\":\"https:\/\/pateens.com\/es\/#organization\",\"name\":\"Pateens\",\"url\":\"https:\/\/pateens.com\/es\/\",\"logo\":{\"@type\":\"ImageObject\",\"inLanguage\":\"fr-FR\",\"@id\":\"https:\/\/pateens.com\/es\/#\/schema\/logo\/image\/\",\"url\":\"https:\/\/pateens.com\/wp-content\/uploads\/2023\/09\/cropped-WhatsApp-Image-2023-09-22-at-10.28.17-e1695389616971.jpeg\",\"contentUrl\":\"https:\/\/pateens.com\/wp-content\/uploads\/2023\/09\/cropped-WhatsApp-Image-2023-09-22-at-10.28.17-e1695389616971.jpeg\",\"width\":200,\"height\":37,\"caption\":\"Pateens\"},\"image\":{\"@id\":\"https:\/\/pateens.com\/es\/#\/schema\/logo\/image\/\"}}]}<\/script>\n<!-- \/ Yoast SEO plugin. -->","yoast_head_json":{"title":"Politique de confidentialit\u00e9 - Pateens","robots":{"index":"index","follow":"follow","max-snippet":"max-snippet:-1","max-image-preview":"max-image-preview:large","max-video-preview":"max-video-preview:-1"},"canonical":"https:\/\/pateens.com\/fr\/politica-de-privacidade\/","og_locale":"fr_FR","og_type":"article","og_title":"Pol\u00edtica de Privacidade - Pateens","og_description":"Pol\u00edtica Privacidade A sua privacidade \u00e9 importante para n\u00f3s. \u00c9 pol\u00edtica do Pateens respeitar a sua privacidade em rela\u00e7\u00e3o a qualquer informa\u00e7\u00e3o sua que possamos coletar no site Pateens, e outros sites que possu\u00edmos e operamos. Solicitamos informa\u00e7\u00f5es pessoais apenas quando realmente precisamos delas para lhe fornecer um servi\u00e7o. Fazemo-lo por meios justos e legais, &hellip;","og_url":"https:\/\/pateens.com\/fr\/politica-de-privacidade\/","og_site_name":"Pateens","article_modified_time":"2023-09-21T15:03:41+00:00","twitter_card":"summary_large_image","twitter_misc":{"Dur\u00e9e de lecture estim\u00e9e":"4 minutes"},"schema":{"@context":"https:\/\/schema.org","@graph":[{"@type":"WebPage","@id":"https:\/\/pateens.com\/politica-de-privacidade\/","url":"https:\/\/pateens.com\/politica-de-privacidade\/","name":"Politique de confidentialit\u00e9 - Pateens","isPartOf":{"@id":"https:\/\/pateens.com\/es\/#website"},"datePublished":"2023-09-21T15:01:43+00:00","dateModified":"2023-09-21T15:03:41+00:00","breadcrumb":{"@id":"https:\/\/pateens.com\/politica-de-privacidade\/#breadcrumb"},"inLanguage":"fr-FR","potentialAction":[{"@type":"ReadAction","target":["https:\/\/pateens.com\/politica-de-privacidade\/"]}]},{"@type":"BreadcrumbList","@id":"https:\/\/pateens.com\/politica-de-privacidade\/#breadcrumb","itemListElement":[{"@type":"ListItem","position":1,"name":"In\u00edcio","item":"https:\/\/pateens.com\/es\/"},{"@type":"ListItem","position":2,"name":"Pol\u00edtica de Privacidade"}]},{"@type":"WebSite","@id":"https:\/\/pateens.com\/es\/#website","url":"https:\/\/pateens.com\/es\/","name":"Pat\u00e8nes","description":"Plein de conseils et d&#039;actualit\u00e9s du monde pour vous !","publisher":{"@id":"https:\/\/pateens.com\/es\/#organization"},"potentialAction":[{"@type":"SearchAction","target":{"@type":"EntryPoint","urlTemplate":"https:\/\/pateens.com\/es\/?s={search_term_string}"},"query-input":{"@type":"PropertyValueSpecification","valueRequired":true,"valueName":"search_term_string"}}],"inLanguage":"fr-FR"},{"@type":"Organization","@id":"https:\/\/pateens.com\/es\/#organization","name":"Pat\u00e8nes","url":"https:\/\/pateens.com\/es\/","logo":{"@type":"ImageObject","inLanguage":"fr-FR","@id":"https:\/\/pateens.com\/es\/#\/schema\/logo\/image\/","url":"https:\/\/pateens.com\/wp-content\/uploads\/2023\/09\/cropped-WhatsApp-Image-2023-09-22-at-10.28.17-e1695389616971.jpeg","contentUrl":"https:\/\/pateens.com\/wp-content\/uploads\/2023\/09\/cropped-WhatsApp-Image-2023-09-22-at-10.28.17-e1695389616971.jpeg","width":200,"height":37,"caption":"Pateens"},"image":{"@id":"https:\/\/pateens.com\/es\/#\/schema\/logo\/image\/"}}]}},"_links":{"self":[{"href":"https:\/\/pateens.com\/fr\/wp-json\/wp\/v2\/pages\/16","targetHints":{"allow":["GET"]}}],"collection":[{"href":"https:\/\/pateens.com\/fr\/wp-json\/wp\/v2\/pages"}],"about":[{"href":"https:\/\/pateens.com\/fr\/wp-json\/wp\/v2\/types\/page"}],"author":[{"embeddable":true,"href":"https:\/\/pateens.com\/fr\/wp-json\/wp\/v2\/users\/14"}],"replies":[{"embeddable":true,"href":"https:\/\/pateens.com\/fr\/wp-json\/wp\/v2\/comments?post=16"}],"version-history":[{"count":0,"href":"https:\/\/pateens.com\/fr\/wp-json\/wp\/v2\/pages\/16\/revisions"}],"wp:attachment":[{"href":"https:\/\/pateens.com\/fr\/wp-json\/wp\/v2\/media?parent=16"}],"curies":[{"name":"wp","href":"https:\/\/api.w.org\/{rel}","templated":true}]}}