{"id":22,"date":"2023-09-21T12:04:55","date_gmt":"2023-09-21T15:04:55","guid":{"rendered":"https:\/\/pateens.com\/?page_id=22"},"modified":"2023-09-21T12:04:56","modified_gmt":"2023-09-21T15:04:56","slug":"termos-e-condicoes","status":"publish","type":"page","link":"https:\/\/pateens.com\/fr\/termos-e-condicoes\/","title":{"rendered":"Termes et conditions"},"content":{"rendered":"<h2><span style=\"color: rgb(68, 68, 68);\">1. Conditions<\/span><\/h2><p><span style=\"color: rgb(68, 68, 68);\">Lors de l&#039;acc\u00e8s au site Web <a href=\"https:\/\/pateens.com\/fr\/\">Pat\u00e8nes<\/a>, vous acceptez de respecter ces conditions d&#039;utilisation, toutes les lois et r\u00e9glementations applicables, et acceptez que vous \u00eates responsable du respect de toutes les lois locales applicables. Si vous n&#039;\u00eates pas d&#039;accord avec l&#039;une de ces conditions, il vous est interdit d&#039;utiliser ou d&#039;acc\u00e9der \u00e0 ce site. Le mat\u00e9riel contenu dans ce site est prot\u00e9g\u00e9 par les lois applicables sur les droits d&#039;auteur et les marques.<\/span><\/p><h2><span style=\"color: rgb(68, 68, 68);\">2. Utilisation de la licence<\/span><\/h2><p><span style=\"color: rgb(68, 68, 68);\">L&#039;autorisation est accord\u00e9e de t\u00e9l\u00e9charger temporairement une copie du mat\u00e9riel (informations ou logiciels) sur le site Web de Pateens pour une visualisation transitoire personnelle et non commerciale uniquement. Il s&#039;agit de l&#039;octroi d&#039;une licence, et non d&#039;un transfert de titre, et en vertu de cette licence, vous ne pouvez pas\u00a0:&nbsp;<\/span><\/p><ol><li><span style=\"color: rgb(68, 68, 68);\">modifier ou copier les documents\u00a0;&nbsp;<\/span><\/li><li><span style=\"color: rgb(68, 68, 68);\">utiliser le mat\u00e9riel \u00e0 des fins commerciales ou pour une exposition publique (commerciale ou non commerciale)\u00a0;&nbsp;<\/span><\/li><li><span style=\"color: rgb(68, 68, 68);\">tenter de d\u00e9compiler ou d&#039;effectuer une ing\u00e9nierie inverse sur tout logiciel contenu sur le site Web de Pateens\u00a0;&nbsp;<\/span><\/li><li><span style=\"color: rgb(68, 68, 68);\">supprimer tout droit d&#039;auteur ou autre mention de propri\u00e9t\u00e9 des documents\u00a0; ou&nbsp;<\/span><\/li><li><span style=\"color: rgb(68, 68, 68);\">transf\u00e9rer les documents \u00e0 une autre personne ou \u00ab refl\u00e9ter \u00bb les documents sur tout autre serveur.<\/span><\/li><\/ol><p><span style=\"color: rgb(68, 68, 68);\">Cette licence prendra fin automatiquement si vous violez l&#039;une de ces restrictions et peut \u00eatre r\u00e9sili\u00e9e par Patens \u00e0 tout moment. \u00c0 la fin de votre visionnage de ces documents ou \u00e0 la r\u00e9siliation de cette licence, vous devez supprimer tout mat\u00e9riel t\u00e9l\u00e9charg\u00e9 en votre possession, qu&#039;il soit au format \u00e9lectronique ou imprim\u00e9.<\/span><\/p><h2><span style=\"color: rgb(68, 68, 68);\">3. Avis de non-responsabilit\u00e9<\/span><\/h2><ol><li><span style=\"color: rgb(68, 68, 68);\">Les documents pr\u00e9sents sur le site Web de Pateens sont fournis \u00ab\u00a0tels quels\u00a0\u00bb. Pateens ne donne aucune garantie, expresse ou implicite, et d\u00e9cline et annule par la pr\u00e9sente toutes les autres garanties, y compris, sans limitation, les garanties ou conditions implicites de qualit\u00e9 marchande, d&#039;ad\u00e9quation \u00e0 un usage particulier ou de non-violation de la propri\u00e9t\u00e9 intellectuelle ou autre violation des droits.<\/span><\/li><li><span style=\"color: rgb(68, 68, 68);\">De plus, Pateens ne garantit ni ne fait aucune d\u00e9claration concernant l&#039;exactitude, les r\u00e9sultats probables ou la fiabilit\u00e9 de l&#039;utilisation des \u00e9l\u00e9ments pr\u00e9sents sur son site Web ou autrement li\u00e9s \u00e0 ces \u00e9l\u00e9ments ou sur tout site li\u00e9 \u00e0 ce site.<\/span><\/li><\/ol><h2><span style=\"color: rgb(68, 68, 68);\">4. Limites<\/span><\/h2><p><span style=\"color: rgb(68, 68, 68);\">En aucun cas, Pateens ou ses fournisseurs ne pourront \u00eatre tenus responsables de tout dommage (y compris, sans limitation, les dommages dus \u00e0 une perte de donn\u00e9es ou de profit, ou \u00e0 une interruption des activit\u00e9s) d\u00e9coulant de l&#039;utilisation ou de l&#039;impossibilit\u00e9 d&#039;utiliser le mat\u00e9riel pr\u00e9sent sur le site Web de Pateens, m\u00eame si Pateens ou un repr\u00e9sentant autoris\u00e9 de Pateens a \u00e9t\u00e9 inform\u00e9 oralement ou par \u00e9crit de la possibilit\u00e9 de tels dommages. \u00c9tant donn\u00e9 que certaines juridictions n&#039;autorisent pas les limitations des garanties implicites ou les limitations de responsabilit\u00e9 pour les dommages cons\u00e9cutifs ou accessoires, ces limitations peuvent ne pas s&#039;appliquer \u00e0 vous.<\/span><\/p><h2><span style=\"color: rgb(68, 68, 68);\">5. Pr\u00e9cision des mat\u00e9riaux<\/span><\/h2><p><span style=\"color: rgb(68, 68, 68);\">Les \u00e9l\u00e9ments apparaissant sur le site Web de Pateens peuvent contenir des erreurs techniques, typographiques ou photographiques. Pateens ne garantit pas que les \u00e9l\u00e9ments pr\u00e9sents sur son site Web sont exacts, complets ou \u00e0 jour. Pateens peut apporter des modifications aux \u00e9l\u00e9ments contenus sur son site Web \u00e0 tout moment et sans pr\u00e9avis. Cependant, Pateens ne s&#039;engage pas \u00e0 mettre \u00e0 jour le mat\u00e9riel.<\/span><\/p><h2><span style=\"color: rgb(68, 68, 68);\">6. Liens<\/span><\/h2><p><span style=\"color: rgb(68, 68, 68);\">Pateens n&#039;a pas examin\u00e9 tous les sites li\u00e9s \u00e0 son site Web et n&#039;est pas responsable du contenu des sites li\u00e9s. L&#039;inclusion de tout lien n&#039;implique pas l&#039;approbation du site par Patens. L&#039;utilisation de tout site li\u00e9 est aux propres risques de l&#039;utilisateur.<\/span><\/p><p><br><\/p><h3><span style=\"color: rgb(68, 68, 68);\">Modifications<\/span><\/h3><p><span style=\"color: rgb(68, 68, 68);\">Pateens peut r\u00e9viser ces conditions d&#039;utilisation de son site Web \u00e0 tout moment et sans pr\u00e9avis. En utilisant ce site Web, vous acceptez d&#039;\u00eatre li\u00e9 par la version actuelle de ces conditions d&#039;utilisation.<\/span><\/p><h3><span style=\"color: rgb(68, 68, 68);\">Loi applicable<\/span><\/h3><p><span style=\"color: rgb(68, 68, 68);\">Ces termes et conditions sont r\u00e9gis et interpr\u00e9t\u00e9s conform\u00e9ment aux lois de Patens et vous vous soumettez irr\u00e9vocablement \u00e0 la comp\u00e9tence exclusive des tribunaux de cet \u00c9tat ou de cet endroit.<\/span><\/p>","protected":false},"excerpt":{"rendered":"<p>1. Conditions En acc\u00e9dant au site Web Pateens, vous acceptez d&#039;\u00eatre li\u00e9 par ces conditions de service, toutes les lois et r\u00e9glementations applicables, et acceptez que vous \u00eates responsable du respect de toutes les lois locales applicables. Si vous n&#039;\u00eates pas d&#039;accord avec l&#039;une de ces conditions, il vous est interdit d&#039;utiliser ou d&#039;acc\u00e9der \u00e0 ce site. Les \u00e9l\u00e9ments contenus sur ce site Web sont\u2026 <\/p>","protected":false},"author":14,"featured_media":0,"parent":0,"menu_order":0,"comment_status":"closed","ping_status":"closed","template":"","meta":{"footnotes":""},"class_list":["post-22","page","type-page","status-publish","hentry","latest_post"],"yoast_head":"<!-- This site is optimized with the Yoast SEO plugin v26.3 - https:\/\/yoast.com\/wordpress\/plugins\/seo\/ -->\n<title>Termos e Condi\u00e7\u00f5es - Pateens<\/title>\n<meta name=\"robots\" content=\"index, follow, max-snippet:-1, max-image-preview:large, max-video-preview:-1\" \/>\n<link rel=\"canonical\" href=\"https:\/\/pateens.com\/fr\/termos-e-condicoes\/\" \/>\n<meta property=\"og:locale\" content=\"fr_FR\" \/>\n<meta property=\"og:type\" content=\"article\" \/>\n<meta property=\"og:title\" content=\"Termos e Condi\u00e7\u00f5es - Pateens\" \/>\n<meta property=\"og:description\" content=\"1. Termos Ao acessar ao site Pateens, concorda em cumprir estes termos de servi\u00e7o, todas as leis e regulamentos aplic\u00e1veis \u200b\u200be concorda que \u00e9 respons\u00e1vel pelo cumprimento de todas as leis locais aplic\u00e1veis. Se voc\u00ea n\u00e3o concordar com algum desses termos, est\u00e1 proibido de usar ou acessar este site. Os materiais contidos neste site s\u00e3o &hellip;\" \/>\n<meta property=\"og:url\" content=\"https:\/\/pateens.com\/fr\/termos-e-condicoes\/\" \/>\n<meta property=\"og:site_name\" content=\"Pateens\" \/>\n<meta property=\"article:modified_time\" content=\"2023-09-21T15:04:56+00:00\" \/>\n<meta name=\"twitter:card\" content=\"summary_large_image\" \/>\n<meta name=\"twitter:label1\" content=\"Dur\u00e9e de lecture estim\u00e9e\" \/>\n\t<meta name=\"twitter:data1\" content=\"4 minutes\" \/>\n<script type=\"application\/ld+json\" class=\"yoast-schema-graph\">{\"@context\":\"https:\/\/schema.org\",\"@graph\":[{\"@type\":\"WebPage\",\"@id\":\"https:\/\/pateens.com\/termos-e-condicoes\/\",\"url\":\"https:\/\/pateens.com\/termos-e-condicoes\/\",\"name\":\"Termos e Condi\u00e7\u00f5es - Pateens\",\"isPartOf\":{\"@id\":\"https:\/\/pateens.com\/es\/#website\"},\"datePublished\":\"2023-09-21T15:04:55+00:00\",\"dateModified\":\"2023-09-21T15:04:56+00:00\",\"breadcrumb\":{\"@id\":\"https:\/\/pateens.com\/termos-e-condicoes\/#breadcrumb\"},\"inLanguage\":\"fr-FR\",\"potentialAction\":[{\"@type\":\"ReadAction\",\"target\":[\"https:\/\/pateens.com\/termos-e-condicoes\/\"]}]},{\"@type\":\"BreadcrumbList\",\"@id\":\"https:\/\/pateens.com\/termos-e-condicoes\/#breadcrumb\",\"itemListElement\":[{\"@type\":\"ListItem\",\"position\":1,\"name\":\"In\u00edcio\",\"item\":\"https:\/\/pateens.com\/es\/\"},{\"@type\":\"ListItem\",\"position\":2,\"name\":\"Termos e Condi\u00e7\u00f5es\"}]},{\"@type\":\"WebSite\",\"@id\":\"https:\/\/pateens.com\/es\/#website\",\"url\":\"https:\/\/pateens.com\/es\/\",\"name\":\"Pateens\",\"description\":\"Muitas dicas e novidades do mundo para voc\u00ea!\",\"publisher\":{\"@id\":\"https:\/\/pateens.com\/es\/#organization\"},\"potentialAction\":[{\"@type\":\"SearchAction\",\"target\":{\"@type\":\"EntryPoint\",\"urlTemplate\":\"https:\/\/pateens.com\/es\/?s={search_term_string}\"},\"query-input\":{\"@type\":\"PropertyValueSpecification\",\"valueRequired\":true,\"valueName\":\"search_term_string\"}}],\"inLanguage\":\"fr-FR\"},{\"@type\":\"Organization\",\"@id\":\"https:\/\/pateens.com\/es\/#organization\",\"name\":\"Pateens\",\"url\":\"https:\/\/pateens.com\/es\/\",\"logo\":{\"@type\":\"ImageObject\",\"inLanguage\":\"fr-FR\",\"@id\":\"https:\/\/pateens.com\/es\/#\/schema\/logo\/image\/\",\"url\":\"https:\/\/pateens.com\/wp-content\/uploads\/2023\/09\/cropped-WhatsApp-Image-2023-09-22-at-10.28.17-e1695389616971.jpeg\",\"contentUrl\":\"https:\/\/pateens.com\/wp-content\/uploads\/2023\/09\/cropped-WhatsApp-Image-2023-09-22-at-10.28.17-e1695389616971.jpeg\",\"width\":200,\"height\":37,\"caption\":\"Pateens\"},\"image\":{\"@id\":\"https:\/\/pateens.com\/es\/#\/schema\/logo\/image\/\"}}]}<\/script>\n<!-- \/ Yoast SEO plugin. -->","yoast_head_json":{"title":"Termos e Condi\u00e7\u00f5es - Pateens","robots":{"index":"index","follow":"follow","max-snippet":"max-snippet:-1","max-image-preview":"max-image-preview:large","max-video-preview":"max-video-preview:-1"},"canonical":"https:\/\/pateens.com\/fr\/termos-e-condicoes\/","og_locale":"fr_FR","og_type":"article","og_title":"Termos e Condi\u00e7\u00f5es - Pateens","og_description":"1. Termos Ao acessar ao site Pateens, concorda em cumprir estes termos de servi\u00e7o, todas as leis e regulamentos aplic\u00e1veis \u200b\u200be concorda que \u00e9 respons\u00e1vel pelo cumprimento de todas as leis locais aplic\u00e1veis. Se voc\u00ea n\u00e3o concordar com algum desses termos, est\u00e1 proibido de usar ou acessar este site. Os materiais contidos neste site s\u00e3o &hellip;","og_url":"https:\/\/pateens.com\/fr\/termos-e-condicoes\/","og_site_name":"Pateens","article_modified_time":"2023-09-21T15:04:56+00:00","twitter_card":"summary_large_image","twitter_misc":{"Dur\u00e9e de lecture estim\u00e9e":"4 minutes"},"schema":{"@context":"https:\/\/schema.org","@graph":[{"@type":"WebPage","@id":"https:\/\/pateens.com\/termos-e-condicoes\/","url":"https:\/\/pateens.com\/termos-e-condicoes\/","name":"Termos e Condi\u00e7\u00f5es - Pateens","isPartOf":{"@id":"https:\/\/pateens.com\/es\/#website"},"datePublished":"2023-09-21T15:04:55+00:00","dateModified":"2023-09-21T15:04:56+00:00","breadcrumb":{"@id":"https:\/\/pateens.com\/termos-e-condicoes\/#breadcrumb"},"inLanguage":"fr-FR","potentialAction":[{"@type":"ReadAction","target":["https:\/\/pateens.com\/termos-e-condicoes\/"]}]},{"@type":"BreadcrumbList","@id":"https:\/\/pateens.com\/termos-e-condicoes\/#breadcrumb","itemListElement":[{"@type":"ListItem","position":1,"name":"In\u00edcio","item":"https:\/\/pateens.com\/es\/"},{"@type":"ListItem","position":2,"name":"Termos e Condi\u00e7\u00f5es"}]},{"@type":"WebSite","@id":"https:\/\/pateens.com\/es\/#website","url":"https:\/\/pateens.com\/es\/","name":"Pat\u00e8nes","description":"Plein de conseils et d&#039;actualit\u00e9s du monde pour vous !","publisher":{"@id":"https:\/\/pateens.com\/es\/#organization"},"potentialAction":[{"@type":"SearchAction","target":{"@type":"EntryPoint","urlTemplate":"https:\/\/pateens.com\/es\/?s={search_term_string}"},"query-input":{"@type":"PropertyValueSpecification","valueRequired":true,"valueName":"search_term_string"}}],"inLanguage":"fr-FR"},{"@type":"Organization","@id":"https:\/\/pateens.com\/es\/#organization","name":"Pat\u00e8nes","url":"https:\/\/pateens.com\/es\/","logo":{"@type":"ImageObject","inLanguage":"fr-FR","@id":"https:\/\/pateens.com\/es\/#\/schema\/logo\/image\/","url":"https:\/\/pateens.com\/wp-content\/uploads\/2023\/09\/cropped-WhatsApp-Image-2023-09-22-at-10.28.17-e1695389616971.jpeg","contentUrl":"https:\/\/pateens.com\/wp-content\/uploads\/2023\/09\/cropped-WhatsApp-Image-2023-09-22-at-10.28.17-e1695389616971.jpeg","width":200,"height":37,"caption":"Pateens"},"image":{"@id":"https:\/\/pateens.com\/es\/#\/schema\/logo\/image\/"}}]}},"_links":{"self":[{"href":"https:\/\/pateens.com\/fr\/wp-json\/wp\/v2\/pages\/22","targetHints":{"allow":["GET"]}}],"collection":[{"href":"https:\/\/pateens.com\/fr\/wp-json\/wp\/v2\/pages"}],"about":[{"href":"https:\/\/pateens.com\/fr\/wp-json\/wp\/v2\/types\/page"}],"author":[{"embeddable":true,"href":"https:\/\/pateens.com\/fr\/wp-json\/wp\/v2\/users\/14"}],"replies":[{"embeddable":true,"href":"https:\/\/pateens.com\/fr\/wp-json\/wp\/v2\/comments?post=22"}],"version-history":[{"count":0,"href":"https:\/\/pateens.com\/fr\/wp-json\/wp\/v2\/pages\/22\/revisions"}],"wp:attachment":[{"href":"https:\/\/pateens.com\/fr\/wp-json\/wp\/v2\/media?parent=22"}],"curies":[{"name":"wp","href":"https:\/\/api.w.org\/{rel}","templated":true}]}}