{"id":22,"date":"2023-09-21T12:04:55","date_gmt":"2023-09-21T15:04:55","guid":{"rendered":"https:\/\/pateens.com\/?page_id=22"},"modified":"2023-09-21T12:04:56","modified_gmt":"2023-09-21T15:04:56","slug":"termos-e-condicoes","status":"publish","type":"page","link":"https:\/\/pateens.com\/hu\/termos-e-condicoes\/","title":{"rendered":"\u00c1ltal\u00e1nos Szerz\u0151d\u00e9si Felt\u00e9telek"},"content":{"rendered":"<h2><span style=\"color: rgb(68, 68, 68);\">1. Felt\u00e9telek<\/span><\/h2><p><span style=\"color: rgb(68, 68, 68);\">A weboldal el\u00e9r\u00e9sekor <a href=\"https:\/\/pateens.com\/hu\/\">Pateens<\/a>, \u00d6n v\u00e1llalja, hogy betartja ezeket a szolg\u00e1ltat\u00e1si felt\u00e9teleket, az \u00f6sszes vonatkoz\u00f3 t\u00f6rv\u00e9nyt \u00e9s el\u0151\u00edr\u00e1st, \u00e9s elfogadja, hogy \u00d6n felel\u0151s a vonatkoz\u00f3 helyi t\u00f6rv\u00e9nyek betart\u00e1s\u00e1\u00e9rt. Ha nem \u00e9rt egyet e felt\u00e9telek b\u00e1rmelyik\u00e9vel, tilos az oldal haszn\u00e1lata vagy el\u00e9r\u00e9se. Az ezen az oldalon tal\u00e1lhat\u00f3 anyagokat a vonatkoz\u00f3 szerz\u0151i jogi \u00e9s v\u00e9djegyjogok v\u00e9dik.<\/span><\/p><h2><span style=\"color: rgb(68, 68, 68);\">2. Licenchaszn\u00e1lat<\/span><\/h2><p><span style=\"color: rgb(68, 68, 68);\">Enged\u00e9lyt kapunk a Pateens weboldal\u00e1n tal\u00e1lhat\u00f3 anyagok (inform\u00e1ci\u00f3k vagy szoftverek) egy p\u00e9ld\u00e1ny\u00e1nak ideiglenes let\u00f6lt\u00e9s\u00e9re, csak szem\u00e9lyes, nem kereskedelmi c\u00e9l\u00fa, \u00e1tmeneti megtekint\u00e9s c\u00e9lj\u00e1b\u00f3l. Ez egy enged\u00e9ly megad\u00e1sa, nem pedig a tulajdonjog \u00e1truh\u00e1z\u00e1sa, \u00e9s ezen enged\u00e9ly alapj\u00e1n nem:&nbsp;<\/span><\/p><ol><li><span style=\"color: rgb(68, 68, 68);\">m\u00f3dos\u00edtani vagy m\u00e1solni az anyagokat;&nbsp;<\/span><\/li><li><span style=\"color: rgb(68, 68, 68);\">az anyagokat b\u00e1rmilyen kereskedelmi c\u00e9lra vagy nyilv\u00e1nos (kereskedelmi vagy nem kereskedelmi) megjelen\u00edt\u00e9sre haszn\u00e1lja;&nbsp;<\/span><\/li><li><span style=\"color: rgb(68, 68, 68);\">megpr\u00f3b\u00e1lja visszafejteni vagy visszafejteni a Pateens webhely\u00e9n tal\u00e1lhat\u00f3 szoftvereket;&nbsp;<\/span><\/li><li><span style=\"color: rgb(68, 68, 68);\">t\u00e1vol\u00edtsa el az anyagokr\u00f3l a szerz\u0151i jogi vagy egy\u00e9b tulajdonjogi megjegyz\u00e9seket; vagy&nbsp;<\/span><\/li><li><span style=\"color: rgb(68, 68, 68);\">\u00e1tviheti az anyagokat egy m\u00e1sik szem\u00e9lynek, vagy \u201et\u00fckr\u00f6zheti\u201d az anyagokat egy m\u00e1sik szerveren.<\/span><\/li><\/ol><p><span style=\"color: rgb(68, 68, 68);\">Ez a licenc automatikusan megsz\u0171nik, ha \u00d6n megs\u00e9rti ezen korl\u00e1toz\u00e1sok b\u00e1rmelyik\u00e9t, \u00e9s a Pateens b\u00e1rmikor felmondhatja. Ezen anyagok megtekint\u00e9s\u00e9nek megsz\u00fcntet\u00e9sekor vagy a jelen enged\u00e9ly megsz\u0171n\u00e9sekor t\u00f6r\u00f6lnie kell a birtok\u00e1ban l\u00e9v\u0151 let\u00f6lt\u00f6tt anyagokat, ak\u00e1r elektronikus, ak\u00e1r nyomtatott form\u00e1ban.<\/span><\/p><h2><span style=\"color: rgb(68, 68, 68);\">3. Jogi nyilatkozat<\/span><\/h2><ol><li><span style=\"color: rgb(68, 68, 68);\">A Pateens honlapj\u00e1n tal\u00e1lhat\u00f3 anyagokat \u201eahogy vannak\u201d alapon biztos\u00edtjuk. A Pateens nem v\u00e1llal sem kifejezett, sem hallgat\u00f3lagos garanci\u00e1t, \u00e9s ezennel visszautas\u00edt \u00e9s megtagad minden egy\u00e9b garanci\u00e1t, bele\u00e9rtve, korl\u00e1toz\u00e1s n\u00e9lk\u00fcl, a v\u00e9lelmezett garanci\u00e1kat vagy felt\u00e9teleket az eladhat\u00f3s\u00e1gra, az adott c\u00e9lra val\u00f3 alkalmass\u00e1gra, a szellemi tulajdon megs\u00e9rt\u00e9s\u00e9re vagy a jogok egy\u00e9b megs\u00e9rt\u00e9s\u00e9re vonatkoz\u00f3an.<\/span><\/li><li><span style=\"color: rgb(68, 68, 68);\">Tov\u00e1bb\u00e1 a Pateens nem v\u00e1llal garanci\u00e1t, \u00e9s nem v\u00e1llal semmilyen kijelent\u00e9st a weboldal\u00e1n vagy az ilyen anyagokkal vagy az oldalra hivatkozott webhelyeken tal\u00e1lhat\u00f3 anyagok felhaszn\u00e1l\u00e1s\u00e1nak pontoss\u00e1g\u00e1val, val\u00f3sz\u00edn\u0171 eredm\u00e9nyeivel vagy megb\u00edzhat\u00f3s\u00e1g\u00e1val kapcsolatban.<\/span><\/li><\/ol><h2><span style=\"color: rgb(68, 68, 68);\">4. Korl\u00e1toz\u00e1sok<\/span><\/h2><p><span style=\"color: rgb(68, 68, 68);\">A Pateens vagy besz\u00e1ll\u00edt\u00f3i semmilyen esetben sem v\u00e1llalnak felel\u0151ss\u00e9get a Pateens weboldal\u00e1n tal\u00e1lhat\u00f3 anyagok felhaszn\u00e1l\u00e1s\u00e1b\u00f3l vagy haszn\u00e1lat\u00e1nak k\u00e9ptelens\u00e9g\u00e9b\u0151l ered\u0151 k\u00e1rok\u00e9rt (bele\u00e9rtve, de nem kiz\u00e1r\u00f3lagosan az adat- vagy haszonveszt\u00e9sb\u0151l, vagy az \u00fczlet megszak\u00edt\u00e1s\u00e1b\u00f3l ered\u0151 k\u00e1rokat), m\u00e9g akkor sem, ha ha a Pateens vagy a Pateens meghatalmazott k\u00e9pvisel\u0151je sz\u00f3ban vagy \u00edr\u00e1sban \u00e9rtes\u00edt\u00e9st kapott az ilyen k\u00e1rok lehet\u0151s\u00e9g\u00e9r\u0151l. Mivel egyes joghat\u00f3s\u00e1gok nem enged\u00e9lyezik a v\u00e9lelmezett garanci\u00e1k korl\u00e1toz\u00e1s\u00e1t, illetve a k\u00f6vetkezm\u00e9nyes vagy v\u00e9letlen k\u00e1rok\u00e9rt val\u00f3 felel\u0151ss\u00e9g korl\u00e1toz\u00e1s\u00e1t, el\u0151fordulhat, hogy ezek a korl\u00e1toz\u00e1sok nem vonatkoznak \u00d6nre.<\/span><\/p><h2><span style=\"color: rgb(68, 68, 68);\">5. Az anyagok pontoss\u00e1ga<\/span><\/h2><p><span style=\"color: rgb(68, 68, 68);\">A Pateens weboldal\u00e1n megjelen\u0151 anyagok technikai, tipogr\u00e1fiai vagy f\u00e9nyk\u00e9p\u00e9szeti hib\u00e1kat tartalmazhatnak. A Pateens nem garant\u00e1lja, hogy a weboldal\u00e1n tal\u00e1lhat\u00f3 anyagok pontosak, teljesek vagy aktu\u00e1lisak. A Pateens b\u00e1rmikor, el\u0151zetes \u00e9rtes\u00edt\u00e9s n\u00e9lk\u00fcl m\u00f3dos\u00edthatja a weboldal\u00e1n tal\u00e1lhat\u00f3 anyagokat. A Pateens azonban nem v\u00e1llal k\u00f6telezetts\u00e9get az anyagok friss\u00edt\u00e9s\u00e9re.<\/span><\/p><h2><span style=\"color: rgb(68, 68, 68);\">6. Linkek<\/span><\/h2><p><span style=\"color: rgb(68, 68, 68);\">A Pateens nem vizsg\u00e1lta \u00e1t a webhely\u00e9re hivatkozott \u00f6sszes webhelyet, \u00e9s nem v\u00e1llal felel\u0151ss\u00e9get a hivatkozott webhelyek tartalm\u00e1\u00e9rt. A linkek felt\u00fcntet\u00e9se nem jelenti azt, hogy a Pateens j\u00f3v\u00e1hagyja az oldalt. A hivatkozott webhelyek haszn\u00e1lata a felhaszn\u00e1l\u00f3 saj\u00e1t felel\u0151ss\u00e9g\u00e9re t\u00f6rt\u00e9nik.<\/span><\/p><p><br><\/p><h3><span style=\"color: rgb(68, 68, 68);\">M\u00f3dos\u00edt\u00e1sok<\/span><\/h3><p><span style=\"color: rgb(68, 68, 68);\">A Pateens b\u00e1rmikor, el\u0151zetes \u00e9rtes\u00edt\u00e9s n\u00e9lk\u00fcl fel\u00fclvizsg\u00e1lhatja webhely\u00e9re vonatkoz\u00f3 jelen szolg\u00e1ltat\u00e1si felt\u00e9teleket. A weboldal haszn\u00e1lat\u00e1val \u00d6n elfogadja, hogy mag\u00e1ra n\u00e9zve k\u00f6telez\u0151nek ismeri el a jelen szolg\u00e1ltat\u00e1si felt\u00e9telek aktu\u00e1lis v\u00e1ltozat\u00e1t.<\/span><\/p><h3><span style=\"color: rgb(68, 68, 68);\">Alkalmazand\u00f3 jog<\/span><\/h3><p><span style=\"color: rgb(68, 68, 68);\">Ezeket a felt\u00e9teleket a Pateens t\u00f6rv\u00e9nyei szab\u00e1lyozz\u00e1k \u00e9s azok szerint \u00e9rtelmezik, \u00e9s \u00d6n visszavonhatatlanul al\u00e1veti mag\u00e1t az adott \u00e1llam vagy hely b\u00edr\u00f3s\u00e1gainak kiz\u00e1r\u00f3lagos joghat\u00f3s\u00e1g\u00e1nak.<\/span><\/p>","protected":false},"excerpt":{"rendered":"<p>1. Felt\u00e9telek A Pateens webhely\u00e9nek megnyit\u00e1s\u00e1val elfogadja, hogy mag\u00e1ra n\u00e9zve k\u00f6telez\u0151nek ismeri el a jelen szolg\u00e1ltat\u00e1si felt\u00e9teleket, az \u00f6sszes vonatkoz\u00f3 t\u00f6rv\u00e9nyt \u00e9s szab\u00e1lyoz\u00e1st, \u00e9s elfogadja, hogy \u00d6n felel\u0151s a vonatkoz\u00f3 helyi t\u00f6rv\u00e9nyek betart\u00e1s\u00e1\u00e9rt. Ha nem \u00e9rt egyet ezen felt\u00e9telek b\u00e1rmelyik\u00e9vel, tilos az oldal haszn\u00e1lata vagy el\u00e9r\u00e9se. A weboldalon tal\u00e1lhat\u00f3 anyagok\u2026 <\/p>","protected":false},"author":14,"featured_media":0,"parent":0,"menu_order":0,"comment_status":"closed","ping_status":"closed","template":"","meta":{"footnotes":""},"class_list":["post-22","page","type-page","status-publish","hentry","latest_post"],"yoast_head":"<!-- This site is optimized with the Yoast SEO plugin v26.3 - https:\/\/yoast.com\/wordpress\/plugins\/seo\/ -->\n<title>Termos e Condi\u00e7\u00f5es - Pateens<\/title>\n<meta name=\"robots\" content=\"index, follow, max-snippet:-1, max-image-preview:large, max-video-preview:-1\" \/>\n<link rel=\"canonical\" href=\"https:\/\/pateens.com\/hu\/termos-e-condicoes\/\" \/>\n<meta property=\"og:locale\" content=\"hu_HU\" \/>\n<meta property=\"og:type\" content=\"article\" \/>\n<meta property=\"og:title\" content=\"Termos e Condi\u00e7\u00f5es - Pateens\" \/>\n<meta property=\"og:description\" content=\"1. Termos Ao acessar ao site Pateens, concorda em cumprir estes termos de servi\u00e7o, todas as leis e regulamentos aplic\u00e1veis \u200b\u200be concorda que \u00e9 respons\u00e1vel pelo cumprimento de todas as leis locais aplic\u00e1veis. Se voc\u00ea n\u00e3o concordar com algum desses termos, est\u00e1 proibido de usar ou acessar este site. Os materiais contidos neste site s\u00e3o &hellip;\" \/>\n<meta property=\"og:url\" content=\"https:\/\/pateens.com\/hu\/termos-e-condicoes\/\" \/>\n<meta property=\"og:site_name\" content=\"Pateens\" \/>\n<meta property=\"article:modified_time\" content=\"2023-09-21T15:04:56+00:00\" \/>\n<meta name=\"twitter:card\" content=\"summary_large_image\" \/>\n<meta name=\"twitter:label1\" content=\"Becs\u00fclt olvas\u00e1si id\u0151\" \/>\n\t<meta name=\"twitter:data1\" content=\"4 perc\" \/>\n<script type=\"application\/ld+json\" class=\"yoast-schema-graph\">{\"@context\":\"https:\/\/schema.org\",\"@graph\":[{\"@type\":\"WebPage\",\"@id\":\"https:\/\/pateens.com\/termos-e-condicoes\/\",\"url\":\"https:\/\/pateens.com\/termos-e-condicoes\/\",\"name\":\"Termos e Condi\u00e7\u00f5es - Pateens\",\"isPartOf\":{\"@id\":\"https:\/\/pateens.com\/es\/#website\"},\"datePublished\":\"2023-09-21T15:04:55+00:00\",\"dateModified\":\"2023-09-21T15:04:56+00:00\",\"breadcrumb\":{\"@id\":\"https:\/\/pateens.com\/termos-e-condicoes\/#breadcrumb\"},\"inLanguage\":\"hu\",\"potentialAction\":[{\"@type\":\"ReadAction\",\"target\":[\"https:\/\/pateens.com\/termos-e-condicoes\/\"]}]},{\"@type\":\"BreadcrumbList\",\"@id\":\"https:\/\/pateens.com\/termos-e-condicoes\/#breadcrumb\",\"itemListElement\":[{\"@type\":\"ListItem\",\"position\":1,\"name\":\"In\u00edcio\",\"item\":\"https:\/\/pateens.com\/es\/\"},{\"@type\":\"ListItem\",\"position\":2,\"name\":\"Termos e Condi\u00e7\u00f5es\"}]},{\"@type\":\"WebSite\",\"@id\":\"https:\/\/pateens.com\/es\/#website\",\"url\":\"https:\/\/pateens.com\/es\/\",\"name\":\"Pateens\",\"description\":\"Muitas dicas e novidades do mundo para voc\u00ea!\",\"publisher\":{\"@id\":\"https:\/\/pateens.com\/es\/#organization\"},\"potentialAction\":[{\"@type\":\"SearchAction\",\"target\":{\"@type\":\"EntryPoint\",\"urlTemplate\":\"https:\/\/pateens.com\/es\/?s={search_term_string}\"},\"query-input\":{\"@type\":\"PropertyValueSpecification\",\"valueRequired\":true,\"valueName\":\"search_term_string\"}}],\"inLanguage\":\"hu\"},{\"@type\":\"Organization\",\"@id\":\"https:\/\/pateens.com\/es\/#organization\",\"name\":\"Pateens\",\"url\":\"https:\/\/pateens.com\/es\/\",\"logo\":{\"@type\":\"ImageObject\",\"inLanguage\":\"hu\",\"@id\":\"https:\/\/pateens.com\/es\/#\/schema\/logo\/image\/\",\"url\":\"https:\/\/pateens.com\/wp-content\/uploads\/2023\/09\/cropped-WhatsApp-Image-2023-09-22-at-10.28.17-e1695389616971.jpeg\",\"contentUrl\":\"https:\/\/pateens.com\/wp-content\/uploads\/2023\/09\/cropped-WhatsApp-Image-2023-09-22-at-10.28.17-e1695389616971.jpeg\",\"width\":200,\"height\":37,\"caption\":\"Pateens\"},\"image\":{\"@id\":\"https:\/\/pateens.com\/es\/#\/schema\/logo\/image\/\"}}]}<\/script>\n<!-- \/ Yoast SEO plugin. -->","yoast_head_json":{"title":"Termos e Condi\u00e7\u00f5es - Pateens","robots":{"index":"index","follow":"follow","max-snippet":"max-snippet:-1","max-image-preview":"max-image-preview:large","max-video-preview":"max-video-preview:-1"},"canonical":"https:\/\/pateens.com\/hu\/termos-e-condicoes\/","og_locale":"hu_HU","og_type":"article","og_title":"Termos e Condi\u00e7\u00f5es - Pateens","og_description":"1. Termos Ao acessar ao site Pateens, concorda em cumprir estes termos de servi\u00e7o, todas as leis e regulamentos aplic\u00e1veis \u200b\u200be concorda que \u00e9 respons\u00e1vel pelo cumprimento de todas as leis locais aplic\u00e1veis. Se voc\u00ea n\u00e3o concordar com algum desses termos, est\u00e1 proibido de usar ou acessar este site. Os materiais contidos neste site s\u00e3o &hellip;","og_url":"https:\/\/pateens.com\/hu\/termos-e-condicoes\/","og_site_name":"Pateens","article_modified_time":"2023-09-21T15:04:56+00:00","twitter_card":"summary_large_image","twitter_misc":{"Becs\u00fclt olvas\u00e1si id\u0151":"4 perc"},"schema":{"@context":"https:\/\/schema.org","@graph":[{"@type":"WebPage","@id":"https:\/\/pateens.com\/termos-e-condicoes\/","url":"https:\/\/pateens.com\/termos-e-condicoes\/","name":"Termos e Condi\u00e7\u00f5es - Pateens","isPartOf":{"@id":"https:\/\/pateens.com\/es\/#website"},"datePublished":"2023-09-21T15:04:55+00:00","dateModified":"2023-09-21T15:04:56+00:00","breadcrumb":{"@id":"https:\/\/pateens.com\/termos-e-condicoes\/#breadcrumb"},"inLanguage":"hu","potentialAction":[{"@type":"ReadAction","target":["https:\/\/pateens.com\/termos-e-condicoes\/"]}]},{"@type":"BreadcrumbList","@id":"https:\/\/pateens.com\/termos-e-condicoes\/#breadcrumb","itemListElement":[{"@type":"ListItem","position":1,"name":"In\u00edcio","item":"https:\/\/pateens.com\/es\/"},{"@type":"ListItem","position":2,"name":"Termos e Condi\u00e7\u00f5es"}]},{"@type":"WebSite","@id":"https:\/\/pateens.com\/es\/#website","url":"https:\/\/pateens.com\/es\/","name":"Pateens","description":"Rengeteg tipp \u00e9s h\u00edr a vil\u00e1gb\u00f3l az \u00d6n sz\u00e1m\u00e1ra!","publisher":{"@id":"https:\/\/pateens.com\/es\/#organization"},"potentialAction":[{"@type":"SearchAction","target":{"@type":"EntryPoint","urlTemplate":"https:\/\/pateens.com\/es\/?s={search_term_string}"},"query-input":{"@type":"PropertyValueSpecification","valueRequired":true,"valueName":"search_term_string"}}],"inLanguage":"hu"},{"@type":"Organization","@id":"https:\/\/pateens.com\/es\/#organization","name":"Pateens","url":"https:\/\/pateens.com\/es\/","logo":{"@type":"ImageObject","inLanguage":"hu","@id":"https:\/\/pateens.com\/es\/#\/schema\/logo\/image\/","url":"https:\/\/pateens.com\/wp-content\/uploads\/2023\/09\/cropped-WhatsApp-Image-2023-09-22-at-10.28.17-e1695389616971.jpeg","contentUrl":"https:\/\/pateens.com\/wp-content\/uploads\/2023\/09\/cropped-WhatsApp-Image-2023-09-22-at-10.28.17-e1695389616971.jpeg","width":200,"height":37,"caption":"Pateens"},"image":{"@id":"https:\/\/pateens.com\/es\/#\/schema\/logo\/image\/"}}]}},"_links":{"self":[{"href":"https:\/\/pateens.com\/hu\/wp-json\/wp\/v2\/pages\/22","targetHints":{"allow":["GET"]}}],"collection":[{"href":"https:\/\/pateens.com\/hu\/wp-json\/wp\/v2\/pages"}],"about":[{"href":"https:\/\/pateens.com\/hu\/wp-json\/wp\/v2\/types\/page"}],"author":[{"embeddable":true,"href":"https:\/\/pateens.com\/hu\/wp-json\/wp\/v2\/users\/14"}],"replies":[{"embeddable":true,"href":"https:\/\/pateens.com\/hu\/wp-json\/wp\/v2\/comments?post=22"}],"version-history":[{"count":0,"href":"https:\/\/pateens.com\/hu\/wp-json\/wp\/v2\/pages\/22\/revisions"}],"wp:attachment":[{"href":"https:\/\/pateens.com\/hu\/wp-json\/wp\/v2\/media?parent=22"}],"curies":[{"name":"munkaf\u00fczet","href":"https:\/\/api.w.org\/{rel}","templated":true}]}}