{"id":16,"date":"2023-09-21T12:01:43","date_gmt":"2023-09-21T15:01:43","guid":{"rendered":"https:\/\/pateens.com\/?page_id=16"},"modified":"2023-09-21T12:03:41","modified_gmt":"2023-09-21T15:03:41","slug":"politica-de-privacidade","status":"publish","type":"page","link":"https:\/\/pateens.com\/id\/politica-de-privacidade\/","title":{"rendered":"Kebijakan Privasi"},"content":{"rendered":"<h2><span style=\"color: rgb(68, 68, 68);\">Kebijakan Privasi<\/span><\/h2><p><span style=\"color: rgb(68, 68, 68);\">Privasi Anda penting bagi kami. Pateens memiliki kebijakan untuk menghormati privasi Anda terkait informasi apa pun yang kami kumpulkan dari Anda di situs web. <a href=\"https:\/\/pateens.com\/id\/\">Pateens<\/a>, dan situs web lain yang kami miliki dan operasikan.<\/span><\/p><p><span style=\"color: rgb(68, 68, 68);\">Kami hanya meminta informasi pribadi ketika kami benar-benar membutuhkannya untuk menyediakan layanan kepada Anda. Kami melakukannya secara adil dan sah, dengan sepengetahuan dan persetujuan Anda. Kami juga memberi tahu Anda alasan kami mengumpulkan informasi tersebut dan bagaimana informasi tersebut akan digunakan.<\/span><\/p><p><span style=\"color: rgb(68, 68, 68);\">Kami hanya menyimpan informasi yang dikumpulkan selama diperlukan untuk menyediakan layanan yang diminta. Saat kami menyimpan data, kami melindunginya dengan cara yang dapat diterima secara komersial untuk mencegah kehilangan dan pencurian, serta akses, pengungkapan, penyalinan, penggunaan, atau modifikasi yang tidak sah.<\/span><\/p><p><span style=\"color: rgb(68, 68, 68);\">Kami tidak membagikan informasi identitas pribadi kepada publik atau dengan pihak ketiga, kecuali jika diwajibkan oleh hukum.<\/span><\/p><p><span style=\"color: rgb(68, 68, 68);\">Situs web kami mungkin berisi tautan ke situs eksternal yang tidak kami operasikan. Perlu diketahui bahwa kami tidak memiliki kendali atas konten dan praktik situs-situs tersebut dan tidak bertanggung jawab atas kebijakan masing-masing situs.&nbsp;<\/span><a href=\"https:\/\/politicaprivacidade.com\/\" rel=\"noopener noreferrer\" target=\"_blank\" style=\"background-color: transparent; color: rgb(68, 68, 68);\">kebijakan privasi<\/a><span style=\"color: rgb(68, 68, 68);\">.<\/span><\/p><p><span style=\"color: rgb(68, 68, 68);\">Anda bebas menolak permintaan kami atas informasi pribadi, dengan pemahaman bahwa kami mungkin tidak dapat menyediakan beberapa layanan yang Anda inginkan.<\/span><\/p><p><span style=\"color: rgb(68, 68, 68);\">Penggunaan situs web kami secara berkelanjutan akan dianggap sebagai bentuk penerimaan atas praktik kami terkait privasi dan informasi pribadi. Jika Anda memiliki pertanyaan tentang bagaimana kami menangani data pengguna dan informasi pribadi, silakan hubungi kami.<\/span><\/p><p><span style=\"color: rgb(68, 68, 68);\"><ul><li><span style=\"color: rgb(68, 68, 68);\">Layanan Google AdSense yang kami gunakan untuk menayangkan iklan menggunakan cookie DoubleClick untuk menayangkan iklan yang lebih relevan di seluruh web dan membatasi berapa kali iklan tertentu ditampilkan kepada Anda.<\/span><\/li><li><span style=\"color: rgb(68, 68, 68);\">Untuk informasi lebih lanjut tentang Google AdSense, silakan lihat FAQ privasi Google AdSense resmi.<\/span><\/li><li><span style=\"color: rgb(68, 68, 68);\">Kami menggunakan iklan untuk mengimbangi biaya operasional situs ini dan menyediakan dana untuk pengembangan di masa mendatang. Cookie iklan perilaku yang digunakan oleh situs ini dirancang untuk memastikan Anda mendapatkan iklan yang paling relevan kapan pun memungkinkan dengan melacak minat Anda secara anonim dan menampilkan hal-hal serupa yang mungkin menarik bagi Anda.<\/span><\/li><li><span style=\"color: rgb(68, 68, 68);\">Beberapa mitra beriklan atas nama kami, dan cookie pelacakan afiliasi memungkinkan kami mengetahui apakah pelanggan kami mengakses situs melalui salah satu situs mitra kami, sehingga kami dapat memberikan penghargaan kepada mereka dengan tepat dan, jika berlaku, mengizinkan mitra afiliasi kami menawarkan promosi apa pun yang dapat mereka berikan untuk mendorong Anda melakukan pembelian.<\/span><\/li><\/ul><p><br><\/p><\/span><\/p><h3><span style=\"color: rgb(68, 68, 68);\">Komitmen Pengguna<\/span><\/h3><p><span style=\"color: rgb(68, 68, 68);\">Pengguna setuju untuk menggunakan konten dan informasi yang ditawarkan Pateens di situs web dengan tepat, termasuk namun tidak terbatas pada:<\/span><\/p><ul><li><span style=\"color: rgb(68, 68, 68);\">A) Tidak terlibat dalam kegiatan yang melanggar hukum atau bertentangan dengan itikad baik dan ketertiban umum;<\/span><\/li><li><span style=\"color: rgb(68, 68, 68);\">B) Tidak menyebarluaskan propaganda atau konten yang bersifat rasis, xenofobia, terkait dengan perjudian atau permainan untung-untungan, segala jenis pornografi ilegal, atau yang mempromosikan terorisme atau melanggar hak asasi manusia;<\/span><\/li><li><span style=\"color: rgb(68, 68, 68);\">C) Tidak menimbulkan kerusakan pada sistem fisik (perangkat keras) dan logis (perangkat lunak) Pateens, pemasoknya, atau pihak ketiga, dengan memperkenalkan atau menyebarkan virus komputer atau sistem perangkat keras atau perangkat lunak lain yang mampu menimbulkan kerusakan tersebut di atas.<\/span><\/li><\/ul><h3><span style=\"color: rgb(68, 68, 68);\">Informasi lebih lanjut<\/span><\/h3><p><span style=\"color: rgb(68, 68, 68);\">Kami harap ini jelas dan, seperti disebutkan sebelumnya, jika ada sesuatu yang Anda tidak yakin apakah Anda perlu atau tidak, umumnya lebih aman untuk membiarkan cookie diaktifkan jika Anda berinteraksi dengan salah satu fitur yang Anda gunakan di situs web kami.<\/span><\/p><p><span style=\"color: rgb(68, 68, 68);\">Kebijakan ini berlaku mulai 21 September 2023. <\/span><\/p>","protected":false},"excerpt":{"rendered":"<p>Pol\u00edtica Privacidade A sua privacidade \u00e9 importante para n\u00f3s. \u00c9 pol\u00edtica do Pateens respeitar a sua privacidade em rela\u00e7\u00e3o a qualquer informa\u00e7\u00e3o sua que possamos coletar no site Pateens, e outros sites que possu\u00edmos e operamos. Solicitamos informa\u00e7\u00f5es pessoais apenas quando realmente precisamos delas para lhe fornecer um servi\u00e7o. Fazemo-lo por meios justos e legais, &hellip; <\/p>","protected":false},"author":14,"featured_media":0,"parent":0,"menu_order":0,"comment_status":"closed","ping_status":"closed","template":"","meta":{"footnotes":""},"class_list":["post-16","page","type-page","status-publish","hentry","latest_post"],"yoast_head":"<!-- This site is optimized with the Yoast SEO plugin v26.3 - https:\/\/yoast.com\/wordpress\/plugins\/seo\/ -->\n<title>Pol\u00edtica de Privacidade - Pateens<\/title>\n<meta name=\"robots\" content=\"index, follow, max-snippet:-1, max-image-preview:large, max-video-preview:-1\" \/>\n<link rel=\"canonical\" href=\"https:\/\/pateens.com\/id\/politica-de-privacidade\/\" \/>\n<meta property=\"og:locale\" content=\"id_ID\" \/>\n<meta property=\"og:type\" content=\"article\" \/>\n<meta property=\"og:title\" content=\"Pol\u00edtica de Privacidade - Pateens\" \/>\n<meta property=\"og:description\" content=\"Pol\u00edtica Privacidade A sua privacidade \u00e9 importante para n\u00f3s. \u00c9 pol\u00edtica do Pateens respeitar a sua privacidade em rela\u00e7\u00e3o a qualquer informa\u00e7\u00e3o sua que possamos coletar no site Pateens, e outros sites que possu\u00edmos e operamos. Solicitamos informa\u00e7\u00f5es pessoais apenas quando realmente precisamos delas para lhe fornecer um servi\u00e7o. Fazemo-lo por meios justos e legais, &hellip;\" \/>\n<meta property=\"og:url\" content=\"https:\/\/pateens.com\/id\/politica-de-privacidade\/\" \/>\n<meta property=\"og:site_name\" content=\"Pateens\" \/>\n<meta property=\"article:modified_time\" content=\"2023-09-21T15:03:41+00:00\" \/>\n<meta name=\"twitter:card\" content=\"summary_large_image\" \/>\n<meta name=\"twitter:label1\" content=\"Estimasi waktu membaca\" \/>\n\t<meta name=\"twitter:data1\" content=\"4 menit\" \/>\n<script type=\"application\/ld+json\" class=\"yoast-schema-graph\">{\"@context\":\"https:\/\/schema.org\",\"@graph\":[{\"@type\":\"WebPage\",\"@id\":\"https:\/\/pateens.com\/politica-de-privacidade\/\",\"url\":\"https:\/\/pateens.com\/politica-de-privacidade\/\",\"name\":\"Pol\u00edtica de Privacidade - Pateens\",\"isPartOf\":{\"@id\":\"https:\/\/pateens.com\/es\/#website\"},\"datePublished\":\"2023-09-21T15:01:43+00:00\",\"dateModified\":\"2023-09-21T15:03:41+00:00\",\"breadcrumb\":{\"@id\":\"https:\/\/pateens.com\/politica-de-privacidade\/#breadcrumb\"},\"inLanguage\":\"id\",\"potentialAction\":[{\"@type\":\"ReadAction\",\"target\":[\"https:\/\/pateens.com\/politica-de-privacidade\/\"]}]},{\"@type\":\"BreadcrumbList\",\"@id\":\"https:\/\/pateens.com\/politica-de-privacidade\/#breadcrumb\",\"itemListElement\":[{\"@type\":\"ListItem\",\"position\":1,\"name\":\"In\u00edcio\",\"item\":\"https:\/\/pateens.com\/es\/\"},{\"@type\":\"ListItem\",\"position\":2,\"name\":\"Pol\u00edtica de Privacidade\"}]},{\"@type\":\"WebSite\",\"@id\":\"https:\/\/pateens.com\/es\/#website\",\"url\":\"https:\/\/pateens.com\/es\/\",\"name\":\"Pateens\",\"description\":\"Muitas dicas e novidades do mundo para voc\u00ea!\",\"publisher\":{\"@id\":\"https:\/\/pateens.com\/es\/#organization\"},\"potentialAction\":[{\"@type\":\"SearchAction\",\"target\":{\"@type\":\"EntryPoint\",\"urlTemplate\":\"https:\/\/pateens.com\/es\/?s={search_term_string}\"},\"query-input\":{\"@type\":\"PropertyValueSpecification\",\"valueRequired\":true,\"valueName\":\"search_term_string\"}}],\"inLanguage\":\"id\"},{\"@type\":\"Organization\",\"@id\":\"https:\/\/pateens.com\/es\/#organization\",\"name\":\"Pateens\",\"url\":\"https:\/\/pateens.com\/es\/\",\"logo\":{\"@type\":\"ImageObject\",\"inLanguage\":\"id\",\"@id\":\"https:\/\/pateens.com\/es\/#\/schema\/logo\/image\/\",\"url\":\"https:\/\/pateens.com\/wp-content\/uploads\/2023\/09\/cropped-WhatsApp-Image-2023-09-22-at-10.28.17-e1695389616971.jpeg\",\"contentUrl\":\"https:\/\/pateens.com\/wp-content\/uploads\/2023\/09\/cropped-WhatsApp-Image-2023-09-22-at-10.28.17-e1695389616971.jpeg\",\"width\":200,\"height\":37,\"caption\":\"Pateens\"},\"image\":{\"@id\":\"https:\/\/pateens.com\/es\/#\/schema\/logo\/image\/\"}}]}<\/script>\n<!-- \/ Yoast SEO plugin. -->","yoast_head_json":{"title":"Pol\u00edtica de Privacidade - Pateens","robots":{"index":"index","follow":"follow","max-snippet":"max-snippet:-1","max-image-preview":"max-image-preview:large","max-video-preview":"max-video-preview:-1"},"canonical":"https:\/\/pateens.com\/id\/politica-de-privacidade\/","og_locale":"id_ID","og_type":"article","og_title":"Pol\u00edtica de Privacidade - Pateens","og_description":"Pol\u00edtica Privacidade A sua privacidade \u00e9 importante para n\u00f3s. \u00c9 pol\u00edtica do Pateens respeitar a sua privacidade em rela\u00e7\u00e3o a qualquer informa\u00e7\u00e3o sua que possamos coletar no site Pateens, e outros sites que possu\u00edmos e operamos. Solicitamos informa\u00e7\u00f5es pessoais apenas quando realmente precisamos delas para lhe fornecer um servi\u00e7o. Fazemo-lo por meios justos e legais, &hellip;","og_url":"https:\/\/pateens.com\/id\/politica-de-privacidade\/","og_site_name":"Pateens","article_modified_time":"2023-09-21T15:03:41+00:00","twitter_card":"summary_large_image","twitter_misc":{"Estimasi waktu membaca":"4 menit"},"schema":{"@context":"https:\/\/schema.org","@graph":[{"@type":"WebPage","@id":"https:\/\/pateens.com\/politica-de-privacidade\/","url":"https:\/\/pateens.com\/politica-de-privacidade\/","name":"Pol\u00edtica de Privacidade - Pateens","isPartOf":{"@id":"https:\/\/pateens.com\/es\/#website"},"datePublished":"2023-09-21T15:01:43+00:00","dateModified":"2023-09-21T15:03:41+00:00","breadcrumb":{"@id":"https:\/\/pateens.com\/politica-de-privacidade\/#breadcrumb"},"inLanguage":"id","potentialAction":[{"@type":"ReadAction","target":["https:\/\/pateens.com\/politica-de-privacidade\/"]}]},{"@type":"BreadcrumbList","@id":"https:\/\/pateens.com\/politica-de-privacidade\/#breadcrumb","itemListElement":[{"@type":"ListItem","position":1,"name":"In\u00edcio","item":"https:\/\/pateens.com\/es\/"},{"@type":"ListItem","position":2,"name":"Pol\u00edtica de Privacidade"}]},{"@type":"WebSite","@id":"https:\/\/pateens.com\/es\/#website","url":"https:\/\/pateens.com\/es\/","name":"Pateens","description":"Banyak tips dan berita dari seluruh dunia untuk Anda!","publisher":{"@id":"https:\/\/pateens.com\/es\/#organization"},"potentialAction":[{"@type":"SearchAction","target":{"@type":"EntryPoint","urlTemplate":"https:\/\/pateens.com\/es\/?s={search_term_string}"},"query-input":{"@type":"PropertyValueSpecification","valueRequired":true,"valueName":"search_term_string"}}],"inLanguage":"id"},{"@type":"Organization","@id":"https:\/\/pateens.com\/es\/#organization","name":"Pateens","url":"https:\/\/pateens.com\/es\/","logo":{"@type":"ImageObject","inLanguage":"id","@id":"https:\/\/pateens.com\/es\/#\/schema\/logo\/image\/","url":"https:\/\/pateens.com\/wp-content\/uploads\/2023\/09\/cropped-WhatsApp-Image-2023-09-22-at-10.28.17-e1695389616971.jpeg","contentUrl":"https:\/\/pateens.com\/wp-content\/uploads\/2023\/09\/cropped-WhatsApp-Image-2023-09-22-at-10.28.17-e1695389616971.jpeg","width":200,"height":37,"caption":"Pateens"},"image":{"@id":"https:\/\/pateens.com\/es\/#\/schema\/logo\/image\/"}}]}},"_links":{"self":[{"href":"https:\/\/pateens.com\/id\/wp-json\/wp\/v2\/pages\/16","targetHints":{"allow":["GET"]}}],"collection":[{"href":"https:\/\/pateens.com\/id\/wp-json\/wp\/v2\/pages"}],"about":[{"href":"https:\/\/pateens.com\/id\/wp-json\/wp\/v2\/types\/page"}],"author":[{"embeddable":true,"href":"https:\/\/pateens.com\/id\/wp-json\/wp\/v2\/users\/14"}],"replies":[{"embeddable":true,"href":"https:\/\/pateens.com\/id\/wp-json\/wp\/v2\/comments?post=16"}],"version-history":[{"count":0,"href":"https:\/\/pateens.com\/id\/wp-json\/wp\/v2\/pages\/16\/revisions"}],"wp:attachment":[{"href":"https:\/\/pateens.com\/id\/wp-json\/wp\/v2\/media?parent=16"}],"curies":[{"name":"wp","href":"https:\/\/api.w.org\/{rel}","templated":true}]}}