{"id":22,"date":"2023-09-21T12:04:55","date_gmt":"2023-09-21T15:04:55","guid":{"rendered":"https:\/\/pateens.com\/?page_id=22"},"modified":"2023-09-21T12:04:56","modified_gmt":"2023-09-21T15:04:56","slug":"termos-e-condicoes","status":"publish","type":"page","link":"https:\/\/pateens.com\/id\/termos-e-condicoes\/","title":{"rendered":"syarat dan Ketentuan"},"content":{"rendered":"<h2><span style=\"color: rgb(68, 68, 68);\">1. Ketentuan<\/span><\/h2><p><span style=\"color: rgb(68, 68, 68);\">Saat mengakses situs web <a href=\"https:\/\/pateens.com\/id\/\">Pateens<\/a>, Dengan menggunakan situs ini, Anda setuju untuk terikat oleh ketentuan layanan ini, semua hukum dan peraturan yang berlaku, dan setuju bahwa Anda bertanggung jawab untuk mematuhi semua hukum setempat yang berlaku. Jika Anda tidak menyetujui salah satu ketentuan ini, Anda dilarang menggunakan atau mengakses situs ini. Materi yang terdapat di situs web ini dilindungi oleh undang-undang hak cipta dan merek dagang yang berlaku.<\/span><\/p><h2><span style=\"color: rgb(68, 68, 68);\">2. Penggunaan Lisensi<\/span><\/h2><p><span style=\"color: rgb(68, 68, 68);\">Izin diberikan untuk mengunduh sementara satu salinan materi (informasi atau perangkat lunak) di situs web Pateens hanya untuk keperluan pribadi, non-komersial, dan sementara. Ini merupakan pemberian lisensi, bukan pengalihan hak milik, dan berdasarkan lisensi ini, Anda tidak boleh:&nbsp;<\/span><\/p><ol><li><span style=\"color: rgb(68, 68, 68);\">mengubah atau menyalin materi;&nbsp;<\/span><\/li><li><span style=\"color: rgb(68, 68, 68);\">Menggunakan materi untuk tujuan komersial atau untuk tampilan publik (komersial atau nonkomersial);&nbsp;<\/span><\/li><li><span style=\"color: rgb(68, 68, 68);\">Mencoba mendekompilasi atau merekayasa ulang perangkat lunak apa pun yang terdapat pada situs web Pateens;&nbsp;<\/span><\/li><li><span style=\"color: rgb(68, 68, 68);\">menghapus hak cipta atau notasi hak milik lainnya dari materi tersebut; atau&nbsp;<\/span><\/li><li><span style=\"color: rgb(68, 68, 68);\">Mentransfer materi ke orang lain atau &#039;mencerminkan&#039; materi pada server lain mana pun.<\/span><\/li><\/ol><p><span style=\"color: rgb(68, 68, 68);\">Lisensi ini akan otomatis berakhir jika Anda melanggar salah satu batasan ini dan dapat diakhiri oleh Pateens kapan saja. Setelah Anda berhenti menonton materi ini atau setelah lisensi ini berakhir, Anda harus memusnahkan semua materi unduhan yang Anda miliki, baik dalam format elektronik maupun cetak.<\/span><\/p><h2><span style=\"color: rgb(68, 68, 68);\">3. Penafian<\/span><\/h2><ol><li><span style=\"color: rgb(68, 68, 68);\">Materi di situs web Pateens disediakan &#039;apa adanya&#039;. Pateens tidak memberikan jaminan, baik tersurat maupun tersirat, dan dengan ini menyangkal dan meniadakan semua jaminan lainnya, termasuk, namun tidak terbatas pada, jaminan atau ketentuan tersirat tentang kelayakan jual, kesesuaian untuk tujuan tertentu, atau tidak adanya pelanggaran hak kekayaan intelektual atau pelanggaran hak lainnya.<\/span><\/li><li><span style=\"color: rgb(68, 68, 68);\">Lebih jauh lagi, Pateens tidak memberikan jaminan atau membuat pernyataan apapun mengenai keakuratan, kemungkinan hasil, atau keandalan penggunaan materi di situs webnya atau yang berkaitan dengan materi tersebut atau di situs manapun yang tertaut ke situs ini.<\/span><\/li><\/ol><h2><span style=\"color: rgb(68, 68, 68);\">4. Keterbatasan<\/span><\/h2><p><span style=\"color: rgb(68, 68, 68);\">Dalam keadaan apa pun, Pateens atau pemasoknya tidak bertanggung jawab atas segala kerusakan (termasuk, namun tidak terbatas pada, kerusakan akibat hilangnya data atau keuntungan, atau gangguan bisnis) yang timbul akibat penggunaan atau ketidakmampuan penggunaan materi di Pateens, meskipun Pateens atau perwakilan resmi Pateens telah diberitahu secara lisan atau tertulis tentang kemungkinan kerusakan tersebut. Karena beberapa yurisdiksi tidak mengizinkan pembatasan jaminan tersirat, atau pembatasan tanggung jawab atas kerusakan konsekuensial atau insidental, pembatasan ini mungkin tidak berlaku untuk Anda.<\/span><\/p><h2><span style=\"color: rgb(68, 68, 68);\">5. Ketepatan bahan<\/span><\/h2><p><span style=\"color: rgb(68, 68, 68);\">Materi yang ditampilkan di situs web Pateens mungkin mengandung kesalahan teknis, tipografi, atau fotografi. Pateens tidak menjamin keakuratan, kelengkapan, atau kekinian materi apa pun di situs webnya. Pateens dapat mengubah materi yang terdapat di situs webnya kapan saja tanpa pemberitahuan. Namun, Pateens tidak berkomitmen untuk memperbarui materi tersebut.<\/span><\/p><h2><span style=\"color: rgb(68, 68, 68);\">6. Tautan<\/span><\/h2><p><span style=\"color: rgb(68, 68, 68);\">Pateens belum meninjau semua situs yang tertaut ke situs webnya dan tidak bertanggung jawab atas konten situs tersebut. Penyertaan tautan apa pun tidak menyiratkan dukungan Pateens terhadap situs tersebut. Penggunaan situs web tertaut tersebut merupakan risiko pengguna sendiri.<\/span><\/p><p><br><\/p><h3><span style=\"color: rgb(68, 68, 68);\">Modifikasi<\/span><\/h3><p><span style=\"color: rgb(68, 68, 68);\">Pateens dapat merevisi ketentuan layanan situs web ini kapan saja tanpa pemberitahuan. Dengan menggunakan situs web ini, Anda setuju untuk terikat oleh versi terbaru dari ketentuan layanan ini.<\/span><\/p><h3><span style=\"color: rgb(68, 68, 68);\">Hukum yang berlaku<\/span><\/h3><p><span style=\"color: rgb(68, 68, 68);\">Syarat dan ketentuan ini diatur oleh dan ditafsirkan sesuai dengan hukum Pateens, dan Anda secara tidak dapat ditarik kembali tunduk pada yurisdiksi eksklusif pengadilan di negara bagian atau wilayah tersebut.<\/span><\/p>","protected":false},"excerpt":{"rendered":"<p>1. Termos Ao acessar ao site Pateens, concorda em cumprir estes termos de servi\u00e7o, todas as leis e regulamentos aplic\u00e1veis \u200b\u200be concorda que \u00e9 respons\u00e1vel pelo cumprimento de todas as leis locais aplic\u00e1veis. Se voc\u00ea n\u00e3o concordar com algum desses termos, est\u00e1 proibido de usar ou acessar este site. Os materiais contidos neste site s\u00e3o &hellip; <\/p>","protected":false},"author":14,"featured_media":0,"parent":0,"menu_order":0,"comment_status":"closed","ping_status":"closed","template":"","meta":{"footnotes":""},"class_list":["post-22","page","type-page","status-publish","hentry","latest_post"],"yoast_head":"<!-- This site is optimized with the Yoast SEO plugin v26.3 - https:\/\/yoast.com\/wordpress\/plugins\/seo\/ -->\n<title>Termos e Condi\u00e7\u00f5es - Pateens<\/title>\n<meta name=\"robots\" content=\"index, follow, max-snippet:-1, max-image-preview:large, max-video-preview:-1\" \/>\n<link rel=\"canonical\" href=\"https:\/\/pateens.com\/id\/termos-e-condicoes\/\" \/>\n<meta property=\"og:locale\" content=\"id_ID\" \/>\n<meta property=\"og:type\" content=\"article\" \/>\n<meta property=\"og:title\" content=\"Termos e Condi\u00e7\u00f5es - Pateens\" \/>\n<meta property=\"og:description\" content=\"1. Termos Ao acessar ao site Pateens, concorda em cumprir estes termos de servi\u00e7o, todas as leis e regulamentos aplic\u00e1veis \u200b\u200be concorda que \u00e9 respons\u00e1vel pelo cumprimento de todas as leis locais aplic\u00e1veis. Se voc\u00ea n\u00e3o concordar com algum desses termos, est\u00e1 proibido de usar ou acessar este site. Os materiais contidos neste site s\u00e3o &hellip;\" \/>\n<meta property=\"og:url\" content=\"https:\/\/pateens.com\/id\/termos-e-condicoes\/\" \/>\n<meta property=\"og:site_name\" content=\"Pateens\" \/>\n<meta property=\"article:modified_time\" content=\"2023-09-21T15:04:56+00:00\" \/>\n<meta name=\"twitter:card\" content=\"summary_large_image\" \/>\n<meta name=\"twitter:label1\" content=\"Estimasi waktu membaca\" \/>\n\t<meta name=\"twitter:data1\" content=\"4 menit\" \/>\n<script type=\"application\/ld+json\" class=\"yoast-schema-graph\">{\"@context\":\"https:\/\/schema.org\",\"@graph\":[{\"@type\":\"WebPage\",\"@id\":\"https:\/\/pateens.com\/termos-e-condicoes\/\",\"url\":\"https:\/\/pateens.com\/termos-e-condicoes\/\",\"name\":\"Termos e Condi\u00e7\u00f5es - Pateens\",\"isPartOf\":{\"@id\":\"https:\/\/pateens.com\/es\/#website\"},\"datePublished\":\"2023-09-21T15:04:55+00:00\",\"dateModified\":\"2023-09-21T15:04:56+00:00\",\"breadcrumb\":{\"@id\":\"https:\/\/pateens.com\/termos-e-condicoes\/#breadcrumb\"},\"inLanguage\":\"id\",\"potentialAction\":[{\"@type\":\"ReadAction\",\"target\":[\"https:\/\/pateens.com\/termos-e-condicoes\/\"]}]},{\"@type\":\"BreadcrumbList\",\"@id\":\"https:\/\/pateens.com\/termos-e-condicoes\/#breadcrumb\",\"itemListElement\":[{\"@type\":\"ListItem\",\"position\":1,\"name\":\"In\u00edcio\",\"item\":\"https:\/\/pateens.com\/es\/\"},{\"@type\":\"ListItem\",\"position\":2,\"name\":\"Termos e Condi\u00e7\u00f5es\"}]},{\"@type\":\"WebSite\",\"@id\":\"https:\/\/pateens.com\/es\/#website\",\"url\":\"https:\/\/pateens.com\/es\/\",\"name\":\"Pateens\",\"description\":\"Muitas dicas e novidades do mundo para voc\u00ea!\",\"publisher\":{\"@id\":\"https:\/\/pateens.com\/es\/#organization\"},\"potentialAction\":[{\"@type\":\"SearchAction\",\"target\":{\"@type\":\"EntryPoint\",\"urlTemplate\":\"https:\/\/pateens.com\/es\/?s={search_term_string}\"},\"query-input\":{\"@type\":\"PropertyValueSpecification\",\"valueRequired\":true,\"valueName\":\"search_term_string\"}}],\"inLanguage\":\"id\"},{\"@type\":\"Organization\",\"@id\":\"https:\/\/pateens.com\/es\/#organization\",\"name\":\"Pateens\",\"url\":\"https:\/\/pateens.com\/es\/\",\"logo\":{\"@type\":\"ImageObject\",\"inLanguage\":\"id\",\"@id\":\"https:\/\/pateens.com\/es\/#\/schema\/logo\/image\/\",\"url\":\"https:\/\/pateens.com\/wp-content\/uploads\/2023\/09\/cropped-WhatsApp-Image-2023-09-22-at-10.28.17-e1695389616971.jpeg\",\"contentUrl\":\"https:\/\/pateens.com\/wp-content\/uploads\/2023\/09\/cropped-WhatsApp-Image-2023-09-22-at-10.28.17-e1695389616971.jpeg\",\"width\":200,\"height\":37,\"caption\":\"Pateens\"},\"image\":{\"@id\":\"https:\/\/pateens.com\/es\/#\/schema\/logo\/image\/\"}}]}<\/script>\n<!-- \/ Yoast SEO plugin. -->","yoast_head_json":{"title":"Termos e Condi\u00e7\u00f5es - Pateens","robots":{"index":"index","follow":"follow","max-snippet":"max-snippet:-1","max-image-preview":"max-image-preview:large","max-video-preview":"max-video-preview:-1"},"canonical":"https:\/\/pateens.com\/id\/termos-e-condicoes\/","og_locale":"id_ID","og_type":"article","og_title":"Termos e Condi\u00e7\u00f5es - Pateens","og_description":"1. Termos Ao acessar ao site Pateens, concorda em cumprir estes termos de servi\u00e7o, todas as leis e regulamentos aplic\u00e1veis \u200b\u200be concorda que \u00e9 respons\u00e1vel pelo cumprimento de todas as leis locais aplic\u00e1veis. Se voc\u00ea n\u00e3o concordar com algum desses termos, est\u00e1 proibido de usar ou acessar este site. Os materiais contidos neste site s\u00e3o &hellip;","og_url":"https:\/\/pateens.com\/id\/termos-e-condicoes\/","og_site_name":"Pateens","article_modified_time":"2023-09-21T15:04:56+00:00","twitter_card":"summary_large_image","twitter_misc":{"Estimasi waktu membaca":"4 menit"},"schema":{"@context":"https:\/\/schema.org","@graph":[{"@type":"WebPage","@id":"https:\/\/pateens.com\/termos-e-condicoes\/","url":"https:\/\/pateens.com\/termos-e-condicoes\/","name":"Termos e Condi\u00e7\u00f5es - Pateens","isPartOf":{"@id":"https:\/\/pateens.com\/es\/#website"},"datePublished":"2023-09-21T15:04:55+00:00","dateModified":"2023-09-21T15:04:56+00:00","breadcrumb":{"@id":"https:\/\/pateens.com\/termos-e-condicoes\/#breadcrumb"},"inLanguage":"id","potentialAction":[{"@type":"ReadAction","target":["https:\/\/pateens.com\/termos-e-condicoes\/"]}]},{"@type":"BreadcrumbList","@id":"https:\/\/pateens.com\/termos-e-condicoes\/#breadcrumb","itemListElement":[{"@type":"ListItem","position":1,"name":"In\u00edcio","item":"https:\/\/pateens.com\/es\/"},{"@type":"ListItem","position":2,"name":"Termos e Condi\u00e7\u00f5es"}]},{"@type":"WebSite","@id":"https:\/\/pateens.com\/es\/#website","url":"https:\/\/pateens.com\/es\/","name":"Pateens","description":"Banyak tips dan berita dari seluruh dunia untuk Anda!","publisher":{"@id":"https:\/\/pateens.com\/es\/#organization"},"potentialAction":[{"@type":"SearchAction","target":{"@type":"EntryPoint","urlTemplate":"https:\/\/pateens.com\/es\/?s={search_term_string}"},"query-input":{"@type":"PropertyValueSpecification","valueRequired":true,"valueName":"search_term_string"}}],"inLanguage":"id"},{"@type":"Organization","@id":"https:\/\/pateens.com\/es\/#organization","name":"Pateens","url":"https:\/\/pateens.com\/es\/","logo":{"@type":"ImageObject","inLanguage":"id","@id":"https:\/\/pateens.com\/es\/#\/schema\/logo\/image\/","url":"https:\/\/pateens.com\/wp-content\/uploads\/2023\/09\/cropped-WhatsApp-Image-2023-09-22-at-10.28.17-e1695389616971.jpeg","contentUrl":"https:\/\/pateens.com\/wp-content\/uploads\/2023\/09\/cropped-WhatsApp-Image-2023-09-22-at-10.28.17-e1695389616971.jpeg","width":200,"height":37,"caption":"Pateens"},"image":{"@id":"https:\/\/pateens.com\/es\/#\/schema\/logo\/image\/"}}]}},"_links":{"self":[{"href":"https:\/\/pateens.com\/id\/wp-json\/wp\/v2\/pages\/22","targetHints":{"allow":["GET"]}}],"collection":[{"href":"https:\/\/pateens.com\/id\/wp-json\/wp\/v2\/pages"}],"about":[{"href":"https:\/\/pateens.com\/id\/wp-json\/wp\/v2\/types\/page"}],"author":[{"embeddable":true,"href":"https:\/\/pateens.com\/id\/wp-json\/wp\/v2\/users\/14"}],"replies":[{"embeddable":true,"href":"https:\/\/pateens.com\/id\/wp-json\/wp\/v2\/comments?post=22"}],"version-history":[{"count":0,"href":"https:\/\/pateens.com\/id\/wp-json\/wp\/v2\/pages\/22\/revisions"}],"wp:attachment":[{"href":"https:\/\/pateens.com\/id\/wp-json\/wp\/v2\/media?parent=22"}],"curies":[{"name":"wp","href":"https:\/\/api.w.org\/{rel}","templated":true}]}}