{"id":16,"date":"2023-09-21T12:01:43","date_gmt":"2023-09-21T15:01:43","guid":{"rendered":"https:\/\/pateens.com\/?page_id=16"},"modified":"2023-09-21T12:03:41","modified_gmt":"2023-09-21T15:03:41","slug":"politica-de-privacidade","status":"publish","type":"page","link":"https:\/\/pateens.com\/ms\/politica-de-privacidade\/","title":{"rendered":"Dasar Privasi"},"content":{"rendered":"<h2><span style=\"color: rgb(68, 68, 68);\">Dasar Privasi<\/span><\/h2><p><span style=\"color: rgb(68, 68, 68);\">Privasi anda adalah penting bagi kami. Adalah menjadi dasar Pateens untuk menghormati privasi anda mengenai sebarang maklumat yang mungkin kami kumpulkan daripada anda di seluruh tapak web kami. <a href=\"https:\/\/pateens.com\/ms\/\">Pateens<\/a>, dan tapak web lain yang kami miliki dan kendalikan.<\/span><\/p><p><span style=\"color: rgb(68, 68, 68);\">Kami hanya meminta maklumat peribadi apabila kami benar-benar memerlukannya untuk memberikan perkhidmatan kepada anda. Kami mengumpulnya dengan cara yang adil dan sah, dengan pengetahuan dan persetujuan anda. Kami juga memberitahu anda sebab kami mengumpulkannya dan cara ia akan digunakan.<\/span><\/p><p><span style=\"color: rgb(68, 68, 68);\">Kami hanya menyimpan maklumat yang dikumpul selama yang diperlukan untuk memberikan anda perkhidmatan yang diminta. Data yang kami simpan, kami akan melindungi dalam cara yang boleh diterima secara komersial untuk mengelakkan kehilangan dan kecurian, serta akses, pendedahan, penyalinan, penggunaan atau pengubahsuaian yang tidak dibenarkan.<\/span><\/p><p><span style=\"color: rgb(68, 68, 68);\">Kami tidak berkongsi sebarang maklumat pengenalan peribadi secara terbuka atau dengan pihak ketiga, kecuali apabila dikehendaki oleh undang-undang.<\/span><\/p><p><span style=\"color: rgb(68, 68, 68);\">Laman web kami mungkin memaut ke tapak luar yang tidak dikendalikan oleh kami. Harap maklum bahawa kami tidak mempunyai kawalan ke atas kandungan dan amalan laman web ini, dan tidak boleh menerima tanggungjawab atau liabiliti untuk masing-masing&nbsp;<\/span><a href=\"https:\/\/politicaprivacidade.com\/\" rel=\"noopener noreferrer\" target=\"_blank\" style=\"background-color: transparent; color: rgb(68, 68, 68);\">dasar privasi<\/a><span style=\"color: rgb(68, 68, 68);\">.<\/span><\/p><p><span style=\"color: rgb(68, 68, 68);\">Anda bebas untuk menolak permintaan kami untuk maklumat peribadi anda, dengan pemahaman bahawa kami mungkin tidak dapat memberikan anda beberapa perkhidmatan yang anda inginkan.<\/span><\/p><p><span style=\"color: rgb(68, 68, 68);\">Penggunaan berterusan laman web kami oleh anda akan dianggap sebagai penerimaan amalan kami mengenai privasi dan maklumat peribadi. Jika anda mempunyai sebarang soalan tentang cara kami mengendalikan data pengguna dan maklumat peribadi, sila hubungi kami.<\/span><\/p><p><span style=\"color: rgb(68, 68, 68);\"><ul><li><span style=\"color: rgb(68, 68, 68);\">Perkhidmatan Google AdSense yang kami gunakan untuk menyiarkan pengiklanan menggunakan kuki DoubleClick untuk menyiarkan iklan yang lebih berkaitan di seluruh web dan mengehadkan bilangan kali iklan tertentu dipaparkan kepada anda.<\/span><\/li><li><span style=\"color: rgb(68, 68, 68);\">Untuk mendapatkan maklumat lanjut tentang Google AdSense, lihat Soalan Lazim Privasi Google AdSense rasmi.<\/span><\/li><li><span style=\"color: rgb(68, 68, 68);\">Kami menggunakan iklan untuk mengimbangi kos menjalankan laman web ini dan menyediakan pembiayaan untuk pembangunan selanjutnya. Kuki pengiklanan tingkah laku yang digunakan oleh tapak ini direka untuk memastikan bahawa kami menyediakan anda dengan iklan yang paling relevan di mana mungkin dengan menjejaki minat anda secara awanama dan mempersembahkan perkara serupa yang mungkin menarik minat anda.<\/span><\/li><li><span style=\"color: rgb(68, 68, 68);\">Beberapa rakan kongsi mengiklankan bagi pihak kami dan kuki penjejakan ahli gabungan hanya membenarkan kami untuk melihat sama ada pelanggan kami telah datang ke tapak melalui salah satu tapak rakan kongsi kami supaya kami boleh mengkreditkannya dengan sewajarnya dan, jika berkenaan, membenarkan rakan kongsi ahli gabungan kami memberikan apa-apa bonus yang mungkin mereka berikan kepada anda untuk membuat pembelian.<\/span><\/li><\/ul><p><br><\/p><\/span><\/p><h3><span style=\"color: rgb(68, 68, 68);\">Komitmen Pengguna<\/span><\/h3><p><span style=\"color: rgb(68, 68, 68);\">Pengguna mengaku janji untuk menggunakan kandungan dan maklumat yang sewajarnya yang Pateens tawarkan di tapak web dan, sebagai contoh tetapi tidak terhad kepada:<\/span><\/p><ul><li><span style=\"color: rgb(68, 68, 68);\">A) Tidak terlibat dalam aktiviti yang menyalahi undang-undang atau bertentangan dengan niat baik dan ketenteraman awam;<\/span><\/li><li><span style=\"color: rgb(68, 68, 68);\">B) Jangan menyebarkan propaganda atau kandungan yang bersifat perkauman, xenofobia, perjudian, apa-apa jenis pornografi haram, menyokong keganasan atau menentang hak asasi manusia;<\/span><\/li><li><span style=\"color: rgb(68, 68, 68);\">C) Tidak menyebabkan kerosakan kepada sistem fizikal (perkakasan) dan logik (perisian) Pateens, pembekalnya atau pihak ketiga, untuk memperkenalkan atau menyebarkan virus komputer atau mana-mana sistem perkakasan atau perisian lain yang mampu menyebabkan kerosakan yang disebutkan di atas.<\/span><\/li><\/ul><h3><span style=\"color: rgb(68, 68, 68);\">Maklumat lanjut<\/span><\/h3><p><span style=\"color: rgb(68, 68, 68);\">Mudah-mudahan itu telah menjelaskan perkara untuk anda dan seperti yang dinyatakan sebelum ini jika terdapat sesuatu yang anda tidak pasti sama ada anda perlukan atau tidak, biasanya lebih selamat untuk membiarkan kuki didayakan sekiranya ia berinteraksi dengan salah satu ciri yang anda gunakan di tapak kami.<\/span><\/p><p><span style=\"color: rgb(68, 68, 68);\">Polisi ini berkuat kuasa mulai 21 September 2023 <\/span><\/p>","protected":false},"excerpt":{"rendered":"<p>Dasar Privasi Privasi anda adalah penting bagi kami. Adalah menjadi dasar Pateens untuk menghormati privasi anda mengenai sebarang maklumat yang mungkin kami kumpulkan daripada anda di seluruh tapak web kami, Pateens dan tapak lain yang kami miliki dan kendalikan. Kami hanya meminta maklumat peribadi apabila kami benar-benar memerlukannya untuk memberikan perkhidmatan kepada anda. Kami mengumpulnya dengan cara yang adil dan sah,\u2026 <\/p>","protected":false},"author":14,"featured_media":0,"parent":0,"menu_order":0,"comment_status":"closed","ping_status":"closed","template":"","meta":{"footnotes":""},"class_list":["post-16","page","type-page","status-publish","hentry","latest_post"],"yoast_head":"<!-- This site is optimized with the Yoast SEO plugin v26.3 - https:\/\/yoast.com\/wordpress\/plugins\/seo\/ -->\n<title>Pol\u00edtica de Privacidade - Pateens<\/title>\n<meta name=\"robots\" content=\"index, follow, max-snippet:-1, max-image-preview:large, max-video-preview:-1\" \/>\n<link rel=\"canonical\" href=\"https:\/\/pateens.com\/ms\/politica-de-privacidade\/\" \/>\n<meta property=\"og:locale\" content=\"ms_MY\" \/>\n<meta property=\"og:type\" content=\"article\" \/>\n<meta property=\"og:title\" content=\"Pol\u00edtica de Privacidade - Pateens\" \/>\n<meta property=\"og:description\" content=\"Pol\u00edtica Privacidade A sua privacidade \u00e9 importante para n\u00f3s. \u00c9 pol\u00edtica do Pateens respeitar a sua privacidade em rela\u00e7\u00e3o a qualquer informa\u00e7\u00e3o sua que possamos coletar no site Pateens, e outros sites que possu\u00edmos e operamos. Solicitamos informa\u00e7\u00f5es pessoais apenas quando realmente precisamos delas para lhe fornecer um servi\u00e7o. Fazemo-lo por meios justos e legais, &hellip;\" \/>\n<meta property=\"og:url\" content=\"https:\/\/pateens.com\/ms\/politica-de-privacidade\/\" \/>\n<meta property=\"og:site_name\" content=\"Pateens\" \/>\n<meta property=\"article:modified_time\" content=\"2023-09-21T15:03:41+00:00\" \/>\n<meta name=\"twitter:card\" content=\"summary_large_image\" \/>\n<meta name=\"twitter:label1\" content=\"Est. reading time\" \/>\n\t<meta name=\"twitter:data1\" content=\"4 minit\" \/>\n<script type=\"application\/ld+json\" class=\"yoast-schema-graph\">{\"@context\":\"https:\/\/schema.org\",\"@graph\":[{\"@type\":\"WebPage\",\"@id\":\"https:\/\/pateens.com\/politica-de-privacidade\/\",\"url\":\"https:\/\/pateens.com\/politica-de-privacidade\/\",\"name\":\"Pol\u00edtica de Privacidade - Pateens\",\"isPartOf\":{\"@id\":\"https:\/\/pateens.com\/es\/#website\"},\"datePublished\":\"2023-09-21T15:01:43+00:00\",\"dateModified\":\"2023-09-21T15:03:41+00:00\",\"breadcrumb\":{\"@id\":\"https:\/\/pateens.com\/politica-de-privacidade\/#breadcrumb\"},\"inLanguage\":\"ms-MY\",\"potentialAction\":[{\"@type\":\"ReadAction\",\"target\":[\"https:\/\/pateens.com\/politica-de-privacidade\/\"]}]},{\"@type\":\"BreadcrumbList\",\"@id\":\"https:\/\/pateens.com\/politica-de-privacidade\/#breadcrumb\",\"itemListElement\":[{\"@type\":\"ListItem\",\"position\":1,\"name\":\"In\u00edcio\",\"item\":\"https:\/\/pateens.com\/es\/\"},{\"@type\":\"ListItem\",\"position\":2,\"name\":\"Pol\u00edtica de Privacidade\"}]},{\"@type\":\"WebSite\",\"@id\":\"https:\/\/pateens.com\/es\/#website\",\"url\":\"https:\/\/pateens.com\/es\/\",\"name\":\"Pateens\",\"description\":\"Muitas dicas e novidades do mundo para voc\u00ea!\",\"publisher\":{\"@id\":\"https:\/\/pateens.com\/es\/#organization\"},\"potentialAction\":[{\"@type\":\"SearchAction\",\"target\":{\"@type\":\"EntryPoint\",\"urlTemplate\":\"https:\/\/pateens.com\/es\/?s={search_term_string}\"},\"query-input\":{\"@type\":\"PropertyValueSpecification\",\"valueRequired\":true,\"valueName\":\"search_term_string\"}}],\"inLanguage\":\"ms-MY\"},{\"@type\":\"Organization\",\"@id\":\"https:\/\/pateens.com\/es\/#organization\",\"name\":\"Pateens\",\"url\":\"https:\/\/pateens.com\/es\/\",\"logo\":{\"@type\":\"ImageObject\",\"inLanguage\":\"ms-MY\",\"@id\":\"https:\/\/pateens.com\/es\/#\/schema\/logo\/image\/\",\"url\":\"https:\/\/pateens.com\/wp-content\/uploads\/2023\/09\/cropped-WhatsApp-Image-2023-09-22-at-10.28.17-e1695389616971.jpeg\",\"contentUrl\":\"https:\/\/pateens.com\/wp-content\/uploads\/2023\/09\/cropped-WhatsApp-Image-2023-09-22-at-10.28.17-e1695389616971.jpeg\",\"width\":200,\"height\":37,\"caption\":\"Pateens\"},\"image\":{\"@id\":\"https:\/\/pateens.com\/es\/#\/schema\/logo\/image\/\"}}]}<\/script>\n<!-- \/ Yoast SEO plugin. -->","yoast_head_json":{"title":"Pol\u00edtica de Privacidade - Pateens","robots":{"index":"index","follow":"follow","max-snippet":"max-snippet:-1","max-image-preview":"max-image-preview:large","max-video-preview":"max-video-preview:-1"},"canonical":"https:\/\/pateens.com\/ms\/politica-de-privacidade\/","og_locale":"ms_MY","og_type":"article","og_title":"Pol\u00edtica de Privacidade - Pateens","og_description":"Pol\u00edtica Privacidade A sua privacidade \u00e9 importante para n\u00f3s. \u00c9 pol\u00edtica do Pateens respeitar a sua privacidade em rela\u00e7\u00e3o a qualquer informa\u00e7\u00e3o sua que possamos coletar no site Pateens, e outros sites que possu\u00edmos e operamos. Solicitamos informa\u00e7\u00f5es pessoais apenas quando realmente precisamos delas para lhe fornecer um servi\u00e7o. Fazemo-lo por meios justos e legais, &hellip;","og_url":"https:\/\/pateens.com\/ms\/politica-de-privacidade\/","og_site_name":"Pateens","article_modified_time":"2023-09-21T15:03:41+00:00","twitter_card":"summary_large_image","twitter_misc":{"Est. reading time":"4 minit"},"schema":{"@context":"https:\/\/schema.org","@graph":[{"@type":"WebPage","@id":"https:\/\/pateens.com\/politica-de-privacidade\/","url":"https:\/\/pateens.com\/politica-de-privacidade\/","name":"Pol\u00edtica de Privacidade - Pateens","isPartOf":{"@id":"https:\/\/pateens.com\/es\/#website"},"datePublished":"2023-09-21T15:01:43+00:00","dateModified":"2023-09-21T15:03:41+00:00","breadcrumb":{"@id":"https:\/\/pateens.com\/politica-de-privacidade\/#breadcrumb"},"inLanguage":"ms-MY","potentialAction":[{"@type":"ReadAction","target":["https:\/\/pateens.com\/politica-de-privacidade\/"]}]},{"@type":"BreadcrumbList","@id":"https:\/\/pateens.com\/politica-de-privacidade\/#breadcrumb","itemListElement":[{"@type":"ListItem","position":1,"name":"In\u00edcio","item":"https:\/\/pateens.com\/es\/"},{"@type":"ListItem","position":2,"name":"Pol\u00edtica de Privacidade"}]},{"@type":"WebSite","@id":"https:\/\/pateens.com\/es\/#website","url":"https:\/\/pateens.com\/es\/","name":"Pateens","description":"Banyak petua dan berita dari seluruh dunia untuk anda!","publisher":{"@id":"https:\/\/pateens.com\/es\/#organization"},"potentialAction":[{"@type":"SearchAction","target":{"@type":"EntryPoint","urlTemplate":"https:\/\/pateens.com\/es\/?s={search_term_string}"},"query-input":{"@type":"PropertyValueSpecification","valueRequired":true,"valueName":"search_term_string"}}],"inLanguage":"ms-MY"},{"@type":"Organization","@id":"https:\/\/pateens.com\/es\/#organization","name":"Pateens","url":"https:\/\/pateens.com\/es\/","logo":{"@type":"ImageObject","inLanguage":"ms-MY","@id":"https:\/\/pateens.com\/es\/#\/schema\/logo\/image\/","url":"https:\/\/pateens.com\/wp-content\/uploads\/2023\/09\/cropped-WhatsApp-Image-2023-09-22-at-10.28.17-e1695389616971.jpeg","contentUrl":"https:\/\/pateens.com\/wp-content\/uploads\/2023\/09\/cropped-WhatsApp-Image-2023-09-22-at-10.28.17-e1695389616971.jpeg","width":200,"height":37,"caption":"Pateens"},"image":{"@id":"https:\/\/pateens.com\/es\/#\/schema\/logo\/image\/"}}]}},"_links":{"self":[{"href":"https:\/\/pateens.com\/ms\/wp-json\/wp\/v2\/pages\/16","targetHints":{"allow":["GET"]}}],"collection":[{"href":"https:\/\/pateens.com\/ms\/wp-json\/wp\/v2\/pages"}],"about":[{"href":"https:\/\/pateens.com\/ms\/wp-json\/wp\/v2\/types\/page"}],"author":[{"embeddable":true,"href":"https:\/\/pateens.com\/ms\/wp-json\/wp\/v2\/users\/14"}],"replies":[{"embeddable":true,"href":"https:\/\/pateens.com\/ms\/wp-json\/wp\/v2\/comments?post=16"}],"version-history":[{"count":0,"href":"https:\/\/pateens.com\/ms\/wp-json\/wp\/v2\/pages\/16\/revisions"}],"wp:attachment":[{"href":"https:\/\/pateens.com\/ms\/wp-json\/wp\/v2\/media?parent=16"}],"curies":[{"name":"wp","href":"https:\/\/api.w.org\/{rel}","templated":true}]}}