{"id":22,"date":"2023-09-21T12:04:55","date_gmt":"2023-09-21T15:04:55","guid":{"rendered":"https:\/\/pateens.com\/?page_id=22"},"modified":"2023-09-21T12:04:56","modified_gmt":"2023-09-21T15:04:56","slug":"termos-e-condicoes","status":"publish","type":"page","link":"https:\/\/pateens.com\/ms\/termos-e-condicoes\/","title":{"rendered":"Terma dan Syarat"},"content":{"rendered":"<h2><span style=\"color: rgb(68, 68, 68);\">1. Syarat<\/span><\/h2><p><span style=\"color: rgb(68, 68, 68);\">Apabila mengakses laman web <a href=\"https:\/\/pateens.com\/ms\/\">Pateens<\/a>, anda bersetuju untuk mematuhi syarat perkhidmatan ini, semua undang-undang dan peraturan yang berkenaan, dan bersetuju bahawa anda bertanggungjawab untuk mematuhi mana-mana undang-undang tempatan yang berkenaan. Jika anda tidak bersetuju dengan mana-mana syarat ini, anda dilarang menggunakan atau mengakses laman web ini. Bahan-bahan yang terkandung dalam laman web ini dilindungi oleh undang-undang hak cipta dan tanda dagangan yang berkenaan.<\/span><\/p><h2><span style=\"color: rgb(68, 68, 68);\">2. Gunakan Lesen<\/span><\/h2><p><span style=\"color: rgb(68, 68, 68);\">Kebenaran diberikan untuk memuat turun sementara satu salinan bahan (maklumat atau perisian) di tapak web Pateens untuk tontonan sementara bukan komersial sahaja. Ini adalah pemberian lesen, bukan pemindahan hak milik, dan di bawah lesen ini anda tidak boleh:&nbsp;<\/span><\/p><ol><li><span style=\"color: rgb(68, 68, 68);\">mengubah suai atau menyalin bahan;&nbsp;<\/span><\/li><li><span style=\"color: rgb(68, 68, 68);\">menggunakan bahan untuk sebarang tujuan komersial, atau untuk sebarang paparan awam (komersil atau bukan komersial);&nbsp;<\/span><\/li><li><span style=\"color: rgb(68, 68, 68);\">cuba menyahkompilasi atau merekayasa balik mana-mana perisian yang terkandung di tapak web Pateens;&nbsp;<\/span><\/li><li><span style=\"color: rgb(68, 68, 68);\">mengalih keluar sebarang hak cipta atau notasi proprietari lain daripada bahan; atau&nbsp;<\/span><\/li><li><span style=\"color: rgb(68, 68, 68);\">pindahkan bahan kepada orang lain atau &#039;cerminkan&#039; bahan pada mana-mana pelayan lain.<\/span><\/li><\/ol><p><span style=\"color: rgb(68, 68, 68);\">Lesen ini akan ditamatkan secara automatik jika anda melanggar mana-mana sekatan ini dan boleh ditamatkan oleh Pateens pada bila-bila masa. Selepas menamatkan tontonan anda terhadap bahan-bahan ini atau selepas penamatan lesen ini, anda mesti memusnahkan sebarang bahan yang dimuat turun dalam simpanan anda sama ada dalam format elektronik atau bercetak.<\/span><\/p><h2><span style=\"color: rgb(68, 68, 68);\">3. Penafian<\/span><\/h2><ol><li><span style=\"color: rgb(68, 68, 68);\">Bahan-bahan di laman web Pateens disediakan &#039;seadanya&#039;. Pateens tidak membuat waranti, tersurat atau tersirat, dan dengan ini menafikan dan menafikan semua waranti lain termasuk, tanpa had, waranti tersirat atau syarat kebolehdagangan, kesesuaian untuk tujuan tertentu, atau bukan pelanggaran harta intelek atau pelanggaran hak yang lain.<\/span><\/li><li><span style=\"color: rgb(68, 68, 68);\">Selanjutnya, Pateens tidak menjamin atau membuat sebarang representasi mengenai ketepatan, kemungkinan keputusan, atau kebolehpercayaan penggunaan bahan di laman webnya atau sebaliknya berkaitan dengan bahan tersebut atau di mana-mana tapak yang dipautkan ke tapak ini.<\/span><\/li><\/ol><h2><span style=\"color: rgb(68, 68, 68);\">4. Had<\/span><\/h2><p><span style=\"color: rgb(68, 68, 68);\">Pateens atau pembekalnya tidak akan bertanggungjawab untuk apa-apa kerosakan (termasuk, tanpa had, kerosakan untuk kehilangan data atau keuntungan, atau akibat gangguan perniagaan) yang timbul daripada penggunaan atau ketidakupayaan untuk menggunakan bahan-bahan di tapak Internet Pateens, walaupun jika Pateens atau wakil diberi kuasa Pateens telah dimaklumkan secara lisan atau bertulis tentang kemungkinan kerosakan tersebut. Oleh kerana sesetengah bidang kuasa tidak membenarkan pengehadan ke atas waranti tersirat, atau pengehadan liabiliti untuk ganti rugi berbangkit atau sampingan, pengehadan ini mungkin tidak terpakai kepada anda.<\/span><\/p><h2><span style=\"color: rgb(68, 68, 68);\">5. Ketepatan bahan<\/span><\/h2><p><span style=\"color: rgb(68, 68, 68);\">Bahan yang dipaparkan di tapak web Pateens mungkin termasuk kesilapan teknikal, tipografi atau fotografi. Pateens tidak menjamin bahawa mana-mana bahan di tapak webnya adalah tepat, lengkap atau terkini. Pateens boleh membuat perubahan pada bahan yang terkandung di laman webnya pada bila-bila masa tanpa notis. Walau bagaimanapun, Pateens tidak membuat sebarang komitmen untuk mengemas kini bahan.<\/span><\/p><h2><span style=\"color: rgb(68, 68, 68);\">6. Pautan<\/span><\/h2><p><span style=\"color: rgb(68, 68, 68);\">Pateens belum menyemak semua tapak yang dipautkan ke tapak webnya dan tidak bertanggungjawab ke atas kandungan mana-mana tapak terpaut tersebut. Kemasukan mana-mana pautan tidak membayangkan pengesahan oleh Pateens tapak. Penggunaan mana-mana laman web yang dipautkan sedemikian adalah atas risiko pengguna sendiri.<\/span><\/p><p><br><\/p><h3><span style=\"color: rgb(68, 68, 68);\">Pengubahsuaian<\/span><\/h3><p><span style=\"color: rgb(68, 68, 68);\">Pateens boleh menyemak syarat perkhidmatan ini untuk tapak webnya pada bila-bila masa tanpa notis. Dengan menggunakan tapak web ini, anda bersetuju untuk terikat dengan versi semasa bagi syarat perkhidmatan ini.<\/span><\/p><h3><span style=\"color: rgb(68, 68, 68);\">Undang-undang yang terpakai<\/span><\/h3><p><span style=\"color: rgb(68, 68, 68);\">Terma dan syarat ini ditadbir oleh dan ditafsirkan mengikut undang-undang Pateens dan anda tidak boleh ditarik balik kepada bidang kuasa eksklusif mahkamah di Negeri atau lokasi tersebut.<\/span><\/p>","protected":false},"excerpt":{"rendered":"<p>1. Syarat Dengan mengakses tapak web Pateens, anda bersetuju untuk mematuhi syarat perkhidmatan ini, semua undang-undang dan peraturan yang berkenaan, dan bersetuju bahawa anda bertanggungjawab untuk mematuhi mana-mana undang-undang tempatan yang berkenaan. Jika anda tidak bersetuju dengan mana-mana syarat ini, anda dilarang menggunakan atau mengakses laman web ini. Bahan-bahan yang terkandung dalam laman web ini adalah \u2026 <\/p>","protected":false},"author":14,"featured_media":0,"parent":0,"menu_order":0,"comment_status":"closed","ping_status":"closed","template":"","meta":{"footnotes":""},"class_list":["post-22","page","type-page","status-publish","hentry","latest_post"],"yoast_head":"<!-- This site is optimized with the Yoast SEO plugin v26.3 - https:\/\/yoast.com\/wordpress\/plugins\/seo\/ -->\n<title>Termos e Condi\u00e7\u00f5es - Pateens<\/title>\n<meta name=\"robots\" content=\"index, follow, max-snippet:-1, max-image-preview:large, max-video-preview:-1\" \/>\n<link rel=\"canonical\" href=\"https:\/\/pateens.com\/ms\/termos-e-condicoes\/\" \/>\n<meta property=\"og:locale\" content=\"ms_MY\" \/>\n<meta property=\"og:type\" content=\"article\" \/>\n<meta property=\"og:title\" content=\"Termos e Condi\u00e7\u00f5es - Pateens\" \/>\n<meta property=\"og:description\" content=\"1. Termos Ao acessar ao site Pateens, concorda em cumprir estes termos de servi\u00e7o, todas as leis e regulamentos aplic\u00e1veis \u200b\u200be concorda que \u00e9 respons\u00e1vel pelo cumprimento de todas as leis locais aplic\u00e1veis. Se voc\u00ea n\u00e3o concordar com algum desses termos, est\u00e1 proibido de usar ou acessar este site. Os materiais contidos neste site s\u00e3o &hellip;\" \/>\n<meta property=\"og:url\" content=\"https:\/\/pateens.com\/ms\/termos-e-condicoes\/\" \/>\n<meta property=\"og:site_name\" content=\"Pateens\" \/>\n<meta property=\"article:modified_time\" content=\"2023-09-21T15:04:56+00:00\" \/>\n<meta name=\"twitter:card\" content=\"summary_large_image\" \/>\n<meta name=\"twitter:label1\" content=\"Est. reading time\" \/>\n\t<meta name=\"twitter:data1\" content=\"4 minit\" \/>\n<script type=\"application\/ld+json\" class=\"yoast-schema-graph\">{\"@context\":\"https:\/\/schema.org\",\"@graph\":[{\"@type\":\"WebPage\",\"@id\":\"https:\/\/pateens.com\/termos-e-condicoes\/\",\"url\":\"https:\/\/pateens.com\/termos-e-condicoes\/\",\"name\":\"Termos e Condi\u00e7\u00f5es - Pateens\",\"isPartOf\":{\"@id\":\"https:\/\/pateens.com\/es\/#website\"},\"datePublished\":\"2023-09-21T15:04:55+00:00\",\"dateModified\":\"2023-09-21T15:04:56+00:00\",\"breadcrumb\":{\"@id\":\"https:\/\/pateens.com\/termos-e-condicoes\/#breadcrumb\"},\"inLanguage\":\"ms-MY\",\"potentialAction\":[{\"@type\":\"ReadAction\",\"target\":[\"https:\/\/pateens.com\/termos-e-condicoes\/\"]}]},{\"@type\":\"BreadcrumbList\",\"@id\":\"https:\/\/pateens.com\/termos-e-condicoes\/#breadcrumb\",\"itemListElement\":[{\"@type\":\"ListItem\",\"position\":1,\"name\":\"In\u00edcio\",\"item\":\"https:\/\/pateens.com\/es\/\"},{\"@type\":\"ListItem\",\"position\":2,\"name\":\"Termos e Condi\u00e7\u00f5es\"}]},{\"@type\":\"WebSite\",\"@id\":\"https:\/\/pateens.com\/es\/#website\",\"url\":\"https:\/\/pateens.com\/es\/\",\"name\":\"Pateens\",\"description\":\"Muitas dicas e novidades do mundo para voc\u00ea!\",\"publisher\":{\"@id\":\"https:\/\/pateens.com\/es\/#organization\"},\"potentialAction\":[{\"@type\":\"SearchAction\",\"target\":{\"@type\":\"EntryPoint\",\"urlTemplate\":\"https:\/\/pateens.com\/es\/?s={search_term_string}\"},\"query-input\":{\"@type\":\"PropertyValueSpecification\",\"valueRequired\":true,\"valueName\":\"search_term_string\"}}],\"inLanguage\":\"ms-MY\"},{\"@type\":\"Organization\",\"@id\":\"https:\/\/pateens.com\/es\/#organization\",\"name\":\"Pateens\",\"url\":\"https:\/\/pateens.com\/es\/\",\"logo\":{\"@type\":\"ImageObject\",\"inLanguage\":\"ms-MY\",\"@id\":\"https:\/\/pateens.com\/es\/#\/schema\/logo\/image\/\",\"url\":\"https:\/\/pateens.com\/wp-content\/uploads\/2023\/09\/cropped-WhatsApp-Image-2023-09-22-at-10.28.17-e1695389616971.jpeg\",\"contentUrl\":\"https:\/\/pateens.com\/wp-content\/uploads\/2023\/09\/cropped-WhatsApp-Image-2023-09-22-at-10.28.17-e1695389616971.jpeg\",\"width\":200,\"height\":37,\"caption\":\"Pateens\"},\"image\":{\"@id\":\"https:\/\/pateens.com\/es\/#\/schema\/logo\/image\/\"}}]}<\/script>\n<!-- \/ Yoast SEO plugin. -->","yoast_head_json":{"title":"Termos e Condi\u00e7\u00f5es - Pateens","robots":{"index":"index","follow":"follow","max-snippet":"max-snippet:-1","max-image-preview":"max-image-preview:large","max-video-preview":"max-video-preview:-1"},"canonical":"https:\/\/pateens.com\/ms\/termos-e-condicoes\/","og_locale":"ms_MY","og_type":"article","og_title":"Termos e Condi\u00e7\u00f5es - Pateens","og_description":"1. Termos Ao acessar ao site Pateens, concorda em cumprir estes termos de servi\u00e7o, todas as leis e regulamentos aplic\u00e1veis \u200b\u200be concorda que \u00e9 respons\u00e1vel pelo cumprimento de todas as leis locais aplic\u00e1veis. Se voc\u00ea n\u00e3o concordar com algum desses termos, est\u00e1 proibido de usar ou acessar este site. Os materiais contidos neste site s\u00e3o &hellip;","og_url":"https:\/\/pateens.com\/ms\/termos-e-condicoes\/","og_site_name":"Pateens","article_modified_time":"2023-09-21T15:04:56+00:00","twitter_card":"summary_large_image","twitter_misc":{"Est. reading time":"4 minit"},"schema":{"@context":"https:\/\/schema.org","@graph":[{"@type":"WebPage","@id":"https:\/\/pateens.com\/termos-e-condicoes\/","url":"https:\/\/pateens.com\/termos-e-condicoes\/","name":"Termos e Condi\u00e7\u00f5es - Pateens","isPartOf":{"@id":"https:\/\/pateens.com\/es\/#website"},"datePublished":"2023-09-21T15:04:55+00:00","dateModified":"2023-09-21T15:04:56+00:00","breadcrumb":{"@id":"https:\/\/pateens.com\/termos-e-condicoes\/#breadcrumb"},"inLanguage":"ms-MY","potentialAction":[{"@type":"ReadAction","target":["https:\/\/pateens.com\/termos-e-condicoes\/"]}]},{"@type":"BreadcrumbList","@id":"https:\/\/pateens.com\/termos-e-condicoes\/#breadcrumb","itemListElement":[{"@type":"ListItem","position":1,"name":"In\u00edcio","item":"https:\/\/pateens.com\/es\/"},{"@type":"ListItem","position":2,"name":"Termos e Condi\u00e7\u00f5es"}]},{"@type":"WebSite","@id":"https:\/\/pateens.com\/es\/#website","url":"https:\/\/pateens.com\/es\/","name":"Pateens","description":"Banyak petua dan berita dari seluruh dunia untuk anda!","publisher":{"@id":"https:\/\/pateens.com\/es\/#organization"},"potentialAction":[{"@type":"SearchAction","target":{"@type":"EntryPoint","urlTemplate":"https:\/\/pateens.com\/es\/?s={search_term_string}"},"query-input":{"@type":"PropertyValueSpecification","valueRequired":true,"valueName":"search_term_string"}}],"inLanguage":"ms-MY"},{"@type":"Organization","@id":"https:\/\/pateens.com\/es\/#organization","name":"Pateens","url":"https:\/\/pateens.com\/es\/","logo":{"@type":"ImageObject","inLanguage":"ms-MY","@id":"https:\/\/pateens.com\/es\/#\/schema\/logo\/image\/","url":"https:\/\/pateens.com\/wp-content\/uploads\/2023\/09\/cropped-WhatsApp-Image-2023-09-22-at-10.28.17-e1695389616971.jpeg","contentUrl":"https:\/\/pateens.com\/wp-content\/uploads\/2023\/09\/cropped-WhatsApp-Image-2023-09-22-at-10.28.17-e1695389616971.jpeg","width":200,"height":37,"caption":"Pateens"},"image":{"@id":"https:\/\/pateens.com\/es\/#\/schema\/logo\/image\/"}}]}},"_links":{"self":[{"href":"https:\/\/pateens.com\/ms\/wp-json\/wp\/v2\/pages\/22","targetHints":{"allow":["GET"]}}],"collection":[{"href":"https:\/\/pateens.com\/ms\/wp-json\/wp\/v2\/pages"}],"about":[{"href":"https:\/\/pateens.com\/ms\/wp-json\/wp\/v2\/types\/page"}],"author":[{"embeddable":true,"href":"https:\/\/pateens.com\/ms\/wp-json\/wp\/v2\/users\/14"}],"replies":[{"embeddable":true,"href":"https:\/\/pateens.com\/ms\/wp-json\/wp\/v2\/comments?post=22"}],"version-history":[{"count":0,"href":"https:\/\/pateens.com\/ms\/wp-json\/wp\/v2\/pages\/22\/revisions"}],"wp:attachment":[{"href":"https:\/\/pateens.com\/ms\/wp-json\/wp\/v2\/media?parent=22"}],"curies":[{"name":"wp","href":"https:\/\/api.w.org\/{rel}","templated":true}]}}