{"id":16,"date":"2023-09-21T12:01:43","date_gmt":"2023-09-21T15:01:43","guid":{"rendered":"https:\/\/pateens.com\/?page_id=16"},"modified":"2023-09-21T12:03:41","modified_gmt":"2023-09-21T15:03:41","slug":"politica-de-privacidade","status":"publish","type":"page","link":"https:\/\/pateens.com\/nl\/politica-de-privacidade\/","title":{"rendered":"Privacybeleid"},"content":{"rendered":"<h2><span style=\"color: rgb(68, 68, 68);\">Privacybeleid<\/span><\/h2><p><span style=\"color: rgb(68, 68, 68);\">Uw privacy is belangrijk voor ons. Het is het beleid van Pateen om uw privacy te respecteren met betrekking tot alle informatie die we via onze website van u verzamelen. <a href=\"https:\/\/pateens.com\/nl\/\">Pateens<\/a>en andere websites die wij bezitten en beheren.<\/span><\/p><p><span style=\"color: rgb(68, 68, 68);\">We vragen alleen om persoonsgegevens wanneer we deze echt nodig hebben om u een dienst te verlenen. We verzamelen deze op een eerlijke en rechtmatige manier, met uw medeweten en toestemming. We laten u ook weten waarom we deze verzamelen en hoe deze gebruikt zal worden.<\/span><\/p><p><span style=\"color: rgb(68, 68, 68);\">We bewaren de verzamelde informatie slechts zo lang als nodig is om u de door u gevraagde dienst te verlenen. De gegevens die we opslaan, beschermen we binnen commercieel aanvaardbare grenzen om verlies en diefstal, evenals ongeoorloofde toegang, openbaarmaking, kopi\u00ebren, gebruik of wijziging, te voorkomen.<\/span><\/p><p><span style=\"color: rgb(68, 68, 68);\">Wij delen geen persoonlijk identificeerbare informatie openbaar of met derden, behalve wanneer dit wettelijk verplicht is.<\/span><\/p><p><span style=\"color: rgb(68, 68, 68);\">Onze website kan linken naar externe websites die niet door ons worden beheerd. Houd er rekening mee dat wij geen controle hebben over de inhoud en de werkwijze van deze websites en geen verantwoordelijkheid of aansprakelijkheid kunnen aanvaarden voor hun respectievelijke gebruik.&nbsp;<\/span><a href=\"https:\/\/politicaprivacidade.com\/\" rel=\"noopener noreferrer\" target=\"_blank\" style=\"background-color: transparent; color: rgb(68, 68, 68);\">privacybeleid<\/a><span style=\"color: rgb(68, 68, 68);\">.<\/span><\/p><p><span style=\"color: rgb(68, 68, 68);\">U kunt ons verzoek om uw persoonsgegevens te weigeren, ook al kunnen wij u dan mogelijk niet de door u gewenste diensten leveren.<\/span><\/p><p><span style=\"color: rgb(68, 68, 68);\">Uw voortgezette gebruik van onze website wordt beschouwd als acceptatie van onze richtlijnen met betrekking tot privacy en persoonsgegevens. Als u vragen heeft over hoe wij omgaan met gebruikersgegevens en persoonsgegevens, neem dan gerust contact met ons op.<\/span><\/p><p><span style=\"color: rgb(68, 68, 68);\"><ul><li><span style=\"color: rgb(68, 68, 68);\">De Google AdSense-service die we gebruiken om advertenties weer te geven, maakt gebruik van een DoubleClick-cookie om relevantere advertenties op internet weer te geven en het aantal keren te beperken dat een bepaalde advertentie aan u wordt weergegeven.<\/span><\/li><li><span style=\"color: rgb(68, 68, 68);\">Voor meer informatie over Google AdSense kunt u de offici\u00eble privacy-FAQ&#039;s van Google AdSense raadplegen.<\/span><\/li><li><span style=\"color: rgb(68, 68, 68);\">We gebruiken advertenties om de kosten voor het runnen van deze site te dekken en financiering te verstrekken voor verdere ontwikkeling. De cookies voor gedragsgerichte advertenties die deze site gebruikt, zijn ontworpen om ervoor te zorgen dat we u waar mogelijk de meest relevante advertenties tonen door uw interesses anoniem te volgen en vergelijkbare dingen te presenteren die mogelijk interessant voor u zijn.<\/span><\/li><li><span style=\"color: rgb(68, 68, 68);\">Verschillende partners adverteren namens ons en cookies voor affiliate tracking zorgen ervoor dat wij kunnen zien of onze klanten via een van onze partnersites op onze site terecht zijn gekomen. Zo kunnen wij hen op de juiste manier belonen en, indien van toepassing, onze affiliate partners de mogelijkheid bieden om een bonus te verstrekken die zij u aanbieden als u een aankoop doet.<\/span><\/li><\/ul><p><br><\/p><\/span><\/p><h3><span style=\"color: rgb(68, 68, 68);\">Gebruikersbetrokkenheid<\/span><\/h3><p><span style=\"color: rgb(68, 68, 68);\">De gebruiker verbindt zich ertoe op gepaste wijze gebruik te maken van de inhoud en informatie die Pateens op de website aanbiedt en, bij wijze van voorbeeld maar niet beperkt tot:<\/span><\/p><ul><li><span style=\"color: rgb(68, 68, 68);\">A) Geen activiteiten te ondernemen die illegaal zijn of in strijd met de goede trouw en de openbare orde;<\/span><\/li><li><span style=\"color: rgb(68, 68, 68);\">B) Verspreid geen propaganda of inhoud met een racistisch, xenofobisch karakter, gokken, illegale pornografie of welke vorm van inhoud dan ook, ter ondersteuning van terrorisme of in strijd met de mensenrechten;<\/span><\/li><li><span style=\"color: rgb(68, 68, 68);\">C) Geen schade toe te brengen aan de fysieke (hardware) en logische (software) systemen van Pateens, haar toeleveranciers of derden, en geen computervirussen of andere hardware- of softwaresystemen te introduceren of te verspreiden die de hiervoor genoemde schade kunnen veroorzaken.<\/span><\/li><\/ul><h3><span style=\"color: rgb(68, 68, 68);\">Meer informatie<\/span><\/h3><p><span style=\"color: rgb(68, 68, 68);\">Hopelijk is het hiermee duidelijk voor u. Zoals eerder vermeld: als u niet zeker weet of u cookies nodig hebt, is het doorgaans veiliger om cookies ingeschakeld te laten voor het geval dat de cookies interacteren met een van de functies die u op onze site gebruikt.<\/span><\/p><p><span style=\"color: rgb(68, 68, 68);\">Dit beleid is van kracht vanaf 21 september 2023 <\/span><\/p>","protected":false},"excerpt":{"rendered":"<p>Privacybeleid Uw privacy is belangrijk voor ons. Het is Pateens beleid om uw privacy te respecteren met betrekking tot alle informatie die we van u verzamelen via onze website, Pateens en andere websites die wij bezitten en beheren. We vragen alleen om persoonlijke informatie wanneer we deze echt nodig hebben om u van dienst te zijn. We verzamelen deze op eerlijke en legale wijze, \u2026 <\/p>","protected":false},"author":14,"featured_media":0,"parent":0,"menu_order":0,"comment_status":"closed","ping_status":"closed","template":"","meta":{"footnotes":""},"class_list":["post-16","page","type-page","status-publish","hentry","latest_post"],"yoast_head":"<!-- This site is optimized with the Yoast SEO plugin v26.3 - https:\/\/yoast.com\/wordpress\/plugins\/seo\/ -->\n<title>Pol\u00edtica de Privacidade - Pateens<\/title>\n<meta name=\"robots\" content=\"index, follow, max-snippet:-1, max-image-preview:large, max-video-preview:-1\" \/>\n<link rel=\"canonical\" href=\"https:\/\/pateens.com\/nl\/politica-de-privacidade\/\" \/>\n<meta property=\"og:locale\" content=\"nl_NL\" \/>\n<meta property=\"og:type\" content=\"article\" \/>\n<meta property=\"og:title\" content=\"Pol\u00edtica de Privacidade - Pateens\" \/>\n<meta property=\"og:description\" content=\"Pol\u00edtica Privacidade A sua privacidade \u00e9 importante para n\u00f3s. \u00c9 pol\u00edtica do Pateens respeitar a sua privacidade em rela\u00e7\u00e3o a qualquer informa\u00e7\u00e3o sua que possamos coletar no site Pateens, e outros sites que possu\u00edmos e operamos. Solicitamos informa\u00e7\u00f5es pessoais apenas quando realmente precisamos delas para lhe fornecer um servi\u00e7o. Fazemo-lo por meios justos e legais, &hellip;\" \/>\n<meta property=\"og:url\" content=\"https:\/\/pateens.com\/nl\/politica-de-privacidade\/\" \/>\n<meta property=\"og:site_name\" content=\"Pateens\" \/>\n<meta property=\"article:modified_time\" content=\"2023-09-21T15:03:41+00:00\" \/>\n<meta name=\"twitter:card\" content=\"summary_large_image\" \/>\n<meta name=\"twitter:label1\" content=\"Geschatte leestijd\" \/>\n\t<meta name=\"twitter:data1\" content=\"4 minuten\" \/>\n<script type=\"application\/ld+json\" class=\"yoast-schema-graph\">{\"@context\":\"https:\/\/schema.org\",\"@graph\":[{\"@type\":\"WebPage\",\"@id\":\"https:\/\/pateens.com\/politica-de-privacidade\/\",\"url\":\"https:\/\/pateens.com\/politica-de-privacidade\/\",\"name\":\"Pol\u00edtica de Privacidade - Pateens\",\"isPartOf\":{\"@id\":\"https:\/\/pateens.com\/es\/#website\"},\"datePublished\":\"2023-09-21T15:01:43+00:00\",\"dateModified\":\"2023-09-21T15:03:41+00:00\",\"breadcrumb\":{\"@id\":\"https:\/\/pateens.com\/politica-de-privacidade\/#breadcrumb\"},\"inLanguage\":\"nl-NL\",\"potentialAction\":[{\"@type\":\"ReadAction\",\"target\":[\"https:\/\/pateens.com\/politica-de-privacidade\/\"]}]},{\"@type\":\"BreadcrumbList\",\"@id\":\"https:\/\/pateens.com\/politica-de-privacidade\/#breadcrumb\",\"itemListElement\":[{\"@type\":\"ListItem\",\"position\":1,\"name\":\"In\u00edcio\",\"item\":\"https:\/\/pateens.com\/es\/\"},{\"@type\":\"ListItem\",\"position\":2,\"name\":\"Pol\u00edtica de Privacidade\"}]},{\"@type\":\"WebSite\",\"@id\":\"https:\/\/pateens.com\/es\/#website\",\"url\":\"https:\/\/pateens.com\/es\/\",\"name\":\"Pateens\",\"description\":\"Muitas dicas e novidades do mundo para voc\u00ea!\",\"publisher\":{\"@id\":\"https:\/\/pateens.com\/es\/#organization\"},\"potentialAction\":[{\"@type\":\"SearchAction\",\"target\":{\"@type\":\"EntryPoint\",\"urlTemplate\":\"https:\/\/pateens.com\/es\/?s={search_term_string}\"},\"query-input\":{\"@type\":\"PropertyValueSpecification\",\"valueRequired\":true,\"valueName\":\"search_term_string\"}}],\"inLanguage\":\"nl-NL\"},{\"@type\":\"Organization\",\"@id\":\"https:\/\/pateens.com\/es\/#organization\",\"name\":\"Pateens\",\"url\":\"https:\/\/pateens.com\/es\/\",\"logo\":{\"@type\":\"ImageObject\",\"inLanguage\":\"nl-NL\",\"@id\":\"https:\/\/pateens.com\/es\/#\/schema\/logo\/image\/\",\"url\":\"https:\/\/pateens.com\/wp-content\/uploads\/2023\/09\/cropped-WhatsApp-Image-2023-09-22-at-10.28.17-e1695389616971.jpeg\",\"contentUrl\":\"https:\/\/pateens.com\/wp-content\/uploads\/2023\/09\/cropped-WhatsApp-Image-2023-09-22-at-10.28.17-e1695389616971.jpeg\",\"width\":200,\"height\":37,\"caption\":\"Pateens\"},\"image\":{\"@id\":\"https:\/\/pateens.com\/es\/#\/schema\/logo\/image\/\"}}]}<\/script>\n<!-- \/ Yoast SEO plugin. -->","yoast_head_json":{"title":"Pol\u00edtica de Privacidade - Pateens","robots":{"index":"index","follow":"follow","max-snippet":"max-snippet:-1","max-image-preview":"max-image-preview:large","max-video-preview":"max-video-preview:-1"},"canonical":"https:\/\/pateens.com\/nl\/politica-de-privacidade\/","og_locale":"nl_NL","og_type":"article","og_title":"Pol\u00edtica de Privacidade - Pateens","og_description":"Pol\u00edtica Privacidade A sua privacidade \u00e9 importante para n\u00f3s. \u00c9 pol\u00edtica do Pateens respeitar a sua privacidade em rela\u00e7\u00e3o a qualquer informa\u00e7\u00e3o sua que possamos coletar no site Pateens, e outros sites que possu\u00edmos e operamos. Solicitamos informa\u00e7\u00f5es pessoais apenas quando realmente precisamos delas para lhe fornecer um servi\u00e7o. Fazemo-lo por meios justos e legais, &hellip;","og_url":"https:\/\/pateens.com\/nl\/politica-de-privacidade\/","og_site_name":"Pateens","article_modified_time":"2023-09-21T15:03:41+00:00","twitter_card":"summary_large_image","twitter_misc":{"Geschatte leestijd":"4 minuten"},"schema":{"@context":"https:\/\/schema.org","@graph":[{"@type":"WebPage","@id":"https:\/\/pateens.com\/politica-de-privacidade\/","url":"https:\/\/pateens.com\/politica-de-privacidade\/","name":"Pol\u00edtica de Privacidade - Pateens","isPartOf":{"@id":"https:\/\/pateens.com\/es\/#website"},"datePublished":"2023-09-21T15:01:43+00:00","dateModified":"2023-09-21T15:03:41+00:00","breadcrumb":{"@id":"https:\/\/pateens.com\/politica-de-privacidade\/#breadcrumb"},"inLanguage":"nl-NL","potentialAction":[{"@type":"ReadAction","target":["https:\/\/pateens.com\/politica-de-privacidade\/"]}]},{"@type":"BreadcrumbList","@id":"https:\/\/pateens.com\/politica-de-privacidade\/#breadcrumb","itemListElement":[{"@type":"ListItem","position":1,"name":"In\u00edcio","item":"https:\/\/pateens.com\/es\/"},{"@type":"ListItem","position":2,"name":"Pol\u00edtica de Privacidade"}]},{"@type":"WebSite","@id":"https:\/\/pateens.com\/es\/#website","url":"https:\/\/pateens.com\/es\/","name":"Pateens","description":"Veel tips en nieuws uit de wereld voor jou!","publisher":{"@id":"https:\/\/pateens.com\/es\/#organization"},"potentialAction":[{"@type":"SearchAction","target":{"@type":"EntryPoint","urlTemplate":"https:\/\/pateens.com\/es\/?s={search_term_string}"},"query-input":{"@type":"PropertyValueSpecification","valueRequired":true,"valueName":"search_term_string"}}],"inLanguage":"nl-NL"},{"@type":"Organization","@id":"https:\/\/pateens.com\/es\/#organization","name":"Pateens","url":"https:\/\/pateens.com\/es\/","logo":{"@type":"ImageObject","inLanguage":"nl-NL","@id":"https:\/\/pateens.com\/es\/#\/schema\/logo\/image\/","url":"https:\/\/pateens.com\/wp-content\/uploads\/2023\/09\/cropped-WhatsApp-Image-2023-09-22-at-10.28.17-e1695389616971.jpeg","contentUrl":"https:\/\/pateens.com\/wp-content\/uploads\/2023\/09\/cropped-WhatsApp-Image-2023-09-22-at-10.28.17-e1695389616971.jpeg","width":200,"height":37,"caption":"Pateens"},"image":{"@id":"https:\/\/pateens.com\/es\/#\/schema\/logo\/image\/"}}]}},"_links":{"self":[{"href":"https:\/\/pateens.com\/nl\/wp-json\/wp\/v2\/pages\/16","targetHints":{"allow":["GET"]}}],"collection":[{"href":"https:\/\/pateens.com\/nl\/wp-json\/wp\/v2\/pages"}],"about":[{"href":"https:\/\/pateens.com\/nl\/wp-json\/wp\/v2\/types\/page"}],"author":[{"embeddable":true,"href":"https:\/\/pateens.com\/nl\/wp-json\/wp\/v2\/users\/14"}],"replies":[{"embeddable":true,"href":"https:\/\/pateens.com\/nl\/wp-json\/wp\/v2\/comments?post=16"}],"version-history":[{"count":0,"href":"https:\/\/pateens.com\/nl\/wp-json\/wp\/v2\/pages\/16\/revisions"}],"wp:attachment":[{"href":"https:\/\/pateens.com\/nl\/wp-json\/wp\/v2\/media?parent=16"}],"curies":[{"name":"wp","href":"https:\/\/api.w.org\/{rel}","templated":true}]}}