{"id":22,"date":"2023-09-21T12:04:55","date_gmt":"2023-09-21T15:04:55","guid":{"rendered":"https:\/\/pateens.com\/?page_id=22"},"modified":"2023-09-21T12:04:56","modified_gmt":"2023-09-21T15:04:56","slug":"termos-e-condicoes","status":"publish","type":"page","link":"https:\/\/pateens.com\/nl\/termos-e-condicoes\/","title":{"rendered":"Algemene voorwaarden"},"content":{"rendered":"<h2><span style=\"color: rgb(68, 68, 68);\">1. Voorwaarden<\/span><\/h2><p><span style=\"color: rgb(68, 68, 68);\">Bij het bezoeken van de website <a href=\"https:\/\/pateens.com\/nl\/\">Pateens<\/a>, gaat u ermee akkoord deze servicevoorwaarden en alle toepasselijke wet- en regelgeving na te leven, en gaat u ermee akkoord dat u verantwoordelijk bent voor de naleving van alle toepasselijke lokale wetten. Als u niet akkoord gaat met een van deze voorwaarden, mag u deze site niet gebruiken of openen. De materialen op deze site zijn beschermd door toepasselijke auteursrecht- en handelsmerkwetten.<\/span><\/p><h2><span style=\"color: rgb(68, 68, 68);\">2. Licentiegebruik<\/span><\/h2><p><span style=\"color: rgb(68, 68, 68);\">Er wordt toestemming verleend om tijdelijk \u00e9\u00e9n exemplaar van het materiaal (informatie of software) op de website van Pateens te downloaden, uitsluitend voor persoonlijk, niet-commercieel, tijdelijk bekijken. Dit is het verlenen van een licentie, geen eigendomsoverdracht, en onder deze licentie mag u niet:&nbsp;<\/span><\/p><ol><li><span style=\"color: rgb(68, 68, 68);\">de materialen wijzigen of kopi\u00ebren;&nbsp;<\/span><\/li><li><span style=\"color: rgb(68, 68, 68);\">de materialen gebruiken voor commerci\u00eble doeleinden of voor openbare vertoning (commercieel of niet-commercieel);&nbsp;<\/span><\/li><li><span style=\"color: rgb(68, 68, 68);\">proberen software op de website van Pateens te decompileren of reverse-engineeren;&nbsp;<\/span><\/li><li><span style=\"color: rgb(68, 68, 68);\">eventuele auteursrecht- of andere eigendomsaantekeningen uit de materialen verwijderen; of&nbsp;<\/span><\/li><li><span style=\"color: rgb(68, 68, 68);\">het materiaal overdragen aan een andere persoon of het materiaal &#039;spiegelen&#039; op een andere server.<\/span><\/li><\/ol><p><span style=\"color: rgb(68, 68, 68);\">Deze licentie wordt automatisch be\u00ebindigd als u een van deze beperkingen schendt en kan op elk moment door Pateens worden be\u00ebindigd. Bij het be\u00ebindigen van het bekijken van dit materiaal of bij het be\u00ebindigen van deze licentie, moet u alle gedownloade materialen in uw bezit verwijderen, ongeacht of deze in elektronische of gedrukte vorm zijn.<\/span><\/p><h2><span style=\"color: rgb(68, 68, 68);\">3. Disclaimer<\/span><\/h2><ol><li><span style=\"color: rgb(68, 68, 68);\">De materialen op de website van Pateens worden geleverd op een &#039;as is&#039;-basis. Pateens geeft geen garanties, expliciet of impliciet, en ontkent en ontkent hierbij alle andere garanties, inclusief maar niet beperkt tot impliciete garanties of voorwaarden van verkoopbaarheid, geschiktheid voor een bepaald doel, of niet-schending van intellectueel eigendom of andere schending van rechten.<\/span><\/li><li><span style=\"color: rgb(68, 68, 68);\">Verder geeft Pateens geen garantie of doet geen uitspraken met betrekking tot de nauwkeurigheid, waarschijnlijke resultaten of betrouwbaarheid van het gebruik van het materiaal op haar website of anderszins gerelateerd aan dergelijk materiaal of op sites die aan deze site zijn gekoppeld.<\/span><\/li><\/ol><h2><span style=\"color: rgb(68, 68, 68);\">4. Beperkingen<\/span><\/h2><p><span style=\"color: rgb(68, 68, 68);\">Pateens of haar leveranciers zijn in geen geval aansprakelijk voor enige schade (inclusief, maar niet beperkt tot, schade door verlies van gegevens of winst, of als gevolg van bedrijfsonderbrekingen) die voortvloeit uit het gebruik of de onmogelijkheid om het materiaal op de website van Pateens te gebruiken, zelfs indien Pateens of een door Pateens gemachtigde vertegenwoordiger mondeling of schriftelijk op de hoogte is gesteld van de mogelijkheid van dergelijke schade. Omdat in sommige rechtsgebieden geen beperkingen op impliciete garanties of aansprakelijkheidsbeperkingen voor gevolgschade of incidentele schade zijn toegestaan, zijn deze beperkingen mogelijk niet op u van toepassing.<\/span><\/p><h2><span style=\"color: rgb(68, 68, 68);\">5. Precisie van materialen<\/span><\/h2><p><span style=\"color: rgb(68, 68, 68);\">De materialen die op de website van Pateens verschijnen, kunnen technische, typografische of fotografische fouten bevatten. Pateens garandeert niet dat de materialen op haar website accuraat, volledig of actueel zijn. Pateens kan op elk moment zonder voorafgaande kennisgeving wijzigingen aanbrengen in de materialen op haar website. Pateens doet echter geen enkele belofte om de materialen bij te werken.<\/span><\/p><h2><span style=\"color: rgb(68, 68, 68);\">6. Koppelingen<\/span><\/h2><p><span style=\"color: rgb(68, 68, 68);\">Pateens heeft niet alle sites beoordeeld die aan haar website zijn gekoppeld en is niet verantwoordelijk voor de inhoud van enige gekoppelde site. Het opnemen van een link impliceert geen goedkeuring door Pateens van de site. Het gebruik van een gelinkte site is op eigen risico van de gebruiker.<\/span><\/p><p><br><\/p><h3><span style=\"color: rgb(68, 68, 68);\">Wijzigingen<\/span><\/h3><p><span style=\"color: rgb(68, 68, 68);\">Pateens kan deze servicevoorwaarden voor haar website op elk moment zonder voorafgaande kennisgeving herzien. Door deze website te gebruiken, gaat u ermee akkoord gebonden te zijn aan de huidige versie van deze servicevoorwaarden.<\/span><\/p><h3><span style=\"color: rgb(68, 68, 68);\">Toepasselijk recht<\/span><\/h3><p><span style=\"color: rgb(68, 68, 68);\">Deze algemene voorwaarden worden beheerst door en ge\u00efnterpreteerd in overeenstemming met de wetten van Pateens en u onderwerpt zich onherroepelijk aan de exclusieve jurisdictie van de rechtbanken in die staat of locatie.<\/span><\/p>","protected":false},"excerpt":{"rendered":"<p>1. Voorwaarden Door de website van Pateens te bezoeken, gaat u ermee akkoord deze servicevoorwaarden en alle toepasselijke wet- en regelgeving na te leven, en stemt u ermee in dat u verantwoordelijk bent voor de naleving van alle toepasselijke lokale wetgeving. Indien u niet akkoord gaat met een van deze voorwaarden, is het u verboden deze website te gebruiken of te bezoeken. De materialen op deze website zijn... <\/p>","protected":false},"author":14,"featured_media":0,"parent":0,"menu_order":0,"comment_status":"closed","ping_status":"closed","template":"","meta":{"footnotes":""},"class_list":["post-22","page","type-page","status-publish","hentry","latest_post"],"yoast_head":"<!-- This site is optimized with the Yoast SEO plugin v26.3 - https:\/\/yoast.com\/wordpress\/plugins\/seo\/ -->\n<title>Termos e Condi\u00e7\u00f5es - Pateens<\/title>\n<meta name=\"robots\" content=\"index, follow, max-snippet:-1, max-image-preview:large, max-video-preview:-1\" \/>\n<link rel=\"canonical\" href=\"https:\/\/pateens.com\/nl\/termos-e-condicoes\/\" \/>\n<meta property=\"og:locale\" content=\"nl_NL\" \/>\n<meta property=\"og:type\" content=\"article\" \/>\n<meta property=\"og:title\" content=\"Termos e Condi\u00e7\u00f5es - Pateens\" \/>\n<meta property=\"og:description\" content=\"1. Termos Ao acessar ao site Pateens, concorda em cumprir estes termos de servi\u00e7o, todas as leis e regulamentos aplic\u00e1veis \u200b\u200be concorda que \u00e9 respons\u00e1vel pelo cumprimento de todas as leis locais aplic\u00e1veis. Se voc\u00ea n\u00e3o concordar com algum desses termos, est\u00e1 proibido de usar ou acessar este site. Os materiais contidos neste site s\u00e3o &hellip;\" \/>\n<meta property=\"og:url\" content=\"https:\/\/pateens.com\/nl\/termos-e-condicoes\/\" \/>\n<meta property=\"og:site_name\" content=\"Pateens\" \/>\n<meta property=\"article:modified_time\" content=\"2023-09-21T15:04:56+00:00\" \/>\n<meta name=\"twitter:card\" content=\"summary_large_image\" \/>\n<meta name=\"twitter:label1\" content=\"Geschatte leestijd\" \/>\n\t<meta name=\"twitter:data1\" content=\"4 minuten\" \/>\n<script type=\"application\/ld+json\" class=\"yoast-schema-graph\">{\"@context\":\"https:\/\/schema.org\",\"@graph\":[{\"@type\":\"WebPage\",\"@id\":\"https:\/\/pateens.com\/termos-e-condicoes\/\",\"url\":\"https:\/\/pateens.com\/termos-e-condicoes\/\",\"name\":\"Termos e Condi\u00e7\u00f5es - Pateens\",\"isPartOf\":{\"@id\":\"https:\/\/pateens.com\/es\/#website\"},\"datePublished\":\"2023-09-21T15:04:55+00:00\",\"dateModified\":\"2023-09-21T15:04:56+00:00\",\"breadcrumb\":{\"@id\":\"https:\/\/pateens.com\/termos-e-condicoes\/#breadcrumb\"},\"inLanguage\":\"nl-NL\",\"potentialAction\":[{\"@type\":\"ReadAction\",\"target\":[\"https:\/\/pateens.com\/termos-e-condicoes\/\"]}]},{\"@type\":\"BreadcrumbList\",\"@id\":\"https:\/\/pateens.com\/termos-e-condicoes\/#breadcrumb\",\"itemListElement\":[{\"@type\":\"ListItem\",\"position\":1,\"name\":\"In\u00edcio\",\"item\":\"https:\/\/pateens.com\/es\/\"},{\"@type\":\"ListItem\",\"position\":2,\"name\":\"Termos e Condi\u00e7\u00f5es\"}]},{\"@type\":\"WebSite\",\"@id\":\"https:\/\/pateens.com\/es\/#website\",\"url\":\"https:\/\/pateens.com\/es\/\",\"name\":\"Pateens\",\"description\":\"Muitas dicas e novidades do mundo para voc\u00ea!\",\"publisher\":{\"@id\":\"https:\/\/pateens.com\/es\/#organization\"},\"potentialAction\":[{\"@type\":\"SearchAction\",\"target\":{\"@type\":\"EntryPoint\",\"urlTemplate\":\"https:\/\/pateens.com\/es\/?s={search_term_string}\"},\"query-input\":{\"@type\":\"PropertyValueSpecification\",\"valueRequired\":true,\"valueName\":\"search_term_string\"}}],\"inLanguage\":\"nl-NL\"},{\"@type\":\"Organization\",\"@id\":\"https:\/\/pateens.com\/es\/#organization\",\"name\":\"Pateens\",\"url\":\"https:\/\/pateens.com\/es\/\",\"logo\":{\"@type\":\"ImageObject\",\"inLanguage\":\"nl-NL\",\"@id\":\"https:\/\/pateens.com\/es\/#\/schema\/logo\/image\/\",\"url\":\"https:\/\/pateens.com\/wp-content\/uploads\/2023\/09\/cropped-WhatsApp-Image-2023-09-22-at-10.28.17-e1695389616971.jpeg\",\"contentUrl\":\"https:\/\/pateens.com\/wp-content\/uploads\/2023\/09\/cropped-WhatsApp-Image-2023-09-22-at-10.28.17-e1695389616971.jpeg\",\"width\":200,\"height\":37,\"caption\":\"Pateens\"},\"image\":{\"@id\":\"https:\/\/pateens.com\/es\/#\/schema\/logo\/image\/\"}}]}<\/script>\n<!-- \/ Yoast SEO plugin. -->","yoast_head_json":{"title":"Termos e Condi\u00e7\u00f5es - Pateens","robots":{"index":"index","follow":"follow","max-snippet":"max-snippet:-1","max-image-preview":"max-image-preview:large","max-video-preview":"max-video-preview:-1"},"canonical":"https:\/\/pateens.com\/nl\/termos-e-condicoes\/","og_locale":"nl_NL","og_type":"article","og_title":"Termos e Condi\u00e7\u00f5es - Pateens","og_description":"1. Termos Ao acessar ao site Pateens, concorda em cumprir estes termos de servi\u00e7o, todas as leis e regulamentos aplic\u00e1veis \u200b\u200be concorda que \u00e9 respons\u00e1vel pelo cumprimento de todas as leis locais aplic\u00e1veis. Se voc\u00ea n\u00e3o concordar com algum desses termos, est\u00e1 proibido de usar ou acessar este site. Os materiais contidos neste site s\u00e3o &hellip;","og_url":"https:\/\/pateens.com\/nl\/termos-e-condicoes\/","og_site_name":"Pateens","article_modified_time":"2023-09-21T15:04:56+00:00","twitter_card":"summary_large_image","twitter_misc":{"Geschatte leestijd":"4 minuten"},"schema":{"@context":"https:\/\/schema.org","@graph":[{"@type":"WebPage","@id":"https:\/\/pateens.com\/termos-e-condicoes\/","url":"https:\/\/pateens.com\/termos-e-condicoes\/","name":"Termos e Condi\u00e7\u00f5es - Pateens","isPartOf":{"@id":"https:\/\/pateens.com\/es\/#website"},"datePublished":"2023-09-21T15:04:55+00:00","dateModified":"2023-09-21T15:04:56+00:00","breadcrumb":{"@id":"https:\/\/pateens.com\/termos-e-condicoes\/#breadcrumb"},"inLanguage":"nl-NL","potentialAction":[{"@type":"ReadAction","target":["https:\/\/pateens.com\/termos-e-condicoes\/"]}]},{"@type":"BreadcrumbList","@id":"https:\/\/pateens.com\/termos-e-condicoes\/#breadcrumb","itemListElement":[{"@type":"ListItem","position":1,"name":"In\u00edcio","item":"https:\/\/pateens.com\/es\/"},{"@type":"ListItem","position":2,"name":"Termos e Condi\u00e7\u00f5es"}]},{"@type":"WebSite","@id":"https:\/\/pateens.com\/es\/#website","url":"https:\/\/pateens.com\/es\/","name":"Pateens","description":"Veel tips en nieuws uit de wereld voor jou!","publisher":{"@id":"https:\/\/pateens.com\/es\/#organization"},"potentialAction":[{"@type":"SearchAction","target":{"@type":"EntryPoint","urlTemplate":"https:\/\/pateens.com\/es\/?s={search_term_string}"},"query-input":{"@type":"PropertyValueSpecification","valueRequired":true,"valueName":"search_term_string"}}],"inLanguage":"nl-NL"},{"@type":"Organization","@id":"https:\/\/pateens.com\/es\/#organization","name":"Pateens","url":"https:\/\/pateens.com\/es\/","logo":{"@type":"ImageObject","inLanguage":"nl-NL","@id":"https:\/\/pateens.com\/es\/#\/schema\/logo\/image\/","url":"https:\/\/pateens.com\/wp-content\/uploads\/2023\/09\/cropped-WhatsApp-Image-2023-09-22-at-10.28.17-e1695389616971.jpeg","contentUrl":"https:\/\/pateens.com\/wp-content\/uploads\/2023\/09\/cropped-WhatsApp-Image-2023-09-22-at-10.28.17-e1695389616971.jpeg","width":200,"height":37,"caption":"Pateens"},"image":{"@id":"https:\/\/pateens.com\/es\/#\/schema\/logo\/image\/"}}]}},"_links":{"self":[{"href":"https:\/\/pateens.com\/nl\/wp-json\/wp\/v2\/pages\/22","targetHints":{"allow":["GET"]}}],"collection":[{"href":"https:\/\/pateens.com\/nl\/wp-json\/wp\/v2\/pages"}],"about":[{"href":"https:\/\/pateens.com\/nl\/wp-json\/wp\/v2\/types\/page"}],"author":[{"embeddable":true,"href":"https:\/\/pateens.com\/nl\/wp-json\/wp\/v2\/users\/14"}],"replies":[{"embeddable":true,"href":"https:\/\/pateens.com\/nl\/wp-json\/wp\/v2\/comments?post=22"}],"version-history":[{"count":0,"href":"https:\/\/pateens.com\/nl\/wp-json\/wp\/v2\/pages\/22\/revisions"}],"wp:attachment":[{"href":"https:\/\/pateens.com\/nl\/wp-json\/wp\/v2\/media?parent=22"}],"curies":[{"name":"wp","href":"https:\/\/api.w.org\/{rel}","templated":true}]}}