{"id":24,"date":"2023-09-21T12:08:35","date_gmt":"2023-09-21T15:08:35","guid":{"rendered":"https:\/\/pateens.com\/?page_id=24"},"modified":"2023-09-21T12:08:35","modified_gmt":"2023-09-21T15:08:35","slug":"quem-somos","status":"publish","type":"page","link":"https:\/\/pateens.com\/nl\/quem-somos\/","title":{"rendered":"Wie wij zijn"},"content":{"rendered":"<p>Welkom bij Pateens!<\/p>\n\n\n\n<p>Wij zijn een informatie-, tip- en entertainmentportaal met een grote verantwoordelijkheid en eigenaarschap over wat we in onze media brengen.<\/p>\n\n\n\n<p>We weten dat het gebruik van informatie onmisbaar is geworden in het leven van duizenden mensen en dat dit soort inhoud essentieel is voor de samenleving.<\/p>\n\n\n\n<p>Wij streven ernaar om u te voorzien van belangrijke en actuele informatie en om u een uitstekende ervaring te bezorgen bij het browsen op onze pagina&#039;s.<\/p>\n\n\n\n<p>Pateens is ontwikkeld met als doel te innoveren in de digitale omgeving en biedt momenten van informatie, ontspanning en betrokkenheid bij belangrijke dagelijkse zaken.<\/p>\n\n\n\n<p>Welkom iedereen bij\u00a0<a href=\"https:\/\/pateens.com\/nl\/\">Pateens<\/a>!!<\/p>","protected":false},"excerpt":{"rendered":"<p>Welkom bij Pateens! Wij zijn een informatie-, tips- en entertainmentportaal dat zeer verantwoordelijk en verantwoord omgaat met wat we in onze media publiceren. We weten dat het gebruik van informatie onmisbaar is geworden in het leven van duizenden mensen en dat dit soort content essentieel is voor de samenleving. Ons doel is om ... <\/p>","protected":false},"author":14,"featured_media":0,"parent":0,"menu_order":0,"comment_status":"closed","ping_status":"closed","template":"","meta":{"footnotes":""},"class_list":["post-24","page","type-page","status-publish","hentry","latest_post"],"yoast_head":"<!-- This site is optimized with the Yoast SEO plugin v26.3 - https:\/\/yoast.com\/wordpress\/plugins\/seo\/ -->\n<title>Quem somos - Pateens<\/title>\n<meta name=\"robots\" content=\"index, follow, max-snippet:-1, max-image-preview:large, max-video-preview:-1\" \/>\n<link rel=\"canonical\" href=\"https:\/\/pateens.com\/nl\/quem-somos\/\" \/>\n<meta property=\"og:locale\" content=\"nl_NL\" \/>\n<meta property=\"og:type\" content=\"article\" \/>\n<meta property=\"og:title\" content=\"Quem somos - Pateens\" \/>\n<meta property=\"og:description\" content=\"Sejam bem vindos ao Pateens! Somos um portal de informa\u00e7\u00f5es, dicas e entretenimento com muita responsabilidade e propriedade no que informa em nossos meios de comunica\u00e7\u00e3o. Sabemos que o uso da informa\u00e7\u00e3o se tornou indispens\u00e1vel na vida de milhares de pessoas e esse tipo de conte\u00fado \u00e9 fundamental para a sociedade. Nosso objetivo \u00e9 levar &hellip;\" \/>\n<meta property=\"og:url\" content=\"https:\/\/pateens.com\/nl\/quem-somos\/\" \/>\n<meta property=\"og:site_name\" content=\"Pateens\" \/>\n<meta name=\"twitter:card\" content=\"summary_large_image\" \/>\n<meta name=\"twitter:label1\" content=\"Geschatte leestijd\" \/>\n\t<meta name=\"twitter:data1\" content=\"1 minuut\" \/>\n<script type=\"application\/ld+json\" class=\"yoast-schema-graph\">{\"@context\":\"https:\/\/schema.org\",\"@graph\":[{\"@type\":\"WebPage\",\"@id\":\"https:\/\/pateens.com\/quem-somos\/\",\"url\":\"https:\/\/pateens.com\/quem-somos\/\",\"name\":\"Quem somos - Pateens\",\"isPartOf\":{\"@id\":\"https:\/\/pateens.com\/es\/#website\"},\"datePublished\":\"2023-09-21T15:08:35+00:00\",\"breadcrumb\":{\"@id\":\"https:\/\/pateens.com\/quem-somos\/#breadcrumb\"},\"inLanguage\":\"nl-NL\",\"potentialAction\":[{\"@type\":\"ReadAction\",\"target\":[\"https:\/\/pateens.com\/quem-somos\/\"]}]},{\"@type\":\"BreadcrumbList\",\"@id\":\"https:\/\/pateens.com\/quem-somos\/#breadcrumb\",\"itemListElement\":[{\"@type\":\"ListItem\",\"position\":1,\"name\":\"In\u00edcio\",\"item\":\"https:\/\/pateens.com\/es\/\"},{\"@type\":\"ListItem\",\"position\":2,\"name\":\"Quem somos\"}]},{\"@type\":\"WebSite\",\"@id\":\"https:\/\/pateens.com\/es\/#website\",\"url\":\"https:\/\/pateens.com\/es\/\",\"name\":\"Pateens\",\"description\":\"Muitas dicas e novidades do mundo para voc\u00ea!\",\"publisher\":{\"@id\":\"https:\/\/pateens.com\/es\/#organization\"},\"potentialAction\":[{\"@type\":\"SearchAction\",\"target\":{\"@type\":\"EntryPoint\",\"urlTemplate\":\"https:\/\/pateens.com\/es\/?s={search_term_string}\"},\"query-input\":{\"@type\":\"PropertyValueSpecification\",\"valueRequired\":true,\"valueName\":\"search_term_string\"}}],\"inLanguage\":\"nl-NL\"},{\"@type\":\"Organization\",\"@id\":\"https:\/\/pateens.com\/es\/#organization\",\"name\":\"Pateens\",\"url\":\"https:\/\/pateens.com\/es\/\",\"logo\":{\"@type\":\"ImageObject\",\"inLanguage\":\"nl-NL\",\"@id\":\"https:\/\/pateens.com\/es\/#\/schema\/logo\/image\/\",\"url\":\"https:\/\/pateens.com\/wp-content\/uploads\/2023\/09\/cropped-WhatsApp-Image-2023-09-22-at-10.28.17-e1695389616971.jpeg\",\"contentUrl\":\"https:\/\/pateens.com\/wp-content\/uploads\/2023\/09\/cropped-WhatsApp-Image-2023-09-22-at-10.28.17-e1695389616971.jpeg\",\"width\":200,\"height\":37,\"caption\":\"Pateens\"},\"image\":{\"@id\":\"https:\/\/pateens.com\/es\/#\/schema\/logo\/image\/\"}}]}<\/script>\n<!-- \/ Yoast SEO plugin. -->","yoast_head_json":{"title":"Quem somos - Pateens","robots":{"index":"index","follow":"follow","max-snippet":"max-snippet:-1","max-image-preview":"max-image-preview:large","max-video-preview":"max-video-preview:-1"},"canonical":"https:\/\/pateens.com\/nl\/quem-somos\/","og_locale":"nl_NL","og_type":"article","og_title":"Quem somos - Pateens","og_description":"Sejam bem vindos ao Pateens! Somos um portal de informa\u00e7\u00f5es, dicas e entretenimento com muita responsabilidade e propriedade no que informa em nossos meios de comunica\u00e7\u00e3o. Sabemos que o uso da informa\u00e7\u00e3o se tornou indispens\u00e1vel na vida de milhares de pessoas e esse tipo de conte\u00fado \u00e9 fundamental para a sociedade. Nosso objetivo \u00e9 levar &hellip;","og_url":"https:\/\/pateens.com\/nl\/quem-somos\/","og_site_name":"Pateens","twitter_card":"summary_large_image","twitter_misc":{"Geschatte leestijd":"1 minuut"},"schema":{"@context":"https:\/\/schema.org","@graph":[{"@type":"WebPage","@id":"https:\/\/pateens.com\/quem-somos\/","url":"https:\/\/pateens.com\/quem-somos\/","name":"Quem somos - Pateens","isPartOf":{"@id":"https:\/\/pateens.com\/es\/#website"},"datePublished":"2023-09-21T15:08:35+00:00","breadcrumb":{"@id":"https:\/\/pateens.com\/quem-somos\/#breadcrumb"},"inLanguage":"nl-NL","potentialAction":[{"@type":"ReadAction","target":["https:\/\/pateens.com\/quem-somos\/"]}]},{"@type":"BreadcrumbList","@id":"https:\/\/pateens.com\/quem-somos\/#breadcrumb","itemListElement":[{"@type":"ListItem","position":1,"name":"In\u00edcio","item":"https:\/\/pateens.com\/es\/"},{"@type":"ListItem","position":2,"name":"Quem somos"}]},{"@type":"WebSite","@id":"https:\/\/pateens.com\/es\/#website","url":"https:\/\/pateens.com\/es\/","name":"Pateens","description":"Veel tips en nieuws uit de wereld voor jou!","publisher":{"@id":"https:\/\/pateens.com\/es\/#organization"},"potentialAction":[{"@type":"SearchAction","target":{"@type":"EntryPoint","urlTemplate":"https:\/\/pateens.com\/es\/?s={search_term_string}"},"query-input":{"@type":"PropertyValueSpecification","valueRequired":true,"valueName":"search_term_string"}}],"inLanguage":"nl-NL"},{"@type":"Organization","@id":"https:\/\/pateens.com\/es\/#organization","name":"Pateens","url":"https:\/\/pateens.com\/es\/","logo":{"@type":"ImageObject","inLanguage":"nl-NL","@id":"https:\/\/pateens.com\/es\/#\/schema\/logo\/image\/","url":"https:\/\/pateens.com\/wp-content\/uploads\/2023\/09\/cropped-WhatsApp-Image-2023-09-22-at-10.28.17-e1695389616971.jpeg","contentUrl":"https:\/\/pateens.com\/wp-content\/uploads\/2023\/09\/cropped-WhatsApp-Image-2023-09-22-at-10.28.17-e1695389616971.jpeg","width":200,"height":37,"caption":"Pateens"},"image":{"@id":"https:\/\/pateens.com\/es\/#\/schema\/logo\/image\/"}}]}},"_links":{"self":[{"href":"https:\/\/pateens.com\/nl\/wp-json\/wp\/v2\/pages\/24","targetHints":{"allow":["GET"]}}],"collection":[{"href":"https:\/\/pateens.com\/nl\/wp-json\/wp\/v2\/pages"}],"about":[{"href":"https:\/\/pateens.com\/nl\/wp-json\/wp\/v2\/types\/page"}],"author":[{"embeddable":true,"href":"https:\/\/pateens.com\/nl\/wp-json\/wp\/v2\/users\/14"}],"replies":[{"embeddable":true,"href":"https:\/\/pateens.com\/nl\/wp-json\/wp\/v2\/comments?post=24"}],"version-history":[{"count":0,"href":"https:\/\/pateens.com\/nl\/wp-json\/wp\/v2\/pages\/24\/revisions"}],"wp:attachment":[{"href":"https:\/\/pateens.com\/nl\/wp-json\/wp\/v2\/media?parent=24"}],"curies":[{"name":"wp","href":"https:\/\/api.w.org\/{rel}","templated":true}]}}