{"id":16,"date":"2023-09-21T12:01:43","date_gmt":"2023-09-21T15:01:43","guid":{"rendered":"https:\/\/pateens.com\/?page_id=16"},"modified":"2023-09-21T12:03:41","modified_gmt":"2023-09-21T15:03:41","slug":"politica-de-privacidade","status":"publish","type":"page","link":"https:\/\/pateens.com\/pl\/politica-de-privacidade\/","title":{"rendered":"Polityka prywatno\u015bci"},"content":{"rendered":"<h2><span style=\"color: rgb(68, 68, 68);\">Polityka prywatno\u015bci<\/span><\/h2><p><span style=\"color: rgb(68, 68, 68);\">Twoja prywatno\u015b\u0107 jest dla nas wa\u017cna. Polityk\u0105 firmy Pateens jest poszanowanie Twojej prywatno\u015bci w odniesieniu do wszelkich informacji, kt\u00f3re mo\u017cemy od Ciebie zbiera\u0107 za po\u015brednictwem naszej witryny internetowej. <a href=\"https:\/\/pateens.com\/pl\/\">Pateens<\/a>oraz inne witryny internetowe, kt\u00f3rych jeste\u015bmy w\u0142a\u015bcicielami i operatorami.<\/span><\/p><p><span style=\"color: rgb(68, 68, 68);\">Prosimy o podanie danych osobowych wy\u0142\u0105cznie wtedy, gdy jest to niezb\u0119dne do \u015bwiadczenia Ci us\u0142ug. Robimy to w spos\u00f3b uczciwy i zgodny z prawem, za Twoj\u0105 wiedz\u0105 i zgod\u0105. Poinformujemy Ci\u0119 r\u00f3wnie\u017c, dlaczego zbieramy Twoje dane i w jaki spos\u00f3b b\u0119d\u0105 one wykorzystywane.<\/span><\/p><p><span style=\"color: rgb(68, 68, 68);\">Zebrane dane przechowujemy wy\u0142\u0105cznie tak d\u0142ugo, jak jest to konieczne do dostarczenia Ci \u017c\u0105danej us\u0142ugi. Wszelkie dane, kt\u00f3re przechowujemy, chronimy w spos\u00f3b komercyjnie akceptowalny, aby zapobiec ich utracie lub kradzie\u017cy, a tak\u017ce nieautoryzowanemu dost\u0119powi, ujawnieniu, kopiowaniu, wykorzystaniu lub modyfikacji.<\/span><\/p><p><span style=\"color: rgb(68, 68, 68);\">Nie udost\u0119pniamy \u017cadnych informacji umo\u017cliwiaj\u0105cych identyfikacj\u0119 u\u017cytkownika publicznie ani osobom trzecim, chyba \u017ce wymaga tego prawo.<\/span><\/p><p><span style=\"color: rgb(68, 68, 68);\">Nasza strona internetowa mo\u017ce zawiera\u0107 linki do zewn\u0119trznych stron internetowych, kt\u00f3rych nie obs\u0142ugujemy. Nale\u017cy pami\u0119ta\u0107, \u017ce nie mamy kontroli nad tre\u015bci\u0105 i praktykami stosowanymi na tych stronach i nie mo\u017cemy ponosi\u0107 odpowiedzialno\u015bci za ich tre\u015b\u0107 i praktyki.&nbsp;<\/span><a href=\"https:\/\/politicaprivacidade.com\/\" rel=\"noopener noreferrer\" target=\"_blank\" style=\"background-color: transparent; color: rgb(68, 68, 68);\">polityka prywatno\u015bci<\/a><span style=\"color: rgb(68, 68, 68);\">.<\/span><\/p><p><span style=\"color: rgb(68, 68, 68);\">Masz prawo odm\u00f3wi\u0107 podania swoich danych osobowych, ale pami\u0119taj, \u017ce w\u00f3wczas mo\u017cemy nie by\u0107 w stanie dostarczy\u0107 Ci niekt\u00f3rych us\u0142ug, kt\u00f3rych oczekujesz.<\/span><\/p><p><span style=\"color: rgb(68, 68, 68);\">Dalsze korzystanie z naszej witryny internetowej b\u0119dzie r\u00f3wnoznaczne z akceptacj\u0105 naszych zasad dotycz\u0105cych prywatno\u015bci i danych osobowych. Je\u015bli masz jakiekolwiek pytania dotycz\u0105ce sposobu przetwarzania danych u\u017cytkownik\u00f3w i informacji osobowych, skontaktuj si\u0119 z nami.<\/span><\/p><p><span style=\"color: rgb(68, 68, 68);\"><ul><li><span style=\"color: rgb(68, 68, 68);\">Us\u0142uga Google AdSense, z kt\u00f3rej korzystamy do wy\u015bwietlania reklam, korzysta z pliku cookie DoubleClick w celu wy\u015bwietlania trafniejszych reklam w Internecie i ograniczania liczby wy\u015bwietle\u0144 danej reklamy.<\/span><\/li><li><span style=\"color: rgb(68, 68, 68);\">Aby uzyska\u0107 wi\u0119cej informacji na temat us\u0142ugi Google AdSense, zapoznaj si\u0119 z oficjalnymi najcz\u0119\u015bciej zadawanymi pytaniami dotycz\u0105cymi prywatno\u015bci us\u0142ugi Google AdSense.<\/span><\/li><li><span style=\"color: rgb(68, 68, 68);\">Wykorzystujemy reklamy, aby pokry\u0107 koszty prowadzenia tej witryny internetowej i zapewni\u0107 fundusze na jej przysz\u0142y rozw\u00f3j. Pliki cookie reklam behawioralnych, z kt\u00f3rych korzysta ta witryna, maj\u0105 na celu zapewnienie Ci najbardziej odpowiednich reklam, w miar\u0119 mo\u017cliwo\u015bci poprzez anonimowe \u015bledzenie Twoich zainteresowa\u0144 i prezentowanie podobnych rzeczy, kt\u00f3re mog\u0105 Ci\u0119 zainteresowa\u0107.<\/span><\/li><li><span style=\"color: rgb(68, 68, 68);\">Kilku partner\u00f3w reklamuje si\u0119 w naszym imieniu, a pliki cookie \u015bledz\u0105ce partner\u00f3w po prostu pozwalaj\u0105 nam sprawdzi\u0107, czy nasi klienci trafili na nasz\u0105 stron\u0119 za po\u015brednictwem jednej z naszych stron partnerskich, dzi\u0119ki czemu mo\u017cemy odpowiednio ich doceni\u0107, a w stosownych przypadkach umo\u017cliwi\u0107 naszym partnerom partnerskim przyznanie bonus\u00f3w za dokonanie zakupu.<\/span><\/li><\/ul><p><br><\/p><\/span><\/p><h3><span style=\"color: rgb(68, 68, 68);\">Zaanga\u017cowanie u\u017cytkownika<\/span><\/h3><p><span style=\"color: rgb(68, 68, 68);\">U\u017cytkownik zobowi\u0105zuje si\u0119 do w\u0142a\u015bciwego korzystania z tre\u015bci i informacji udost\u0119pnianych przez Pateens na stronie internetowej, w tym m.in.:<\/span><\/p><ul><li><span style=\"color: rgb(68, 68, 68);\">A) nie podejmowa\u0107 dzia\u0142a\u0144 niezgodnych z prawem lub z dobr\u0105 wiar\u0105 i porz\u0105dkiem publicznym;<\/span><\/li><li><span style=\"color: rgb(68, 68, 68);\">B) Nie rozpowszechniaj propagandy ani tre\u015bci o charakterze rasistowskim, ksenofobicznym, hazardowym, \u017cadnego rodzaju nielegalnej pornografii, popieraj\u0105cych terroryzm lub sprzeciwiaj\u0105cych si\u0119 prawom cz\u0142owieka;<\/span><\/li><li><span style=\"color: rgb(68, 68, 68);\">C) Nie powodowa\u0107 uszkodze\u0144 system\u00f3w fizycznych (sprz\u0119towych) i logicznych (programowych) Pateens, jego dostawc\u00f3w lub os\u00f3b trzecich, nie wprowadza\u0107 ani nie rozpowszechnia\u0107 wirus\u00f3w komputerowych lub jakiegokolwiek innego sprz\u0119tu lub system\u00f3w programowych, kt\u00f3re mog\u0105 spowodowa\u0107 ww. uszkodzenia.<\/span><\/li><\/ul><h3><span style=\"color: rgb(68, 68, 68);\">Wi\u0119cej informacji<\/span><\/h3><p><span style=\"color: rgb(68, 68, 68);\">Mam nadziej\u0119, \u017ce powy\u017csze informacje rozja\u015bni\u0142y Ci spraw\u0119 i tak jak ju\u017c wcze\u015bniej wspomniano, je\u015bli nie jeste\u015b pewien, czy czego\u015b potrzebujesz, zazwyczaj bezpieczniej jest pozostawi\u0107 obs\u0142ug\u0119 plik\u00f3w cookie w\u0142\u0105czon\u0105 na wypadek, gdyby mia\u0142a ona wp\u0142yw na jedn\u0105 z funkcji, z kt\u00f3rych korzystasz na naszej stronie.<\/span><\/p><p><span style=\"color: rgb(68, 68, 68);\">Niniejsza polityka obowi\u0105zuje od dnia 21 wrze\u015bnia 2023 r. <\/span><\/p>","protected":false},"excerpt":{"rendered":"<p>Polityka prywatno\u015bci Twoja prywatno\u015b\u0107 jest dla nas wa\u017cna. Polityk\u0105 Pateens jest poszanowanie Twojej prywatno\u015bci w odniesieniu do wszelkich informacji, kt\u00f3re mo\u017cemy od Ciebie zbiera\u0107 na naszej stronie internetowej, w Pateens i innych stronach, kt\u00f3re posiadamy i obs\u0142ugujemy. Prosimy o dane osobowe tylko wtedy, gdy naprawd\u0119 ich potrzebujemy, aby \u015bwiadczy\u0107 Ci us\u0142ugi. Gromadzimy je w uczciwy i legalny spos\u00f3b, \u2026 <\/p>","protected":false},"author":14,"featured_media":0,"parent":0,"menu_order":0,"comment_status":"closed","ping_status":"closed","template":"","meta":{"footnotes":""},"class_list":["post-16","page","type-page","status-publish","hentry","latest_post"],"yoast_head":"<!-- This site is optimized with the Yoast SEO plugin v26.3 - https:\/\/yoast.com\/wordpress\/plugins\/seo\/ -->\n<title>Pol\u00edtica de Privacidade - Pateens<\/title>\n<meta name=\"robots\" content=\"index, follow, max-snippet:-1, max-image-preview:large, max-video-preview:-1\" \/>\n<link rel=\"canonical\" href=\"https:\/\/pateens.com\/pl\/politica-de-privacidade\/\" \/>\n<meta property=\"og:locale\" content=\"pl_PL\" \/>\n<meta property=\"og:type\" content=\"article\" \/>\n<meta property=\"og:title\" content=\"Pol\u00edtica de Privacidade - Pateens\" \/>\n<meta property=\"og:description\" content=\"Pol\u00edtica Privacidade A sua privacidade \u00e9 importante para n\u00f3s. \u00c9 pol\u00edtica do Pateens respeitar a sua privacidade em rela\u00e7\u00e3o a qualquer informa\u00e7\u00e3o sua que possamos coletar no site Pateens, e outros sites que possu\u00edmos e operamos. Solicitamos informa\u00e7\u00f5es pessoais apenas quando realmente precisamos delas para lhe fornecer um servi\u00e7o. Fazemo-lo por meios justos e legais, &hellip;\" \/>\n<meta property=\"og:url\" content=\"https:\/\/pateens.com\/pl\/politica-de-privacidade\/\" \/>\n<meta property=\"og:site_name\" content=\"Pateens\" \/>\n<meta property=\"article:modified_time\" content=\"2023-09-21T15:03:41+00:00\" \/>\n<meta name=\"twitter:card\" content=\"summary_large_image\" \/>\n<meta name=\"twitter:label1\" content=\"Szacowany czas czytania\" \/>\n\t<meta name=\"twitter:data1\" content=\"4 minuty\" \/>\n<script type=\"application\/ld+json\" class=\"yoast-schema-graph\">{\"@context\":\"https:\/\/schema.org\",\"@graph\":[{\"@type\":\"WebPage\",\"@id\":\"https:\/\/pateens.com\/politica-de-privacidade\/\",\"url\":\"https:\/\/pateens.com\/politica-de-privacidade\/\",\"name\":\"Pol\u00edtica de Privacidade - Pateens\",\"isPartOf\":{\"@id\":\"https:\/\/pateens.com\/es\/#website\"},\"datePublished\":\"2023-09-21T15:01:43+00:00\",\"dateModified\":\"2023-09-21T15:03:41+00:00\",\"breadcrumb\":{\"@id\":\"https:\/\/pateens.com\/politica-de-privacidade\/#breadcrumb\"},\"inLanguage\":\"pl-PL\",\"potentialAction\":[{\"@type\":\"ReadAction\",\"target\":[\"https:\/\/pateens.com\/politica-de-privacidade\/\"]}]},{\"@type\":\"BreadcrumbList\",\"@id\":\"https:\/\/pateens.com\/politica-de-privacidade\/#breadcrumb\",\"itemListElement\":[{\"@type\":\"ListItem\",\"position\":1,\"name\":\"In\u00edcio\",\"item\":\"https:\/\/pateens.com\/es\/\"},{\"@type\":\"ListItem\",\"position\":2,\"name\":\"Pol\u00edtica de Privacidade\"}]},{\"@type\":\"WebSite\",\"@id\":\"https:\/\/pateens.com\/es\/#website\",\"url\":\"https:\/\/pateens.com\/es\/\",\"name\":\"Pateens\",\"description\":\"Muitas dicas e novidades do mundo para voc\u00ea!\",\"publisher\":{\"@id\":\"https:\/\/pateens.com\/es\/#organization\"},\"potentialAction\":[{\"@type\":\"SearchAction\",\"target\":{\"@type\":\"EntryPoint\",\"urlTemplate\":\"https:\/\/pateens.com\/es\/?s={search_term_string}\"},\"query-input\":{\"@type\":\"PropertyValueSpecification\",\"valueRequired\":true,\"valueName\":\"search_term_string\"}}],\"inLanguage\":\"pl-PL\"},{\"@type\":\"Organization\",\"@id\":\"https:\/\/pateens.com\/es\/#organization\",\"name\":\"Pateens\",\"url\":\"https:\/\/pateens.com\/es\/\",\"logo\":{\"@type\":\"ImageObject\",\"inLanguage\":\"pl-PL\",\"@id\":\"https:\/\/pateens.com\/es\/#\/schema\/logo\/image\/\",\"url\":\"https:\/\/pateens.com\/wp-content\/uploads\/2023\/09\/cropped-WhatsApp-Image-2023-09-22-at-10.28.17-e1695389616971.jpeg\",\"contentUrl\":\"https:\/\/pateens.com\/wp-content\/uploads\/2023\/09\/cropped-WhatsApp-Image-2023-09-22-at-10.28.17-e1695389616971.jpeg\",\"width\":200,\"height\":37,\"caption\":\"Pateens\"},\"image\":{\"@id\":\"https:\/\/pateens.com\/es\/#\/schema\/logo\/image\/\"}}]}<\/script>\n<!-- \/ Yoast SEO plugin. -->","yoast_head_json":{"title":"Pol\u00edtica de Privacidade - Pateens","robots":{"index":"index","follow":"follow","max-snippet":"max-snippet:-1","max-image-preview":"max-image-preview:large","max-video-preview":"max-video-preview:-1"},"canonical":"https:\/\/pateens.com\/pl\/politica-de-privacidade\/","og_locale":"pl_PL","og_type":"article","og_title":"Pol\u00edtica de Privacidade - Pateens","og_description":"Pol\u00edtica Privacidade A sua privacidade \u00e9 importante para n\u00f3s. \u00c9 pol\u00edtica do Pateens respeitar a sua privacidade em rela\u00e7\u00e3o a qualquer informa\u00e7\u00e3o sua que possamos coletar no site Pateens, e outros sites que possu\u00edmos e operamos. Solicitamos informa\u00e7\u00f5es pessoais apenas quando realmente precisamos delas para lhe fornecer um servi\u00e7o. Fazemo-lo por meios justos e legais, &hellip;","og_url":"https:\/\/pateens.com\/pl\/politica-de-privacidade\/","og_site_name":"Pateens","article_modified_time":"2023-09-21T15:03:41+00:00","twitter_card":"summary_large_image","twitter_misc":{"Szacowany czas czytania":"4 minuty"},"schema":{"@context":"https:\/\/schema.org","@graph":[{"@type":"WebPage","@id":"https:\/\/pateens.com\/politica-de-privacidade\/","url":"https:\/\/pateens.com\/politica-de-privacidade\/","name":"Pol\u00edtica de Privacidade - Pateens","isPartOf":{"@id":"https:\/\/pateens.com\/es\/#website"},"datePublished":"2023-09-21T15:01:43+00:00","dateModified":"2023-09-21T15:03:41+00:00","breadcrumb":{"@id":"https:\/\/pateens.com\/politica-de-privacidade\/#breadcrumb"},"inLanguage":"pl-PL","potentialAction":[{"@type":"ReadAction","target":["https:\/\/pateens.com\/politica-de-privacidade\/"]}]},{"@type":"BreadcrumbList","@id":"https:\/\/pateens.com\/politica-de-privacidade\/#breadcrumb","itemListElement":[{"@type":"ListItem","position":1,"name":"In\u00edcio","item":"https:\/\/pateens.com\/es\/"},{"@type":"ListItem","position":2,"name":"Pol\u00edtica de Privacidade"}]},{"@type":"WebSite","@id":"https:\/\/pateens.com\/es\/#website","url":"https:\/\/pateens.com\/es\/","name":"Pateens","description":"Mn\u00f3stwo porad i aktualno\u015bci ze \u015bwiata dla Ciebie!","publisher":{"@id":"https:\/\/pateens.com\/es\/#organization"},"potentialAction":[{"@type":"SearchAction","target":{"@type":"EntryPoint","urlTemplate":"https:\/\/pateens.com\/es\/?s={search_term_string}"},"query-input":{"@type":"PropertyValueSpecification","valueRequired":true,"valueName":"search_term_string"}}],"inLanguage":"pl-PL"},{"@type":"Organization","@id":"https:\/\/pateens.com\/es\/#organization","name":"Pateens","url":"https:\/\/pateens.com\/es\/","logo":{"@type":"ImageObject","inLanguage":"pl-PL","@id":"https:\/\/pateens.com\/es\/#\/schema\/logo\/image\/","url":"https:\/\/pateens.com\/wp-content\/uploads\/2023\/09\/cropped-WhatsApp-Image-2023-09-22-at-10.28.17-e1695389616971.jpeg","contentUrl":"https:\/\/pateens.com\/wp-content\/uploads\/2023\/09\/cropped-WhatsApp-Image-2023-09-22-at-10.28.17-e1695389616971.jpeg","width":200,"height":37,"caption":"Pateens"},"image":{"@id":"https:\/\/pateens.com\/es\/#\/schema\/logo\/image\/"}}]}},"_links":{"self":[{"href":"https:\/\/pateens.com\/pl\/wp-json\/wp\/v2\/pages\/16","targetHints":{"allow":["GET"]}}],"collection":[{"href":"https:\/\/pateens.com\/pl\/wp-json\/wp\/v2\/pages"}],"about":[{"href":"https:\/\/pateens.com\/pl\/wp-json\/wp\/v2\/types\/page"}],"author":[{"embeddable":true,"href":"https:\/\/pateens.com\/pl\/wp-json\/wp\/v2\/users\/14"}],"replies":[{"embeddable":true,"href":"https:\/\/pateens.com\/pl\/wp-json\/wp\/v2\/comments?post=16"}],"version-history":[{"count":0,"href":"https:\/\/pateens.com\/pl\/wp-json\/wp\/v2\/pages\/16\/revisions"}],"wp:attachment":[{"href":"https:\/\/pateens.com\/pl\/wp-json\/wp\/v2\/media?parent=16"}],"curies":[{"name":"wp","href":"https:\/\/api.w.org\/{rel}","templated":true}]}}