{"id":16,"date":"2023-09-21T12:01:43","date_gmt":"2023-09-21T15:01:43","guid":{"rendered":"https:\/\/pateens.com\/?page_id=16"},"modified":"2023-09-21T12:03:41","modified_gmt":"2023-09-21T15:03:41","slug":"politica-de-privacidade","status":"publish","type":"page","link":"https:\/\/pateens.com\/ro\/politica-de-privacidade\/","title":{"rendered":"Politica de confiden\u021bialitate"},"content":{"rendered":"<h2><span style=\"color: rgb(68, 68, 68);\">Politica de confiden\u021bialitate<\/span><\/h2><p><span style=\"color: rgb(68, 68, 68);\">Confiden\u021bialitatea dumneavoastr\u0103 este important\u0103 pentru noi. Politica Pateens este s\u0103 v\u0103 respecta\u021bi confiden\u021bialitatea cu privire la orice informa\u021bii pe care le putem colecta de la dvs. pe site. <a href=\"https:\/\/pateens.com\/ro\/\">Patene<\/a>, \u0219i alte site-uri pe care le de\u021binem \u0219i oper\u0103m.<\/span><\/p><p><span style=\"color: rgb(68, 68, 68);\">Solicit\u0103m informa\u021bii personale numai atunci c\u00e2nd avem cu adev\u0103rat nevoie de ele pentru a v\u0103 oferi un serviciu. Facem acest lucru prin mijloace corecte \u0219i legale, cu cuno\u0219tin\u021bele \u0219i consim\u021b\u0103m\u00e2ntul dumneavoastr\u0103. De asemenea, v\u0103 spunem de ce \u00eel colect\u0103m \u0219i cum va fi folosit.<\/span><\/p><p><span style=\"color: rgb(68, 68, 68);\">Re\u021binem informa\u021biile colectate doar at\u00e2t timp c\u00e2t este necesar pentru a furniza serviciul solicitat. Atunci c\u00e2nd stoc\u0103m date, le protej\u0103m \u00een mijloace acceptabile din punct de vedere comercial pentru a preveni pierderea \u0219i furtul, precum \u0219i accesul neautorizat, dezv\u0103luirea, copierea, utilizarea sau modificarea.<\/span><\/p><p><span style=\"color: rgb(68, 68, 68);\">Nu \u00eemp\u0103rt\u0103\u0219im informa\u021bii de identificare personal\u0103 \u00een mod public sau cu ter\u021bi, cu excep\u021bia cazului \u00een care este impus de lege.<\/span><\/p><p><span style=\"color: rgb(68, 68, 68);\">Site-ul nostru web poate avea link-uri c\u0103tre site-uri web externe care nu sunt operate de noi. V\u0103 rug\u0103m s\u0103 fi\u021bi con\u0219tien\u021bi de faptul c\u0103 nu avem control asupra con\u021binutului \u0219i practicilor acestor site-uri \u0219i nu putem accepta responsabilitatea pentru acestea&nbsp;<\/span><a href=\"https:\/\/politicaprivacidade.com\/\" rel=\"noopener noreferrer\" target=\"_blank\" style=\"background-color: transparent; color: rgb(68, 68, 68);\">politicile de confiden\u021bialitate<\/a><span style=\"color: rgb(68, 68, 68);\">.<\/span><\/p><p><span style=\"color: rgb(68, 68, 68);\">Sunte\u021bi liber s\u0103 refuza\u021bi solicitarea noastr\u0103 de informa\u021bii personale, \u00een\u021beleg\u00e2nd c\u0103 este posibil s\u0103 nu v\u0103 putem oferi unele dintre serviciile dorite.<\/span><\/p><p><span style=\"color: rgb(68, 68, 68);\">Utilizarea \u00een continuare a site-ului nostru web va fi considerat\u0103 acceptarea practicilor noastre privind confiden\u021bialitatea \u0219i informa\u021biile personale. Dac\u0103 ave\u021bi \u00eentreb\u0103ri despre modul \u00een care gestion\u0103m datele utilizatorului \u0219i informa\u021biile personale, v\u0103 rug\u0103m s\u0103 ne contacta\u021bi.<\/span><\/p><p><span style=\"color: rgb(68, 68, 68);\"><ul><li><span style=\"color: rgb(68, 68, 68);\">Serviciul Google AdSense pe care \u00eel folosim pentru a difuza publicitate folose\u0219te un cookie DoubleClick pentru a difuza anun\u021buri mai relevante pe web \u0219i pentru a limita num\u0103rul de afi\u0219\u0103ri ale unui anume anun\u021b.<\/span><\/li><li><span style=\"color: rgb(68, 68, 68);\">Pentru mai multe informa\u021bii despre Google AdSense, consulta\u021bi \u00eentreb\u0103rile frecvente oficiale Google AdSense privind confiden\u021bialitatea.<\/span><\/li><li><span style=\"color: rgb(68, 68, 68);\">Folosim reclame pentru a compensa costurile de func\u021bionare a acestui site \u0219i pentru a oferi finan\u021bare pentru dezvoltarea viitoare. Cookie-urile de publicitate comportamental\u0103 utilizate de acest site sunt concepute pentru a se asigura c\u0103 v\u0103 oferim cele mai relevante reclame acolo unde este posibil, urm\u0103rindu-v\u0103 \u00een mod anonim interesele \u0219i prezent\u00e2nd lucruri similare care v-ar putea interesa.<\/span><\/li><li><span style=\"color: rgb(68, 68, 68);\">Mai mul\u021bi parteneri fac publicitate \u00een numele nostru \u0219i cookie-urile de urm\u0103rire a afilia\u021bilor ne permit pur \u0219i simplu s\u0103 vedem dac\u0103 clien\u021bii no\u0219tri au accesat site-ul prin intermediul unuia dintre site-urile partenerilor no\u0219tri, astfel \u00eenc\u00e2t s\u0103 le putem credita \u00een mod corespunz\u0103tor \u0219i, dac\u0103 este cazul, s\u0103 le permitem partenerilor no\u0219tri afilia\u021bi s\u0103 ofere orice promo\u021bie care v\u0103 poate oferi s\u0103 face\u021bi o achizi\u021bie.<\/span><\/li><\/ul><p><br><\/p><\/span><\/p><h3><span style=\"color: rgb(68, 68, 68);\">Angajamentul utilizatorului<\/span><\/h3><p><span style=\"color: rgb(68, 68, 68);\">Utilizatorul se oblig\u0103 s\u0103 utilizeze \u00een mod corespunz\u0103tor con\u021binutul \u0219i informa\u021biile pe care Pateens le ofer\u0103 pe site \u0219i cu caracter enun\u021biv, dar nelimitator:<\/span><\/p><ul><li><span style=\"color: rgb(68, 68, 68);\">A) s\u0103 nu se angajeze \u00een activit\u0103\u021bi ilegale sau contrare bunei-credin\u021be \u0219i ordinii publice;<\/span><\/li><li><span style=\"color: rgb(68, 68, 68);\">B) Nu difuza\u021bi propagand\u0103 sau con\u021binut de natur\u0103 rasist\u0103, xenofob\u0103, jocuri de noroc, orice tip de pornografie ilegal\u0103, \u00een sprijinul terorismului sau \u00eempotriva drepturilor omului;<\/span><\/li><li><span style=\"color: rgb(68, 68, 68);\">C) Nu provoca\u021bi daune sistemelor fizice (hardware) \u0219i logice (software) ale Pateens, furnizorilor s\u0103i sau ter\u021bilor, pentru a introduce sau r\u0103sp\u00e2ndi viru\u0219i informatici sau orice alte sisteme hardware sau software care sunt capabile s\u0103 provoace daunele men\u021bionate mai sus.<\/span><\/li><\/ul><h3><span style=\"color: rgb(68, 68, 68);\">Mai multe informatii<\/span><\/h3><p><span style=\"color: rgb(68, 68, 68);\">Sper\u0103m c\u0103 este clar \u0219i, a\u0219a cum am men\u021bionat anterior, dac\u0103 exist\u0103 ceva de care nu e\u0219ti sigur dac\u0103 ave\u021bi nevoie sau nu, este de obicei mai sigur s\u0103 l\u0103sa\u021bi cookie-urile activate \u00een cazul \u00een care interac\u021bioneaz\u0103 cu una dintre func\u021biile pe care le utiliza\u021bi pe site-ul nostru.<\/span><\/p><p><span style=\"color: rgb(68, 68, 68);\">Aceast\u0103 politic\u0103 este \u00een vigoare \u00eencep\u00e2nd cu 21 septembrie 2023 <\/span><\/p>","protected":false},"excerpt":{"rendered":"<p>Politica de confiden\u021bialitate Confiden\u021bialitatea dumneavoastr\u0103 este important\u0103 pentru noi. Politica Pateens este s\u0103 v\u0103 respecta\u021bi confiden\u021bialitatea cu privire la orice informa\u021bii pe care le putem colecta de la dvs. pe site-ul web Pateens \u0219i pe alte site-uri pe care le de\u021binem \u0219i oper\u0103m. Solicit\u0103m informa\u021bii personale numai atunci c\u00e2nd avem cu adev\u0103rat nevoie de ele pentru a v\u0103 oferi un serviciu. Facem acest lucru prin mijloace corecte \u0219i legale,... <\/p>","protected":false},"author":14,"featured_media":0,"parent":0,"menu_order":0,"comment_status":"closed","ping_status":"closed","template":"","meta":{"footnotes":""},"class_list":["post-16","page","type-page","status-publish","hentry","latest_post"],"yoast_head":"<!-- This site is optimized with the Yoast SEO plugin v26.3 - https:\/\/yoast.com\/wordpress\/plugins\/seo\/ -->\n<title>Pol\u00edtica de Privacidade - Pateens<\/title>\n<meta name=\"robots\" content=\"index, follow, max-snippet:-1, max-image-preview:large, max-video-preview:-1\" \/>\n<link rel=\"canonical\" href=\"https:\/\/pateens.com\/ro\/politica-de-privacidade\/\" \/>\n<meta property=\"og:locale\" content=\"ro_RO\" \/>\n<meta property=\"og:type\" content=\"article\" \/>\n<meta property=\"og:title\" content=\"Pol\u00edtica de Privacidade - Pateens\" \/>\n<meta property=\"og:description\" content=\"Pol\u00edtica Privacidade A sua privacidade \u00e9 importante para n\u00f3s. \u00c9 pol\u00edtica do Pateens respeitar a sua privacidade em rela\u00e7\u00e3o a qualquer informa\u00e7\u00e3o sua que possamos coletar no site Pateens, e outros sites que possu\u00edmos e operamos. Solicitamos informa\u00e7\u00f5es pessoais apenas quando realmente precisamos delas para lhe fornecer um servi\u00e7o. Fazemo-lo por meios justos e legais, &hellip;\" \/>\n<meta property=\"og:url\" content=\"https:\/\/pateens.com\/ro\/politica-de-privacidade\/\" \/>\n<meta property=\"og:site_name\" content=\"Pateens\" \/>\n<meta property=\"article:modified_time\" content=\"2023-09-21T15:03:41+00:00\" \/>\n<meta name=\"twitter:card\" content=\"summary_large_image\" \/>\n<meta name=\"twitter:label1\" content=\"Timp estimat pentru citire\" \/>\n\t<meta name=\"twitter:data1\" content=\"4 minute\" \/>\n<script type=\"application\/ld+json\" class=\"yoast-schema-graph\">{\"@context\":\"https:\/\/schema.org\",\"@graph\":[{\"@type\":\"WebPage\",\"@id\":\"https:\/\/pateens.com\/politica-de-privacidade\/\",\"url\":\"https:\/\/pateens.com\/politica-de-privacidade\/\",\"name\":\"Pol\u00edtica de Privacidade - Pateens\",\"isPartOf\":{\"@id\":\"https:\/\/pateens.com\/es\/#website\"},\"datePublished\":\"2023-09-21T15:01:43+00:00\",\"dateModified\":\"2023-09-21T15:03:41+00:00\",\"breadcrumb\":{\"@id\":\"https:\/\/pateens.com\/politica-de-privacidade\/#breadcrumb\"},\"inLanguage\":\"ro-RO\",\"potentialAction\":[{\"@type\":\"ReadAction\",\"target\":[\"https:\/\/pateens.com\/politica-de-privacidade\/\"]}]},{\"@type\":\"BreadcrumbList\",\"@id\":\"https:\/\/pateens.com\/politica-de-privacidade\/#breadcrumb\",\"itemListElement\":[{\"@type\":\"ListItem\",\"position\":1,\"name\":\"In\u00edcio\",\"item\":\"https:\/\/pateens.com\/es\/\"},{\"@type\":\"ListItem\",\"position\":2,\"name\":\"Pol\u00edtica de Privacidade\"}]},{\"@type\":\"WebSite\",\"@id\":\"https:\/\/pateens.com\/es\/#website\",\"url\":\"https:\/\/pateens.com\/es\/\",\"name\":\"Pateens\",\"description\":\"Muitas dicas e novidades do mundo para voc\u00ea!\",\"publisher\":{\"@id\":\"https:\/\/pateens.com\/es\/#organization\"},\"potentialAction\":[{\"@type\":\"SearchAction\",\"target\":{\"@type\":\"EntryPoint\",\"urlTemplate\":\"https:\/\/pateens.com\/es\/?s={search_term_string}\"},\"query-input\":{\"@type\":\"PropertyValueSpecification\",\"valueRequired\":true,\"valueName\":\"search_term_string\"}}],\"inLanguage\":\"ro-RO\"},{\"@type\":\"Organization\",\"@id\":\"https:\/\/pateens.com\/es\/#organization\",\"name\":\"Pateens\",\"url\":\"https:\/\/pateens.com\/es\/\",\"logo\":{\"@type\":\"ImageObject\",\"inLanguage\":\"ro-RO\",\"@id\":\"https:\/\/pateens.com\/es\/#\/schema\/logo\/image\/\",\"url\":\"https:\/\/pateens.com\/wp-content\/uploads\/2023\/09\/cropped-WhatsApp-Image-2023-09-22-at-10.28.17-e1695389616971.jpeg\",\"contentUrl\":\"https:\/\/pateens.com\/wp-content\/uploads\/2023\/09\/cropped-WhatsApp-Image-2023-09-22-at-10.28.17-e1695389616971.jpeg\",\"width\":200,\"height\":37,\"caption\":\"Pateens\"},\"image\":{\"@id\":\"https:\/\/pateens.com\/es\/#\/schema\/logo\/image\/\"}}]}<\/script>\n<!-- \/ Yoast SEO plugin. -->","yoast_head_json":{"title":"Politica de confiden\u021bialitate - Pateens","robots":{"index":"index","follow":"follow","max-snippet":"max-snippet:-1","max-image-preview":"max-image-preview:large","max-video-preview":"max-video-preview:-1"},"canonical":"https:\/\/pateens.com\/ro\/politica-de-privacidade\/","og_locale":"ro_RO","og_type":"article","og_title":"Pol\u00edtica de Privacidade - Pateens","og_description":"Pol\u00edtica Privacidade A sua privacidade \u00e9 importante para n\u00f3s. \u00c9 pol\u00edtica do Pateens respeitar a sua privacidade em rela\u00e7\u00e3o a qualquer informa\u00e7\u00e3o sua que possamos coletar no site Pateens, e outros sites que possu\u00edmos e operamos. Solicitamos informa\u00e7\u00f5es pessoais apenas quando realmente precisamos delas para lhe fornecer um servi\u00e7o. Fazemo-lo por meios justos e legais, &hellip;","og_url":"https:\/\/pateens.com\/ro\/politica-de-privacidade\/","og_site_name":"Pateens","article_modified_time":"2023-09-21T15:03:41+00:00","twitter_card":"summary_large_image","twitter_misc":{"Timp estimat pentru citire":"4 minute"},"schema":{"@context":"https:\/\/schema.org","@graph":[{"@type":"WebPage","@id":"https:\/\/pateens.com\/politica-de-privacidade\/","url":"https:\/\/pateens.com\/politica-de-privacidade\/","name":"Politica de confiden\u021bialitate - Pateens","isPartOf":{"@id":"https:\/\/pateens.com\/es\/#website"},"datePublished":"2023-09-21T15:01:43+00:00","dateModified":"2023-09-21T15:03:41+00:00","breadcrumb":{"@id":"https:\/\/pateens.com\/politica-de-privacidade\/#breadcrumb"},"inLanguage":"ro-RO","potentialAction":[{"@type":"ReadAction","target":["https:\/\/pateens.com\/politica-de-privacidade\/"]}]},{"@type":"BreadcrumbList","@id":"https:\/\/pateens.com\/politica-de-privacidade\/#breadcrumb","itemListElement":[{"@type":"ListItem","position":1,"name":"In\u00edcio","item":"https:\/\/pateens.com\/es\/"},{"@type":"ListItem","position":2,"name":"Pol\u00edtica de Privacidade"}]},{"@type":"WebSite","@id":"https:\/\/pateens.com\/es\/#website","url":"https:\/\/pateens.com\/es\/","name":"Patene","description":"O mul\u021bime de sfaturi \u0219i \u0219tiri din lume pentru tine!","publisher":{"@id":"https:\/\/pateens.com\/es\/#organization"},"potentialAction":[{"@type":"SearchAction","target":{"@type":"EntryPoint","urlTemplate":"https:\/\/pateens.com\/es\/?s={search_term_string}"},"query-input":{"@type":"PropertyValueSpecification","valueRequired":true,"valueName":"search_term_string"}}],"inLanguage":"ro-RO"},{"@type":"Organization","@id":"https:\/\/pateens.com\/es\/#organization","name":"Patene","url":"https:\/\/pateens.com\/es\/","logo":{"@type":"ImageObject","inLanguage":"ro-RO","@id":"https:\/\/pateens.com\/es\/#\/schema\/logo\/image\/","url":"https:\/\/pateens.com\/wp-content\/uploads\/2023\/09\/cropped-WhatsApp-Image-2023-09-22-at-10.28.17-e1695389616971.jpeg","contentUrl":"https:\/\/pateens.com\/wp-content\/uploads\/2023\/09\/cropped-WhatsApp-Image-2023-09-22-at-10.28.17-e1695389616971.jpeg","width":200,"height":37,"caption":"Pateens"},"image":{"@id":"https:\/\/pateens.com\/es\/#\/schema\/logo\/image\/"}}]}},"_links":{"self":[{"href":"https:\/\/pateens.com\/ro\/wp-json\/wp\/v2\/pages\/16","targetHints":{"allow":["GET"]}}],"collection":[{"href":"https:\/\/pateens.com\/ro\/wp-json\/wp\/v2\/pages"}],"about":[{"href":"https:\/\/pateens.com\/ro\/wp-json\/wp\/v2\/types\/page"}],"author":[{"embeddable":true,"href":"https:\/\/pateens.com\/ro\/wp-json\/wp\/v2\/users\/14"}],"replies":[{"embeddable":true,"href":"https:\/\/pateens.com\/ro\/wp-json\/wp\/v2\/comments?post=16"}],"version-history":[{"count":0,"href":"https:\/\/pateens.com\/ro\/wp-json\/wp\/v2\/pages\/16\/revisions"}],"wp:attachment":[{"href":"https:\/\/pateens.com\/ro\/wp-json\/wp\/v2\/media?parent=16"}],"curies":[{"name":"wp","href":"https:\/\/api.w.org\/{rel}","templated":true}]}}