{"id":22,"date":"2023-09-21T12:04:55","date_gmt":"2023-09-21T15:04:55","guid":{"rendered":"https:\/\/pateens.com\/?page_id=22"},"modified":"2023-09-21T12:04:56","modified_gmt":"2023-09-21T15:04:56","slug":"termos-e-condicoes","status":"publish","type":"page","link":"https:\/\/pateens.com\/ro\/termos-e-condicoes\/","title":{"rendered":"Termeni \u0219i condi\u021bii"},"content":{"rendered":"<h2><span style=\"color: rgb(68, 68, 68);\">1. Condi\u021bii<\/span><\/h2><p><span style=\"color: rgb(68, 68, 68);\">La accesarea site-ului <a href=\"https:\/\/pateens.com\/ro\/\">Patene<\/a>, sunte\u021bi de acord s\u0103 respecta\u021bi ace\u0219ti termeni \u0219i condi\u021bii, toate legile \u0219i reglement\u0103rile aplicabile \u0219i sunte\u021bi de acord c\u0103 sunte\u021bi responsabil pentru respectarea oric\u0103ror legi locale aplicabile. Dac\u0103 nu sunte\u021bi de acord cu niciunul dintre ace\u0219ti termeni, vi se interzice utilizarea sau accesarea acestui site. Materialele con\u021binute \u00een acest site sunt protejate de legile aplicabile privind drepturile de autor \u0219i m\u0103rcile comerciale.<\/span><\/p><h2><span style=\"color: rgb(68, 68, 68);\">2. Utilizarea licen\u021bei<\/span><\/h2><p><span style=\"color: rgb(68, 68, 68);\">Se acord\u0103 permisiunea de a desc\u0103rca temporar o copie a materialelor (informa\u021bii sau software) de pe site-ul web Pateens numai pentru vizionare personal\u0103, necomercial\u0103, tranzitorie. Aceasta este acordarea unei licen\u021be, nu un transfer de titlu, iar \u00een baza acestei licen\u021be nu pute\u021bi:&nbsp;<\/span><\/p><ol><li><span style=\"color: rgb(68, 68, 68);\">modifica sau copia materialele;&nbsp;<\/span><\/li><li><span style=\"color: rgb(68, 68, 68);\">utiliza\u021bi materialele \u00een orice scop comercial sau pentru afi\u0219are public\u0103 (comerciale sau necomerciale);&nbsp;<\/span><\/li><li><span style=\"color: rgb(68, 68, 68);\">\u00eencercarea de a decompila sau a face inginerie invers\u0103 a oric\u0103rui software con\u021binut pe site-ul Pateens;&nbsp;<\/span><\/li><li><span style=\"color: rgb(68, 68, 68);\">elimina orice drepturi de autor sau alte nota\u021bii de proprietate din materiale; sau&nbsp;<\/span><\/li><li><span style=\"color: rgb(68, 68, 68);\">transfera\u021bi materialele unei alte persoane sau \u201eoglindi\u021bi\u201d materialele pe orice alt server.<\/span><\/li><\/ol><p><span style=\"color: rgb(68, 68, 68);\">Aceast\u0103 licen\u021b\u0103 va \u00eenceta automat dac\u0103 \u00eenc\u0103lca\u021bi oricare dintre aceste restric\u021bii \u0219i poate fi reziliat\u0103 de Pateens \u00een orice moment. La \u00eencetarea vizualiz\u0103rii acestor materiale sau la \u00eencetarea acestei licen\u021be, trebuie s\u0103 \u0219terge\u021bi orice materiale desc\u0103rcate \u00een posesia dumneavoastr\u0103, fie \u00een format electronic sau tip\u0103rit.<\/span><\/p><h2><span style=\"color: rgb(68, 68, 68);\">3. Exonerare de responsabilitate<\/span><\/h2><ol><li><span style=\"color: rgb(68, 68, 68);\">Materialele de pe site-ul web Pateens sunt furnizate \u201eca atare\u201d. Pateens nu ofer\u0103 garan\u021bii, exprese sau implicite \u0219i, prin prezenta, declin\u0103 \u0219i neag\u0103 toate celelalte garan\u021bii, inclusiv, f\u0103r\u0103 limitare, garan\u021bii sau condi\u021bii implicite de vandabilitate, potrivire pentru un anumit scop sau ne\u00eenc\u0103lcare a propriet\u0103\u021bii intelectuale sau alte \u00eenc\u0103lc\u0103ri ale drepturilor.<\/span><\/li><li><span style=\"color: rgb(68, 68, 68);\">\u00cen plus, Pateens nu garanteaz\u0103 \u0219i nu face nicio declara\u021bie cu privire la acurate\u021bea, rezultatele probabile sau fiabilitatea utiliz\u0103rii materialelor de pe site-ul s\u0103u web sau \u00een leg\u0103tur\u0103 cu astfel de materiale sau de pe orice site-uri legate de acest site.<\/span><\/li><\/ol><h2><span style=\"color: rgb(68, 68, 68);\">4. Limit\u0103ri<\/span><\/h2><p><span style=\"color: rgb(68, 68, 68);\">\u00cen niciun caz, Pateens sau furnizorii s\u0103i nu vor fi r\u0103spunz\u0103tori pentru orice daune (inclusiv, f\u0103r\u0103 limitare, daune pentru pierderea de date sau profit, sau din cauza \u00eentreruperii activit\u0103\u021bii) care decurg din utilizarea sau incapacitatea de a utiliza materialele de pe site-ul Pateens, chiar \u0219i dac\u0103 Pateens sau un reprezentant autorizat Pateens a fost notificat verbal sau \u00een scris despre posibilitatea unor astfel de daune. Deoarece unele jurisdic\u021bii nu permit limit\u0103ri ale garan\u021biilor implicite sau limit\u0103ri ale r\u0103spunderii pentru daune consecutive sau incidentale, este posibil ca aceste limit\u0103ri s\u0103 nu se aplice \u00een cazul dumneavoastr\u0103.<\/span><\/p><h2><span style=\"color: rgb(68, 68, 68);\">5. Precizia materialelor<\/span><\/h2><p><span style=\"color: rgb(68, 68, 68);\">Materialele care apar pe site-ul Pateens pot include erori tehnice, tipografice sau fotografice. Pateens nu garanteaz\u0103 c\u0103 materialele de pe site-ul s\u0103u sunt exacte, complete sau actuale. Pateens poate face modific\u0103ri materialelor con\u021binute pe site-ul s\u0103u \u00een orice moment, f\u0103r\u0103 notificare. Cu toate acestea, Pateens nu \u00ee\u0219i asum\u0103 niciun angajament de a actualiza materialele.<\/span><\/p><h2><span style=\"color: rgb(68, 68, 68);\">6. Leg\u0103turi<\/span><\/h2><p><span style=\"color: rgb(68, 68, 68);\">Pateens nu a examinat toate site-urile legate de site-ul s\u0103u \u0219i nu este responsabil pentru con\u021binutul niciunui site legat. Includerea oric\u0103rui link nu implic\u0103 aprobarea de c\u0103tre Pateens a site-ului. Utilizarea oric\u0103rui site conectat este pe riscul propriu al utilizatorului.<\/span><\/p><p><br><\/p><h3><span style=\"color: rgb(68, 68, 68);\">Modific\u0103ri<\/span><\/h3><p><span style=\"color: rgb(68, 68, 68);\">Pateens poate revizui ace\u0219ti termeni \u0219i condi\u021bii pentru site-ul s\u0103u web \u00een orice moment, f\u0103r\u0103 notificare. Prin utilizarea acestui site web, sunte\u021bi de acord s\u0103 respecta\u021bi versiunea actual\u0103 a acestor termeni \u0219i condi\u021bii.<\/span><\/p><h3><span style=\"color: rgb(68, 68, 68);\">Lege aplicabil\u0103<\/span><\/h3><p><span style=\"color: rgb(68, 68, 68);\">Ace\u0219ti termeni \u0219i condi\u021bii sunt guverna\u021bi \u0219i interpreta\u021bi \u00een conformitate cu legile Pateens \u0219i v\u0103 supune\u021bi irevocabil jurisdic\u021biei exclusive a instan\u021belor din acel stat sau loca\u021bie.<\/span><\/p>","protected":false},"excerpt":{"rendered":"<p>1. Condi\u021bii Acces\u00e2nd site-ul web Pateens, sunte\u021bi de acord s\u0103 respecta\u021bi ace\u0219ti termeni \u0219i condi\u021bii, toate legile \u0219i reglement\u0103rile aplicabile \u0219i sunte\u021bi de acord c\u0103 sunte\u021bi responsabil pentru respectarea oric\u0103ror legi locale aplicabile. Dac\u0103 nu sunte\u021bi de acord cu niciunul dintre ace\u0219ti termeni, vi se interzice utilizarea sau accesarea acestui site. Materialele con\u021binute pe acest site sunt... <\/p>","protected":false},"author":14,"featured_media":0,"parent":0,"menu_order":0,"comment_status":"closed","ping_status":"closed","template":"","meta":{"footnotes":""},"class_list":["post-22","page","type-page","status-publish","hentry","latest_post"],"yoast_head":"<!-- This site is optimized with the Yoast SEO plugin v26.3 - https:\/\/yoast.com\/wordpress\/plugins\/seo\/ -->\n<title>Termos e Condi\u00e7\u00f5es - Pateens<\/title>\n<meta name=\"robots\" content=\"index, follow, max-snippet:-1, max-image-preview:large, max-video-preview:-1\" \/>\n<link rel=\"canonical\" href=\"https:\/\/pateens.com\/ro\/termos-e-condicoes\/\" \/>\n<meta property=\"og:locale\" content=\"ro_RO\" \/>\n<meta property=\"og:type\" content=\"article\" \/>\n<meta property=\"og:title\" content=\"Termos e Condi\u00e7\u00f5es - Pateens\" \/>\n<meta property=\"og:description\" content=\"1. Termos Ao acessar ao site Pateens, concorda em cumprir estes termos de servi\u00e7o, todas as leis e regulamentos aplic\u00e1veis \u200b\u200be concorda que \u00e9 respons\u00e1vel pelo cumprimento de todas as leis locais aplic\u00e1veis. Se voc\u00ea n\u00e3o concordar com algum desses termos, est\u00e1 proibido de usar ou acessar este site. Os materiais contidos neste site s\u00e3o &hellip;\" \/>\n<meta property=\"og:url\" content=\"https:\/\/pateens.com\/ro\/termos-e-condicoes\/\" \/>\n<meta property=\"og:site_name\" content=\"Pateens\" \/>\n<meta property=\"article:modified_time\" content=\"2023-09-21T15:04:56+00:00\" \/>\n<meta name=\"twitter:card\" content=\"summary_large_image\" \/>\n<meta name=\"twitter:label1\" content=\"Timp estimat pentru citire\" \/>\n\t<meta name=\"twitter:data1\" content=\"4 minute\" \/>\n<script type=\"application\/ld+json\" class=\"yoast-schema-graph\">{\"@context\":\"https:\/\/schema.org\",\"@graph\":[{\"@type\":\"WebPage\",\"@id\":\"https:\/\/pateens.com\/termos-e-condicoes\/\",\"url\":\"https:\/\/pateens.com\/termos-e-condicoes\/\",\"name\":\"Termos e Condi\u00e7\u00f5es - Pateens\",\"isPartOf\":{\"@id\":\"https:\/\/pateens.com\/es\/#website\"},\"datePublished\":\"2023-09-21T15:04:55+00:00\",\"dateModified\":\"2023-09-21T15:04:56+00:00\",\"breadcrumb\":{\"@id\":\"https:\/\/pateens.com\/termos-e-condicoes\/#breadcrumb\"},\"inLanguage\":\"ro-RO\",\"potentialAction\":[{\"@type\":\"ReadAction\",\"target\":[\"https:\/\/pateens.com\/termos-e-condicoes\/\"]}]},{\"@type\":\"BreadcrumbList\",\"@id\":\"https:\/\/pateens.com\/termos-e-condicoes\/#breadcrumb\",\"itemListElement\":[{\"@type\":\"ListItem\",\"position\":1,\"name\":\"In\u00edcio\",\"item\":\"https:\/\/pateens.com\/es\/\"},{\"@type\":\"ListItem\",\"position\":2,\"name\":\"Termos e Condi\u00e7\u00f5es\"}]},{\"@type\":\"WebSite\",\"@id\":\"https:\/\/pateens.com\/es\/#website\",\"url\":\"https:\/\/pateens.com\/es\/\",\"name\":\"Pateens\",\"description\":\"Muitas dicas e novidades do mundo para voc\u00ea!\",\"publisher\":{\"@id\":\"https:\/\/pateens.com\/es\/#organization\"},\"potentialAction\":[{\"@type\":\"SearchAction\",\"target\":{\"@type\":\"EntryPoint\",\"urlTemplate\":\"https:\/\/pateens.com\/es\/?s={search_term_string}\"},\"query-input\":{\"@type\":\"PropertyValueSpecification\",\"valueRequired\":true,\"valueName\":\"search_term_string\"}}],\"inLanguage\":\"ro-RO\"},{\"@type\":\"Organization\",\"@id\":\"https:\/\/pateens.com\/es\/#organization\",\"name\":\"Pateens\",\"url\":\"https:\/\/pateens.com\/es\/\",\"logo\":{\"@type\":\"ImageObject\",\"inLanguage\":\"ro-RO\",\"@id\":\"https:\/\/pateens.com\/es\/#\/schema\/logo\/image\/\",\"url\":\"https:\/\/pateens.com\/wp-content\/uploads\/2023\/09\/cropped-WhatsApp-Image-2023-09-22-at-10.28.17-e1695389616971.jpeg\",\"contentUrl\":\"https:\/\/pateens.com\/wp-content\/uploads\/2023\/09\/cropped-WhatsApp-Image-2023-09-22-at-10.28.17-e1695389616971.jpeg\",\"width\":200,\"height\":37,\"caption\":\"Pateens\"},\"image\":{\"@id\":\"https:\/\/pateens.com\/es\/#\/schema\/logo\/image\/\"}}]}<\/script>\n<!-- \/ Yoast SEO plugin. -->","yoast_head_json":{"title":"Termos e Condi\u00e7\u00f5es - Pateens","robots":{"index":"index","follow":"follow","max-snippet":"max-snippet:-1","max-image-preview":"max-image-preview:large","max-video-preview":"max-video-preview:-1"},"canonical":"https:\/\/pateens.com\/ro\/termos-e-condicoes\/","og_locale":"ro_RO","og_type":"article","og_title":"Termos e Condi\u00e7\u00f5es - Pateens","og_description":"1. Termos Ao acessar ao site Pateens, concorda em cumprir estes termos de servi\u00e7o, todas as leis e regulamentos aplic\u00e1veis \u200b\u200be concorda que \u00e9 respons\u00e1vel pelo cumprimento de todas as leis locais aplic\u00e1veis. Se voc\u00ea n\u00e3o concordar com algum desses termos, est\u00e1 proibido de usar ou acessar este site. Os materiais contidos neste site s\u00e3o &hellip;","og_url":"https:\/\/pateens.com\/ro\/termos-e-condicoes\/","og_site_name":"Pateens","article_modified_time":"2023-09-21T15:04:56+00:00","twitter_card":"summary_large_image","twitter_misc":{"Timp estimat pentru citire":"4 minute"},"schema":{"@context":"https:\/\/schema.org","@graph":[{"@type":"WebPage","@id":"https:\/\/pateens.com\/termos-e-condicoes\/","url":"https:\/\/pateens.com\/termos-e-condicoes\/","name":"Termos e Condi\u00e7\u00f5es - Pateens","isPartOf":{"@id":"https:\/\/pateens.com\/es\/#website"},"datePublished":"2023-09-21T15:04:55+00:00","dateModified":"2023-09-21T15:04:56+00:00","breadcrumb":{"@id":"https:\/\/pateens.com\/termos-e-condicoes\/#breadcrumb"},"inLanguage":"ro-RO","potentialAction":[{"@type":"ReadAction","target":["https:\/\/pateens.com\/termos-e-condicoes\/"]}]},{"@type":"BreadcrumbList","@id":"https:\/\/pateens.com\/termos-e-condicoes\/#breadcrumb","itemListElement":[{"@type":"ListItem","position":1,"name":"In\u00edcio","item":"https:\/\/pateens.com\/es\/"},{"@type":"ListItem","position":2,"name":"Termos e Condi\u00e7\u00f5es"}]},{"@type":"WebSite","@id":"https:\/\/pateens.com\/es\/#website","url":"https:\/\/pateens.com\/es\/","name":"Patene","description":"O mul\u021bime de sfaturi \u0219i \u0219tiri din lume pentru tine!","publisher":{"@id":"https:\/\/pateens.com\/es\/#organization"},"potentialAction":[{"@type":"SearchAction","target":{"@type":"EntryPoint","urlTemplate":"https:\/\/pateens.com\/es\/?s={search_term_string}"},"query-input":{"@type":"PropertyValueSpecification","valueRequired":true,"valueName":"search_term_string"}}],"inLanguage":"ro-RO"},{"@type":"Organization","@id":"https:\/\/pateens.com\/es\/#organization","name":"Patene","url":"https:\/\/pateens.com\/es\/","logo":{"@type":"ImageObject","inLanguage":"ro-RO","@id":"https:\/\/pateens.com\/es\/#\/schema\/logo\/image\/","url":"https:\/\/pateens.com\/wp-content\/uploads\/2023\/09\/cropped-WhatsApp-Image-2023-09-22-at-10.28.17-e1695389616971.jpeg","contentUrl":"https:\/\/pateens.com\/wp-content\/uploads\/2023\/09\/cropped-WhatsApp-Image-2023-09-22-at-10.28.17-e1695389616971.jpeg","width":200,"height":37,"caption":"Pateens"},"image":{"@id":"https:\/\/pateens.com\/es\/#\/schema\/logo\/image\/"}}]}},"_links":{"self":[{"href":"https:\/\/pateens.com\/ro\/wp-json\/wp\/v2\/pages\/22","targetHints":{"allow":["GET"]}}],"collection":[{"href":"https:\/\/pateens.com\/ro\/wp-json\/wp\/v2\/pages"}],"about":[{"href":"https:\/\/pateens.com\/ro\/wp-json\/wp\/v2\/types\/page"}],"author":[{"embeddable":true,"href":"https:\/\/pateens.com\/ro\/wp-json\/wp\/v2\/users\/14"}],"replies":[{"embeddable":true,"href":"https:\/\/pateens.com\/ro\/wp-json\/wp\/v2\/comments?post=22"}],"version-history":[{"count":0,"href":"https:\/\/pateens.com\/ro\/wp-json\/wp\/v2\/pages\/22\/revisions"}],"wp:attachment":[{"href":"https:\/\/pateens.com\/ro\/wp-json\/wp\/v2\/media?parent=22"}],"curies":[{"name":"wp","href":"https:\/\/api.w.org\/{rel}","templated":true}]}}