{"id":16,"date":"2023-09-21T12:01:43","date_gmt":"2023-09-21T15:01:43","guid":{"rendered":"https:\/\/pateens.com\/?page_id=16"},"modified":"2023-09-21T12:03:41","modified_gmt":"2023-09-21T15:03:41","slug":"politica-de-privacidade","status":"publish","type":"page","link":"https:\/\/pateens.com\/sv\/politica-de-privacidade\/","title":{"rendered":"Sekretesspolicy"},"content":{"rendered":"<h2><span style=\"color: rgb(68, 68, 68);\">Sekretesspolicy<\/span><\/h2><p><span style=\"color: rgb(68, 68, 68);\">Din integritet \u00e4r viktig f\u00f6r oss. Det \u00e4r Pateens policy att respektera din integritet ang\u00e5ende all information vi kan samla in fr\u00e5n dig p\u00e5 webbplatsen. <a href=\"https:\/\/pateens.com\/sv\/\">Pateens<\/a>, och andra webbplatser som vi \u00e4ger och driver.<\/span><\/p><p><span style=\"color: rgb(68, 68, 68);\">Vi beg\u00e4r endast personlig information n\u00e4r vi verkligen beh\u00f6ver den f\u00f6r att kunna ge dig en tj\u00e4nst. Vi g\u00f6r det p\u00e5 r\u00e4ttvisa och lagliga s\u00e4tt, med din kunskap och ditt samtycke. Vi ber\u00e4ttar ocks\u00e5 varf\u00f6r vi samlar in det och hur det kommer att anv\u00e4ndas.<\/span><\/p><p><span style=\"color: rgb(68, 68, 68);\">Vi beh\u00e5ller endast insamlad information s\u00e5 l\u00e4nge det \u00e4r n\u00f6dv\u00e4ndigt f\u00f6r att tillhandah\u00e5lla den beg\u00e4rda tj\u00e4nsten. N\u00e4r vi lagrar data skyddar vi dem p\u00e5 kommersiellt godtagbara s\u00e4tt f\u00f6r att f\u00f6rhindra f\u00f6rlust och st\u00f6ld, s\u00e5v\u00e4l som obeh\u00f6rig \u00e5tkomst, avsl\u00f6jande, kopiering, anv\u00e4ndning eller modifiering.<\/span><\/p><p><span style=\"color: rgb(68, 68, 68);\">Vi delar inte personligt identifierbar information offentligt eller med tredje part f\u00f6rutom n\u00e4r det kr\u00e4vs enligt lag.<\/span><\/p><p><span style=\"color: rgb(68, 68, 68);\">V\u00e5r webbplats kan ha l\u00e4nkar till externa webbplatser som inte drivs av oss. Var medveten om att vi inte har n\u00e5gon kontroll \u00f6ver inneh\u00e5llet och praxis p\u00e5 dessa webbplatser och kan inte ta ansvar f\u00f6r deras respektive&nbsp;<\/span><a href=\"https:\/\/politicaprivacidade.com\/\" rel=\"noopener noreferrer\" target=\"_blank\" style=\"background-color: transparent; color: rgb(68, 68, 68);\">sekretesspolicyer<\/a><span style=\"color: rgb(68, 68, 68);\">.<\/span><\/p><p><span style=\"color: rgb(68, 68, 68);\">Du \u00e4r fri att avsl\u00e5 v\u00e5r beg\u00e4ran om din personliga information, med f\u00f6ruts\u00e4ttningen att vi kanske inte kan ge dig n\u00e5gra av dina \u00f6nskade tj\u00e4nster.<\/span><\/p><p><span style=\"color: rgb(68, 68, 68);\">Din fortsatta anv\u00e4ndning av v\u00e5r webbplats kommer att anses acceptera v\u00e5r praxis kring integritet och personlig information. Om du har n\u00e5gra fr\u00e5gor om hur vi hanterar anv\u00e4ndardata och personlig information, v\u00e4nligen kontakta oss.<\/span><\/p><p><span style=\"color: rgb(68, 68, 68);\"><ul><li><span style=\"color: rgb(68, 68, 68);\">Google AdSense-tj\u00e4nsten som vi anv\u00e4nder f\u00f6r att visa reklam anv\u00e4nder en DoubleClick-cookie f\u00f6r att visa mer relevanta annonser p\u00e5 webben och begr\u00e4nsa antalet g\u00e5nger en viss annons visas f\u00f6r dig.<\/span><\/li><li><span style=\"color: rgb(68, 68, 68);\">Mer information om Google AdSense finns i de officiella vanliga fr\u00e5gorna om sekretess f\u00f6r Google AdSense.<\/span><\/li><li><span style=\"color: rgb(68, 68, 68);\">Vi anv\u00e4nder annonser f\u00f6r att kompensera kostnaderna f\u00f6r att driva den h\u00e4r webbplatsen och tillhandah\u00e5lla finansiering f\u00f6r framtida utveckling. De beteendebaserade reklamcookies som anv\u00e4nds av denna webbplats \u00e4r utformade f\u00f6r att s\u00e4kerst\u00e4lla att vi f\u00f6rser dig med de mest relevanta annonserna d\u00e4r det \u00e4r m\u00f6jligt genom att anonymt sp\u00e5ra dina intressen och presentera liknande saker som kan vara av intresse f\u00f6r dig.<\/span><\/li><li><span style=\"color: rgb(68, 68, 68);\">Flera partners annonserar \u00e5 v\u00e5ra v\u00e4gnar och affiliate tracking cookies till\u00e5ter oss helt enkelt att se om v\u00e5ra kunder har bes\u00f6kt webbplatsen via en av v\u00e5ra partners webbplatser s\u00e5 att vi kan kreditera dem p\u00e5 l\u00e4mpligt s\u00e4tt och, i f\u00f6rekommande fall, till\u00e5ta v\u00e5ra affiliate partners att erbjuda n\u00e5gon kampanj som kan ge dig ett k\u00f6p.<\/span><\/li><\/ul><p><br><\/p><\/span><\/p><h3><span style=\"color: rgb(68, 68, 68);\">Anv\u00e4ndarens engagemang<\/span><\/h3><p><span style=\"color: rgb(68, 68, 68);\">Anv\u00e4ndaren f\u00f6rbinder sig att p\u00e5 l\u00e4mpligt s\u00e4tt anv\u00e4nda inneh\u00e5llet och informationen som Pateens erbjuder p\u00e5 webbplatsen och med en uttalande men inte begr\u00e4nsande karakt\u00e4r:<\/span><\/p><ul><li><span style=\"color: rgb(68, 68, 68);\">A) Inte delta i aktiviteter som \u00e4r olagliga eller strider mot god tro och allm\u00e4n ordning;<\/span><\/li><li><span style=\"color: rgb(68, 68, 68);\">B) Sprid inte propaganda eller inneh\u00e5ll av rasistisk, fr\u00e4mlingsfientlig karakt\u00e4r, hasardspel, n\u00e5gon form av olaglig pornografi, till st\u00f6d f\u00f6r terrorism eller mot m\u00e4nskliga r\u00e4ttigheter;<\/span><\/li><li><span style=\"color: rgb(68, 68, 68);\">C) F\u00f6rorsak inte skada p\u00e5 fysiska (h\u00e5rdvara) och logiska (mjukvara) system hos Pateens, dess leverant\u00f6rer eller tredje parter, f\u00f6r att introducera eller sprida datavirus eller n\u00e5gon annan h\u00e5rdvara eller mjukvara som kan orsaka ovann\u00e4mnda skador.<\/span><\/li><\/ul><h3><span style=\"color: rgb(68, 68, 68);\">Mer information<\/span><\/h3><p><span style=\"color: rgb(68, 68, 68);\">F\u00f6rhoppningsvis \u00e4r det tydligt, och som tidigare n\u00e4mnts, om det \u00e4r n\u00e5got du inte \u00e4r s\u00e4ker p\u00e5 om du beh\u00f6ver eller inte, \u00e4r det vanligtvis s\u00e4krare att l\u00e4mna cookies aktiverade om det interagerar med n\u00e5gon av funktionerna du anv\u00e4nder p\u00e5 v\u00e5r webbplats.<\/span><\/p><p><span style=\"color: rgb(68, 68, 68);\">Denna policy tr\u00e4der i kraft den 21 september 2023 <\/span><\/p>","protected":false},"excerpt":{"rendered":"<p>Sekretesspolicy Din integritet \u00e4r viktig f\u00f6r oss. Det \u00e4r Pateens policy att respektera din integritet ang\u00e5ende all information vi kan samla in fr\u00e5n dig p\u00e5 Pateens webbplats och andra webbplatser som vi \u00e4ger och driver. Vi beg\u00e4r endast personlig information n\u00e4r vi verkligen beh\u00f6ver den f\u00f6r att ge dig en tj\u00e4nst. Vi g\u00f6r det p\u00e5 r\u00e4ttvisa och lagliga s\u00e4tt,... <\/p>","protected":false},"author":14,"featured_media":0,"parent":0,"menu_order":0,"comment_status":"closed","ping_status":"closed","template":"","meta":{"footnotes":""},"class_list":["post-16","page","type-page","status-publish","hentry","latest_post"],"yoast_head":"<!-- This site is optimized with the Yoast SEO plugin v26.3 - https:\/\/yoast.com\/wordpress\/plugins\/seo\/ -->\n<title>Pol\u00edtica de Privacidade - Pateens<\/title>\n<meta name=\"robots\" content=\"index, follow, max-snippet:-1, max-image-preview:large, max-video-preview:-1\" \/>\n<link rel=\"canonical\" href=\"https:\/\/pateens.com\/sv\/politica-de-privacidade\/\" \/>\n<meta property=\"og:locale\" content=\"sv_SE\" \/>\n<meta property=\"og:type\" content=\"article\" \/>\n<meta property=\"og:title\" content=\"Pol\u00edtica de Privacidade - Pateens\" \/>\n<meta property=\"og:description\" content=\"Pol\u00edtica Privacidade A sua privacidade \u00e9 importante para n\u00f3s. \u00c9 pol\u00edtica do Pateens respeitar a sua privacidade em rela\u00e7\u00e3o a qualquer informa\u00e7\u00e3o sua que possamos coletar no site Pateens, e outros sites que possu\u00edmos e operamos. Solicitamos informa\u00e7\u00f5es pessoais apenas quando realmente precisamos delas para lhe fornecer um servi\u00e7o. Fazemo-lo por meios justos e legais, &hellip;\" \/>\n<meta property=\"og:url\" content=\"https:\/\/pateens.com\/sv\/politica-de-privacidade\/\" \/>\n<meta property=\"og:site_name\" content=\"Pateens\" \/>\n<meta property=\"article:modified_time\" content=\"2023-09-21T15:03:41+00:00\" \/>\n<meta name=\"twitter:card\" content=\"summary_large_image\" \/>\n<meta name=\"twitter:label1\" content=\"Ber\u00e4knad l\u00e4stid\" \/>\n\t<meta name=\"twitter:data1\" content=\"4 minuter\" \/>\n<script type=\"application\/ld+json\" class=\"yoast-schema-graph\">{\"@context\":\"https:\/\/schema.org\",\"@graph\":[{\"@type\":\"WebPage\",\"@id\":\"https:\/\/pateens.com\/politica-de-privacidade\/\",\"url\":\"https:\/\/pateens.com\/politica-de-privacidade\/\",\"name\":\"Pol\u00edtica de Privacidade - Pateens\",\"isPartOf\":{\"@id\":\"https:\/\/pateens.com\/es\/#website\"},\"datePublished\":\"2023-09-21T15:01:43+00:00\",\"dateModified\":\"2023-09-21T15:03:41+00:00\",\"breadcrumb\":{\"@id\":\"https:\/\/pateens.com\/politica-de-privacidade\/#breadcrumb\"},\"inLanguage\":\"sv-SE\",\"potentialAction\":[{\"@type\":\"ReadAction\",\"target\":[\"https:\/\/pateens.com\/politica-de-privacidade\/\"]}]},{\"@type\":\"BreadcrumbList\",\"@id\":\"https:\/\/pateens.com\/politica-de-privacidade\/#breadcrumb\",\"itemListElement\":[{\"@type\":\"ListItem\",\"position\":1,\"name\":\"In\u00edcio\",\"item\":\"https:\/\/pateens.com\/es\/\"},{\"@type\":\"ListItem\",\"position\":2,\"name\":\"Pol\u00edtica de Privacidade\"}]},{\"@type\":\"WebSite\",\"@id\":\"https:\/\/pateens.com\/es\/#website\",\"url\":\"https:\/\/pateens.com\/es\/\",\"name\":\"Pateens\",\"description\":\"Muitas dicas e novidades do mundo para voc\u00ea!\",\"publisher\":{\"@id\":\"https:\/\/pateens.com\/es\/#organization\"},\"potentialAction\":[{\"@type\":\"SearchAction\",\"target\":{\"@type\":\"EntryPoint\",\"urlTemplate\":\"https:\/\/pateens.com\/es\/?s={search_term_string}\"},\"query-input\":{\"@type\":\"PropertyValueSpecification\",\"valueRequired\":true,\"valueName\":\"search_term_string\"}}],\"inLanguage\":\"sv-SE\"},{\"@type\":\"Organization\",\"@id\":\"https:\/\/pateens.com\/es\/#organization\",\"name\":\"Pateens\",\"url\":\"https:\/\/pateens.com\/es\/\",\"logo\":{\"@type\":\"ImageObject\",\"inLanguage\":\"sv-SE\",\"@id\":\"https:\/\/pateens.com\/es\/#\/schema\/logo\/image\/\",\"url\":\"https:\/\/pateens.com\/wp-content\/uploads\/2023\/09\/cropped-WhatsApp-Image-2023-09-22-at-10.28.17-e1695389616971.jpeg\",\"contentUrl\":\"https:\/\/pateens.com\/wp-content\/uploads\/2023\/09\/cropped-WhatsApp-Image-2023-09-22-at-10.28.17-e1695389616971.jpeg\",\"width\":200,\"height\":37,\"caption\":\"Pateens\"},\"image\":{\"@id\":\"https:\/\/pateens.com\/es\/#\/schema\/logo\/image\/\"}}]}<\/script>\n<!-- \/ Yoast SEO plugin. -->","yoast_head_json":{"title":"Integritetspolicy - Pateens","robots":{"index":"index","follow":"follow","max-snippet":"max-snippet:-1","max-image-preview":"max-image-preview:large","max-video-preview":"max-video-preview:-1"},"canonical":"https:\/\/pateens.com\/sv\/politica-de-privacidade\/","og_locale":"sv_SE","og_type":"article","og_title":"Pol\u00edtica de Privacidade - Pateens","og_description":"Pol\u00edtica Privacidade A sua privacidade \u00e9 importante para n\u00f3s. \u00c9 pol\u00edtica do Pateens respeitar a sua privacidade em rela\u00e7\u00e3o a qualquer informa\u00e7\u00e3o sua que possamos coletar no site Pateens, e outros sites que possu\u00edmos e operamos. Solicitamos informa\u00e7\u00f5es pessoais apenas quando realmente precisamos delas para lhe fornecer um servi\u00e7o. Fazemo-lo por meios justos e legais, &hellip;","og_url":"https:\/\/pateens.com\/sv\/politica-de-privacidade\/","og_site_name":"Pateens","article_modified_time":"2023-09-21T15:03:41+00:00","twitter_card":"summary_large_image","twitter_misc":{"Ber\u00e4knad l\u00e4stid":"4 minuter"},"schema":{"@context":"https:\/\/schema.org","@graph":[{"@type":"WebPage","@id":"https:\/\/pateens.com\/politica-de-privacidade\/","url":"https:\/\/pateens.com\/politica-de-privacidade\/","name":"Integritetspolicy - Pateens","isPartOf":{"@id":"https:\/\/pateens.com\/es\/#website"},"datePublished":"2023-09-21T15:01:43+00:00","dateModified":"2023-09-21T15:03:41+00:00","breadcrumb":{"@id":"https:\/\/pateens.com\/politica-de-privacidade\/#breadcrumb"},"inLanguage":"sv-SE","potentialAction":[{"@type":"ReadAction","target":["https:\/\/pateens.com\/politica-de-privacidade\/"]}]},{"@type":"BreadcrumbList","@id":"https:\/\/pateens.com\/politica-de-privacidade\/#breadcrumb","itemListElement":[{"@type":"ListItem","position":1,"name":"In\u00edcio","item":"https:\/\/pateens.com\/es\/"},{"@type":"ListItem","position":2,"name":"Pol\u00edtica de Privacidade"}]},{"@type":"WebSite","@id":"https:\/\/pateens.com\/es\/#website","url":"https:\/\/pateens.com\/es\/","name":"Pateens","description":"Massor av tips och nyheter fr\u00e5n v\u00e4rlden till dig!","publisher":{"@id":"https:\/\/pateens.com\/es\/#organization"},"potentialAction":[{"@type":"SearchAction","target":{"@type":"EntryPoint","urlTemplate":"https:\/\/pateens.com\/es\/?s={search_term_string}"},"query-input":{"@type":"PropertyValueSpecification","valueRequired":true,"valueName":"search_term_string"}}],"inLanguage":"sv-SE"},{"@type":"Organization","@id":"https:\/\/pateens.com\/es\/#organization","name":"Pateens","url":"https:\/\/pateens.com\/es\/","logo":{"@type":"ImageObject","inLanguage":"sv-SE","@id":"https:\/\/pateens.com\/es\/#\/schema\/logo\/image\/","url":"https:\/\/pateens.com\/wp-content\/uploads\/2023\/09\/cropped-WhatsApp-Image-2023-09-22-at-10.28.17-e1695389616971.jpeg","contentUrl":"https:\/\/pateens.com\/wp-content\/uploads\/2023\/09\/cropped-WhatsApp-Image-2023-09-22-at-10.28.17-e1695389616971.jpeg","width":200,"height":37,"caption":"Pateens"},"image":{"@id":"https:\/\/pateens.com\/es\/#\/schema\/logo\/image\/"}}]}},"_links":{"self":[{"href":"https:\/\/pateens.com\/sv\/wp-json\/wp\/v2\/pages\/16","targetHints":{"allow":["GET"]}}],"collection":[{"href":"https:\/\/pateens.com\/sv\/wp-json\/wp\/v2\/pages"}],"about":[{"href":"https:\/\/pateens.com\/sv\/wp-json\/wp\/v2\/types\/page"}],"author":[{"embeddable":true,"href":"https:\/\/pateens.com\/sv\/wp-json\/wp\/v2\/users\/14"}],"replies":[{"embeddable":true,"href":"https:\/\/pateens.com\/sv\/wp-json\/wp\/v2\/comments?post=16"}],"version-history":[{"count":0,"href":"https:\/\/pateens.com\/sv\/wp-json\/wp\/v2\/pages\/16\/revisions"}],"wp:attachment":[{"href":"https:\/\/pateens.com\/sv\/wp-json\/wp\/v2\/media?parent=16"}],"curies":[{"name":"wp","href":"https:\/\/api.w.org\/{rel}","templated":true}]}}