{"id":16,"date":"2023-09-21T12:01:43","date_gmt":"2023-09-21T15:01:43","guid":{"rendered":"https:\/\/pateens.com\/?page_id=16"},"modified":"2023-09-21T12:03:41","modified_gmt":"2023-09-21T15:03:41","slug":"politica-de-privacidade","status":"publish","type":"page","link":"https:\/\/pateens.com\/tl\/politica-de-privacidade\/","title":{"rendered":"Patakaran sa Privacy"},"content":{"rendered":"<h2><span style=\"color: rgb(68, 68, 68);\">Patakaran sa Privacy<\/span><\/h2><p><span style=\"color: rgb(68, 68, 68);\">Mahalaga sa amin ang iyong privacy. Patakaran ng Pateens na igalang ang iyong privacy tungkol sa anumang impormasyon na maaari naming kolektahin mula sa iyo sa website. <a href=\"https:\/\/pateens.com\/tl\/\">Mga Pateen<\/a>, at iba pang mga site na pagmamay-ari at pinapatakbo namin.<\/span><\/p><p><span style=\"color: rgb(68, 68, 68);\">Humihiling lamang kami ng personal na impormasyon kapag talagang kailangan namin ito upang mabigyan ka ng isang serbisyo. Ginagawa namin ito sa pamamagitan ng patas at legal na paraan, sa iyong kaalaman at pahintulot. Sinasabi rin namin sa iyo kung bakit namin ito kinokolekta at kung paano ito gagamitin.<\/span><\/p><p><span style=\"color: rgb(68, 68, 68);\">Pinapanatili lamang namin ang nakolektang impormasyon hangga&#039;t kinakailangan upang maibigay ang hiniling na serbisyo. Kapag nag-imbak kami ng data, pinoprotektahan namin ito sa mga paraan na tinatanggap sa komersyo upang maiwasan ang pagkawala at pagnanakaw, pati na rin ang hindi awtorisadong pag-access, pagsisiwalat, pagkopya, paggamit o pagbabago.<\/span><\/p><p><span style=\"color: rgb(68, 68, 68);\">Hindi kami nagbabahagi ng personal na nakakapagpakilalang impormasyon sa publiko o sa mga ikatlong partido maliban kung kinakailangan ng batas.<\/span><\/p><p><span style=\"color: rgb(68, 68, 68);\">Ang aming website ay maaaring may mga link sa mga panlabas na website na hindi namin pinapatakbo. Mangyaring magkaroon ng kamalayan na wala kaming kontrol sa nilalaman at mga kasanayan ng mga site na ito at hindi maaaring tumanggap ng responsibilidad para sa kani-kanilang mga&nbsp;<\/span><a href=\"https:\/\/politicaprivacidade.com\/\" rel=\"noopener noreferrer\" target=\"_blank\" style=\"background-color: transparent; color: rgb(68, 68, 68);\">mga patakaran sa privacy<\/a><span style=\"color: rgb(68, 68, 68);\">.<\/span><\/p><p><span style=\"color: rgb(68, 68, 68);\">Malaya kang tanggihan ang aming kahilingan para sa iyong personal na impormasyon, na may pag-unawa na maaaring hindi namin maibigay sa iyo ang ilan sa iyong mga nais na serbisyo.<\/span><\/p><p><span style=\"color: rgb(68, 68, 68);\">Ang iyong patuloy na paggamit ng aming website ay ituturing na pagtanggap sa aming mga gawi tungkol sa privacy at personal na impormasyon. Kung mayroon kang anumang mga tanong tungkol sa kung paano namin pinangangasiwaan ang data ng user at personal na impormasyon, mangyaring makipag-ugnayan sa amin.<\/span><\/p><p><span style=\"color: rgb(68, 68, 68);\"><ul><li><span style=\"color: rgb(68, 68, 68);\">Ang serbisyo ng Google AdSense na ginagamit namin upang maghatid ng advertising ay gumagamit ng DoubleClick cookie upang maghatid ng mas may-katuturang mga ad sa buong web at limitahan ang dami ng beses na ipinakita sa iyo ang isang partikular na ad.<\/span><\/li><li><span style=\"color: rgb(68, 68, 68);\">Para sa higit pang impormasyon tungkol sa Google AdSense, tingnan ang opisyal na Mga FAQ sa Privacy ng Google AdSense.<\/span><\/li><li><span style=\"color: rgb(68, 68, 68);\">Gumagamit kami ng mga patalastas upang mabawi ang mga gastos sa pagpapatakbo ng site na ito at magbigay ng pondo para sa pag-unlad sa hinaharap. Ang cookies ng pag-a-advertise sa pag-uugali na ginagamit ng site na ito ay idinisenyo upang matiyak na ibibigay namin sa iyo ang mga pinaka-kaugnay na mga patalastas kung saan posible sa pamamagitan ng hindi nagpapakilalang pagsubaybay sa iyong mga interes at pagpapakita ng mga katulad na bagay na maaaring interesado sa iyo.<\/span><\/li><li><span style=\"color: rgb(68, 68, 68);\">Maraming mga kasosyo ang nag-a-advertise sa ngalan namin at ang cookies sa pagsubaybay ng kaakibat na nagpapahintulot sa amin na makita kung na-access ng aming mga customer ang site sa pamamagitan ng isa sa mga site ng aming mga kasosyo upang ma-credit namin sila nang naaangkop at, kung naaangkop, payagan ang aming mga kasosyo sa kaakibat na mag-alok ng anumang promosyon na maaaring magbigay sa iyo upang bumili.<\/span><\/li><\/ul><p><br><\/p><\/span><\/p><h3><span style=\"color: rgb(68, 68, 68);\">Pangako ng User<\/span><\/h3><p><span style=\"color: rgb(68, 68, 68);\">Ang gumagamit ay nagsasagawa ng naaangkop na paggamit ng nilalaman at impormasyon na inaalok ng Pateens sa website at may likas na pagbigkas ngunit hindi naglilimita:<\/span><\/p><ul><li><span style=\"color: rgb(68, 68, 68);\">A) Hindi makisali sa mga aktibidad na labag sa batas o salungat sa mabuting pananampalataya at kaayusan ng publiko;<\/span><\/li><li><span style=\"color: rgb(68, 68, 68);\">B) Huwag magpakalat ng propaganda o nilalaman ng isang racist, xenophobic na kalikasan, mga laro ng pagkakataon, anumang uri ng ilegal na pornograpiya, bilang suporta sa terorismo o laban sa karapatang pantao;<\/span><\/li><li><span style=\"color: rgb(68, 68, 68);\">C) Huwag magdulot ng pinsala sa pisikal (hardware) at lohikal (software) na mga sistema ng Pateens, mga supplier nito o mga ikatlong partido, upang ipakilala o ipakalat ang mga virus ng computer o anumang iba pang hardware o software system na may kakayahang magdulot ng mga nabanggit na pinsala.<\/span><\/li><\/ul><h3><span style=\"color: rgb(68, 68, 68);\">Higit pang impormasyon<\/span><\/h3><p><span style=\"color: rgb(68, 68, 68);\">Sana ay malinaw iyon, at tulad ng nabanggit dati, kung mayroong isang bagay na hindi ka sigurado kung kailangan mo o hindi, kadalasan ay mas ligtas na iwanang naka-enable ang cookies kung sakaling makipag-ugnayan ito sa isa sa mga feature na ginagamit mo sa aming site.<\/span><\/p><p><span style=\"color: rgb(68, 68, 68);\">Ang patakarang ito ay epektibo mula Setyembre 21, 2023 <\/span><\/p>","protected":false},"excerpt":{"rendered":"<p>Patakaran sa Privacy Ang iyong privacy ay mahalaga sa amin. Patakaran ng Pateens na igalang ang iyong privacy tungkol sa anumang impormasyon na maaari naming kolektahin mula sa iyo sa aming website, Pateens, at iba pang mga site na pagmamay-ari at pinapatakbo namin. Humihingi lang kami ng personal na impormasyon kapag talagang kailangan namin ito para makapagbigay ng serbisyo sa iyo. Kinokolekta namin ito sa pamamagitan ng patas at legal na paraan, \u2026 <\/p>","protected":false},"author":14,"featured_media":0,"parent":0,"menu_order":0,"comment_status":"closed","ping_status":"closed","template":"","meta":{"footnotes":""},"class_list":["post-16","page","type-page","status-publish","hentry","latest_post"],"yoast_head":"<!-- This site is optimized with the Yoast SEO plugin v26.3 - https:\/\/yoast.com\/wordpress\/plugins\/seo\/ -->\n<title>Pol\u00edtica de Privacidade - Pateens<\/title>\n<meta name=\"robots\" content=\"index, follow, max-snippet:-1, max-image-preview:large, max-video-preview:-1\" \/>\n<link rel=\"canonical\" href=\"https:\/\/pateens.com\/tl\/politica-de-privacidade\/\" \/>\n<meta property=\"og:locale\" content=\"en_US\" \/>\n<meta property=\"og:type\" content=\"article\" \/>\n<meta property=\"og:title\" content=\"Pol\u00edtica de Privacidade - Pateens\" \/>\n<meta property=\"og:description\" content=\"Pol\u00edtica Privacidade A sua privacidade \u00e9 importante para n\u00f3s. \u00c9 pol\u00edtica do Pateens respeitar a sua privacidade em rela\u00e7\u00e3o a qualquer informa\u00e7\u00e3o sua que possamos coletar no site Pateens, e outros sites que possu\u00edmos e operamos. Solicitamos informa\u00e7\u00f5es pessoais apenas quando realmente precisamos delas para lhe fornecer um servi\u00e7o. Fazemo-lo por meios justos e legais, &hellip;\" \/>\n<meta property=\"og:url\" content=\"https:\/\/pateens.com\/tl\/politica-de-privacidade\/\" \/>\n<meta property=\"og:site_name\" content=\"Pateens\" \/>\n<meta property=\"article:modified_time\" content=\"2023-09-21T15:03:41+00:00\" \/>\n<meta name=\"twitter:card\" content=\"summary_large_image\" \/>\n<meta name=\"twitter:label1\" content=\"Est. reading time\" \/>\n\t<meta name=\"twitter:data1\" content=\"4 minuto\" \/>\n<script type=\"application\/ld+json\" class=\"yoast-schema-graph\">{\"@context\":\"https:\/\/schema.org\",\"@graph\":[{\"@type\":\"WebPage\",\"@id\":\"https:\/\/pateens.com\/politica-de-privacidade\/\",\"url\":\"https:\/\/pateens.com\/politica-de-privacidade\/\",\"name\":\"Pol\u00edtica de Privacidade - Pateens\",\"isPartOf\":{\"@id\":\"https:\/\/pateens.com\/es\/#website\"},\"datePublished\":\"2023-09-21T15:01:43+00:00\",\"dateModified\":\"2023-09-21T15:03:41+00:00\",\"breadcrumb\":{\"@id\":\"https:\/\/pateens.com\/politica-de-privacidade\/#breadcrumb\"},\"inLanguage\":\"tl\",\"potentialAction\":[{\"@type\":\"ReadAction\",\"target\":[\"https:\/\/pateens.com\/politica-de-privacidade\/\"]}]},{\"@type\":\"BreadcrumbList\",\"@id\":\"https:\/\/pateens.com\/politica-de-privacidade\/#breadcrumb\",\"itemListElement\":[{\"@type\":\"ListItem\",\"position\":1,\"name\":\"In\u00edcio\",\"item\":\"https:\/\/pateens.com\/es\/\"},{\"@type\":\"ListItem\",\"position\":2,\"name\":\"Pol\u00edtica de Privacidade\"}]},{\"@type\":\"WebSite\",\"@id\":\"https:\/\/pateens.com\/es\/#website\",\"url\":\"https:\/\/pateens.com\/es\/\",\"name\":\"Pateens\",\"description\":\"Muitas dicas e novidades do mundo para voc\u00ea!\",\"publisher\":{\"@id\":\"https:\/\/pateens.com\/es\/#organization\"},\"potentialAction\":[{\"@type\":\"SearchAction\",\"target\":{\"@type\":\"EntryPoint\",\"urlTemplate\":\"https:\/\/pateens.com\/es\/?s={search_term_string}\"},\"query-input\":{\"@type\":\"PropertyValueSpecification\",\"valueRequired\":true,\"valueName\":\"search_term_string\"}}],\"inLanguage\":\"tl\"},{\"@type\":\"Organization\",\"@id\":\"https:\/\/pateens.com\/es\/#organization\",\"name\":\"Pateens\",\"url\":\"https:\/\/pateens.com\/es\/\",\"logo\":{\"@type\":\"ImageObject\",\"inLanguage\":\"tl\",\"@id\":\"https:\/\/pateens.com\/es\/#\/schema\/logo\/image\/\",\"url\":\"https:\/\/pateens.com\/wp-content\/uploads\/2023\/09\/cropped-WhatsApp-Image-2023-09-22-at-10.28.17-e1695389616971.jpeg\",\"contentUrl\":\"https:\/\/pateens.com\/wp-content\/uploads\/2023\/09\/cropped-WhatsApp-Image-2023-09-22-at-10.28.17-e1695389616971.jpeg\",\"width\":200,\"height\":37,\"caption\":\"Pateens\"},\"image\":{\"@id\":\"https:\/\/pateens.com\/es\/#\/schema\/logo\/image\/\"}}]}<\/script>\n<!-- \/ Yoast SEO plugin. -->","yoast_head_json":{"title":"Pol\u00edtica de Privacidade - Pateens","robots":{"index":"index","follow":"follow","max-snippet":"max-snippet:-1","max-image-preview":"max-image-preview:large","max-video-preview":"max-video-preview:-1"},"canonical":"https:\/\/pateens.com\/tl\/politica-de-privacidade\/","og_locale":"en_US","og_type":"article","og_title":"Pol\u00edtica de Privacidade - Pateens","og_description":"Pol\u00edtica Privacidade A sua privacidade \u00e9 importante para n\u00f3s. \u00c9 pol\u00edtica do Pateens respeitar a sua privacidade em rela\u00e7\u00e3o a qualquer informa\u00e7\u00e3o sua que possamos coletar no site Pateens, e outros sites que possu\u00edmos e operamos. Solicitamos informa\u00e7\u00f5es pessoais apenas quando realmente precisamos delas para lhe fornecer um servi\u00e7o. Fazemo-lo por meios justos e legais, &hellip;","og_url":"https:\/\/pateens.com\/tl\/politica-de-privacidade\/","og_site_name":"Pateens","article_modified_time":"2023-09-21T15:03:41+00:00","twitter_card":"summary_large_image","twitter_misc":{"Est. reading time":"4 minuto"},"schema":{"@context":"https:\/\/schema.org","@graph":[{"@type":"WebPage","@id":"https:\/\/pateens.com\/politica-de-privacidade\/","url":"https:\/\/pateens.com\/politica-de-privacidade\/","name":"Pol\u00edtica de Privacidade - Pateens","isPartOf":{"@id":"https:\/\/pateens.com\/es\/#website"},"datePublished":"2023-09-21T15:01:43+00:00","dateModified":"2023-09-21T15:03:41+00:00","breadcrumb":{"@id":"https:\/\/pateens.com\/politica-de-privacidade\/#breadcrumb"},"inLanguage":"tl","potentialAction":[{"@type":"ReadAction","target":["https:\/\/pateens.com\/politica-de-privacidade\/"]}]},{"@type":"BreadcrumbList","@id":"https:\/\/pateens.com\/politica-de-privacidade\/#breadcrumb","itemListElement":[{"@type":"ListItem","position":1,"name":"In\u00edcio","item":"https:\/\/pateens.com\/es\/"},{"@type":"ListItem","position":2,"name":"Pol\u00edtica de Privacidade"}]},{"@type":"WebSite","@id":"https:\/\/pateens.com\/es\/#website","url":"https:\/\/pateens.com\/es\/","name":"Mga Pateen","description":"Maraming mga tip at balita mula sa mundo para sa iyo!","publisher":{"@id":"https:\/\/pateens.com\/es\/#organization"},"potentialAction":[{"@type":"SearchAction","target":{"@type":"EntryPoint","urlTemplate":"https:\/\/pateens.com\/es\/?s={search_term_string}"},"query-input":{"@type":"PropertyValueSpecification","valueRequired":true,"valueName":"search_term_string"}}],"inLanguage":"tl"},{"@type":"Organization","@id":"https:\/\/pateens.com\/es\/#organization","name":"Mga Pateen","url":"https:\/\/pateens.com\/es\/","logo":{"@type":"ImageObject","inLanguage":"tl","@id":"https:\/\/pateens.com\/es\/#\/schema\/logo\/image\/","url":"https:\/\/pateens.com\/wp-content\/uploads\/2023\/09\/cropped-WhatsApp-Image-2023-09-22-at-10.28.17-e1695389616971.jpeg","contentUrl":"https:\/\/pateens.com\/wp-content\/uploads\/2023\/09\/cropped-WhatsApp-Image-2023-09-22-at-10.28.17-e1695389616971.jpeg","width":200,"height":37,"caption":"Pateens"},"image":{"@id":"https:\/\/pateens.com\/es\/#\/schema\/logo\/image\/"}}]}},"_links":{"self":[{"href":"https:\/\/pateens.com\/tl\/wp-json\/wp\/v2\/pages\/16","targetHints":{"allow":["GET"]}}],"collection":[{"href":"https:\/\/pateens.com\/tl\/wp-json\/wp\/v2\/pages"}],"about":[{"href":"https:\/\/pateens.com\/tl\/wp-json\/wp\/v2\/types\/page"}],"author":[{"embeddable":true,"href":"https:\/\/pateens.com\/tl\/wp-json\/wp\/v2\/users\/14"}],"replies":[{"embeddable":true,"href":"https:\/\/pateens.com\/tl\/wp-json\/wp\/v2\/comments?post=16"}],"version-history":[{"count":0,"href":"https:\/\/pateens.com\/tl\/wp-json\/wp\/v2\/pages\/16\/revisions"}],"wp:attachment":[{"href":"https:\/\/pateens.com\/tl\/wp-json\/wp\/v2\/media?parent=16"}],"curies":[{"name":"wp","href":"https:\/\/api.w.org\/{rel}","templated":true}]}}