{"id":22,"date":"2023-09-21T12:04:55","date_gmt":"2023-09-21T15:04:55","guid":{"rendered":"https:\/\/pateens.com\/?page_id=22"},"modified":"2023-09-21T12:04:56","modified_gmt":"2023-09-21T15:04:56","slug":"termos-e-condicoes","status":"publish","type":"page","link":"https:\/\/pateens.com\/tl\/termos-e-condicoes\/","title":{"rendered":"Mga Tuntunin at Kundisyon"},"content":{"rendered":"<h2><span style=\"color: rgb(68, 68, 68);\">1. Mga tuntunin<\/span><\/h2><p><span style=\"color: rgb(68, 68, 68);\">Kapag ina-access ang website <a href=\"https:\/\/pateens.com\/tl\/\">Mga Pateen<\/a>, sumasang-ayon kang sumunod sa mga tuntunin ng serbisyong ito, lahat ng naaangkop na batas at regulasyon, at sumasang-ayon na ikaw ay may pananagutan sa pagsunod sa anumang naaangkop na lokal na batas. Kung hindi ka sumasang-ayon sa alinman sa mga tuntuning ito, ipinagbabawal kang gamitin o i-access ang site na ito. Ang mga materyal na nilalaman sa website na ito ay protektado ng naaangkop na batas sa copyright at trademark.<\/span><\/p><h2><span style=\"color: rgb(68, 68, 68);\">2. Gumamit ng Lisensya<\/span><\/h2><p><span style=\"color: rgb(68, 68, 68);\">Ipinagkaloob ang pahintulot na pansamantalang mag-download ng isang kopya ng mga materyal (impormasyon o software) sa website ng Pateens para sa personal, hindi pangkomersyal na panandaliang pagtingin lamang. Ito ang pagbibigay ng lisensya, hindi paglilipat ng titulo, at sa ilalim ng lisensyang ito ay hindi ka maaaring:&nbsp;<\/span><\/p><ol><li><span style=\"color: rgb(68, 68, 68);\">baguhin o kopyahin ang mga materyales;&nbsp;<\/span><\/li><li><span style=\"color: rgb(68, 68, 68);\">gamitin ang mga materyales para sa anumang komersyal na layunin, o para sa anumang pampublikong pagpapakita (komersyal o hindi pangkomersyal);&nbsp;<\/span><\/li><li><span style=\"color: rgb(68, 68, 68);\">subukang i-decompile o i-reverse engineer ang anumang software na nasa website ng Pateens;&nbsp;<\/span><\/li><li><span style=\"color: rgb(68, 68, 68);\">alisin ang anumang copyright o iba pang pagmamay-ari na notasyon mula sa mga materyales; o&nbsp;<\/span><\/li><li><span style=\"color: rgb(68, 68, 68);\">ilipat ang mga materyales sa ibang tao o &#039;i-mirror&#039; ang mga materyales sa anumang iba pang server.<\/span><\/li><\/ol><p><span style=\"color: rgb(68, 68, 68);\">Ang lisensyang ito ay awtomatikong magwawakas kung lalabag ka sa alinman sa mga paghihigpit na ito at maaaring wakasan ng Pateens anumang oras. Sa pagtatapos ng iyong pagtingin sa mga materyal na ito o sa pagwawakas ng lisensyang ito, dapat mong sirain ang anumang mga na-download na materyal na nasa iyong pag-aari maging sa electronic o naka-print na format.<\/span><\/p><h2><span style=\"color: rgb(68, 68, 68);\">3. Disclaimer<\/span><\/h2><ol><li><span style=\"color: rgb(68, 68, 68);\">Ang mga materyales sa website ng Pateens ay ibinigay &#039;as is&#039;. Ang Pateens ay hindi gumagawa ng mga warranty, ipinahayag o ipinahiwatig, at sa pamamagitan nito ay itinatanggi at tinatanggihan ang lahat ng iba pang mga warranty kabilang ang, nang walang limitasyon, ipinahiwatig na mga warranty o kundisyon ng pagiging mapagkalakal, angkop para sa isang partikular na layunin, o hindi paglabag sa intelektwal na ari-arian o iba pang paglabag sa mga karapatan.<\/span><\/li><li><span style=\"color: rgb(68, 68, 68);\">Dagdag pa, ang Pateens ay hindi ginagarantiyahan o gumagawa ng anumang mga representasyon tungkol sa katumpakan, malamang na mga resulta, o pagiging maaasahan ng paggamit ng mga materyales sa website nito o kung hindi man nauugnay sa mga naturang materyal o sa anumang mga site na naka-link sa site na ito.<\/span><\/li><\/ol><h2><span style=\"color: rgb(68, 68, 68);\">4. Mga Limitasyon<\/span><\/h2><p><span style=\"color: rgb(68, 68, 68);\">Sa anumang pagkakataon ay mananagot ang Pateens o ang mga supplier nito para sa anumang mga pinsala (kabilang ang, nang walang limitasyon, mga pinsala para sa pagkawala ng data o kita, o dahil sa pagkagambala sa negosyo) na nagmula sa paggamit o kawalan ng kakayahang gamitin ang mga materyales sa Internet site ng Pateens, kahit na ang Pateens o isang awtorisadong kinatawan ng Pateens ay naabisuhan nang pasalita o nakasulat tungkol sa posibilidad ng naturang pinsala. Dahil hindi pinapayagan ng ilang hurisdiksyon ang mga limitasyon sa ipinahiwatig na mga warranty, o mga limitasyon ng pananagutan para sa mga kinahinatnan o incidental na pinsala, maaaring hindi nalalapat sa iyo ang mga limitasyong ito.<\/span><\/p><h2><span style=\"color: rgb(68, 68, 68);\">5. Katumpakan ng mga materyales<\/span><\/h2><p><span style=\"color: rgb(68, 68, 68);\">Ang mga materyal na ipinapakita sa website ng Pateens ay maaaring may kasamang teknikal, typographical, o photographic na mga error. Hindi ginagarantiyahan ng Pateens na ang alinman sa mga materyales sa website nito ay tumpak, kumpleto, o napapanahon. Ang mga Pateen ay maaaring gumawa ng mga pagbabago sa mga materyal na nakapaloob sa website nito anumang oras nang walang abiso. Gayunpaman, ang Pateens ay hindi gumagawa ng anumang pangako na i-update ang mga materyales.<\/span><\/p><h2><span style=\"color: rgb(68, 68, 68);\">6. Mga link<\/span><\/h2><p><span style=\"color: rgb(68, 68, 68);\">Hindi sinuri ng Pateens ang lahat ng mga site na naka-link sa website nito at hindi responsable para sa mga nilalaman ng anumang naturang naka-link na site. Ang pagsasama ng anumang link ay hindi nagpapahiwatig ng pag-endorso ng Pateens ng site. Ang paggamit ng anumang naka-link na website ay nasa sariling peligro ng gumagamit.<\/span><\/p><p><br><\/p><h3><span style=\"color: rgb(68, 68, 68);\">Mga pagbabago<\/span><\/h3><p><span style=\"color: rgb(68, 68, 68);\">Maaaring baguhin ng mga Pateen ang mga tuntunin ng serbisyo para sa website nito anumang oras nang walang abiso. Sa pamamagitan ng paggamit sa website na ito, sumasang-ayon kang mapasailalim sa kasalukuyang bersyon ng mga tuntunin ng serbisyong ito.<\/span><\/p><h3><span style=\"color: rgb(68, 68, 68);\">Naaangkop na batas<\/span><\/h3><p><span style=\"color: rgb(68, 68, 68);\">Ang mga tuntunin at kundisyong ito ay pinamamahalaan ng at binibigyang-kahulugan alinsunod sa mga batas ng Pateens at hindi mo na mababawi ang pagsumite sa eksklusibong hurisdiksyon ng mga korte sa Estado o lokasyong iyon.<\/span><\/p>","protected":false},"excerpt":{"rendered":"<p>1. Mga Tuntunin Sa pamamagitan ng pag-access sa website ng Pateens, sumasang-ayon kang sumunod sa mga tuntunin ng serbisyong ito, lahat ng naaangkop na batas at regulasyon, at sumasang-ayon ka na responsable ka sa pagsunod sa anumang naaangkop na lokal na batas. Kung hindi ka sumasang-ayon sa alinman sa mga tuntuning ito, ipinagbabawal kang gamitin o i-access ang site na ito. Ang mga materyales na nakapaloob sa website na ito ay\u2026 <\/p>","protected":false},"author":14,"featured_media":0,"parent":0,"menu_order":0,"comment_status":"closed","ping_status":"closed","template":"","meta":{"footnotes":""},"class_list":["post-22","page","type-page","status-publish","hentry","latest_post"],"yoast_head":"<!-- This site is optimized with the Yoast SEO plugin v26.3 - https:\/\/yoast.com\/wordpress\/plugins\/seo\/ -->\n<title>Termos e Condi\u00e7\u00f5es - Pateens<\/title>\n<meta name=\"robots\" content=\"index, follow, max-snippet:-1, max-image-preview:large, max-video-preview:-1\" \/>\n<link rel=\"canonical\" href=\"https:\/\/pateens.com\/tl\/termos-e-condicoes\/\" \/>\n<meta property=\"og:locale\" content=\"en_US\" \/>\n<meta property=\"og:type\" content=\"article\" \/>\n<meta property=\"og:title\" content=\"Termos e Condi\u00e7\u00f5es - Pateens\" \/>\n<meta property=\"og:description\" content=\"1. Termos Ao acessar ao site Pateens, concorda em cumprir estes termos de servi\u00e7o, todas as leis e regulamentos aplic\u00e1veis \u200b\u200be concorda que \u00e9 respons\u00e1vel pelo cumprimento de todas as leis locais aplic\u00e1veis. Se voc\u00ea n\u00e3o concordar com algum desses termos, est\u00e1 proibido de usar ou acessar este site. Os materiais contidos neste site s\u00e3o &hellip;\" \/>\n<meta property=\"og:url\" content=\"https:\/\/pateens.com\/tl\/termos-e-condicoes\/\" \/>\n<meta property=\"og:site_name\" content=\"Pateens\" \/>\n<meta property=\"article:modified_time\" content=\"2023-09-21T15:04:56+00:00\" \/>\n<meta name=\"twitter:card\" content=\"summary_large_image\" \/>\n<meta name=\"twitter:label1\" content=\"Est. reading time\" \/>\n\t<meta name=\"twitter:data1\" content=\"4 minuto\" \/>\n<script type=\"application\/ld+json\" class=\"yoast-schema-graph\">{\"@context\":\"https:\/\/schema.org\",\"@graph\":[{\"@type\":\"WebPage\",\"@id\":\"https:\/\/pateens.com\/termos-e-condicoes\/\",\"url\":\"https:\/\/pateens.com\/termos-e-condicoes\/\",\"name\":\"Termos e Condi\u00e7\u00f5es - Pateens\",\"isPartOf\":{\"@id\":\"https:\/\/pateens.com\/es\/#website\"},\"datePublished\":\"2023-09-21T15:04:55+00:00\",\"dateModified\":\"2023-09-21T15:04:56+00:00\",\"breadcrumb\":{\"@id\":\"https:\/\/pateens.com\/termos-e-condicoes\/#breadcrumb\"},\"inLanguage\":\"tl\",\"potentialAction\":[{\"@type\":\"ReadAction\",\"target\":[\"https:\/\/pateens.com\/termos-e-condicoes\/\"]}]},{\"@type\":\"BreadcrumbList\",\"@id\":\"https:\/\/pateens.com\/termos-e-condicoes\/#breadcrumb\",\"itemListElement\":[{\"@type\":\"ListItem\",\"position\":1,\"name\":\"In\u00edcio\",\"item\":\"https:\/\/pateens.com\/es\/\"},{\"@type\":\"ListItem\",\"position\":2,\"name\":\"Termos e Condi\u00e7\u00f5es\"}]},{\"@type\":\"WebSite\",\"@id\":\"https:\/\/pateens.com\/es\/#website\",\"url\":\"https:\/\/pateens.com\/es\/\",\"name\":\"Pateens\",\"description\":\"Muitas dicas e novidades do mundo para voc\u00ea!\",\"publisher\":{\"@id\":\"https:\/\/pateens.com\/es\/#organization\"},\"potentialAction\":[{\"@type\":\"SearchAction\",\"target\":{\"@type\":\"EntryPoint\",\"urlTemplate\":\"https:\/\/pateens.com\/es\/?s={search_term_string}\"},\"query-input\":{\"@type\":\"PropertyValueSpecification\",\"valueRequired\":true,\"valueName\":\"search_term_string\"}}],\"inLanguage\":\"tl\"},{\"@type\":\"Organization\",\"@id\":\"https:\/\/pateens.com\/es\/#organization\",\"name\":\"Pateens\",\"url\":\"https:\/\/pateens.com\/es\/\",\"logo\":{\"@type\":\"ImageObject\",\"inLanguage\":\"tl\",\"@id\":\"https:\/\/pateens.com\/es\/#\/schema\/logo\/image\/\",\"url\":\"https:\/\/pateens.com\/wp-content\/uploads\/2023\/09\/cropped-WhatsApp-Image-2023-09-22-at-10.28.17-e1695389616971.jpeg\",\"contentUrl\":\"https:\/\/pateens.com\/wp-content\/uploads\/2023\/09\/cropped-WhatsApp-Image-2023-09-22-at-10.28.17-e1695389616971.jpeg\",\"width\":200,\"height\":37,\"caption\":\"Pateens\"},\"image\":{\"@id\":\"https:\/\/pateens.com\/es\/#\/schema\/logo\/image\/\"}}]}<\/script>\n<!-- \/ Yoast SEO plugin. -->","yoast_head_json":{"title":"Termos e Condi\u00e7\u00f5es - Pateens","robots":{"index":"index","follow":"follow","max-snippet":"max-snippet:-1","max-image-preview":"max-image-preview:large","max-video-preview":"max-video-preview:-1"},"canonical":"https:\/\/pateens.com\/tl\/termos-e-condicoes\/","og_locale":"en_US","og_type":"article","og_title":"Termos e Condi\u00e7\u00f5es - Pateens","og_description":"1. Termos Ao acessar ao site Pateens, concorda em cumprir estes termos de servi\u00e7o, todas as leis e regulamentos aplic\u00e1veis \u200b\u200be concorda que \u00e9 respons\u00e1vel pelo cumprimento de todas as leis locais aplic\u00e1veis. Se voc\u00ea n\u00e3o concordar com algum desses termos, est\u00e1 proibido de usar ou acessar este site. Os materiais contidos neste site s\u00e3o &hellip;","og_url":"https:\/\/pateens.com\/tl\/termos-e-condicoes\/","og_site_name":"Pateens","article_modified_time":"2023-09-21T15:04:56+00:00","twitter_card":"summary_large_image","twitter_misc":{"Est. reading time":"4 minuto"},"schema":{"@context":"https:\/\/schema.org","@graph":[{"@type":"WebPage","@id":"https:\/\/pateens.com\/termos-e-condicoes\/","url":"https:\/\/pateens.com\/termos-e-condicoes\/","name":"Termos e Condi\u00e7\u00f5es - Pateens","isPartOf":{"@id":"https:\/\/pateens.com\/es\/#website"},"datePublished":"2023-09-21T15:04:55+00:00","dateModified":"2023-09-21T15:04:56+00:00","breadcrumb":{"@id":"https:\/\/pateens.com\/termos-e-condicoes\/#breadcrumb"},"inLanguage":"tl","potentialAction":[{"@type":"ReadAction","target":["https:\/\/pateens.com\/termos-e-condicoes\/"]}]},{"@type":"BreadcrumbList","@id":"https:\/\/pateens.com\/termos-e-condicoes\/#breadcrumb","itemListElement":[{"@type":"ListItem","position":1,"name":"In\u00edcio","item":"https:\/\/pateens.com\/es\/"},{"@type":"ListItem","position":2,"name":"Termos e Condi\u00e7\u00f5es"}]},{"@type":"WebSite","@id":"https:\/\/pateens.com\/es\/#website","url":"https:\/\/pateens.com\/es\/","name":"Mga Pateen","description":"Maraming mga tip at balita mula sa mundo para sa iyo!","publisher":{"@id":"https:\/\/pateens.com\/es\/#organization"},"potentialAction":[{"@type":"SearchAction","target":{"@type":"EntryPoint","urlTemplate":"https:\/\/pateens.com\/es\/?s={search_term_string}"},"query-input":{"@type":"PropertyValueSpecification","valueRequired":true,"valueName":"search_term_string"}}],"inLanguage":"tl"},{"@type":"Organization","@id":"https:\/\/pateens.com\/es\/#organization","name":"Mga Pateen","url":"https:\/\/pateens.com\/es\/","logo":{"@type":"ImageObject","inLanguage":"tl","@id":"https:\/\/pateens.com\/es\/#\/schema\/logo\/image\/","url":"https:\/\/pateens.com\/wp-content\/uploads\/2023\/09\/cropped-WhatsApp-Image-2023-09-22-at-10.28.17-e1695389616971.jpeg","contentUrl":"https:\/\/pateens.com\/wp-content\/uploads\/2023\/09\/cropped-WhatsApp-Image-2023-09-22-at-10.28.17-e1695389616971.jpeg","width":200,"height":37,"caption":"Pateens"},"image":{"@id":"https:\/\/pateens.com\/es\/#\/schema\/logo\/image\/"}}]}},"_links":{"self":[{"href":"https:\/\/pateens.com\/tl\/wp-json\/wp\/v2\/pages\/22","targetHints":{"allow":["GET"]}}],"collection":[{"href":"https:\/\/pateens.com\/tl\/wp-json\/wp\/v2\/pages"}],"about":[{"href":"https:\/\/pateens.com\/tl\/wp-json\/wp\/v2\/types\/page"}],"author":[{"embeddable":true,"href":"https:\/\/pateens.com\/tl\/wp-json\/wp\/v2\/users\/14"}],"replies":[{"embeddable":true,"href":"https:\/\/pateens.com\/tl\/wp-json\/wp\/v2\/comments?post=22"}],"version-history":[{"count":0,"href":"https:\/\/pateens.com\/tl\/wp-json\/wp\/v2\/pages\/22\/revisions"}],"wp:attachment":[{"href":"https:\/\/pateens.com\/tl\/wp-json\/wp\/v2\/media?parent=22"}],"curies":[{"name":"wp","href":"https:\/\/api.w.org\/{rel}","templated":true}]}}