{"id":24,"date":"2023-09-21T12:08:35","date_gmt":"2023-09-21T15:08:35","guid":{"rendered":"https:\/\/pateens.com\/?page_id=24"},"modified":"2023-09-21T12:08:35","modified_gmt":"2023-09-21T15:08:35","slug":"quem-somos","status":"publish","type":"page","link":"https:\/\/pateens.com\/tr\/quem-somos\/","title":{"rendered":"Biz Kimiz"},"content":{"rendered":"<p>Patens&#039;e ho\u015f geldiniz!<\/p>\n\n\n\n<p>Medyam\u0131zda aktard\u0131klar\u0131m\u0131z konusunda b\u00fcy\u00fck sorumluluk ve sahipli\u011fe sahip bir bilgi, ipucu ve e\u011flence portal\u0131y\u0131z.<\/p>\n\n\n\n<p>Bilgi kullan\u0131m\u0131n\u0131n binlerce insan\u0131n hayat\u0131nda vazge\u00e7ilmez hale geldi\u011fini ve bu t\u00fcr i\u00e7eriklerin toplum i\u00e7in temel oldu\u011funu biliyoruz.<\/p>\n\n\n\n<p>Amac\u0131m\u0131z size \u00f6nemli ve g\u00fcncel bilgiler sa\u011flaman\u0131n yan\u0131 s\u0131ra sayfalar\u0131m\u0131zda gezinirken m\u00fckemmel bir deneyim ya\u015fatmakt\u0131r.<\/p>\n\n\n\n<p>Dijital ortamda yenilik yapmak amac\u0131yla olu\u015fturulan Pateens, bilgi alma, rahatlama ve \u00f6nemli g\u00fcnl\u00fck konulara kat\u0131l\u0131m anlar\u0131 sa\u011flar.<\/p>\n\n\n\n<p>Herkese ho\u015f geldiniz\u00a0<a href=\"https:\/\/pateens.com\/tr\/\">Patenler<\/a>!!<\/p>","protected":false},"excerpt":{"rendered":"<p>Patens&#039;e ho\u015f geldiniz! Medyam\u0131zda aktard\u0131klar\u0131m\u0131z konusunda b\u00fcy\u00fck sorumluluk ve sahipli\u011fe sahip bir bilgi, ipucu ve e\u011flence portal\u0131y\u0131z. Bilgi kullan\u0131m\u0131n\u0131n binlerce insan\u0131n hayat\u0131nda vazge\u00e7ilmez hale geldi\u011fini ve bu t\u00fcr i\u00e7eriklerin toplum i\u00e7in temel oldu\u011funu biliyoruz. Amac\u0131m\u0131z getirmek\u2026 <\/p>","protected":false},"author":14,"featured_media":0,"parent":0,"menu_order":0,"comment_status":"closed","ping_status":"closed","template":"","meta":{"footnotes":""},"class_list":["post-24","page","type-page","status-publish","hentry","latest_post"],"yoast_head":"<!-- This site is optimized with the Yoast SEO plugin v26.3 - https:\/\/yoast.com\/wordpress\/plugins\/seo\/ -->\n<title>Quem somos - Pateens<\/title>\n<meta name=\"robots\" content=\"index, follow, max-snippet:-1, max-image-preview:large, max-video-preview:-1\" \/>\n<link rel=\"canonical\" href=\"https:\/\/pateens.com\/tr\/quem-somos\/\" \/>\n<meta property=\"og:locale\" content=\"tr_TR\" \/>\n<meta property=\"og:type\" content=\"article\" \/>\n<meta property=\"og:title\" content=\"Quem somos - Pateens\" \/>\n<meta property=\"og:description\" content=\"Sejam bem vindos ao Pateens! Somos um portal de informa\u00e7\u00f5es, dicas e entretenimento com muita responsabilidade e propriedade no que informa em nossos meios de comunica\u00e7\u00e3o. Sabemos que o uso da informa\u00e7\u00e3o se tornou indispens\u00e1vel na vida de milhares de pessoas e esse tipo de conte\u00fado \u00e9 fundamental para a sociedade. Nosso objetivo \u00e9 levar &hellip;\" \/>\n<meta property=\"og:url\" content=\"https:\/\/pateens.com\/tr\/quem-somos\/\" \/>\n<meta property=\"og:site_name\" content=\"Pateens\" \/>\n<meta name=\"twitter:card\" content=\"summary_large_image\" \/>\n<meta name=\"twitter:label1\" content=\"Tahmini okuma s\u00fcresi\" \/>\n\t<meta name=\"twitter:data1\" content=\"1 dakika\" \/>\n<script type=\"application\/ld+json\" class=\"yoast-schema-graph\">{\"@context\":\"https:\/\/schema.org\",\"@graph\":[{\"@type\":\"WebPage\",\"@id\":\"https:\/\/pateens.com\/quem-somos\/\",\"url\":\"https:\/\/pateens.com\/quem-somos\/\",\"name\":\"Quem somos - Pateens\",\"isPartOf\":{\"@id\":\"https:\/\/pateens.com\/es\/#website\"},\"datePublished\":\"2023-09-21T15:08:35+00:00\",\"breadcrumb\":{\"@id\":\"https:\/\/pateens.com\/quem-somos\/#breadcrumb\"},\"inLanguage\":\"tr\",\"potentialAction\":[{\"@type\":\"ReadAction\",\"target\":[\"https:\/\/pateens.com\/quem-somos\/\"]}]},{\"@type\":\"BreadcrumbList\",\"@id\":\"https:\/\/pateens.com\/quem-somos\/#breadcrumb\",\"itemListElement\":[{\"@type\":\"ListItem\",\"position\":1,\"name\":\"In\u00edcio\",\"item\":\"https:\/\/pateens.com\/es\/\"},{\"@type\":\"ListItem\",\"position\":2,\"name\":\"Quem somos\"}]},{\"@type\":\"WebSite\",\"@id\":\"https:\/\/pateens.com\/es\/#website\",\"url\":\"https:\/\/pateens.com\/es\/\",\"name\":\"Pateens\",\"description\":\"Muitas dicas e novidades do mundo para voc\u00ea!\",\"publisher\":{\"@id\":\"https:\/\/pateens.com\/es\/#organization\"},\"potentialAction\":[{\"@type\":\"SearchAction\",\"target\":{\"@type\":\"EntryPoint\",\"urlTemplate\":\"https:\/\/pateens.com\/es\/?s={search_term_string}\"},\"query-input\":{\"@type\":\"PropertyValueSpecification\",\"valueRequired\":true,\"valueName\":\"search_term_string\"}}],\"inLanguage\":\"tr\"},{\"@type\":\"Organization\",\"@id\":\"https:\/\/pateens.com\/es\/#organization\",\"name\":\"Pateens\",\"url\":\"https:\/\/pateens.com\/es\/\",\"logo\":{\"@type\":\"ImageObject\",\"inLanguage\":\"tr\",\"@id\":\"https:\/\/pateens.com\/es\/#\/schema\/logo\/image\/\",\"url\":\"https:\/\/pateens.com\/wp-content\/uploads\/2023\/09\/cropped-WhatsApp-Image-2023-09-22-at-10.28.17-e1695389616971.jpeg\",\"contentUrl\":\"https:\/\/pateens.com\/wp-content\/uploads\/2023\/09\/cropped-WhatsApp-Image-2023-09-22-at-10.28.17-e1695389616971.jpeg\",\"width\":200,\"height\":37,\"caption\":\"Pateens\"},\"image\":{\"@id\":\"https:\/\/pateens.com\/es\/#\/schema\/logo\/image\/\"}}]}<\/script>\n<!-- \/ Yoast SEO plugin. -->","yoast_head_json":{"title":"Quem somos - Pateens","robots":{"index":"index","follow":"follow","max-snippet":"max-snippet:-1","max-image-preview":"max-image-preview:large","max-video-preview":"max-video-preview:-1"},"canonical":"https:\/\/pateens.com\/tr\/quem-somos\/","og_locale":"tr_TR","og_type":"article","og_title":"Quem somos - Pateens","og_description":"Sejam bem vindos ao Pateens! Somos um portal de informa\u00e7\u00f5es, dicas e entretenimento com muita responsabilidade e propriedade no que informa em nossos meios de comunica\u00e7\u00e3o. Sabemos que o uso da informa\u00e7\u00e3o se tornou indispens\u00e1vel na vida de milhares de pessoas e esse tipo de conte\u00fado \u00e9 fundamental para a sociedade. Nosso objetivo \u00e9 levar &hellip;","og_url":"https:\/\/pateens.com\/tr\/quem-somos\/","og_site_name":"Pateens","twitter_card":"summary_large_image","twitter_misc":{"Tahmini okuma s\u00fcresi":"1 dakika"},"schema":{"@context":"https:\/\/schema.org","@graph":[{"@type":"WebPage","@id":"https:\/\/pateens.com\/quem-somos\/","url":"https:\/\/pateens.com\/quem-somos\/","name":"Quem somos - Pateens","isPartOf":{"@id":"https:\/\/pateens.com\/es\/#website"},"datePublished":"2023-09-21T15:08:35+00:00","breadcrumb":{"@id":"https:\/\/pateens.com\/quem-somos\/#breadcrumb"},"inLanguage":"tr","potentialAction":[{"@type":"ReadAction","target":["https:\/\/pateens.com\/quem-somos\/"]}]},{"@type":"BreadcrumbList","@id":"https:\/\/pateens.com\/quem-somos\/#breadcrumb","itemListElement":[{"@type":"ListItem","position":1,"name":"In\u00edcio","item":"https:\/\/pateens.com\/es\/"},{"@type":"ListItem","position":2,"name":"Quem somos"}]},{"@type":"WebSite","@id":"https:\/\/pateens.com\/es\/#website","url":"https:\/\/pateens.com\/es\/","name":"Patenler","description":"D\u00fcnyadan sizin i\u00e7in bir\u00e7ok ipucu ve haber!","publisher":{"@id":"https:\/\/pateens.com\/es\/#organization"},"potentialAction":[{"@type":"SearchAction","target":{"@type":"EntryPoint","urlTemplate":"https:\/\/pateens.com\/es\/?s={search_term_string}"},"query-input":{"@type":"PropertyValueSpecification","valueRequired":true,"valueName":"search_term_string"}}],"inLanguage":"tr"},{"@type":"Organization","@id":"https:\/\/pateens.com\/es\/#organization","name":"Patenler","url":"https:\/\/pateens.com\/es\/","logo":{"@type":"ImageObject","inLanguage":"tr","@id":"https:\/\/pateens.com\/es\/#\/schema\/logo\/image\/","url":"https:\/\/pateens.com\/wp-content\/uploads\/2023\/09\/cropped-WhatsApp-Image-2023-09-22-at-10.28.17-e1695389616971.jpeg","contentUrl":"https:\/\/pateens.com\/wp-content\/uploads\/2023\/09\/cropped-WhatsApp-Image-2023-09-22-at-10.28.17-e1695389616971.jpeg","width":200,"height":37,"caption":"Pateens"},"image":{"@id":"https:\/\/pateens.com\/es\/#\/schema\/logo\/image\/"}}]}},"_links":{"self":[{"href":"https:\/\/pateens.com\/tr\/wp-json\/wp\/v2\/pages\/24","targetHints":{"allow":["GET"]}}],"collection":[{"href":"https:\/\/pateens.com\/tr\/wp-json\/wp\/v2\/pages"}],"about":[{"href":"https:\/\/pateens.com\/tr\/wp-json\/wp\/v2\/types\/page"}],"author":[{"embeddable":true,"href":"https:\/\/pateens.com\/tr\/wp-json\/wp\/v2\/users\/14"}],"replies":[{"embeddable":true,"href":"https:\/\/pateens.com\/tr\/wp-json\/wp\/v2\/comments?post=24"}],"version-history":[{"count":0,"href":"https:\/\/pateens.com\/tr\/wp-json\/wp\/v2\/pages\/24\/revisions"}],"wp:attachment":[{"href":"https:\/\/pateens.com\/tr\/wp-json\/wp\/v2\/media?parent=24"}],"curies":[{"name":"wp","href":"https:\/\/api.w.org\/{rel}","templated":true}]}}