{"id":24,"date":"2023-09-21T12:08:35","date_gmt":"2023-09-21T15:08:35","guid":{"rendered":"https:\/\/pateens.com\/?page_id=24"},"modified":"2023-09-21T12:08:35","modified_gmt":"2023-09-21T15:08:35","slug":"quem-somos","status":"publish","type":"page","link":"https:\/\/pateens.com\/ur\/quem-somos\/","title":{"rendered":"\u06c1\u0645 \u06a9\u0648\u0646 \u06c1\u06cc\u06ba\u06d4"},"content":{"rendered":"<p>\u067e\u06cc\u0679\u0646\u0633 \u0645\u06cc\u06ba \u062e\u0648\u0634 \u0622\u0645\u062f\u06cc\u062f!<\/p>\n\n\n\n<p>\u06c1\u0645 \u0627\u067e\u0646\u06d2 \u0645\u06cc\u0688\u06cc\u0627 \u0645\u06cc\u06ba \u062c\u0648 \u06a9\u0686\u06be \u0631\u067e\u0648\u0631\u0679 \u06a9\u0631\u062a\u06d2 \u06c1\u06cc\u06ba \u0627\u0633 \u0645\u06cc\u06ba \u0628\u0691\u06cc \u0630\u0645\u06c1 \u062f\u0627\u0631\u06cc \u0627\u0648\u0631 \u0645\u0644\u06a9\u06cc\u062a \u06a9\u06d2 \u0633\u0627\u062a\u06be \u0627\u06cc\u06a9 \u0645\u0639\u0644\u0648\u0645\u0627\u062a\u060c \u062a\u062c\u0627\u0648\u06cc\u0632 \u0627\u0648\u0631 \u062a\u0641\u0631\u06cc\u062d\u06cc \u067e\u0648\u0631\u0679\u0644 \u06c1\u06cc\u06ba\u06d4<\/p>\n\n\n\n<p>\u06c1\u0645 \u062c\u0627\u0646\u062a\u06d2 \u06c1\u06cc\u06ba \u06a9\u06c1 \u0645\u0639\u0644\u0648\u0645\u0627\u062a \u06a9\u0627 \u0627\u0633\u062a\u0639\u0645\u0627\u0644 \u06c1\u0632\u0627\u0631\u0648\u06ba \u0644\u0648\u06af\u0648\u06ba \u06a9\u06cc \u0632\u0646\u062f\u06af\u06cc\u0648\u06ba \u0645\u06cc\u06ba \u0646\u0627\u06af\u0632\u06cc\u0631 \u06c1\u0648 \u0686\u06a9\u0627 \u06c1\u06d2 \u0627\u0648\u0631 \u0627\u0633 \u0642\u0633\u0645 \u06a9\u0627 \u0645\u0648\u0627\u062f \u0645\u0639\u0627\u0634\u0631\u06d2 \u06a9\u06d2 \u0644\u06cc\u06d2 \u0628\u0646\u06cc\u0627\u062f\u06cc \u062d\u06cc\u062b\u06cc\u062a \u0631\u06a9\u06be\u062a\u0627 \u06c1\u06d2\u06d4<\/p>\n\n\n\n<p>\u06c1\u0645\u0627\u0631\u0627 \u0645\u0642\u0635\u062f \u0622\u067e \u06a9\u0648 \u0627\u06c1\u0645 \u0627\u0648\u0631 \u062a\u0627\u0632\u06c1 \u062a\u0631\u06cc\u0646 \u0645\u0639\u0644\u0648\u0645\u0627\u062a \u0641\u0631\u0627\u06c1\u0645 \u06a9\u0631\u0646\u0627 \u06c1\u06d2 \u0627\u0648\u0631 \u0633\u0627\u062a\u06be \u06c1\u06cc \u06c1\u0645\u0627\u0631\u06d2 \u0635\u0641\u062d\u0627\u062a \u06a9\u0648 \u0628\u0631\u0627\u0624\u0632 \u06a9\u0631\u062a\u06d2 \u0648\u0642\u062a \u0622\u067e \u06a9\u0648 \u0627\u06cc\u06a9 \u0628\u06c1\u062a\u0631\u06cc\u0646 \u062a\u062c\u0631\u0628\u06c1 \u0641\u0631\u0627\u06c1\u0645 \u06a9\u0631\u0646\u0627 \u06c1\u06d2\u06d4<\/p>\n\n\n\n<p>\u0688\u06cc\u062c\u06cc\u0679\u0644 \u0645\u0627\u062d\u0648\u0644 \u0645\u06cc\u06ba \u0627\u062e\u062a\u0631\u0627\u0639 \u06a9\u0631\u0646\u06d2 \u06a9\u06d2 \u0645\u0642\u0635\u062f \u0633\u06d2 \u062a\u062e\u0644\u06cc\u0642 \u06a9\u06cc\u0627 \u06af\u06cc\u0627\u060c Pateens \u0645\u0639\u0644\u0648\u0645\u0627\u062a\u060c \u0622\u0631\u0627\u0645 \u0627\u0648\u0631 \u0631\u0648\u0632\u0645\u0631\u06c1 \u06a9\u06d2 \u0627\u06c1\u0645 \u0645\u0639\u0627\u0645\u0644\u0627\u062a \u0645\u06cc\u06ba \u0634\u0645\u0648\u0644\u06cc\u062a \u06a9\u06d2 \u0644\u0645\u062d\u0627\u062a \u0641\u0631\u0627\u06c1\u0645 \u06a9\u0631\u062a\u0627 \u06c1\u06d2\u06d4<\/p>\n\n\n\n<p>\u0645\u06cc\u06ba \u0633\u0628 \u06a9\u0648 \u062e\u0648\u0634 \u0622\u0645\u062f\u06cc\u062f\u00a0<a href=\"https:\/\/pateens.com\/ur\/\">\u067e\u06cc\u0679\u0646\u0633<\/a>!!<\/p>","protected":false},"excerpt":{"rendered":"<p>\u067e\u06cc\u0679\u0646\u0633 \u0645\u06cc\u06ba \u062e\u0648\u0634 \u0622\u0645\u062f\u06cc\u062f! \u06c1\u0645 \u0627\u06cc\u06a9 \u0645\u0639\u0644\u0648\u0645\u0627\u062a\u060c \u062a\u062c\u0627\u0648\u06cc\u0632 \u0627\u0648\u0631 \u062a\u0641\u0631\u06cc\u062d\u06cc \u067e\u0648\u0631\u0679\u0644 \u06c1\u06cc\u06ba \u062c\u0648 \u0627\u067e\u0646\u06d2 \u0645\u06cc\u0688\u06cc\u0627 \u0645\u06cc\u06ba \u0634\u0627\u0626\u0639 \u06c1\u0648\u0646\u06d2 \u0648\u0627\u0644\u06cc \u0686\u06cc\u0632\u0648\u06ba \u0645\u06cc\u06ba \u0628\u06c1\u062a \u0630\u0645\u06c1 \u062f\u0627\u0631 \u0627\u0648\u0631 \u0630\u0645\u06c1 \u062f\u0627\u0631 \u06c1\u06d2\u06d4 \u06c1\u0645 \u062c\u0627\u0646\u062a\u06d2 \u06c1\u06cc\u06ba \u06a9\u06c1 \u0645\u0639\u0644\u0648\u0645\u0627\u062a \u06a9\u0627 \u0627\u0633\u062a\u0639\u0645\u0627\u0644 \u06c1\u0632\u0627\u0631\u0648\u06ba \u0644\u0648\u06af\u0648\u06ba \u06a9\u06cc \u0632\u0646\u062f\u06af\u06cc\u0648\u06ba \u0645\u06cc\u06ba \u0646\u0627\u06af\u0632\u06cc\u0631 \u06c1\u0648 \u0686\u06a9\u0627 \u06c1\u06d2 \u0627\u0648\u0631 \u0627\u0633 \u0642\u0633\u0645 \u06a9\u0627 \u0645\u0648\u0627\u062f \u0645\u0639\u0627\u0634\u0631\u06d2 \u06a9\u06d2 \u0644\u06cc\u06d2 \u0636\u0631\u0648\u0631\u06cc \u06c1\u06d2\u06d4 \u06c1\u0645\u0627\u0631\u0627 \u0645\u0642\u0635\u062f \u0644\u0627\u0646\u0627 \u06c1\u06d2\u2026 <\/p>","protected":false},"author":14,"featured_media":0,"parent":0,"menu_order":0,"comment_status":"closed","ping_status":"closed","template":"","meta":{"footnotes":""},"class_list":["post-24","page","type-page","status-publish","hentry","latest_post"],"yoast_head":"<!-- This site is optimized with the Yoast SEO plugin v26.3 - https:\/\/yoast.com\/wordpress\/plugins\/seo\/ -->\n<title>Quem somos - Pateens<\/title>\n<meta name=\"robots\" content=\"index, follow, max-snippet:-1, max-image-preview:large, max-video-preview:-1\" \/>\n<link rel=\"canonical\" href=\"https:\/\/pateens.com\/ur\/quem-somos\/\" \/>\n<meta property=\"og:locale\" content=\"en_US\" \/>\n<meta property=\"og:type\" content=\"article\" \/>\n<meta property=\"og:title\" content=\"Quem somos - Pateens\" \/>\n<meta property=\"og:description\" content=\"Sejam bem vindos ao Pateens! Somos um portal de informa\u00e7\u00f5es, dicas e entretenimento com muita responsabilidade e propriedade no que informa em nossos meios de comunica\u00e7\u00e3o. Sabemos que o uso da informa\u00e7\u00e3o se tornou indispens\u00e1vel na vida de milhares de pessoas e esse tipo de conte\u00fado \u00e9 fundamental para a sociedade. Nosso objetivo \u00e9 levar &hellip;\" \/>\n<meta property=\"og:url\" content=\"https:\/\/pateens.com\/ur\/quem-somos\/\" \/>\n<meta property=\"og:site_name\" content=\"Pateens\" \/>\n<meta name=\"twitter:card\" content=\"summary_large_image\" \/>\n<meta name=\"twitter:label1\" content=\"Est. reading time\" \/>\n\t<meta name=\"twitter:data1\" content=\"1 \u0645\u0646\u0679\" \/>\n<script type=\"application\/ld+json\" class=\"yoast-schema-graph\">{\"@context\":\"https:\/\/schema.org\",\"@graph\":[{\"@type\":\"WebPage\",\"@id\":\"https:\/\/pateens.com\/quem-somos\/\",\"url\":\"https:\/\/pateens.com\/quem-somos\/\",\"name\":\"Quem somos - Pateens\",\"isPartOf\":{\"@id\":\"https:\/\/pateens.com\/es\/#website\"},\"datePublished\":\"2023-09-21T15:08:35+00:00\",\"breadcrumb\":{\"@id\":\"https:\/\/pateens.com\/quem-somos\/#breadcrumb\"},\"inLanguage\":\"ur\",\"potentialAction\":[{\"@type\":\"ReadAction\",\"target\":[\"https:\/\/pateens.com\/quem-somos\/\"]}]},{\"@type\":\"BreadcrumbList\",\"@id\":\"https:\/\/pateens.com\/quem-somos\/#breadcrumb\",\"itemListElement\":[{\"@type\":\"ListItem\",\"position\":1,\"name\":\"In\u00edcio\",\"item\":\"https:\/\/pateens.com\/es\/\"},{\"@type\":\"ListItem\",\"position\":2,\"name\":\"Quem somos\"}]},{\"@type\":\"WebSite\",\"@id\":\"https:\/\/pateens.com\/es\/#website\",\"url\":\"https:\/\/pateens.com\/es\/\",\"name\":\"Pateens\",\"description\":\"Muitas dicas e novidades do mundo para voc\u00ea!\",\"publisher\":{\"@id\":\"https:\/\/pateens.com\/es\/#organization\"},\"potentialAction\":[{\"@type\":\"SearchAction\",\"target\":{\"@type\":\"EntryPoint\",\"urlTemplate\":\"https:\/\/pateens.com\/es\/?s={search_term_string}\"},\"query-input\":{\"@type\":\"PropertyValueSpecification\",\"valueRequired\":true,\"valueName\":\"search_term_string\"}}],\"inLanguage\":\"ur\"},{\"@type\":\"Organization\",\"@id\":\"https:\/\/pateens.com\/es\/#organization\",\"name\":\"Pateens\",\"url\":\"https:\/\/pateens.com\/es\/\",\"logo\":{\"@type\":\"ImageObject\",\"inLanguage\":\"ur\",\"@id\":\"https:\/\/pateens.com\/es\/#\/schema\/logo\/image\/\",\"url\":\"https:\/\/pateens.com\/wp-content\/uploads\/2023\/09\/cropped-WhatsApp-Image-2023-09-22-at-10.28.17-e1695389616971.jpeg\",\"contentUrl\":\"https:\/\/pateens.com\/wp-content\/uploads\/2023\/09\/cropped-WhatsApp-Image-2023-09-22-at-10.28.17-e1695389616971.jpeg\",\"width\":200,\"height\":37,\"caption\":\"Pateens\"},\"image\":{\"@id\":\"https:\/\/pateens.com\/es\/#\/schema\/logo\/image\/\"}}]}<\/script>\n<!-- \/ Yoast SEO plugin. -->","yoast_head_json":{"title":"Quem somos - Pateens","robots":{"index":"index","follow":"follow","max-snippet":"max-snippet:-1","max-image-preview":"max-image-preview:large","max-video-preview":"max-video-preview:-1"},"canonical":"https:\/\/pateens.com\/ur\/quem-somos\/","og_locale":"en_US","og_type":"article","og_title":"Quem somos - Pateens","og_description":"Sejam bem vindos ao Pateens! Somos um portal de informa\u00e7\u00f5es, dicas e entretenimento com muita responsabilidade e propriedade no que informa em nossos meios de comunica\u00e7\u00e3o. Sabemos que o uso da informa\u00e7\u00e3o se tornou indispens\u00e1vel na vida de milhares de pessoas e esse tipo de conte\u00fado \u00e9 fundamental para a sociedade. Nosso objetivo \u00e9 levar &hellip;","og_url":"https:\/\/pateens.com\/ur\/quem-somos\/","og_site_name":"Pateens","twitter_card":"summary_large_image","twitter_misc":{"Est. reading time":"1 \u0645\u0646\u0679"},"schema":{"@context":"https:\/\/schema.org","@graph":[{"@type":"WebPage","@id":"https:\/\/pateens.com\/quem-somos\/","url":"https:\/\/pateens.com\/quem-somos\/","name":"Quem somos - Pateens","isPartOf":{"@id":"https:\/\/pateens.com\/es\/#website"},"datePublished":"2023-09-21T15:08:35+00:00","breadcrumb":{"@id":"https:\/\/pateens.com\/quem-somos\/#breadcrumb"},"inLanguage":"ur","potentialAction":[{"@type":"ReadAction","target":["https:\/\/pateens.com\/quem-somos\/"]}]},{"@type":"BreadcrumbList","@id":"https:\/\/pateens.com\/quem-somos\/#breadcrumb","itemListElement":[{"@type":"ListItem","position":1,"name":"In\u00edcio","item":"https:\/\/pateens.com\/es\/"},{"@type":"ListItem","position":2,"name":"Quem somos"}]},{"@type":"WebSite","@id":"https:\/\/pateens.com\/es\/#website","url":"https:\/\/pateens.com\/es\/","name":"\u067e\u06cc\u0679\u0646\u0633","description":"\u0622\u067e \u06a9\u06d2 \u0644\u06cc\u06d2 \u062f\u0646\u06cc\u0627 \u0633\u06d2 \u0628\u06c1\u062a \u0633\u0627\u0631\u06cc \u062a\u062c\u0627\u0648\u06cc\u0632 \u0627\u0648\u0631 \u062e\u0628\u0631\u06cc\u06ba!","publisher":{"@id":"https:\/\/pateens.com\/es\/#organization"},"potentialAction":[{"@type":"SearchAction","target":{"@type":"EntryPoint","urlTemplate":"https:\/\/pateens.com\/es\/?s={search_term_string}"},"query-input":{"@type":"PropertyValueSpecification","valueRequired":true,"valueName":"search_term_string"}}],"inLanguage":"ur"},{"@type":"Organization","@id":"https:\/\/pateens.com\/es\/#organization","name":"\u067e\u06cc\u0679\u0646\u0633","url":"https:\/\/pateens.com\/es\/","logo":{"@type":"ImageObject","inLanguage":"ur","@id":"https:\/\/pateens.com\/es\/#\/schema\/logo\/image\/","url":"https:\/\/pateens.com\/wp-content\/uploads\/2023\/09\/cropped-WhatsApp-Image-2023-09-22-at-10.28.17-e1695389616971.jpeg","contentUrl":"https:\/\/pateens.com\/wp-content\/uploads\/2023\/09\/cropped-WhatsApp-Image-2023-09-22-at-10.28.17-e1695389616971.jpeg","width":200,"height":37,"caption":"Pateens"},"image":{"@id":"https:\/\/pateens.com\/es\/#\/schema\/logo\/image\/"}}]}},"_links":{"self":[{"href":"https:\/\/pateens.com\/ur\/wp-json\/wp\/v2\/pages\/24","targetHints":{"allow":["GET"]}}],"collection":[{"href":"https:\/\/pateens.com\/ur\/wp-json\/wp\/v2\/pages"}],"about":[{"href":"https:\/\/pateens.com\/ur\/wp-json\/wp\/v2\/types\/page"}],"author":[{"embeddable":true,"href":"https:\/\/pateens.com\/ur\/wp-json\/wp\/v2\/users\/14"}],"replies":[{"embeddable":true,"href":"https:\/\/pateens.com\/ur\/wp-json\/wp\/v2\/comments?post=24"}],"version-history":[{"count":0,"href":"https:\/\/pateens.com\/ur\/wp-json\/wp\/v2\/pages\/24\/revisions"}],"wp:attachment":[{"href":"https:\/\/pateens.com\/ur\/wp-json\/wp\/v2\/media?parent=24"}],"curies":[{"name":"wp","href":"https:\/\/api.w.org\/{rel}","templated":true}]}}