{"id":16,"date":"2023-09-21T12:01:43","date_gmt":"2023-09-21T15:01:43","guid":{"rendered":"https:\/\/pateens.com\/?page_id=16"},"modified":"2023-09-21T12:03:41","modified_gmt":"2023-09-21T15:03:41","slug":"politica-de-privacidade","status":"publish","type":"page","link":"https:\/\/pateens.com\/vi\/politica-de-privacidade\/","title":{"rendered":"Ch\u00ednh s\u00e1ch b\u1ea3o m\u1eadt"},"content":{"rendered":"<h2><span style=\"color: rgb(68, 68, 68);\">Ch\u00ednh s\u00e1ch b\u1ea3o m\u1eadt<\/span><\/h2><p><span style=\"color: rgb(68, 68, 68);\">Quy\u1ec1n ri\u00eang t\u01b0 c\u1ee7a b\u1ea1n r\u1ea5t quan tr\u1ecdng v\u1edbi ch\u00fang t\u00f4i. Ch\u00ednh s\u00e1ch c\u1ee7a Pateens l\u00e0 t\u00f4n tr\u1ecdng quy\u1ec1n ri\u00eang t\u01b0 c\u1ee7a b\u1ea1n li\u00ean quan \u0111\u1ebfn b\u1ea5t k\u1ef3 th\u00f4ng tin n\u00e0o ch\u00fang t\u00f4i c\u00f3 th\u1ec3 thu th\u1eadp t\u1eeb b\u1ea1n tr\u00ean trang web c\u1ee7a m\u00ecnh. <a href=\"https:\/\/pateens.com\/vi\/\">Pateens (b\u00e1nh m\u00ec)<\/a>v\u00e0 c\u00e1c trang web kh\u00e1c m\u00e0 ch\u00fang t\u00f4i s\u1edf h\u1eefu v\u00e0 v\u1eadn h\u00e0nh.<\/span><\/p><p><span style=\"color: rgb(68, 68, 68);\">Ch\u00fang t\u00f4i ch\u1ec9 y\u00eau c\u1ea7u b\u1ea1n cung c\u1ea5p th\u00f4ng tin c\u00e1 nh\u00e2n khi th\u1ef1c s\u1ef1 c\u1ea7n thi\u1ebft \u0111\u1ec3 cung c\u1ea5p d\u1ecbch v\u1ee5 cho b\u1ea1n. Ch\u00fang t\u00f4i th\u1ef1c hi\u1ec7n \u0111i\u1ec1u n\u00e0y b\u1eb1ng c\u00e1c bi\u1ec7n ph\u00e1p c\u00f4ng b\u1eb1ng v\u00e0 h\u1ee3p ph\u00e1p, v\u1edbi s\u1ef1 hi\u1ec3u bi\u1ebft v\u00e0 \u0111\u1ed3ng \u00fd c\u1ee7a b\u1ea1n. Ch\u00fang t\u00f4i c\u0169ng cho b\u1ea1n bi\u1ebft l\u00fd do ch\u00fang t\u00f4i thu th\u1eadp th\u00f4ng tin n\u00e0y v\u00e0 ch\u00fang s\u1ebd \u0111\u01b0\u1ee3c s\u1eed d\u1ee5ng nh\u01b0 th\u1ebf n\u00e0o.<\/span><\/p><p><span style=\"color: rgb(68, 68, 68);\">Ch\u00fang t\u00f4i ch\u1ec9 l\u01b0u gi\u1eef th\u00f4ng tin \u0111\u00e3 thu th\u1eadp trong th\u1eddi gian c\u1ea7n thi\u1ebft \u0111\u1ec3 cung c\u1ea5p d\u1ecbch v\u1ee5 b\u1ea1n y\u00eau c\u1ea7u. Ch\u00fang t\u00f4i s\u1ebd b\u1ea3o v\u1ec7 d\u1eef li\u1ec7u ch\u00fang t\u00f4i l\u01b0u tr\u1eef b\u1eb1ng c\u00e1c bi\u1ec7n ph\u00e1p th\u01b0\u01a1ng m\u1ea1i \u0111\u01b0\u1ee3c ch\u1ea5p nh\u1eadn \u0111\u1ec3 ng\u0103n ng\u1eeba m\u1ea5t m\u00e1t v\u00e0 tr\u1ed9m c\u1eafp, c\u0169ng nh\u01b0 truy c\u1eadp, ti\u1ebft l\u1ed9, sao ch\u00e9p, s\u1eed d\u1ee5ng ho\u1eb7c s\u1eeda \u0111\u1ed5i tr\u00e1i ph\u00e9p.<\/span><\/p><p><span style=\"color: rgb(68, 68, 68);\">Ch\u00fang t\u00f4i kh\u00f4ng chia s\u1ebb b\u1ea5t k\u1ef3 th\u00f4ng tin nh\u1eadn d\u1ea1ng c\u00e1 nh\u00e2n n\u00e0o c\u00f4ng khai ho\u1eb7c v\u1edbi b\u00ean th\u1ee9 ba, tr\u1eeb khi ph\u00e1p lu\u1eadt y\u00eau c\u1ea7u.<\/span><\/p><p><span style=\"color: rgb(68, 68, 68);\">Trang web c\u1ee7a ch\u00fang t\u00f4i c\u00f3 th\u1ec3 ch\u1ee9a c\u00e1c li\u00ean k\u1ebft \u0111\u1ebfn c\u00e1c trang web b\u00ean ngo\u00e0i kh\u00f4ng do ch\u00fang t\u00f4i v\u1eadn h\u00e0nh. Xin l\u01b0u \u00fd r\u1eb1ng ch\u00fang t\u00f4i kh\u00f4ng ki\u1ec3m so\u00e1t \u0111\u01b0\u1ee3c n\u1ed9i dung v\u00e0 ho\u1ea1t \u0111\u1ed9ng c\u1ee7a c\u00e1c trang web n\u00e0y v\u00e0 kh\u00f4ng th\u1ec3 ch\u1ecbu tr\u00e1ch nhi\u1ec7m v\u1ec1 n\u1ed9i dung v\u00e0 ho\u1ea1t \u0111\u1ed9ng c\u1ee7a ch\u00fang.&nbsp;<\/span><a href=\"https:\/\/politicaprivacidade.com\/\" rel=\"noopener noreferrer\" target=\"_blank\" style=\"background-color: transparent; color: rgb(68, 68, 68);\">ch\u00ednh s\u00e1ch b\u1ea3o m\u1eadt<\/a><span style=\"color: rgb(68, 68, 68);\">.<\/span><\/p><p><span style=\"color: rgb(68, 68, 68);\">B\u1ea1n c\u00f3 quy\u1ec1n t\u1eeb ch\u1ed1i y\u00eau c\u1ea7u cung c\u1ea5p th\u00f4ng tin c\u00e1 nh\u00e2n c\u1ee7a ch\u00fang t\u00f4i v\u1edbi s\u1ef1 hi\u1ec3u bi\u1ebft r\u1eb1ng ch\u00fang t\u00f4i c\u00f3 th\u1ec3 kh\u00f4ng th\u1ec3 cung c\u1ea5p cho b\u1ea1n m\u1ed9t s\u1ed1 d\u1ecbch v\u1ee5 m\u00e0 b\u1ea1n mong mu\u1ed1n.<\/span><\/p><p><span style=\"color: rgb(68, 68, 68);\">Vi\u1ec7c b\u1ea1n ti\u1ebfp t\u1ee5c s\u1eed d\u1ee5ng trang web c\u1ee7a ch\u00fang t\u00f4i s\u1ebd \u0111\u01b0\u1ee3c coi l\u00e0 b\u1ea1n ch\u1ea5p nh\u1eadn c\u00e1c ch\u00ednh s\u00e1ch c\u1ee7a ch\u00fang t\u00f4i v\u1ec1 quy\u1ec1n ri\u00eang t\u01b0 v\u00e0 th\u00f4ng tin c\u00e1 nh\u00e2n. N\u1ebfu b\u1ea1n c\u00f3 b\u1ea5t k\u1ef3 c\u00e2u h\u1ecfi n\u00e0o v\u1ec1 c\u00e1ch ch\u00fang t\u00f4i x\u1eed l\u00fd d\u1eef li\u1ec7u ng\u01b0\u1eddi d\u00f9ng v\u00e0 th\u00f4ng tin c\u00e1 nh\u00e2n, vui l\u00f2ng li\u00ean h\u1ec7 v\u1edbi ch\u00fang t\u00f4i.<\/span><\/p><p><span style=\"color: rgb(68, 68, 68);\"><ul><li><span style=\"color: rgb(68, 68, 68);\">D\u1ecbch v\u1ee5 Google AdSense m\u00e0 ch\u00fang t\u00f4i s\u1eed d\u1ee5ng \u0111\u1ec3 ph\u00e2n ph\u1ed1i qu\u1ea3ng c\u00e1o s\u1eed d\u1ee5ng cookie DoubleClick \u0111\u1ec3 ph\u00e2n ph\u1ed1i qu\u1ea3ng c\u00e1o ph\u00f9 h\u1ee3p h\u01a1n tr\u00ean web v\u00e0 gi\u1edbi h\u1ea1n s\u1ed1 l\u1ea7n hi\u1ec3n th\u1ecb m\u1ed9t qu\u1ea3ng c\u00e1o nh\u1ea5t \u0111\u1ecbnh cho b\u1ea1n.<\/span><\/li><li><span style=\"color: rgb(68, 68, 68);\">\u0110\u1ec3 bi\u1ebft th\u00eam th\u00f4ng tin v\u1ec1 Google AdSense, h\u00e3y xem C\u00e2u h\u1ecfi th\u01b0\u1eddng g\u1eb7p v\u1ec1 quy\u1ec1n ri\u00eang t\u01b0 c\u1ee7a Google AdSense.<\/span><\/li><li><span style=\"color: rgb(68, 68, 68);\">Ch\u00fang t\u00f4i s\u1eed d\u1ee5ng qu\u1ea3ng c\u00e1o \u0111\u1ec3 b\u00f9 \u0111\u1eafp chi ph\u00ed v\u1eadn h\u00e0nh trang web n\u00e0y v\u00e0 cung c\u1ea5p kinh ph\u00ed cho s\u1ef1 ph\u00e1t tri\u1ec3n trong t\u01b0\u01a1ng lai. Cookie qu\u1ea3ng c\u00e1o theo h\u00e0nh vi \u0111\u01b0\u1ee3c trang web n\u00e0y s\u1eed d\u1ee5ng \u0111\u01b0\u1ee3c thi\u1ebft k\u1ebf \u0111\u1ec3 \u0111\u1ea3m b\u1ea3o r\u1eb1ng ch\u00fang t\u00f4i cung c\u1ea5p cho b\u1ea1n nh\u1eefng qu\u1ea3ng c\u00e1o ph\u00f9 h\u1ee3p nh\u1ea5t c\u00f3 th\u1ec3 b\u1eb1ng c\u00e1ch theo d\u00f5i s\u1edf th\u00edch c\u1ee7a b\u1ea1n m\u1ed9t c\u00e1ch \u1ea9n danh v\u00e0 hi\u1ec3n th\u1ecb nh\u1eefng th\u00f4ng tin t\u01b0\u01a1ng t\u1ef1 m\u00e0 b\u1ea1n c\u00f3 th\u1ec3 quan t\u00e2m.<\/span><\/li><li><span style=\"color: rgb(68, 68, 68);\">M\u1ed9t s\u1ed1 \u0111\u1ed1i t\u00e1c qu\u1ea3ng c\u00e1o thay m\u1eb7t ch\u00fang t\u00f4i v\u00e0 cookie theo d\u00f5i li\u00ean k\u1ebft ch\u1ec9 cho ph\u00e9p ch\u00fang t\u00f4i xem kh\u00e1ch h\u00e0ng c\u00f3 truy c\u1eadp trang web th\u00f4ng qua m\u1ed9t trong c\u00e1c trang web \u0111\u1ed1i t\u00e1c c\u1ee7a ch\u00fang t\u00f4i hay kh\u00f4ng \u0111\u1ec3 ch\u00fang t\u00f4i c\u00f3 th\u1ec3 ghi nh\u1eadn h\u1ecd m\u1ed9t c\u00e1ch th\u00edch h\u1ee3p v\u00e0, n\u1ebfu c\u00f3 th\u1ec3, cho ph\u00e9p c\u00e1c \u0111\u1ed1i t\u00e1c li\u00ean k\u1ebft c\u1ee7a ch\u00fang t\u00f4i cung c\u1ea5p b\u1ea5t k\u1ef3 kho\u1ea3n ti\u1ec1n th\u01b0\u1edfng n\u00e0o h\u1ecd c\u00f3 th\u1ec3 cung c\u1ea5p cho b\u1ea1n khi mua h\u00e0ng.<\/span><\/li><\/ul><p><br><\/p><\/span><\/p><h3><span style=\"color: rgb(68, 68, 68);\">Cam k\u1ebft c\u1ee7a ng\u01b0\u1eddi d\u00f9ng<\/span><\/h3><p><span style=\"color: rgb(68, 68, 68);\">Ng\u01b0\u1eddi d\u00f9ng cam k\u1ebft s\u1eed d\u1ee5ng h\u1ee3p l\u00fd n\u1ed9i dung v\u00e0 th\u00f4ng tin m\u00e0 Pateens cung c\u1ea5p tr\u00ean trang web v\u00e0, v\u00ed d\u1ee5 nh\u01b0ng kh\u00f4ng gi\u1edbi h\u1ea1n \u1edf:<\/span><\/p><ul><li><span style=\"color: rgb(68, 68, 68);\">A) Kh\u00f4ng tham gia v\u00e0o c\u00e1c ho\u1ea1t \u0111\u1ed9ng tr\u00e1i ph\u00e1p lu\u1eadt ho\u1eb7c tr\u00e1i v\u1edbi thi\u1ec7n ch\u00ed v\u00e0 tr\u1eadt t\u1ef1 c\u00f4ng c\u1ed9ng;<\/span><\/li><li><span style=\"color: rgb(68, 68, 68);\">B) Kh\u00f4ng ph\u00e1t t\u00e1n c\u00e1c n\u1ed9i dung tuy\u00ean truy\u1ec1n ho\u1eb7c c\u00f3 t\u00ednh ch\u1ea5t ph\u00e2n bi\u1ec7t ch\u1ee7ng t\u1ed9c, b\u00e0i ngo\u1ea1i, c\u1edd b\u1ea1c, b\u1ea5t k\u1ef3 lo\u1ea1i n\u1ed9i dung khi\u00eau d\u00e2m b\u1ea5t h\u1ee3p ph\u00e1p n\u00e0o, \u1ee7ng h\u1ed9 ch\u1ee7 ngh\u0129a kh\u1ee7ng b\u1ed1 ho\u1eb7c vi ph\u1ea1m nh\u00e2n quy\u1ec1n;<\/span><\/li><li><span style=\"color: rgb(68, 68, 68);\">C) Kh\u00f4ng g\u00e2y thi\u1ec7t h\u1ea1i cho h\u1ec7 th\u1ed1ng v\u1eadt l\u00fd (ph\u1ea7n c\u1ee9ng) v\u00e0 logic (ph\u1ea7n m\u1ec1m) c\u1ee7a Pateens, nh\u00e0 cung c\u1ea5p ho\u1eb7c b\u00ean th\u1ee9 ba, kh\u00f4ng \u0111\u01b0a v\u00e0o ho\u1eb7c ph\u00e1t t\u00e1n vi-r\u00fat m\u00e1y t\u00ednh ho\u1eb7c b\u1ea5t k\u1ef3 h\u1ec7 th\u1ed1ng ph\u1ea7n c\u1ee9ng ho\u1eb7c ph\u1ea7n m\u1ec1m n\u00e0o kh\u00e1c c\u00f3 kh\u1ea3 n\u0103ng g\u00e2y ra thi\u1ec7t h\u1ea1i n\u00eau tr\u00ean.<\/span><\/li><\/ul><h3><span style=\"color: rgb(68, 68, 68);\">Th\u00f4ng tin th\u00eam<\/span><\/h3><p><span style=\"color: rgb(68, 68, 68);\">Hy v\u1ecdng r\u1eb1ng \u0111i\u1ec1u n\u00e0y \u0111\u00e3 l\u00e0m s\u00e1ng t\u1ecf m\u1ecdi th\u1ee9 cho b\u1ea1n v\u00e0 nh\u01b0 \u0111\u00e3 \u0111\u1ec1 c\u1eadp tr\u01b0\u1edbc \u0111\u00f3, n\u1ebfu c\u00f3 \u0111i\u1ec1u g\u00ec \u0111\u00f3 m\u00e0 b\u1ea1n kh\u00f4ng ch\u1eafc ch\u1eafn m\u00ecnh c\u00f3 c\u1ea7n hay kh\u00f4ng th\u00ec th\u01b0\u1eddng an to\u00e0n h\u01a1n khi \u0111\u1ec3 cookie \u0111\u01b0\u1ee3c b\u1eadt trong tr\u01b0\u1eddng h\u1ee3p n\u00f3 t\u01b0\u01a1ng t\u00e1c v\u1edbi m\u1ed9t trong nh\u1eefng t\u00ednh n\u0103ng b\u1ea1n s\u1eed d\u1ee5ng tr\u00ean trang web c\u1ee7a ch\u00fang t\u00f4i.<\/span><\/p><p><span style=\"color: rgb(68, 68, 68);\">Ch\u00ednh s\u00e1ch n\u00e0y c\u00f3 hi\u1ec7u l\u1ef1c k\u1ec3 t\u1eeb ng\u00e0y 21 th\u00e1ng 9 n\u0103m 2023 <\/span><\/p>","protected":false},"excerpt":{"rendered":"<p>Ch\u00ednh s\u00e1ch b\u1ea3o m\u1eadt Quy\u1ec1n ri\u00eang t\u01b0 c\u1ee7a b\u1ea1n r\u1ea5t quan tr\u1ecdng \u0111\u1ed1i v\u1edbi ch\u00fang t\u00f4i. Ch\u00ednh s\u00e1ch c\u1ee7a Pateens l\u00e0 t\u00f4n tr\u1ecdng quy\u1ec1n ri\u00eang t\u01b0 c\u1ee7a b\u1ea1n li\u00ean quan \u0111\u1ebfn b\u1ea5t k\u1ef3 th\u00f4ng tin n\u00e0o ch\u00fang t\u00f4i c\u00f3 th\u1ec3 thu th\u1eadp t\u1eeb b\u1ea1n tr\u00ean trang web c\u1ee7a ch\u00fang t\u00f4i, Pateens v\u00e0 c\u00e1c trang web kh\u00e1c m\u00e0 ch\u00fang t\u00f4i s\u1edf h\u1eefu v\u00e0 v\u1eadn h\u00e0nh. Ch\u00fang t\u00f4i ch\u1ec9 y\u00eau c\u1ea7u th\u00f4ng tin c\u00e1 nh\u00e2n khi ch\u00fang t\u00f4i th\u1ef1c s\u1ef1 c\u1ea7n \u0111\u1ec3 cung c\u1ea5p d\u1ecbch v\u1ee5 cho b\u1ea1n. Ch\u00fang t\u00f4i thu th\u1eadp th\u00f4ng tin b\u1eb1ng c\u00e1c bi\u1ec7n ph\u00e1p c\u00f4ng b\u1eb1ng v\u00e0 h\u1ee3p ph\u00e1p, \u2026 <\/p>","protected":false},"author":14,"featured_media":0,"parent":0,"menu_order":0,"comment_status":"closed","ping_status":"closed","template":"","meta":{"footnotes":""},"class_list":["post-16","page","type-page","status-publish","hentry","latest_post"],"yoast_head":"<!-- This site is optimized with the Yoast SEO plugin v26.3 - https:\/\/yoast.com\/wordpress\/plugins\/seo\/ -->\n<title>Pol\u00edtica de Privacidade - Pateens<\/title>\n<meta name=\"robots\" content=\"index, follow, max-snippet:-1, max-image-preview:large, max-video-preview:-1\" \/>\n<link rel=\"canonical\" href=\"https:\/\/pateens.com\/vi\/politica-de-privacidade\/\" \/>\n<meta property=\"og:locale\" content=\"vi_VN\" \/>\n<meta property=\"og:type\" content=\"article\" \/>\n<meta property=\"og:title\" content=\"Pol\u00edtica de Privacidade - Pateens\" \/>\n<meta property=\"og:description\" content=\"Pol\u00edtica Privacidade A sua privacidade \u00e9 importante para n\u00f3s. \u00c9 pol\u00edtica do Pateens respeitar a sua privacidade em rela\u00e7\u00e3o a qualquer informa\u00e7\u00e3o sua que possamos coletar no site Pateens, e outros sites que possu\u00edmos e operamos. Solicitamos informa\u00e7\u00f5es pessoais apenas quando realmente precisamos delas para lhe fornecer um servi\u00e7o. Fazemo-lo por meios justos e legais, &hellip;\" \/>\n<meta property=\"og:url\" content=\"https:\/\/pateens.com\/vi\/politica-de-privacidade\/\" \/>\n<meta property=\"og:site_name\" content=\"Pateens\" \/>\n<meta property=\"article:modified_time\" content=\"2023-09-21T15:03:41+00:00\" \/>\n<meta name=\"twitter:card\" content=\"summary_large_image\" \/>\n<meta name=\"twitter:label1\" content=\"\u01af\u1edbc t\u00ednh th\u1eddi gian \u0111\u1ecdc\" \/>\n\t<meta name=\"twitter:data1\" content=\"4 ph\u00fat\" \/>\n<script type=\"application\/ld+json\" class=\"yoast-schema-graph\">{\"@context\":\"https:\/\/schema.org\",\"@graph\":[{\"@type\":\"WebPage\",\"@id\":\"https:\/\/pateens.com\/politica-de-privacidade\/\",\"url\":\"https:\/\/pateens.com\/politica-de-privacidade\/\",\"name\":\"Pol\u00edtica de Privacidade - Pateens\",\"isPartOf\":{\"@id\":\"https:\/\/pateens.com\/es\/#website\"},\"datePublished\":\"2023-09-21T15:01:43+00:00\",\"dateModified\":\"2023-09-21T15:03:41+00:00\",\"breadcrumb\":{\"@id\":\"https:\/\/pateens.com\/politica-de-privacidade\/#breadcrumb\"},\"inLanguage\":\"vi\",\"potentialAction\":[{\"@type\":\"ReadAction\",\"target\":[\"https:\/\/pateens.com\/politica-de-privacidade\/\"]}]},{\"@type\":\"BreadcrumbList\",\"@id\":\"https:\/\/pateens.com\/politica-de-privacidade\/#breadcrumb\",\"itemListElement\":[{\"@type\":\"ListItem\",\"position\":1,\"name\":\"In\u00edcio\",\"item\":\"https:\/\/pateens.com\/es\/\"},{\"@type\":\"ListItem\",\"position\":2,\"name\":\"Pol\u00edtica de Privacidade\"}]},{\"@type\":\"WebSite\",\"@id\":\"https:\/\/pateens.com\/es\/#website\",\"url\":\"https:\/\/pateens.com\/es\/\",\"name\":\"Pateens\",\"description\":\"Muitas dicas e novidades do mundo para voc\u00ea!\",\"publisher\":{\"@id\":\"https:\/\/pateens.com\/es\/#organization\"},\"potentialAction\":[{\"@type\":\"SearchAction\",\"target\":{\"@type\":\"EntryPoint\",\"urlTemplate\":\"https:\/\/pateens.com\/es\/?s={search_term_string}\"},\"query-input\":{\"@type\":\"PropertyValueSpecification\",\"valueRequired\":true,\"valueName\":\"search_term_string\"}}],\"inLanguage\":\"vi\"},{\"@type\":\"Organization\",\"@id\":\"https:\/\/pateens.com\/es\/#organization\",\"name\":\"Pateens\",\"url\":\"https:\/\/pateens.com\/es\/\",\"logo\":{\"@type\":\"ImageObject\",\"inLanguage\":\"vi\",\"@id\":\"https:\/\/pateens.com\/es\/#\/schema\/logo\/image\/\",\"url\":\"https:\/\/pateens.com\/wp-content\/uploads\/2023\/09\/cropped-WhatsApp-Image-2023-09-22-at-10.28.17-e1695389616971.jpeg\",\"contentUrl\":\"https:\/\/pateens.com\/wp-content\/uploads\/2023\/09\/cropped-WhatsApp-Image-2023-09-22-at-10.28.17-e1695389616971.jpeg\",\"width\":200,\"height\":37,\"caption\":\"Pateens\"},\"image\":{\"@id\":\"https:\/\/pateens.com\/es\/#\/schema\/logo\/image\/\"}}]}<\/script>\n<!-- \/ Yoast SEO plugin. -->","yoast_head_json":{"title":"Pol\u00edtica de Privacidade - Pateens","robots":{"index":"index","follow":"follow","max-snippet":"max-snippet:-1","max-image-preview":"max-image-preview:large","max-video-preview":"max-video-preview:-1"},"canonical":"https:\/\/pateens.com\/vi\/politica-de-privacidade\/","og_locale":"vi_VN","og_type":"article","og_title":"Pol\u00edtica de Privacidade - Pateens","og_description":"Pol\u00edtica Privacidade A sua privacidade \u00e9 importante para n\u00f3s. \u00c9 pol\u00edtica do Pateens respeitar a sua privacidade em rela\u00e7\u00e3o a qualquer informa\u00e7\u00e3o sua que possamos coletar no site Pateens, e outros sites que possu\u00edmos e operamos. Solicitamos informa\u00e7\u00f5es pessoais apenas quando realmente precisamos delas para lhe fornecer um servi\u00e7o. Fazemo-lo por meios justos e legais, &hellip;","og_url":"https:\/\/pateens.com\/vi\/politica-de-privacidade\/","og_site_name":"Pateens","article_modified_time":"2023-09-21T15:03:41+00:00","twitter_card":"summary_large_image","twitter_misc":{"\u01af\u1edbc t\u00ednh th\u1eddi gian \u0111\u1ecdc":"4 ph\u00fat"},"schema":{"@context":"https:\/\/schema.org","@graph":[{"@type":"WebPage","@id":"https:\/\/pateens.com\/politica-de-privacidade\/","url":"https:\/\/pateens.com\/politica-de-privacidade\/","name":"Pol\u00edtica de Privacidade - Pateens","isPartOf":{"@id":"https:\/\/pateens.com\/es\/#website"},"datePublished":"2023-09-21T15:01:43+00:00","dateModified":"2023-09-21T15:03:41+00:00","breadcrumb":{"@id":"https:\/\/pateens.com\/politica-de-privacidade\/#breadcrumb"},"inLanguage":"vi","potentialAction":[{"@type":"ReadAction","target":["https:\/\/pateens.com\/politica-de-privacidade\/"]}]},{"@type":"BreadcrumbList","@id":"https:\/\/pateens.com\/politica-de-privacidade\/#breadcrumb","itemListElement":[{"@type":"ListItem","position":1,"name":"In\u00edcio","item":"https:\/\/pateens.com\/es\/"},{"@type":"ListItem","position":2,"name":"Pol\u00edtica de Privacidade"}]},{"@type":"WebSite","@id":"https:\/\/pateens.com\/es\/#website","url":"https:\/\/pateens.com\/es\/","name":"Pateens (b\u00e1nh m\u00ec)","description":"R\u1ea5t nhi\u1ec1u m\u1eb9o v\u00e0 tin t\u1ee9c t\u1eeb kh\u1eafp n\u01a1i tr\u00ean th\u1ebf gi\u1edbi d\u00e0nh cho b\u1ea1n!","publisher":{"@id":"https:\/\/pateens.com\/es\/#organization"},"potentialAction":[{"@type":"SearchAction","target":{"@type":"EntryPoint","urlTemplate":"https:\/\/pateens.com\/es\/?s={search_term_string}"},"query-input":{"@type":"PropertyValueSpecification","valueRequired":true,"valueName":"search_term_string"}}],"inLanguage":"vi"},{"@type":"Organization","@id":"https:\/\/pateens.com\/es\/#organization","name":"Pateens (b\u00e1nh m\u00ec)","url":"https:\/\/pateens.com\/es\/","logo":{"@type":"ImageObject","inLanguage":"vi","@id":"https:\/\/pateens.com\/es\/#\/schema\/logo\/image\/","url":"https:\/\/pateens.com\/wp-content\/uploads\/2023\/09\/cropped-WhatsApp-Image-2023-09-22-at-10.28.17-e1695389616971.jpeg","contentUrl":"https:\/\/pateens.com\/wp-content\/uploads\/2023\/09\/cropped-WhatsApp-Image-2023-09-22-at-10.28.17-e1695389616971.jpeg","width":200,"height":37,"caption":"Pateens"},"image":{"@id":"https:\/\/pateens.com\/es\/#\/schema\/logo\/image\/"}}]}},"_links":{"self":[{"href":"https:\/\/pateens.com\/vi\/wp-json\/wp\/v2\/pages\/16","targetHints":{"allow":["GET"]}}],"collection":[{"href":"https:\/\/pateens.com\/vi\/wp-json\/wp\/v2\/pages"}],"about":[{"href":"https:\/\/pateens.com\/vi\/wp-json\/wp\/v2\/types\/page"}],"author":[{"embeddable":true,"href":"https:\/\/pateens.com\/vi\/wp-json\/wp\/v2\/users\/14"}],"replies":[{"embeddable":true,"href":"https:\/\/pateens.com\/vi\/wp-json\/wp\/v2\/comments?post=16"}],"version-history":[{"count":0,"href":"https:\/\/pateens.com\/vi\/wp-json\/wp\/v2\/pages\/16\/revisions"}],"wp:attachment":[{"href":"https:\/\/pateens.com\/vi\/wp-json\/wp\/v2\/media?parent=16"}],"curies":[{"name":"wp","href":"https:\/\/api.w.org\/{rel}","templated":true}]}}